{"id":102,"date":"2025-02-05T06:28:54","date_gmt":"2025-02-05T05:28:54","guid":{"rendered":"https:\/\/indigo4ua.com\/?page_id=102"},"modified":"2025-05-29T15:53:02","modified_gmt":"2025-05-29T13:53:02","slug":"schlafsacke","status":"publish","type":"page","link":"https:\/\/indigo4ua.com\/de\/inzamelingsacties\/slaapzakken\/","title":{"rendered":"Schlafs\u00e4cke"},"content":{"rendered":"<p><\/p>\n\n\n\n<div class=\"wp-block-columns alignwide osom-featured-text is-layout-flex wp-container-core-columns-is-layout-28f84493 wp-block-columns-is-layout-flex\">\n<div class=\"wp-block-column has-theme-footer-background-color has-background is-layout-flow wp-block-column-is-layout-flow\" style=\"padding-top:var(--wp--preset--spacing--80);padding-right:var(--wp--preset--spacing--70);padding-bottom:var(--wp--preset--spacing--80);padding-left:var(--wp--preset--spacing--70);flex-basis:60%\">\n<h2 class=\"wp-block-heading\">Armee-Schlafs\u00e4cke<\/h2>\n\n\n\n<p>Die Winter in der Ukraine sind kalt, besonders f\u00fcr die Soldaten in den Sch\u00fctzengr\u00e4ben. Deshalb haben wir uns auf die Suche nach Armeeschlafs\u00e4cken gemacht. Diese sind modular aufgebaut: Jedes Set besteht aus zwei Schlafs\u00e4cken, die man in der k\u00e4ltesten Zeit des Jahres kombinieren kann. Au\u00dferdem sind Armeeschlafs\u00e4cke viel robuster als normale Schlafs\u00e4cke.<\/p>\n\n\n\n<p>F\u00fcr diese Kampagne ist es uns gelungen, eine Partie von 400 gebrauchten Armeeschlafs\u00e4cken von der franz\u00f6sischen Armee zu einem sehr g\u00fcnstigen Preis zu bekommen, so dass wir diese gro\u00dfe Partie finanzieren und viele ukrainische Soldaten mit einem warmen Schlafsack versorgen konnten.<\/p>\n\n\n\n<div class=\"wp-block-buttons is-layout-flex wp-block-buttons-is-layout-flex\">\n<div class=\"wp-block-button is-style-outline is-style-outline--1\"><a class=\"wp-block-button__link wp-element-button\" href=\"https:\/\/donorbox.org\/sleeping-bags-for-ukraine\" target=\"_blank\" rel=\"noreferrer noopener\">DONORBOX-SEITE<\/a><\/div>\n<\/div>\n<\/div>\n\n\n\n<div class=\"wp-block-column is-vertically-aligned-center is-layout-flow wp-block-column-is-layout-flow\">\n<figure class=\"wp-block-image size-full size-large\"><img alt=\"\" loading=\"lazy\" decoding=\"async\" width=\"430\" height=\"400\" src=\"https:\/\/indigo4ua.com\/wp-content\/uploads\/2025\/02\/20241114-picture-France-3.jpg\" class=\"wp-image-161\" srcset=\"https:\/\/indigo4ua.com\/wp-content\/uploads\/2025\/02\/20241114-picture-France-3.jpg 430w, https:\/\/indigo4ua.com\/wp-content\/uploads\/2025\/02\/20241114-picture-France-3-300x279.jpg 300w, https:\/\/indigo4ua.com\/wp-content\/uploads\/2025\/02\/20241114-picture-France-3-13x12.jpg 13w\" sizes=\"auto, (max-width: 430px) 100vw, 430px\" \/><\/figure>\n<\/div>\n<\/div>\n\n\n\n<div style=\"height:50px\" aria-hidden=\"true\" class=\"wp-block-spacer\"><\/div>\n\n\n\n<h2 class=\"wp-block-heading\">Vorbereitung<\/h2>\n\n\n\n<p>Nachdem wir in Frankreich die Charge der Schlafs\u00e4cke zur\u00fcckverfolgt hatten, wurde der Verk\u00e4ufer kontaktiert und die 400 Schlafs\u00e4cke wurden auf eventuelle M\u00e4ngel \u00fcberpr\u00fcft. Wir hatten zwar einige Reparaturen einkalkuliert, aber die 400 Schlafs\u00e4cke waren alle in Ordnung! <\/p>\n\n\n\n<h2 class=\"wp-block-heading\">Transport<\/h2>\n\n\n\n<p>Die gr\u00f6\u00dfte Herausforderung war die Organisation der Logistik: Die Schlafs\u00e4cke wurden in Frankreich, in der Region Calais, gelagert. Der Transport in die Ukraine ist schwierig: Das Angebot an Transportern, die w\u00e4hrend des Krieges in die Ukraine fahren, ist begrenzt, und die Anbieter von Transporten sind ausgelastet, weil die Nachfrage nach Warentransporten in die Ukraine gro\u00df ist. Letztendlich haben wir <a href=\"https:\/\/www.facebook.com\/profile.php?id=61561671740870\" target=\"_blank\" rel=\"noreferrer noopener\">Herz4Ukraine<\/a> aus Breskens bereitete sich darauf vor, die Schlafs\u00e4cke in Frankreich abzuholen und sie dem gro\u00dfen Konvoi hinzuzuf\u00fcgen, den sie bereits f\u00fcr die erste Dezemberwoche 2024 geplant hatten. Tats\u00e4chlich war der Lkw bereits ausgebucht, aber die Schlafs\u00e4cke wurden auf Kosten weniger dringender G\u00fcter mitgenommen. <\/p>\n\n\n\n<div class=\"wp-block-columns is-layout-flex wp-container-core-columns-is-layout-28f84493 wp-block-columns-is-layout-flex\">\n<div class=\"wp-block-column is-layout-flow wp-block-column-is-layout-flow\">\n<figure class=\"wp-block-embed is-type-rich is-provider-twitter wp-block-embed-twitter\"><div class=\"wp-block-embed__wrapper\">\n<blockquote class=\"twitter-tweet\" data-width=\"500\" data-dnt=\"true\"><p lang=\"en\" dir=\"ltr\">\ud83d\udccc Schlafs\u00e4cke aktualisieren \ud83d\udccc<br><br>1. Alle Schlafs\u00e4cke wurden inspiziert und keiner ist besch\u00e4digt. Es stehen also 400 Schlafs\u00e4cke f\u00fcr die Verteidiger zur Verf\u00fcgung! \ud83d\ude4f\ud83c\udffc<br>2. Transport am 6. Dezember \ud83d\ude4f\ud83c\udffc <a href=\"https:\/\/twitter.com\/AlexBondODUA?ref_src=twsrc%5Etfw\">@AlexBondODUA<\/a> <a href=\"https:\/\/t.co\/9tndeOeex8\">https:\/\/t.co\/9tndeOeex8<\/a><\/p>- Petra Blankwaard (@indigonl) <a href=\"https:\/\/twitter.com\/indigonl\/status\/1861825406254408119?ref_src=twsrc%5Etfw\">27. November 2024<\/a><\/blockquote><script async src=\"https:\/\/platform.twitter.com\/widgets.js\" charset=\"utf-8\"><\/script>\n<\/div><\/figure>\n<\/div>\n\n\n\n<div class=\"wp-block-column is-layout-flow wp-block-column-is-layout-flow\">\n<figure class=\"wp-block-embed is-type-rich is-provider-twitter wp-block-embed-twitter\"><div class=\"wp-block-embed__wrapper\">\n<blockquote class=\"twitter-tweet\" data-width=\"500\" data-dnt=\"true\"><p lang=\"en\" dir=\"ltr\">Leute, erinnert ihr euch an unsere Spendenaktion f\u00fcr 400 Schlafs\u00e4cke?<br><br>Gute Nachrichten: Gestern wurden die Paletten mit den Schlafs\u00e4cken in Frankreich abgeholt. <br><br>Heute bricht ein gro\u00dfer Konvoi aus Belgien in die Ukraine auf. Ein gro\u00dfer Lastwagen, Gel\u00e4ndewagen, teilweise mit Anh\u00e4ngern, ein Lieferwagen und ein Krankenwagen. Die... <a href=\"https:\/\/t.co\/VhCtKTWyDq\">https:\/\/t.co\/VhCtKTWyDq<\/a><\/p>- Petra Blankwaard (@indigonl) <a href=\"https:\/\/twitter.com\/indigonl\/status\/1865326876702429417?ref_src=twsrc%5Etfw\">7. Dezember 2024<\/a><\/blockquote><script async src=\"https:\/\/platform.twitter.com\/widgets.js\" charset=\"utf-8\"><\/script>\n<\/div><\/figure>\n<\/div>\n<\/div>\n\n\n\n<h2 class=\"wp-block-heading\">Finanzierung<\/h2>\n\n\n\n<p>Das gesch\u00e4tzte Budget f\u00fcr Schlafs\u00e4cke und Transport belief sich auf insgesamt 4.800 \u20ac (Schlafs\u00e4cke) + 1.050 \u20ac (Transport).<\/p>\n\n\n\n<p>Dieses Budget wurde dank 172 Spenden reichlich aufgebracht: insgesamt wurden 6.021 \u20ac gespendet. Siehe <a href=\"https:\/\/donorbox.org\/sleeping-bags-for-ukraine\" target=\"_blank\" rel=\"noreferrer noopener\">Schlafs\u00e4cke f\u00fcr die Ukraine<\/a>.<\/p>\n\n\n\n<p><a href=\"https:\/\/indigo4ua.com\/wp-content\/uploads\/2025\/02\/20241114-FACTURE-Blankwaard-Petra-2411-06.pdf\" target=\"_blank\" rel=\"noreferrer noopener\">Schlafs\u00e4cke auf Rechnung<\/a>: \u20ac 4.800<br><a href=\"https:\/\/indigo4ua.com\/wp-content\/uploads\/2025\/02\/Factuur-transport-NP250113.pdf\" target=\"_blank\" rel=\"noreferrer noopener\">Transportrechnung<\/a>: \u20ac 1.325<br>Gesamt: 6.125 \u20ac.<br>Eingesammelt: 6.021 \u20ac.<br>Defizit: 104 \u20ac (82 \u20ac Aufstockung des Haushalts f\u00fcr chemische Heizger\u00e4te, 22 \u20ac f\u00fcr eigene Rechnung)<\/p>\n\n\n\n<h2 class=\"wp-block-heading\">Team<\/h2>\n\n\n\n<div class=\"wp-block-columns team-dakota is-layout-flex wp-container-core-columns-is-layout-28f84493 wp-block-columns-is-layout-flex\">\n<div class=\"wp-block-column is-layout-flow wp-block-column-is-layout-flow\">\n<figure class=\"wp-block-image size-full is-style-rounded\"><img alt=\"\" loading=\"lazy\" decoding=\"async\" width=\"500\" height=\"500\" src=\"https:\/\/indigo4ua.com\/wp-content\/uploads\/2025\/02\/alex-bond-nafo-fella.jpg\" class=\"wp-image-107\" srcset=\"https:\/\/indigo4ua.com\/wp-content\/uploads\/2025\/02\/alex-bond-nafo-fella.jpg 500w, https:\/\/indigo4ua.com\/wp-content\/uploads\/2025\/02\/alex-bond-nafo-fella-300x300.jpg 300w, https:\/\/indigo4ua.com\/wp-content\/uploads\/2025\/02\/alex-bond-nafo-fella-150x150.jpg 150w, https:\/\/indigo4ua.com\/wp-content\/uploads\/2025\/02\/alex-bond-nafo-fella-12x12.jpg 12w, https:\/\/indigo4ua.com\/wp-content\/uploads\/2025\/02\/alex-bond-nafo-fella-75x75.jpg 75w, https:\/\/indigo4ua.com\/wp-content\/uploads\/2025\/02\/alex-bond-nafo-fella-400x400.jpg 400w\" sizes=\"auto, (max-width: 500px) 100vw, 500px\" \/><\/figure>\n\n\n\n<h4 class=\"wp-block-heading has-text-align-center\">Alex Bond<\/h4>\n\n\n\n<p class=\"has-text-align-center\">Alex Bond, ein Freiwilliger in der Ukraine, stellte die Verbindung zu Vermittlern in Frankreich her und sorgte mit seinem WarMonitorTeam daf\u00fcr, dass alle Schlafs\u00e4cke zu den Armeebrigaden gelangten.<\/p>\n<\/div>\n\n\n\n<div class=\"wp-block-column is-layout-flow wp-block-column-is-layout-flow\">\n<figure class=\"wp-block-image size-full is-style-rounded\"><img alt=\"NAFO Einheimischer Fella\" loading=\"lazy\" decoding=\"async\" width=\"500\" height=\"500\" src=\"https:\/\/indigo4ua.com\/wp-content\/uploads\/2025\/02\/nafo-fella-indigonl-500px.jpg\" class=\"wp-image-106\" srcset=\"https:\/\/indigo4ua.com\/wp-content\/uploads\/2025\/02\/nafo-fella-indigonl-500px.jpg 500w, https:\/\/indigo4ua.com\/wp-content\/uploads\/2025\/02\/nafo-fella-indigonl-500px-300x300.jpg 300w, https:\/\/indigo4ua.com\/wp-content\/uploads\/2025\/02\/nafo-fella-indigonl-500px-150x150.jpg 150w, https:\/\/indigo4ua.com\/wp-content\/uploads\/2025\/02\/nafo-fella-indigonl-500px-12x12.jpg 12w, https:\/\/indigo4ua.com\/wp-content\/uploads\/2025\/02\/nafo-fella-indigonl-500px-75x75.jpg 75w, https:\/\/indigo4ua.com\/wp-content\/uploads\/2025\/02\/nafo-fella-indigonl-500px-400x400.jpg 400w\" sizes=\"auto, (max-width: 500px) 100vw, 500px\" \/><\/figure>\n\n\n\n<h4 class=\"wp-block-heading has-text-align-center\">Petra Blankwaard<\/h4>\n\n\n\n<p class=\"has-text-align-center\">Ich suchte innerhalb meines Netzwerks in den Niederlanden Hilfe f\u00fcr die Logistik und organisierte den Transport der Schlafs\u00e4cke \u00fcber diesen Kanal. Au\u00dferdem k\u00fcmmerte ich mich um die Fundraising-Kampagne zur Finanzierung.<\/p>\n<\/div>\n\n\n\n<div class=\"wp-block-column is-layout-flow wp-block-column-is-layout-flow\">\n<figure class=\"wp-block-image size-full is-style-rounded\"><img alt=\"\" loading=\"lazy\" decoding=\"async\" width=\"500\" height=\"500\" src=\"https:\/\/indigo4ua.com\/wp-content\/uploads\/2025\/02\/heart4ukraine-logo.jpg\" class=\"wp-image-105\" srcset=\"https:\/\/indigo4ua.com\/wp-content\/uploads\/2025\/02\/heart4ukraine-logo.jpg 500w, https:\/\/indigo4ua.com\/wp-content\/uploads\/2025\/02\/heart4ukraine-logo-300x300.jpg 300w, https:\/\/indigo4ua.com\/wp-content\/uploads\/2025\/02\/heart4ukraine-logo-150x150.jpg 150w, https:\/\/indigo4ua.com\/wp-content\/uploads\/2025\/02\/heart4ukraine-logo-12x12.jpg 12w, https:\/\/indigo4ua.com\/wp-content\/uploads\/2025\/02\/heart4ukraine-logo-75x75.jpg 75w, https:\/\/indigo4ua.com\/wp-content\/uploads\/2025\/02\/heart4ukraine-logo-400x400.jpg 400w\" sizes=\"auto, (max-width: 500px) 100vw, 500px\" \/><\/figure>\n\n\n\n<h4 class=\"wp-block-heading has-text-align-center\">Herz4Ukraine<\/h4>\n\n\n\n<p class=\"has-text-align-center\">Heart4Ukraine leistet humanit\u00e4re Hilfe f\u00fcr die Ukraine. Sie sammeln G\u00fcter und sorgen f\u00fcr ihren eigenen Transport in die Ukraine. Sie haben die Schlafs\u00e4cke in der Westukraine ausgeliefert.<\/p>\n<\/div>\n<\/div>\n\n\n\n<h2 class=\"wp-block-heading\">Medien<\/h2>\n\n\n\n<p>Der belgische Sender VRT NWS hat dem Konvoi, der in der ersten Dezemberwoche 2024 in die Ukraine fuhr, eine Sendung gewidmet. Das Video zeigt den LKW mit den Schlafs\u00e4cken und den Fahrer Ad.<\/p>\n\n\n\n<p><a href=\"https:\/\/vrtnws.be\/p.QN8OnRdp3V5\" target=\"_blank\" rel=\"noreferrer noopener\">Konvoi mit Hilfsg\u00fctern bricht in die Ukraine auf<\/a><\/p>\n\n\n\n<h2 class=\"wp-block-heading\">Fotos<\/h2>\n\n\n\n<figure class=\"wp-block-gallery has-nested-images columns-default is-cropped wp-block-gallery-2 is-layout-flex wp-block-gallery-is-layout-flex\">\n<figure class=\"wp-block-image size-large\"><img alt=\"\" loading=\"lazy\" decoding=\"async\" width=\"1000\" height=\"750\" data-id=\"189\" src=\"https:\/\/indigo4ua.com\/wp-content\/uploads\/2025\/02\/20241206-slaapzakken-in-truck-5-web.jpg\" class=\"wp-image-189\" srcset=\"https:\/\/indigo4ua.com\/wp-content\/uploads\/2025\/02\/20241206-slaapzakken-in-truck-5-web.jpg 1000w, https:\/\/indigo4ua.com\/wp-content\/uploads\/2025\/02\/20241206-slaapzakken-in-truck-5-web-300x225.jpg 300w, https:\/\/indigo4ua.com\/wp-content\/uploads\/2025\/02\/20241206-slaapzakken-in-truck-5-web-768x576.jpg 768w, https:\/\/indigo4ua.com\/wp-content\/uploads\/2025\/02\/20241206-slaapzakken-in-truck-5-web-16x12.jpg 16w, https:\/\/indigo4ua.com\/wp-content\/uploads\/2025\/02\/20241206-slaapzakken-in-truck-5-web-702x526.jpg 702w\" sizes=\"auto, (max-width: 1000px) 100vw, 1000px\" \/><\/figure>\n\n\n\n<figure class=\"wp-block-image size-large\"><img alt=\"\" loading=\"lazy\" decoding=\"async\" width=\"1000\" height=\"450\" data-id=\"188\" src=\"https:\/\/indigo4ua.com\/wp-content\/uploads\/2025\/02\/20241114-picture-France-web-1.jpg\" class=\"wp-image-188\" srcset=\"https:\/\/indigo4ua.com\/wp-content\/uploads\/2025\/02\/20241114-picture-France-web-1.jpg 1000w, https:\/\/indigo4ua.com\/wp-content\/uploads\/2025\/02\/20241114-picture-France-web-1-300x135.jpg 300w, https:\/\/indigo4ua.com\/wp-content\/uploads\/2025\/02\/20241114-picture-France-web-1-768x346.jpg 768w, https:\/\/indigo4ua.com\/wp-content\/uploads\/2025\/02\/20241114-picture-France-web-1-18x8.jpg 18w\" sizes=\"auto, (max-width: 1000px) 100vw, 1000px\" \/><\/figure>\n<\/figure>\n\n\n\n<div class=\"wp-block-columns is-layout-flex wp-container-core-columns-is-layout-28f84493 wp-block-columns-is-layout-flex\">\n<div class=\"wp-block-column is-layout-flow wp-block-column-is-layout-flow\"><\/div>\n\n\n\n<div class=\"wp-block-column is-layout-flow wp-block-column-is-layout-flow\"><\/div>\n\n\n\n<div class=\"wp-block-column is-layout-flow wp-block-column-is-layout-flow\"><\/div>\n<\/div>\n\n\n\n<div class=\"wp-block-columns is-layout-flex wp-container-core-columns-is-layout-28f84493 wp-block-columns-is-layout-flex\">\n<div class=\"wp-block-column is-layout-flow wp-block-column-is-layout-flow\">\n<figure class=\"wp-block-embed is-type-rich is-provider-twitter wp-block-embed-twitter\"><div class=\"wp-block-embed__wrapper\">\n<blockquote class=\"twitter-tweet\" data-width=\"500\" data-dnt=\"true\"><p lang=\"en\" dir=\"ltr\">Die erste Lieferung von Schlafs\u00e4cken an die M\u00f6rserbatterie des 137. Marinebataillons.<br><br>Zuvor hatte unser erstaunlicher <a href=\"https:\/\/twitter.com\/indigonl?ref_src=twsrc%5Etfw\">@indigonl<\/a><br>mit einer Spendenaktion f\u00fcr x400 Milit\u00e4rschlafs\u00e4cke gelungen!<br><br>Immer mehr Einheiten an der gesamten Front werden mit hochwertigen Schlafs\u00e4cken ausgestattet. <a href=\"https:\/\/t.co\/jVheSbu4eo\">pic.twitter.com\/jVheSbu4eo<\/a><\/p>- Alex Bond (@AlexBondODUA) <a href=\"https:\/\/twitter.com\/AlexBondODUA\/status\/1873018642188910894?ref_src=twsrc%5Etfw\">28. Dezember 2024<\/a><\/blockquote><script async src=\"https:\/\/platform.twitter.com\/widgets.js\" charset=\"utf-8\"><\/script>\n<\/div><\/figure>\n<\/div>\n\n\n\n<div class=\"wp-block-column is-layout-flow wp-block-column-is-layout-flow\">\n<figure class=\"wp-block-embed is-type-rich is-provider-twitter wp-block-embed-twitter\"><div class=\"wp-block-embed__wrapper\">\n<blockquote class=\"twitter-tweet\" data-width=\"500\" data-dnt=\"true\"><p lang=\"en\" dir=\"ltr\">Es gab eine dringende Anfrage von meinem guten Freund, der in der 153. <br><br>Das War Monitor Team reagierte sofort:<br><br>- 5kwt Stromerzeuger <br>- x15 Schlafs\u00e4cke von <a href=\"https:\/\/twitter.com\/indigonl?ref_src=twsrc%5Etfw\">@indigonl<\/a> <br>- Kraftwerk von <a href=\"https:\/\/twitter.com\/La_K_Leu?ref_src=twsrc%5Etfw\">@La_K_Leu<\/a> <br>- Evac stretchera von <a href=\"https:\/\/twitter.com\/PavershelpUkr?ref_src=twsrc%5Etfw\">@PflasterhilfeUkr<\/a><br><br>Danke, dass Sie uns helfen, AFU zu helfen! <a href=\"https:\/\/t.co\/gBPmZ8Sjr0\">pic.twitter.com\/gBPmZ8Sjr0<\/a><\/p>- Alex Bond (@AlexBondODUA) <a href=\"https:\/\/twitter.com\/AlexBondODUA\/status\/1873308074162925689?ref_src=twsrc%5Etfw\">29. Dezember 2024<\/a><\/blockquote><script async src=\"https:\/\/platform.twitter.com\/widgets.js\" charset=\"utf-8\"><\/script>\n<\/div><\/figure>\n<\/div>\n\n\n\n<div class=\"wp-block-column is-layout-flow wp-block-column-is-layout-flow\">\n<figure class=\"wp-block-embed is-type-rich is-provider-twitter wp-block-embed-twitter\"><div class=\"wp-block-embed__wrapper\">\n<blockquote class=\"twitter-tweet\" data-width=\"500\" data-dnt=\"true\"><p lang=\"en\" dir=\"ltr\">Dieser Typ ist so jung, erst 19 Jahre alt.<br>Er verteidigt jedoch bereits unser Heimatland als Teil der 3rd Assault Brigade.<br><br>Ein gro\u00dfes Dankesch\u00f6n an <a href=\"https:\/\/twitter.com\/indigonl?ref_src=twsrc%5Etfw\">@indigonl<\/a> \ud83c\uddf3\ud83c\uddf1 f\u00fcr die Bereitstellung von Winterschlafs\u00e4cken der franz\u00f6sischen Armee.<br><br>Starlink Mini und Ecoflow-Station von unserem Bruder bereitgestellt <a href=\"https:\/\/twitter.com\/La_K_Leu?ref_src=twsrc%5Etfw\">@La_K_Leu<\/a> \ud83c\udde9\ud83c\uddea <a href=\"https:\/\/t.co\/oswxF6EgUB\">pic.twitter.com\/oswxF6EgUB<\/a><\/p>- Alex Bond (@AlexBondODUA) <a href=\"https:\/\/twitter.com\/AlexBondODUA\/status\/1873375299695771883?ref_src=twsrc%5Etfw\">29. Dezember 2024<\/a><\/blockquote><script async src=\"https:\/\/platform.twitter.com\/widgets.js\" charset=\"utf-8\"><\/script>\n<\/div><\/figure>\n<\/div>\n<\/div>\n\n\n\n<div class=\"wp-block-columns is-layout-flex wp-container-core-columns-is-layout-28f84493 wp-block-columns-is-layout-flex\">\n<div class=\"wp-block-column is-layout-flow wp-block-column-is-layout-flow\">\n<figure class=\"wp-block-embed is-type-rich is-provider-twitter wp-block-embed-twitter\"><div class=\"wp-block-embed__wrapper\">\n<blockquote class=\"twitter-tweet\" data-width=\"500\" data-dnt=\"true\"><p lang=\"en\" dir=\"ltr\">x50 Winterschlafs\u00e4cke der franz\u00f6sischen Armee an das Bataillon \"Liubart\", Brigade Asow NGU.<br><br>Dankesch\u00f6n <a href=\"https:\/\/twitter.com\/indigonl?ref_src=twsrc%5Etfw\">@indigonl<\/a> \ud83e\udef6\ud83c\udffc\ud83e\udec2 <a href=\"https:\/\/t.co\/3OrBsZYBfR\">pic.twitter.com\/3OrBsZYBfR<\/a><\/p>- Alex Bond (@AlexBondODUA) <a href=\"https:\/\/twitter.com\/AlexBondODUA\/status\/1873378070411071861?ref_src=twsrc%5Etfw\">29. Dezember 2024<\/a><\/blockquote><script async src=\"https:\/\/platform.twitter.com\/widgets.js\" charset=\"utf-8\"><\/script>\n<\/div><\/figure>\n<\/div>\n\n\n\n<div class=\"wp-block-column is-layout-flow wp-block-column-is-layout-flow\">\n<figure class=\"wp-block-embed is-type-rich is-provider-twitter wp-block-embed-twitter\"><div class=\"wp-block-embed__wrapper\">\n<blockquote class=\"twitter-tweet\" data-width=\"500\" data-dnt=\"true\"><p lang=\"en\" dir=\"ltr\">Immer mehr Einheiten erhalten ihre Schlafs\u00e4cke!<br><br>Eine weitere R\u00fcckmeldung aus dem Referat:<br><br>\"Die Jungs sagen, die Schlafs\u00e4cke sind super!!! Danke an alle Beteiligten!!!\" <a href=\"https:\/\/t.co\/4UrFnfHhE0\">pic.twitter.com\/4UrFnfHhE0<\/a><\/p>- Alex Bond (@AlexBondODUA) <a href=\"https:\/\/twitter.com\/AlexBondODUA\/status\/1874079225218503075?ref_src=twsrc%5Etfw\">31. Dezember 2024<\/a><\/blockquote><script async src=\"https:\/\/platform.twitter.com\/widgets.js\" charset=\"utf-8\"><\/script>\n<\/div><\/figure>\n<\/div>\n\n\n\n<div class=\"wp-block-column is-layout-flow wp-block-column-is-layout-flow\">\n<figure class=\"wp-block-embed is-type-rich is-provider-twitter wp-block-embed-twitter\"><div class=\"wp-block-embed__wrapper\">\n<blockquote class=\"twitter-tweet\" data-width=\"500\" data-dnt=\"true\"><p lang=\"en\" dir=\"ltr\">98% der Schlafs\u00e4cke werden an der Front verteilt! <br><br>Wir bekommen immer mehr sch\u00f6ne Bilder mit l\u00e4chelnden Defenders \ud83e\udef6\ud83c\udffc<br><br>Dankesch\u00f6n <a href=\"https:\/\/twitter.com\/indigonl?ref_src=twsrc%5Etfw\">@indigonl<\/a> \ud83d\udcaa\ud83c\udffc\ud83e\udee1 <a href=\"https:\/\/t.co\/0bBlbsF1lm\">pic.twitter.com\/0bBlbsF1lm<\/a><\/p>- Alex Bond (@AlexBondODUA) <a href=\"https:\/\/twitter.com\/AlexBondODUA\/status\/1875144123025633463?ref_src=twsrc%5Etfw\">Januar 3, 2025<\/a><\/blockquote><script async src=\"https:\/\/platform.twitter.com\/widgets.js\" charset=\"utf-8\"><\/script>\n<\/div><\/figure>\n<\/div>\n<\/div>\n\n\n\n<div class=\"wp-block-columns is-layout-flex wp-container-core-columns-is-layout-28f84493 wp-block-columns-is-layout-flex\">\n<div class=\"wp-block-column is-layout-flow wp-block-column-is-layout-flow\">\n<figure class=\"wp-block-embed is-type-rich is-provider-twitter wp-block-embed-twitter\"><div class=\"wp-block-embed__wrapper\">\n<blockquote class=\"twitter-tweet\" data-width=\"500\" data-dnt=\"true\"><p lang=\"en\" dir=\"ltr\">Eine weitere Einheit erhielt ihre Schlafs\u00e4cke \ud83e\udee1.<a href=\"https:\/\/twitter.com\/indigonl?ref_src=twsrc%5Etfw\">@indigonl<\/a> \ud83e\udef6\ud83c\udffc <a href=\"https:\/\/t.co\/Pl3Hyld0fw\">pic.twitter.com\/Pl3Hyld0fw<\/a><\/p>- Alex Bond (@AlexBondODUA) <a href=\"https:\/\/twitter.com\/AlexBondODUA\/status\/1877272741767729651?ref_src=twsrc%5Etfw\">Januar 9, 2025<\/a><\/blockquote><script async src=\"https:\/\/platform.twitter.com\/widgets.js\" charset=\"utf-8\"><\/script>\n<\/div><\/figure>\n<\/div>\n\n\n\n<div class=\"wp-block-column is-layout-flow wp-block-column-is-layout-flow\">\n<figure class=\"wp-block-embed is-type-rich is-provider-twitter wp-block-embed-twitter\"><div class=\"wp-block-embed__wrapper\">\n<blockquote class=\"twitter-tweet\" data-width=\"500\" data-dnt=\"true\"><p lang=\"en\" dir=\"ltr\">Schlafs\u00e4cke f\u00fcr die ukrainische Marine \u2705 <a href=\"https:\/\/t.co\/rqbbi5aibD\">pic.twitter.com\/rqbbi5aibD<\/a><\/p>- Alex Bond (@AlexBondODUA) <a href=\"https:\/\/twitter.com\/AlexBondODUA\/status\/1892912757516714098?ref_src=twsrc%5Etfw\">Februar 21, 2025<\/a><\/blockquote><script async src=\"https:\/\/platform.twitter.com\/widgets.js\" charset=\"utf-8\"><\/script>\n<\/div><\/figure>\n<\/div>\n\n\n\n<div class=\"wp-block-column is-layout-flow wp-block-column-is-layout-flow\">\n<figure class=\"wp-block-video\"><video height=\"640\" style=\"aspect-ratio: 360 \/ 640;\" width=\"360\" controls poster=\"https:\/\/indigo4ua.com\/wp-content\/uploads\/2025\/05\/slaapzakken-gur_thumb1.jpg\" src=\"https:\/\/indigo4ua.com\/wp-content\/uploads\/2025\/05\/slaapzakken-gur.mp4\"><\/video><\/figure>\n<\/div>\n<\/div>\n\n\n\n<h2 class=\"wp-block-heading\">Video<\/h2>\n\n\n\n<figure class=\"wp-block-embed alignwide is-type-video is-provider-youtube wp-block-embed-youtube wp-embed-aspect-16-9 wp-has-aspect-ratio wp-embed-aspect-4-3\"><div class=\"wp-block-embed__wrapper\">\n<iframe loading=\"lazy\" title=\"Schlafs\u00e4cke Ukraine\" width=\"500\" height=\"281\" src=\"https:\/\/www.youtube.com\/embed\/EnoF-NR6XPg?feature=oembed\" frameborder=\"0\" allow=\"accelerometer; autoplay; clipboard-write; encrypted-media; gyroscope; picture-in-picture; web-share\" referrerpolicy=\"strict-origin-when-cross-origin\" allowfullscreen><\/iframe>\n<\/div><\/figure>","protected":false},"excerpt":{"rendered":"<p>Legerslaapzakken Winters in Oekra\u00efne zijn koud, in het bijzonder voor soldaten die in loopgraven zitten. Daarom zijn we op zoek gegaan naar legerslaapzakken. Die zijn modulair: elke set bestaat uit twee slaapzakken die je kunt combineren in de koudste periode van het jaar. Bovendien zijn legerslaapzakken veel sterker dan standaard slaapzakken. Voor deze campagne hebben [&hellip;]<\/p>\n","protected":false},"author":1,"featured_media":0,"parent":129,"menu_order":0,"comment_status":"closed","ping_status":"closed","template":"","meta":{"_seopress_robots_primary_cat":"","_seopress_titles_title":"","_seopress_titles_desc":"","_seopress_robots_index":"","_genesis_hide_title":false,"_genesis_hide_breadcrumbs":false,"_genesis_hide_singular_image":false,"_genesis_hide_footer_widgets":false,"_genesis_custom_body_class":"","_genesis_custom_post_class":"","_genesis_layout":"","footnotes":""},"class_list":{"0":"post-102","1":"page","2":"type-page","3":"status-publish","5":"entry"},"featured_image_src":null,"featured_image_src_square":null,"_links":{"self":[{"href":"https:\/\/indigo4ua.com\/de\/wp-json\/wp\/v2\/pages\/102","targetHints":{"allow":["GET"]}}],"collection":[{"href":"https:\/\/indigo4ua.com\/de\/wp-json\/wp\/v2\/pages"}],"about":[{"href":"https:\/\/indigo4ua.com\/de\/wp-json\/wp\/v2\/types\/page"}],"author":[{"embeddable":true,"href":"https:\/\/indigo4ua.com\/de\/wp-json\/wp\/v2\/users\/1"}],"replies":[{"embeddable":true,"href":"https:\/\/indigo4ua.com\/de\/wp-json\/wp\/v2\/comments?post=102"}],"version-history":[{"count":0,"href":"https:\/\/indigo4ua.com\/de\/wp-json\/wp\/v2\/pages\/102\/revisions"}],"up":[{"embeddable":true,"href":"https:\/\/indigo4ua.com\/de\/wp-json\/wp\/v2\/pages\/129"}],"wp:attachment":[{"href":"https:\/\/indigo4ua.com\/de\/wp-json\/wp\/v2\/media?parent=102"}],"curies":[{"name":"wp","href":"https:\/\/api.w.org\/{rel}","templated":true}]}}