{"id":126,"date":"2025-02-12T04:20:43","date_gmt":"2025-02-12T03:20:43","guid":{"rendered":"https:\/\/indigo4ua.com\/?page_id=126"},"modified":"2026-02-08T14:45:44","modified_gmt":"2026-02-08T13:45:44","slug":"private-unterstutzung","status":"publish","type":"page","link":"https:\/\/indigo4ua.com\/de\/prive-support\/","title":{"rendered":"Private Unterst\u00fctzung"},"content":{"rendered":"<p>Im Folgenden finden Sie einen \u00dcberblick \u00fcber meine eigenen Initiativen und meine private Unterst\u00fctzung f\u00fcr die Ukraine. Unmittelbar nach der gro\u00dfen russischen Invasion wollte ich unbedingt helfen, hatte aber M\u00fche, mich zurechtzufinden. Es gab schnell Plattformen, auf denen man spenden konnte, aber ich war mir nicht sicher, welcher ich vertrauen sollte. <\/p>\n\n\n\n<h2 class=\"wp-block-heading\">Airbnb und Etsy<\/h2>\n\n\n\n<p>Gleich zu Beginn des Krieges habe ich, wie viele andere auf der Welt, angefangen, Airbnb-Wohnungen in der Ukraine zu buchen. Ich buchte Aufenthalte in mehreren St\u00e4dten f\u00fcr ein paar Tage, bezahlte, fuhr aber nicht dorthin. Dabei w\u00e4hlte ich immer St\u00e4dte in der Ukraine, die zu der Zeit wegen russischer Angriffe und Verbrechen in den Nachrichten waren. <\/p>\n\n\n\n<p>Auf Etsy habe ich digitale Produkte aus der Ukraine bestellt, zum Beispiel Zeichnungen und Fotos.<\/p>\n\n\n\n<p>In dieser Zeit lernte ich eine Familie in Cherson kennen. Cherson war damals noch von Russland besetzt.<\/p>\n\n\n\n<div class=\"wp-block-columns is-layout-flex wp-container-core-columns-is-layout-28f84493 wp-block-columns-is-layout-flex\">\n<div class=\"wp-block-column is-layout-flow wp-block-column-is-layout-flow\" style=\"flex-basis:66.66%\">\n<figure class=\"wp-block-image size-large\"><img alt=\"\" loading=\"lazy\" decoding=\"async\" width=\"1024\" height=\"754\" src=\"https:\/\/indigo4ua.com\/wp-content\/uploads\/2025\/06\/airbenb-boekingen-1024x754.jpg\" class=\"wp-image-652\" srcset=\"https:\/\/indigo4ua.com\/wp-content\/uploads\/2025\/06\/airbenb-boekingen-1024x754.jpg 1024w, https:\/\/indigo4ua.com\/wp-content\/uploads\/2025\/06\/airbenb-boekingen-300x221.jpg 300w, https:\/\/indigo4ua.com\/wp-content\/uploads\/2025\/06\/airbenb-boekingen-768x565.jpg 768w, https:\/\/indigo4ua.com\/wp-content\/uploads\/2025\/06\/airbenb-boekingen-1536x1130.jpg 1536w, https:\/\/indigo4ua.com\/wp-content\/uploads\/2025\/06\/airbenb-boekingen-16x12.jpg 16w, https:\/\/indigo4ua.com\/wp-content\/uploads\/2025\/06\/airbenb-boekingen.jpg 1674w\" sizes=\"auto, (max-width: 1024px) 100vw, 1024px\" \/><\/figure>\n<\/div>\n\n\n\n<div class=\"wp-block-column is-layout-flow wp-block-column-is-layout-flow\" style=\"flex-basis:50%\">\n<figure class=\"wp-block-embed is-type-rich is-provider-twitter wp-block-embed-twitter\"><div class=\"wp-block-embed__wrapper\">\n<blockquote class=\"twitter-tweet\" data-width=\"500\" data-dnt=\"true\"><p lang=\"en\" dir=\"ltr\">K\u00fcrzlich suchte ich \u00fcber Airbnb einen Termin in der N\u00e4he von Kiew und sah Dutzende von \u00e4hnlichen Kommentaren aus dem Jahr 2022. Menschen aus der ganzen Welt haben solche Buchungen vorgenommen, um Zivilisten zu unterst\u00fctzen. Das ist so inspirierend. <br><br>Danke, Petra, f\u00fcr alles, was du getan hast und weiterhin tust. <a href=\"https:\/\/t.co\/HFG74MqWIY\">https:\/\/t.co\/HFG74MqWIY<\/a><\/p>- Alex Bond (@AlexBondODUA) <a href=\"https:\/\/twitter.com\/AlexBondODUA\/status\/1931273241273991442?ref_src=twsrc%5Etfw\">7. Juni 2025<\/a><\/blockquote><script async src=\"https:\/\/platform.twitter.com\/widgets.js\" charset=\"utf-8\"><\/script>\n<\/div><\/figure>\n<\/div>\n<\/div>\n\n\n\n<h2 class=\"wp-block-heading\">Humanit\u00e4re Hilfe Cherson<\/h2>\n\n\n\n<p>Als Einzelperson kann man nicht viel bewirken, aber nichts zu tun war f\u00fcr mich keine Option. Ich beschloss, mich auf die Familie in Cherson zu konzentrieren, die ich \u00fcber Airbnb kennengelernt hatte. Ich fragte sie, welche Hilfe sie brauchten, um zu sehen, inwieweit ich sie leisten konnte. In der Folgezeit schickte ich in regelm\u00e4\u00dfigen Abst\u00e4nden Pakete mit humanit\u00e4rer Hilfe per Kurier. Sp\u00e4ter, als der Bedarf an humanit\u00e4rer Hilfe zur\u00fcckging und die Nachfrage nach Produkten f\u00fcr die Armee stieg, wurden die Sendungen zu einer Mischung aus humanit\u00e4rer Hilfe und Waren f\u00fcr die Soldaten.<\/p>\n\n\n\n<div class=\"wp-block-buttons is-layout-flex wp-block-buttons-is-layout-flex\">\n<div class=\"wp-block-button\"><a class=\"wp-block-button__link wp-element-button\" href=\"https:\/\/indigo4ua.com\/de\/private-unterstutzung\/fotos-und-videos-private-unterstutzung\/\">Verschiffungen 2023<\/a><\/div>\n\n\n\n<div class=\"wp-block-button\"><a class=\"wp-block-button__link wp-element-button\" href=\"https:\/\/indigo4ua.com\/de\/private-unterstutzung\/sendungen-2024\/\">Verschiffungen 2024<\/a><\/div>\n<\/div>\n\n\n\n<div style=\"height:34px\" aria-hidden=\"true\" class=\"wp-block-spacer\"><\/div>\n\n\n\n<p>Seit Ende 2024 liegt der Versand von Paketen an die Familie in Cherson leider auf Eis, da es derzeit zu gef\u00e4hrlich ist, die Sendungen beim Postamt abzuholen. In Cherson und anderen St\u00e4dten werden die Bewohner von den Russen mit Drohnen angegriffen. Seitdem stehe ich in direktem Kontakt mit den Freiwilligen, die schon immer Waren f\u00fcr die Armee gesammelt haben, so dass ich ihnen direkt helfen kann. Sie k\u00f6nnen die Sendungen an alternativen Sammelstellen au\u00dferhalb Chersons abholen.<\/p>\n\n\n\n<div class=\"wp-block-buttons is-layout-flex wp-block-buttons-is-layout-flex\">\n<div class=\"wp-block-button\"><a class=\"wp-block-button__link wp-element-button\" href=\"https:\/\/indigo4ua.com\/de\/private-unterstutzung\/sendungen-2024\/\">Verschiffungen 2024<\/a><\/div>\n\n\n\n<div class=\"wp-block-button\"><a class=\"wp-block-button__link wp-element-button\" href=\"https:\/\/indigo4ua.com\/de\/private-unterstutzung\/sendungen-2025\/\">Sendungen 2025<\/a><\/div>\n\n\n\n<div class=\"wp-block-button\"><a class=\"wp-block-button__link wp-element-button\" href=\"https:\/\/indigo4ua.com\/de\/private-unterstutzung\/betriebsrationen\/\">Rationen 2025<\/a><\/div>\n\n\n\n<div class=\"wp-block-button\"><a class=\"wp-block-button__link wp-element-button\" href=\"https:\/\/indigo4ua.com\/de\/private-unterstutzung\/sendungen-2026\/\">Verschiffungen 2026<\/a><\/div>\n<\/div>\n\n\n\n<h2 class=\"wp-block-heading\">Spenden<\/h2>\n\n\n\n<p>Ende 2022 begann ich mit Online-Spenden, zun\u00e4chst f\u00fcr humanit\u00e4re Hilfe. Zu dieser Zeit wurde zum Beispiel eine Aktion von <a href=\"https:\/\/u24.gov.ua\/ambassador\/scott_kelly\" target=\"_blank\" rel=\"noreferrer noopener\">Scott Kelly<\/a> Geldbeschaffung f\u00fcr Krankenwagen durch UNITED24. <\/p>\n\n\n\n<p class=\"translation-block\">Anfang 2023 begann ich, f\u00fcr die <a href=\"https:\/\/www.help99.co\/about-us\" target=\"_blank\" rel=\"noreferrer noopener\">NAFO 69th Sniffing Brigade<\/a> zu spenden, und damit begann meine Unterst\u00fctzung f\u00fcr die Armee in der Ukraine. Damals hatte ich keine Ahnung, wie die Brigade hie\u00df und welche Ausr\u00fcstung ben\u00f6tigt wurde, aber Hauptsache, sie wussten es. Nach ein paar einmaligen Spenden beschloss ich, dieser Organisation regelm\u00e4\u00dfig zu helfen.<\/p>\n\n\n\n<p>In der Ukraine ist ein riesiges Netz von Freiwilligen entstanden, die der Zivilbev\u00f6lkerung und dem Milit\u00e4r Hilfe anbieten. Es hat mich einige Zeit gekostet, die zuverl\u00e4ssigen Parteien innerhalb dieses Netzwerks herauszufiltern. Diese Freiwilligen stehen in direktem Kontakt mit den Armeeeinheiten, so dass die Kommunikationswege kurz sind. Sie erhalten von den Einheiten Anfragen nach Ausr\u00fcstungsgegenst\u00e4nden, starten eine Sammelaktion, kaufen die ben\u00f6tigten Gegenst\u00e4nde und sorgen daf\u00fcr, dass sie geliefert werden.<\/p>","protected":false},"excerpt":{"rendered":"<p>Hieronder vind je een overzicht van mijn eigen initiatieven, priv\u00e9steun aan Oekra\u00efne. Vlak na de grote Russische invasie wilde ik graag hulp bieden maar had ik moeite om daarin mijn weg te vinden. Er waren snel platforms beschikbaar om te doneren maar ik wist niet goed welke te vertrouwen. Airbnb en Etsy In het prille [&hellip;]<\/p>\n","protected":false},"author":1,"featured_media":0,"parent":0,"menu_order":0,"comment_status":"closed","ping_status":"closed","template":"","meta":{"_seopress_robots_primary_cat":"","_seopress_titles_title":"","_seopress_titles_desc":"","_seopress_robots_index":"","_genesis_hide_title":false,"_genesis_hide_breadcrumbs":false,"_genesis_hide_singular_image":false,"_genesis_hide_footer_widgets":false,"_genesis_custom_body_class":"","_genesis_custom_post_class":"","_genesis_layout":"","footnotes":""},"class_list":{"0":"post-126","1":"page","2":"type-page","3":"status-publish","5":"entry"},"featured_image_src":null,"featured_image_src_square":null,"_links":{"self":[{"href":"https:\/\/indigo4ua.com\/de\/wp-json\/wp\/v2\/pages\/126","targetHints":{"allow":["GET"]}}],"collection":[{"href":"https:\/\/indigo4ua.com\/de\/wp-json\/wp\/v2\/pages"}],"about":[{"href":"https:\/\/indigo4ua.com\/de\/wp-json\/wp\/v2\/types\/page"}],"author":[{"embeddable":true,"href":"https:\/\/indigo4ua.com\/de\/wp-json\/wp\/v2\/users\/1"}],"replies":[{"embeddable":true,"href":"https:\/\/indigo4ua.com\/de\/wp-json\/wp\/v2\/comments?post=126"}],"version-history":[{"count":0,"href":"https:\/\/indigo4ua.com\/de\/wp-json\/wp\/v2\/pages\/126\/revisions"}],"wp:attachment":[{"href":"https:\/\/indigo4ua.com\/de\/wp-json\/wp\/v2\/media?parent=126"}],"curies":[{"name":"wp","href":"https:\/\/api.w.org\/{rel}","templated":true}]}}