{"id":129,"date":"2025-02-12T05:19:33","date_gmt":"2025-02-12T04:19:33","guid":{"rendered":"https:\/\/indigo4ua.com\/?page_id=129"},"modified":"2026-04-11T18:21:26","modified_gmt":"2026-04-11T16:21:26","slug":"fundraising-aktivitaten","status":"publish","type":"page","link":"https:\/\/indigo4ua.com\/de\/inzamelingsacties\/","title":{"rendered":"Sammlungen"},"content":{"rendered":"<p>Im Jahr 2024 habe ich mit Spendenkampagnen begonnen. Der Krieg geht weiter, die Berichterstattung \u00fcber den Krieg nimmt ab, und gerade jetzt wird zus\u00e4tzliche Unterst\u00fctzung ben\u00f6tigt. Die freiwilligen Unterst\u00fctzungseinheiten der Armee k\u00f6nnen die Anfragen nach Ausr\u00fcstung kaum bew\u00e4ltigen, und mit der schwindenden Aufmerksamkeit f\u00fcr den Krieg in den Nachrichten schwindet leider auch die Unterst\u00fctzung f\u00fcr das Land. Ein Grund mehr, sich zu engagieren.<\/p>\n\n\n\n<h2 class=\"wp-block-heading\">22. Brigade<\/h2>\n\n\n\n<p><strong>22. Februar 2026 (abgeschlossen)<\/strong> - Fahrzeug f\u00fcr das Motorinfanteriebataillon 22OMBR - $2.990 \/ 129000UAH<br>Einzelheiten: <a href=\"https:\/\/indigo4ua.com\/de\/fundraising-aktivitaten\/fahrzeug-der-22-brigade\/\">https:\/\/indigo4ua.com\/inzamelingsacties\/22e-brigade-voertuig\/<\/a><br><br><strong>12. Februar 2026 (abgeschlossen)<\/strong> - zwei Stromerzeuger - $1.206 \/ 52000UAH<br>Auf Seite <a href=\"https:\/\/indigo4ua.com\/de\/fundraising-aktivitaten\/22-brigade-zwei-generatoren-ii-ii\/\">22. Brigade - zwei Generatoren II\/II<\/a> finden Sie alle Einzelheiten zu dieser zweiten Spendenaktion f\u00fcr zwei Generatoren.<\/p>\n\n\n\n<p><strong>05. Februar 2026 (abgeschlossen)<\/strong> - zwei Stromerzeuger - 680 \u20ac \/ 34880UAH<br>Auf Seite <a href=\"https:\/\/indigo4ua.com\/de\/fundraising-aktivitaten\/22-brigade-zwei-generatoren-i-ii\/\">22. Brigade - zwei Generatoren I\/II<\/a> finden Sie alle Einzelheiten zu dieser ersten Spendenaktion f\u00fcr zwei Generatoren.<\/p>\n\n\n\n<h2 class=\"wp-block-heading\">34. K\u00fcstenverteidigungsbrigade<\/h2>\n\n\n\n<p>Wir f\u00fchren regelm\u00e4\u00dfig Sammlungen f\u00fcr die 34. Marine-K\u00fcstenschutzbrigade in der Region Kherson durch.<\/p>\n\n\n\n<p><strong>18. M\u00e4rz 2026 (wartet auf Lieferbericht)<\/strong> \u2013 Fahrzeug (Landrover) \u2013 $5.404 \/ 238.000 UAH<br>Auf Seite <a href=\"https:\/\/indigo4ua.com\/en\/fundraisers\/34th-coastal-defense-brigade-vehicle\/\">34. K\u00fcstenverteidigungsbrigade \u2013 Fahrzeug<\/a> finden Sie alle Einzelheiten zu dieser Spendenaktion.<\/p>\n\n\n\n<p><strong>12. M\u00e4rz 2026 (abgeschlossen)<\/strong> - Propeller und Ersatzteile f\u00fcr Drohnen - $904 \/ 40000UAH<br>Auf Seite <a href=\"https:\/\/indigo4ua.com\/de\/fundraising-aktivitaten\/34e-kustenverteidigungsbrigade-propeller\/\">34. K\u00fcstenverteidigungsbrigade - Propeller<\/a> finden Sie alle Einzelheiten zu dieser Spendenaktion.<\/p>\n\n\n\n<p><strong>28. Januar 2026 (abgeschlossen)<\/strong> - zwei Stromerzeuger und zwei Ladestationen - $2.110 \/ $90000UAH<br>Auf Seite <a href=\"https:\/\/indigo4ua.com\/de\/fundraising-aktivitaten\/34-kustenschutzbrigade-generatoren-und-ladestationen\/\">34. K\u00fcstenverteidigungsbrigade - Generatoren und Ladestationen<\/a> finden Sie alle Einzelheiten zu dieser Spendenaktion.<\/p>\n\n\n\n<p><strong>20. Januar 2026 (abgeschlossen)<\/strong> - eine Ladestation - 499 \u20ac ($590 \/ 24000UAH)<br>Auf Seite <a href=\"https:\/\/indigo4ua.com\/de\/fundraising-aktivitaten\/ladestation-der-34-kustenschutzbrigade\/\">34. K\u00fcstenverteidigungsbrigade - Ladestation<\/a> finden Sie alle Einzelheiten zu dieser Spendenaktion.<\/p>\n\n\n\n<p><strong>05. Januar 2026 (abgeschlossen)<\/strong> - zwei S\u00e4tze Batterien f\u00fcr Vampire Drone - $4,424 \/ 187680UAH<br>Auf Seite <a href=\"https:\/\/indigo4ua.com\/de\/fundraising-aktivitaten\/34-kustenverteidigungsbrigade-zwei-satze-von-vampirbatterien\/\">34. K\u00fcstenverteidigungsbrigade - zwei S\u00e4tze Batterien Vampire<\/a> finden Sie alle Einzelheiten zu dieser Spendenaktion.<\/p>\n\n\n\n<p><strong>18. Dezember 2025 (abgeschlossen)<\/strong> - Bandera Power 860S Ladestation - $1,645 \/ 69440UAH<br>Auf Seite <a href=\"https:\/\/indigo4ua.com\/de\/fundraising-aktivitaten\/34-kustenschutzbrigade-bandera-power\/\">34. K\u00fcstenverteidigungsbrigade - Bandera Power<\/a> finden Sie alle Einzelheiten zu dieser Spendenaktion.<\/p>\n\n\n\n<p><strong>01. Dezember 2025 (abgeschlossen)<\/strong> - Batterien f\u00fcr Vampire Drone - $2,212 \/ 93840UAH<br>Auf Seite <a href=\"https:\/\/indigo4ua.com\/de\/fundraising-aktivitaten\/34-kustenschutzbrigade-batterien-vampir\/\">34. K\u00fcstenverteidigungsbrigade - Batterien Vampir<\/a> finden Sie alle Einzelheiten zu dieser Spendenaktion.<\/p>\n\n\n\n<p><strong>22. November 2025 (abgeschlossen)<\/strong> - EcoFlow - 449 \u20ac ($500 \/ 22010UAH) + Autoreifen (3000UAH)<br>Auf Seite <a href=\"https:\/\/indigo4ua.com\/de\/fundraising-aktivitaten\/34-kustenschutzbrigade-nov-2025\/\">34. K\u00fcstenverteidigungsbrigade - EcoFlow<\/a> finden Sie alle Details...<\/p>\n\n\n\n<p><strong>Juli\/August 2025 (abgeschlossen)<\/strong> - Abholung und zus\u00e4tzliche Ausr\u00fcstung<br>Der erste Teil im Wert von mehr als $15.000 wurde gemeinsam mit <a href=\"https:\/\/www.toonietuesday.gives\/\" target=\"_blank\" rel=\"noreferrer noopener\">Toonie-Dienstag<\/a> realisiert. <br>Wir haben dann den zweiten Teil mit der Anzeige $2500 abgeschlossen.<br>Auf Seite <a href=\"https:\/\/indigo4ua.com\/de\/fundraising-aktivitaten\/34-kustenschutzbrigade-juli-2025\/\" target=\"_blank\" rel=\"noreferrer noopener\">34. K\u00fcstenverteidigungsbrigade - Juli 2025<\/a> lesen Sie alle Einzelheiten zu diesen Spendenaktionen.<\/p>\n\n\n\n<p><strong>12. April 2025 (abgeschlossen)<\/strong> - zwei ballistische Decken<br>Auf Seite <a href=\"https:\/\/indigo4ua.com\/de\/fundraising-aktivitaten\/ballistische-decken-der-34-kustenschutzbrigade\/\">34. K\u00fcstenverteidigungsbrigade - ballistische Raketen<\/a> finden Sie alle Einzelheiten zu dieser Spendenaktion.<\/p>\n\n\n\n<h2 class=\"wp-block-heading\">153. separates Aufkl\u00e4rungs- und Angriffsbataillon<\/h2>\n\n\n\n<p><strong>6. September 2025<\/strong> <strong>(abgeschlossen)<\/strong> - Gel\u00e4ndemotorrad und einem VW Transporter.<br>Auf Seite <a href=\"https:\/\/indigo4ua.com\/de\/fundraising-aktivitaten\/153-aufklarungs-und-angriffsbataillon\/\">153. separates Aufkl\u00e4rungs- und Angriffsbataillon<\/a> finden Sie alle Einzelheiten zu dieser Spendenaktion.<\/p>\n\n\n\n<h2 class=\"wp-block-heading\">Autoreifen<\/h2>\n\n\n\n<p>Nach einigen Kriegsjahren herrscht ein ernster Mangel an Reifen, insbesondere an erschwinglichen Reifen, wie z. B. gebrauchten Reifen. Und da es keine Zeit und Gelegenheit gibt, weit au\u00dferhalb der eigenen Region nach Reifen zu suchen, werden diese oft online gekauft. Doch mit der Knappheit kommen auch unerw\u00fcnschte Effekte: Gebrauchte Autoreifen werden im Internet mit gef\u00e4lschten Fotos zum Kauf angeboten. Auf den Fotos sehen die Reifen gut aus, doch bei Erhalt entpuppen sich die Reifen als so schlecht, dass sie unbrauchbar sind.<\/p>\n\n\n\n<p>Die Freiwilligen in Cherson haben mich um Hilfe gebeten. Und nachdem ich mich in meinem Netzwerk umgeh\u00f6rt hatte, stellte sich heraus, dass die L\u00f6sung gar nicht so einfach war. Ich beschloss, eine kontinuierliche Sammelaktion f\u00fcr Autoreifen ins Leben zu rufen. Und inzwischen hat sich der Ansatz bew\u00e4hrt: Ich habe einen zuverl\u00e4ssigen Vermittler gefunden, der es versteht, die ben\u00f6tigten Reifen in kurzer Zeit aufzusp\u00fcren und zu kaufen. Ich kann die Reifen vorfinanzieren und die Sammelaktion starten. Die Reifen k\u00f6nnen in der Regel innerhalb von ein paar Tagen bis zu einer Woche an die Freiwilligen in Cherson oder direkt an die Einheit, die sie angefordert hat, geliefert werden.<\/p>\n\n\n\n<p class=\"translation-block\">Auf der Seite <a href=\"https:\/\/indigo4ua.com\/de\/reifen\/\" target=\"_self\">Reifen<\/a> k\u00f6nnen Sie mehr \u00fcber diese laufende Spendenaktion lesen.<\/p>\n\n\n\n<h2 class=\"wp-block-heading\">Armee-Schlafs\u00e4cke<\/h2>\n\n\n\n<p>Im Herbst 2024 konnten wir in Frankreich eine gro\u00dfe Charge von Armeeschlafs\u00e4cken kaufen. Insgesamt 400 St\u00fcck, die f\u00fcr Temperaturen bis zu -30 Grad Celsius geeignet sind. Solche Schlafs\u00e4cke sind f\u00fcr Soldaten, die in den Sch\u00fctzengr\u00e4ben im Freien schlafen, unverzichtbar.<\/p>\n\n\n\n<p class=\"translation-block\">Auf der Seite <a href=\"https:\/\/indigo4ua.com\/de\/schlafsacke\/\" data-type=\"page\" data-id=\"102\" target=\"_self\">Schlafs\u00e4cke<\/a> k\u00f6nnen Sie alles \u00fcber diese Spendenaktion lesen.<\/p>\n\n\n\n<h2 class=\"wp-block-heading\">Chemische Erhitzer<\/h2>\n\n\n\n<p>Die Winter in der Ukraine sind kalt. Dann sind W\u00e4rmekissen (chemische Heizger\u00e4te) ein Geschenk des Himmels. W\u00e4rmekissen gibt es f\u00fcr H\u00e4nde, F\u00fc\u00dfe und den K\u00f6rper. Die Pads sind luftdicht verpackt und sobald man sie aus der Verpackung nimmt und sie mit Sauerstoff in Kontakt kommen, erw\u00e4rmen sie sich und bleiben 6-8 Stunden lang warm.<\/p>\n\n\n\n<p>Als die Schlafs\u00e4cke der Armee zur Neige gingen und wir sahen, dass die Einheiten kleine Mengen an Heizkissen kauften, beschlossen wir, eine gro\u00dfe Menge an Heizkissen zu kaufen und eine Sammelaktion daf\u00fcr zu starten. Der Kauf einer gr\u00f6\u00dferen Charge bietet einen Preisvorteil und au\u00dferdem k\u00f6nnen sie vor Ort (in der Ukraine selbst) gekauft werden, was besser f\u00fcr die lokale Wirtschaft ist.<\/p>\n\n\n\n<p>Alex Bond und ich haben das gemeinsam begonnen.<\/p>\n\n\n\n<p>Auf Seite <a href=\"https:\/\/indigo4ua.com\/de\/chemische-heizgerate\/\" data-type=\"page\" data-id=\"275\">Chemische Erhitzer<\/a> Lesen Sie mehr \u00fcber diese Spendensammlung.<\/p>\n\n\n\n<p><\/p>","protected":false},"excerpt":{"rendered":"<p>In 2024 ben ik met inzamelingsacties begonnen. De oorlog duurt voort, de aandacht voor de oorlog neemt af, terwijl er juist nu extra ondersteuning nodig is. De vrijwilligers die units van het leger ondersteunen kunnen de aanvragen voor uitrusting nauwelijks aan en met de afnemende aandacht voor de oorlog in het nieuws neemt helaas ook [&hellip;]<\/p>\n","protected":false},"author":1,"featured_media":0,"parent":0,"menu_order":0,"comment_status":"closed","ping_status":"closed","template":"","meta":{"_seopress_robots_primary_cat":"","_seopress_titles_title":"","_seopress_titles_desc":"","_seopress_robots_index":"","_genesis_hide_title":false,"_genesis_hide_breadcrumbs":false,"_genesis_hide_singular_image":false,"_genesis_hide_footer_widgets":false,"_genesis_custom_body_class":"","_genesis_custom_post_class":"","_genesis_layout":"","footnotes":""},"class_list":{"0":"post-129","1":"page","2":"type-page","3":"status-publish","5":"entry"},"featured_image_src":null,"featured_image_src_square":null,"_links":{"self":[{"href":"https:\/\/indigo4ua.com\/de\/wp-json\/wp\/v2\/pages\/129","targetHints":{"allow":["GET"]}}],"collection":[{"href":"https:\/\/indigo4ua.com\/de\/wp-json\/wp\/v2\/pages"}],"about":[{"href":"https:\/\/indigo4ua.com\/de\/wp-json\/wp\/v2\/types\/page"}],"author":[{"embeddable":true,"href":"https:\/\/indigo4ua.com\/de\/wp-json\/wp\/v2\/users\/1"}],"replies":[{"embeddable":true,"href":"https:\/\/indigo4ua.com\/de\/wp-json\/wp\/v2\/comments?post=129"}],"version-history":[{"count":3,"href":"https:\/\/indigo4ua.com\/de\/wp-json\/wp\/v2\/pages\/129\/revisions"}],"predecessor-version":[{"id":1825,"href":"https:\/\/indigo4ua.com\/de\/wp-json\/wp\/v2\/pages\/129\/revisions\/1825"}],"wp:attachment":[{"href":"https:\/\/indigo4ua.com\/de\/wp-json\/wp\/v2\/media?parent=129"}],"curies":[{"name":"wp","href":"https:\/\/api.w.org\/{rel}","templated":true}]}}