{"id":133,"date":"2025-02-12T04:43:40","date_gmt":"2025-02-12T03:43:40","guid":{"rendered":"https:\/\/indigo4ua.com\/?page_id=133"},"modified":"2026-02-08T13:23:55","modified_gmt":"2026-02-08T12:23:55","slug":"nafo-kumpel","status":"publish","type":"page","link":"https:\/\/indigo4ua.com\/de\/nafo-fella\/","title":{"rendered":"NAFO-Kamerad"},"content":{"rendered":"<h2 class=\"wp-block-heading\">NAFO<\/h2>\n\n\n\n<p>Die North Atlantic Fella Organisation (NAFO, ein Wortspiel mit der NATO, der Nordatlantikvertrags-Organisation) ist eine Internet-Meme- und Social-Media-Bewegung, die sich dem Kampf gegen russische Propaganda und Desinformation \u00fcber Russlands Invasion in der Ukraine im Jahr 2022 widmet. Sie wird als eine Form der Informationskriegsf\u00fchrung eingestuft.<\/p>\n\n\n\n<p>Neben respektlosen Kommentaren \u00fcber den Krieg und Memes, die f\u00fcr die Ukraine werben oder Russlands Kriegsanstrengungen und -strategie ins L\u00e4cherliche ziehen (\"Shitposting\"), sammelt die Gruppe auch Geld f\u00fcr die ukrainischen Streitkr\u00e4fte und andere pro-ukrainische Zwecke. Die Darstellung eines NAFO-\"Fella\" ist ein Shiba-Inu-Hund (basierend auf dem \"Doge\"-Mem), der oft als Avatar verwendet und manchmal als \"Cartoon-Hund\" oder als \"Gruppe von Shiba-Inu-Soldaten\" beschrieben wird.<\/p>\n\n\n\n<p><em>Quelle: <a href=\"https:\/\/nl.wikipedia.org\/wiki\/NAFO_(groep)\" target=\"_blank\" rel=\"noreferrer noopener\">Wikipedia<\/a><\/em><\/p>\n\n\n\n<h2 class=\"wp-block-heading\">NAFO-Kamerad<\/h2>\n\n\n\n<div class=\"wp-block-media-text is-stacked-on-mobile\" style=\"grid-template-columns:29% auto\"><figure class=\"wp-block-media-text__media\"><img loading=\"lazy\" decoding=\"async\" width=\"500\" height=\"500\" src=\"https:\/\/indigo4ua.com\/wp-content\/uploads\/2025\/02\/nafo-fella-indigonl-500px.jpg\" alt=\"NAFO Einheimischer Fella\" class=\"wp-image-106 size-full\" srcset=\"https:\/\/indigo4ua.com\/wp-content\/uploads\/2025\/02\/nafo-fella-indigonl-500px.jpg 500w, https:\/\/indigo4ua.com\/wp-content\/uploads\/2025\/02\/nafo-fella-indigonl-500px-300x300.jpg 300w, https:\/\/indigo4ua.com\/wp-content\/uploads\/2025\/02\/nafo-fella-indigonl-500px-150x150.jpg 150w, https:\/\/indigo4ua.com\/wp-content\/uploads\/2025\/02\/nafo-fella-indigonl-500px-12x12.jpg 12w, https:\/\/indigo4ua.com\/wp-content\/uploads\/2025\/02\/nafo-fella-indigonl-500px-75x75.jpg 75w, https:\/\/indigo4ua.com\/wp-content\/uploads\/2025\/02\/nafo-fella-indigonl-500px-400x400.jpg 400w\" sizes=\"auto, (max-width: 500px) 100vw, 500px\" \/><\/figure><div class=\"wp-block-media-text__content\">\n<p class=\"translation-block\">Im Jahr 2024 trat ich der <a href=\"https:\/\/nafo-ofan.org\/\" target=\"_blank\" rel=\"noreferrer noopener\">The North Atlantic Fella Organisation<\/a> bei. Von da an war ich NAFO Fella. Ich sah den Begriff NAFO eine ganze Zeit lang in den sozialen Medien und wusste nicht, woher der Begriff kam. Erst als ich googelte, fand ich es heraus und beschloss, dieser Initiative beizutreten.<\/p>\n\n\n\n<p>Sie k\u00f6nnen sich kostenlos als NAFO-Mitglied anmelden, wenn Sie eine Spende f\u00fcr eine Spendenaktion f\u00fcr die Ukraine nachweisen k\u00f6nnen. Nach Ihrer Anmeldung k\u00f6nnen Sie ein sogenanntes Forge beantragen, Ihr eigenes Fella-Bild, basierend auf dem Shiba Inu-Hund, Unten ist mein NAFO Fella Forge.<\/p>\n<\/div><\/div>\n\n\n\n<div class=\"wp-block-columns is-layout-flex wp-container-core-columns-is-layout-28f84493 wp-block-columns-is-layout-flex\">\n<div class=\"wp-block-column is-layout-flow wp-block-column-is-layout-flow\">\n<figure class=\"wp-block-image size-full\"><img loading=\"lazy\" decoding=\"async\" width=\"500\" height=\"500\" src=\"https:\/\/indigo4ua.com\/wp-content\/uploads\/2025\/02\/nafo-fella-indigonl-tulps-500px.jpg\" alt=\"NAFO Fella indigene Tulpen\" class=\"wp-image-137\" srcset=\"https:\/\/indigo4ua.com\/wp-content\/uploads\/2025\/02\/nafo-fella-indigonl-tulps-500px.jpg 500w, https:\/\/indigo4ua.com\/wp-content\/uploads\/2025\/02\/nafo-fella-indigonl-tulps-500px-300x300.jpg 300w, https:\/\/indigo4ua.com\/wp-content\/uploads\/2025\/02\/nafo-fella-indigonl-tulps-500px-150x150.jpg 150w, https:\/\/indigo4ua.com\/wp-content\/uploads\/2025\/02\/nafo-fella-indigonl-tulps-500px-12x12.jpg 12w, https:\/\/indigo4ua.com\/wp-content\/uploads\/2025\/02\/nafo-fella-indigonl-tulps-500px-75x75.jpg 75w\" sizes=\"auto, (max-width: 500px) 100vw, 500px\" \/><\/figure>\n<\/div>\n\n\n\n<div class=\"wp-block-column is-layout-flow wp-block-column-is-layout-flow\">\n<figure class=\"wp-block-image size-full\"><img loading=\"lazy\" decoding=\"async\" width=\"670\" height=\"670\" src=\"https:\/\/indigo4ua.com\/wp-content\/uploads\/2025\/02\/nafo-fella-mh17.jpg\" alt=\"NAFO Fella indigonl mh17\" class=\"wp-image-138\" srcset=\"https:\/\/indigo4ua.com\/wp-content\/uploads\/2025\/02\/nafo-fella-mh17.jpg 670w, https:\/\/indigo4ua.com\/wp-content\/uploads\/2025\/02\/nafo-fella-mh17-300x300.jpg 300w, https:\/\/indigo4ua.com\/wp-content\/uploads\/2025\/02\/nafo-fella-mh17-150x150.jpg 150w, https:\/\/indigo4ua.com\/wp-content\/uploads\/2025\/02\/nafo-fella-mh17-12x12.jpg 12w, https:\/\/indigo4ua.com\/wp-content\/uploads\/2025\/02\/nafo-fella-mh17-75x75.jpg 75w, https:\/\/indigo4ua.com\/wp-content\/uploads\/2025\/02\/nafo-fella-mh17-600x600.jpg 600w\" sizes=\"auto, (max-width: 670px) 100vw, 670px\" \/><\/figure>\n<\/div>\n\n\n\n<div class=\"wp-block-column is-layout-flow wp-block-column-is-layout-flow\">\n<figure class=\"wp-block-image size-full\"><img loading=\"lazy\" decoding=\"async\" width=\"500\" height=\"500\" src=\"https:\/\/indigo4ua.com\/wp-content\/uploads\/2025\/02\/nafo-fella-winter-500px.jpg\" alt=\"NAFO Fella indigener Winter\" class=\"wp-image-140\" srcset=\"https:\/\/indigo4ua.com\/wp-content\/uploads\/2025\/02\/nafo-fella-winter-500px.jpg 500w, https:\/\/indigo4ua.com\/wp-content\/uploads\/2025\/02\/nafo-fella-winter-500px-300x300.jpg 300w, https:\/\/indigo4ua.com\/wp-content\/uploads\/2025\/02\/nafo-fella-winter-500px-150x150.jpg 150w, https:\/\/indigo4ua.com\/wp-content\/uploads\/2025\/02\/nafo-fella-winter-500px-12x12.jpg 12w, https:\/\/indigo4ua.com\/wp-content\/uploads\/2025\/02\/nafo-fella-winter-500px-75x75.jpg 75w\" sizes=\"auto, (max-width: 500px) 100vw, 500px\" \/><\/figure>\n<\/div>\n<\/div>\n\n\n\n<div class=\"wp-block-columns is-layout-flex wp-container-core-columns-is-layout-28f84493 wp-block-columns-is-layout-flex\">\n<div class=\"wp-block-column is-layout-flow wp-block-column-is-layout-flow\" style=\"flex-basis:50%\">\n<figure class=\"wp-block-image size-full\"><img loading=\"lazy\" decoding=\"async\" width=\"744\" height=\"500\" src=\"https:\/\/indigo4ua.com\/wp-content\/uploads\/2025\/02\/nafo-fella-fck-russia-500px.jpg\" alt=\"NAFO Fella indigonl fck russia\" class=\"wp-image-143\" srcset=\"https:\/\/indigo4ua.com\/wp-content\/uploads\/2025\/02\/nafo-fella-fck-russia-500px.jpg 744w, https:\/\/indigo4ua.com\/wp-content\/uploads\/2025\/02\/nafo-fella-fck-russia-500px-300x202.jpg 300w, https:\/\/indigo4ua.com\/wp-content\/uploads\/2025\/02\/nafo-fella-fck-russia-500px-18x12.jpg 18w\" sizes=\"auto, (max-width: 744px) 100vw, 744px\" \/><\/figure>\n<\/div>\n\n\n\n<div class=\"wp-block-column is-layout-flow wp-block-column-is-layout-flow\" style=\"flex-basis:35%\">\n<figure class=\"wp-block-image size-full\"><img alt=\"\" loading=\"lazy\" decoding=\"async\" width=\"1470\" height=\"1345\" src=\"https:\/\/indigo4ua.com\/wp-content\/uploads\/2025\/06\/hells-fellas-by-bopandy1.jpg\" class=\"wp-image-649\" srcset=\"https:\/\/indigo4ua.com\/wp-content\/uploads\/2025\/06\/hells-fellas-by-bopandy1.jpg 1470w, https:\/\/indigo4ua.com\/wp-content\/uploads\/2025\/06\/hells-fellas-by-bopandy1-300x274.jpg 300w, https:\/\/indigo4ua.com\/wp-content\/uploads\/2025\/06\/hells-fellas-by-bopandy1-1024x937.jpg 1024w, https:\/\/indigo4ua.com\/wp-content\/uploads\/2025\/06\/hells-fellas-by-bopandy1-768x703.jpg 768w, https:\/\/indigo4ua.com\/wp-content\/uploads\/2025\/06\/hells-fellas-by-bopandy1-13x12.jpg 13w\" sizes=\"auto, (max-width: 1470px) 100vw, 1470px\" \/><\/figure>\n<\/div>\n<\/div>\n\n\n\n<div class=\"wp-block-columns is-layout-flex wp-container-core-columns-is-layout-28f84493 wp-block-columns-is-layout-flex\">\n<div class=\"wp-block-column is-layout-flow wp-block-column-is-layout-flow\">\n<details class=\"wp-block-details is-layout-flow wp-block-details-is-layout-flow\"><summary>Erstellt von https:\/\/x.com\/Berenik48809214?s=20<\/summary>\n<figure class=\"wp-block-image size-large\"><img alt=\"\" loading=\"lazy\" decoding=\"async\" width=\"654\" height=\"1024\" src=\"https:\/\/indigo4ua.com\/wp-content\/uploads\/2026\/02\/NAFO-bakery-654x1024.jpg\" class=\"wp-image-1572\" srcset=\"https:\/\/indigo4ua.com\/wp-content\/uploads\/2026\/02\/NAFO-bakery-654x1024.jpg 654w, https:\/\/indigo4ua.com\/wp-content\/uploads\/2026\/02\/NAFO-bakery-192x300.jpg 192w, https:\/\/indigo4ua.com\/wp-content\/uploads\/2026\/02\/NAFO-bakery-768x1202.jpg 768w, https:\/\/indigo4ua.com\/wp-content\/uploads\/2026\/02\/NAFO-bakery-982x1536.jpg 982w, https:\/\/indigo4ua.com\/wp-content\/uploads\/2026\/02\/NAFO-bakery-8x12.jpg 8w, https:\/\/indigo4ua.com\/wp-content\/uploads\/2026\/02\/NAFO-bakery.jpg 1078w\" sizes=\"auto, (max-width: 654px) 100vw, 654px\" \/><\/figure>\n<\/details>\n<\/div>\n\n\n\n<div class=\"wp-block-column is-layout-flow wp-block-column-is-layout-flow\"><\/div>\n<\/div>\n\n\n\n<p><\/p>\n\n\n\n<h2 class=\"wp-block-heading\">Wer hat meine Schmiede gemacht?<\/h2>\n\n\n\n<p>Ich habe eine Weile gebraucht, um herauszufinden, wer meine Schmiede gemacht hat, aber \u00fcber Twitter haben wir uns gefunden.<\/p>\n\n\n\n<p>Und ich verstehe jetzt auch, warum der Urheber f\u00fcr mich eine Zeit lang unklar war: In der E-Mail stand zwar, dass \"Name\" sie verfasst hatte. Aber ich hatte angenommen, dass anstelle von Name ein Name stehen sollte und dass der Absender sich f\u00fcr Anonymit\u00e4t entschieden hatte. Erst als ich auf Twitter nach #felladelivery in Verbindung mit 'Dutch' suchte, sah ich es, vor mehr als einem Jahr.<\/p>\n\n\n\n<div class=\"wp-block-columns is-layout-flex wp-container-core-columns-is-layout-28f84493 wp-block-columns-is-layout-flex\">\n<div class=\"wp-block-column is-layout-flow wp-block-column-is-layout-flow\">\n<figure class=\"wp-block-embed is-type-rich is-provider-twitter wp-block-embed-twitter\"><div class=\"wp-block-embed__wrapper\">\n<blockquote class=\"twitter-tweet\" data-width=\"500\" data-dnt=\"true\"><p lang=\"en\" dir=\"ltr\">Holl\u00e4nderin.<a href=\"https:\/\/twitter.com\/hashtag\/felladelivery?src=hash&amp;ref_src=twsrc%5Etfw\">#felladelivery<\/a> <a href=\"https:\/\/t.co\/gok0TVcWVA\">pic.twitter.com\/gok0TVcWVA<\/a><\/p>- Name (@nmlss_hr_4_vrmr) <a href=\"https:\/\/twitter.com\/nmlss_hr_4_vrmr\/status\/1761135599300325678?ref_src=twsrc%5Etfw\">23. Februar 2024<\/a><\/blockquote><script async src=\"https:\/\/platform.twitter.com\/widgets.js\" charset=\"utf-8\"><\/script>\n<\/div><\/figure>\n<\/div>\n\n\n\n<div class=\"wp-block-column is-layout-flow wp-block-column-is-layout-flow\"><\/div>\n<\/div>","protected":false},"excerpt":{"rendered":"<p>NAFO De Noord-Atlantische Fella Organisatie (NAFO, een woordspeling op de NAVO, de Noord-Atlantische Verdragsorganisatie) is een Internetmeme en sociale media-beweging die zich toelegt op het bestrijden van Russische propaganda en desinformatie over de Russische invasie van Oekra\u00efne in 2022. Het is geclassificeerd als een vorm van informatieoorlogvoering. Naast het plaatsen van oneerbiedige commentaren over de [&hellip;]<\/p>\n","protected":false},"author":1,"featured_media":0,"parent":0,"menu_order":0,"comment_status":"closed","ping_status":"closed","template":"","meta":{"_seopress_robots_primary_cat":"","_seopress_titles_title":"","_seopress_titles_desc":"","_seopress_robots_index":"","_genesis_hide_title":false,"_genesis_hide_breadcrumbs":false,"_genesis_hide_singular_image":false,"_genesis_hide_footer_widgets":false,"_genesis_custom_body_class":"","_genesis_custom_post_class":"","_genesis_layout":"","footnotes":""},"class_list":{"0":"post-133","1":"page","2":"type-page","3":"status-publish","5":"entry"},"featured_image_src":null,"featured_image_src_square":null,"_links":{"self":[{"href":"https:\/\/indigo4ua.com\/de\/wp-json\/wp\/v2\/pages\/133","targetHints":{"allow":["GET"]}}],"collection":[{"href":"https:\/\/indigo4ua.com\/de\/wp-json\/wp\/v2\/pages"}],"about":[{"href":"https:\/\/indigo4ua.com\/de\/wp-json\/wp\/v2\/types\/page"}],"author":[{"embeddable":true,"href":"https:\/\/indigo4ua.com\/de\/wp-json\/wp\/v2\/users\/1"}],"replies":[{"embeddable":true,"href":"https:\/\/indigo4ua.com\/de\/wp-json\/wp\/v2\/comments?post=133"}],"version-history":[{"count":0,"href":"https:\/\/indigo4ua.com\/de\/wp-json\/wp\/v2\/pages\/133\/revisions"}],"wp:attachment":[{"href":"https:\/\/indigo4ua.com\/de\/wp-json\/wp\/v2\/media?parent=133"}],"curies":[{"name":"wp","href":"https:\/\/api.w.org\/{rel}","templated":true}]}}