{"id":14,"date":"2025-02-01T14:05:26","date_gmt":"2025-02-01T13:05:26","guid":{"rendered":"https:\/\/indigo4ua.com\/index.php\/about-us\/"},"modified":"2025-05-16T06:39:40","modified_gmt":"2025-05-16T04:39:40","slug":"uber-mich","status":"publish","type":"page","link":"https:\/\/indigo4ua.com\/de\/over-mij\/","title":{"rendered":"\u00dcber mich"},"content":{"rendered":"<p class=\"translation-block\">Ich bin Petra Blankwaard aus Den Haag in den Niederlanden. In meinem t\u00e4glichen Leben arbeite ich in der IKT-Branche: Ich besitze <a href=\"https:\/\/www.indigowebstudio.nl\" target=\"_blank\" rel=\"noreferrer noopener\">Indigo Webstudio<\/a> und <a href=\"https:\/\/www.justhost.nl\" target=\"_blank\" rel=\"noreferrer noopener\">Just Host<\/a>, und ich arbeite ehrenamtlich bei <a href=\"https:\/\/reddingshonden.nl\/\" target=\"_blank\" rel=\"noreferrer noopener\">Red Rescue Dogs RHWW<\/a>, einer Organisation, die sich der Suche nach vermissten Personen mit Rettungshunden widmet.<\/p>\n\n\n\n<p>Ich bin in Leiden aufgewachsen und wohne schon seit einiger Zeit in Den Haag. In meiner Freizeit fahre ich gerne Motorrad und tauche, allerdings am liebsten im Ausland an sonnigen Orten.<\/p>\n\n\n\n<h2 class=\"wp-block-heading\">Invasion Russland<\/h2>\n\n\n\n<p>Als Russland seine gro\u00dfe Invasion in der Ukraine startete, war ich schockiert. Seit dem Absturz von MH17 im Juli 2014 wusste ich, wo die Ukraine lag, aber diesen Krieg hatte ich nicht kommen sehen. Mit Entsetzen sah ich die Bilder der russischen Invasion im Fernsehen und in den sozialen Medien. Je mehr Zeit verging, desto mehr Informationen erhielt ich \u00fcber die Hintergr\u00fcnde dieses Krieges. Und jetzt, nach drei Jahren, werden immer noch Teile des Puzzles der Rolle Russlands auf der Weltb\u00fchne und der geopolitischen Beziehungen zusammengesetzt.<\/p>\n\n\n\n<h2 class=\"wp-block-heading\">Russisches Gas<\/h2>\n\n\n\n<p>Wenn ich jetzt auf diese Situation zur\u00fcckblicke und mit dem, was ich jetzt wei\u00df, sch\u00e4me ich mich als Laie f\u00fcr die Rolle, die der Westen, einschlie\u00dflich der Niederlande, gespielt hat. Damit meine ich die Abh\u00e4ngigkeit von Russland: Der Kauf von billigem russischen Gas war wichtiger als moralische Werte. Diese Scham beeinflusst teilweise meinen Drang, der Ukraine zu helfen, sich gegen diesen verbrecherischen Krieg zu wehren. Der Hauptgrund f\u00fcr mein Engagement in der Ukraine ist Mitgef\u00fchl und das Unrecht, das den Ukrainern angetan wurde.<\/p>\n\n\n\n<h2 class=\"wp-block-heading\">Zwei Leben<\/h2>\n\n\n\n<p>Meiner Meinung nach f\u00fchre ich jetzt zwei Leben: mein traditionelles Leben mit Arbeit und Familie und ein Leben als Unterst\u00fctzer der Ukraine. Morgens, mit dem ersten Kaffee, lese ich alle Nachrichten seit dem Ende des Vortages. Ich gehe zur Arbeit, und wenn ich am sp\u00e4ten Nachmittag nach Hause komme, ist der Abend der Ukraine gewidmet: Ich lese die Nachrichten von dem Moment an, an dem ich zur Arbeit gegangen bin, und kommuniziere anschlie\u00dfend mit Freiwilligen und Unterst\u00fctzern in den sozialen Medien.<\/p>\n\n\n\n<p>Ich werde die Ukraine weiterhin unterst\u00fctzen, solange sie Unterst\u00fctzung braucht, ganz gleich, wie dieser Krieg endet. Und eines Tages hoffe ich, die Ukraine zu besuchen und alle Ukrainer zu treffen, mit denen ich guten Kontakt hatte, sowie die Regionen Odessa, Cherson und Kiew.<\/p>","protected":false},"excerpt":{"rendered":"<p>Ik ben Petra Blankwaard uit Den Haag, Nederland. In mijn dagelijkse leven werk ik in de ICT: ik ben eigenaar van Indigo Webstudio en Just Host, en ik ben ook vrijwilliger bij Reddingshonden RHWW, een organisatie die zich bezighoudt met het zoeken naar vermiste personen met reddingshonden. Ik groeide op in Leiden en woon inmiddels [&hellip;]<\/p>\n","protected":false},"author":1,"featured_media":0,"parent":0,"menu_order":0,"comment_status":"closed","ping_status":"closed","template":"","meta":{"_seopress_robots_primary_cat":"","_seopress_titles_title":"","_seopress_titles_desc":"","_seopress_robots_index":"","_genesis_hide_title":false,"_genesis_hide_breadcrumbs":false,"_genesis_hide_singular_image":false,"_genesis_hide_footer_widgets":false,"_genesis_custom_body_class":"","_genesis_custom_post_class":"","_genesis_layout":"","footnotes":""},"class_list":{"0":"post-14","1":"page","2":"type-page","3":"status-publish","5":"entry"},"featured_image_src":null,"featured_image_src_square":null,"_links":{"self":[{"href":"https:\/\/indigo4ua.com\/de\/wp-json\/wp\/v2\/pages\/14","targetHints":{"allow":["GET"]}}],"collection":[{"href":"https:\/\/indigo4ua.com\/de\/wp-json\/wp\/v2\/pages"}],"about":[{"href":"https:\/\/indigo4ua.com\/de\/wp-json\/wp\/v2\/types\/page"}],"author":[{"embeddable":true,"href":"https:\/\/indigo4ua.com\/de\/wp-json\/wp\/v2\/users\/1"}],"replies":[{"embeddable":true,"href":"https:\/\/indigo4ua.com\/de\/wp-json\/wp\/v2\/comments?post=14"}],"version-history":[{"count":0,"href":"https:\/\/indigo4ua.com\/de\/wp-json\/wp\/v2\/pages\/14\/revisions"}],"wp:attachment":[{"href":"https:\/\/indigo4ua.com\/de\/wp-json\/wp\/v2\/media?parent=14"}],"curies":[{"name":"wp","href":"https:\/\/api.w.org\/{rel}","templated":true}]}}