{"id":1491,"date":"2026-01-24T22:09:41","date_gmt":"2026-01-24T21:09:41","guid":{"rendered":"https:\/\/indigo4ua.com\/?page_id=1491"},"modified":"2026-05-04T12:56:53","modified_gmt":"2026-05-04T10:56:53","slug":"hervorgehobene-tweets","status":"publish","type":"page","link":"https:\/\/indigo4ua.com\/de\/uitgelicht-tweets\/","title":{"rendered":"Ausgew\u00e4hlt - Tweets"},"content":{"rendered":"<p><\/p>\n\n\n\n<p>Auf dieser Seite finden Sie Tweets, die es wert sind, f\u00fcr mich gespeichert zu werden.<\/p>\n\n\n\n<h2 class=\"wp-block-heading\">Tweets<\/h2>\n\n\n\n<div class=\"wp-block-columns is-layout-flex wp-container-core-columns-is-layout-28f84493 wp-block-columns-is-layout-flex\">\n<div class=\"wp-block-column is-layout-flow wp-block-column-is-layout-flow\">\n<figure class=\"wp-block-embed is-type-rich is-provider-twitter wp-block-embed-twitter\"><div class=\"wp-block-embed__wrapper\">\n<blockquote class=\"twitter-tweet\" data-width=\"500\" data-dnt=\"true\"><p lang=\"en\" dir=\"ltr\">Leute.<br>Du hast es geschafft, du hast geholfen, genug Geld zu sammeln, um Dmitro die dringend ben\u00f6tigten Lastwagen zu beschaffen.<br>Danke euch allen.<br>Jeder Kerl, der gespendet hat<br>Jeder Kerl, der retweetet hat<br>Jeder Kerl, der aufgemotzt hat<br>Wir lieben euch alle.<br>Hier ist Teil 3 unseres Mini-Films.<br>Bitte folgen Sie dem Faden\u2026 <a href=\"https:\/\/t.co\/VxVsReXvN0\">Bild.Twitter.com\/VxVsReXvN0<\/a><\/p>\u2014 Fledermauskerl (@Batfella_Rises) <a href=\"https:\/\/twitter.com\/Batfella_Rises\/status\/2051230014570430938?ref_src=twsrc%5Etfw\">4. Mai 2026<\/a><\/blockquote><script async src=\"https:\/\/platform.twitter.com\/widgets.js\" charset=\"utf-8\"><\/script>\n<\/div><\/figure>\n\n\n\n<figure class=\"wp-block-embed is-type-rich is-provider-twitter wp-block-embed-twitter\"><div class=\"wp-block-embed__wrapper\">\n<blockquote class=\"twitter-tweet\" data-width=\"500\" data-dnt=\"true\"><p lang=\"qme\" dir=\"ltr\"> <a href=\"https:\/\/t.co\/WibxElUowV\">pic.twitter.com\/WibxElUowV<\/a><\/p>- ZiggyFella \ud83c\udf0d\ud83d\udc99\ud83d\udc9b\ud83d\udc9a\ud83d\udc9c\ud83d\udc27\ud83e\uddab\ud83d\udc08\u200d\u2b1b\ud83e\udda9\ud83d\udc38 (@Ziggys_Men) <a href=\"https:\/\/twitter.com\/Ziggys_Men\/status\/2019882336926724333?ref_src=twsrc%5Etfw\">6. Februar 2026<\/a><\/blockquote><script async src=\"https:\/\/platform.twitter.com\/widgets.js\" charset=\"utf-8\"><\/script>\n<\/div><\/figure>\n\n\n\n<figure class=\"wp-block-embed is-type-rich is-provider-twitter wp-block-embed-twitter\"><div class=\"wp-block-embed__wrapper\">\n<blockquote class=\"twitter-tweet\" data-width=\"500\" data-dnt=\"true\"><p lang=\"en\" dir=\"ltr\">Leute, tretet dem Interventionskommando f\u00fcr Nobody bei. Sie brauchen Ausr\u00fcstung f\u00fcr assymetrische Kriegsf\u00fchrung, um dem Feind die Ressourcen zu entziehen. Lasst uns das tun. Sie geben uns eine Menge toller Preise und es gibt viele Matching Tickets. Siehe meinen Thread unten f\u00fcr weitere Infos. <a href=\"https:\/\/t.co\/bUcDt27TCA\">https:\/\/t.co\/bUcDt27TCA<\/a> <a href=\"https:\/\/t.co\/9PhEkkbzTs\">pic.twitter.com\/9PhEkkbzTs<\/a><\/p>- Inlandsdrohnenarbeiten (@20gimsack) <a href=\"https:\/\/twitter.com\/20gimsack\/status\/2017612434609955096?ref_src=twsrc%5Etfw\">31. Januar 2026<\/a><\/blockquote><script async src=\"https:\/\/platform.twitter.com\/widgets.js\" charset=\"utf-8\"><\/script>\n<\/div><\/figure>\n\n\n\n<figure class=\"wp-block-embed is-type-rich is-provider-twitter wp-block-embed-twitter\"><div class=\"wp-block-embed__wrapper\">\n<blockquote class=\"twitter-tweet\" data-width=\"500\" data-dnt=\"true\"><p lang=\"en\" dir=\"ltr\">Alles Gute zum Geburtstag, <a href=\"https:\/\/twitter.com\/indigonl?ref_src=twsrc%5Etfw\">@indigonl<\/a>!<br><br>Von den ersten Tagen an haben Sie der Ukraine in jeder erdenklichen Weise zur Seite gestanden, mit Ihrer Stimme, Ihrer Kraft, Ihrem Mitgef\u00fchl, Ihrer Gro\u00dfz\u00fcgigkeit und Ihrem unersch\u00fctterlichen Herzen.<br>Ihre Unterst\u00fctzung, Ihre Spenden und die humanit\u00e4re Hilfe, die Sie geschickt haben, haben die...<\/p>- Alex Bond (@AlexBondODUA) <a href=\"https:\/\/twitter.com\/AlexBondODUA\/status\/1996623773215179055?ref_src=twsrc%5Etfw\">Dezember 4, 2025<\/a><\/blockquote><script async src=\"https:\/\/platform.twitter.com\/widgets.js\" charset=\"utf-8\"><\/script>\n<\/div><\/figure>\n\n\n\n<figure class=\"wp-block-embed is-type-rich is-provider-twitter wp-block-embed-twitter\"><div class=\"wp-block-embed__wrapper\">\n<blockquote class=\"twitter-tweet\" data-width=\"500\" data-dnt=\"true\"><p lang=\"en\" dir=\"ltr\">Neben der Finanzierung von 2,5 Luftverteidigungseinheiten, <a href=\"https:\/\/twitter.com\/hashtag\/DarkNight?src=hash&amp;ref_src=twsrc%5Etfw\">#DarkNight<\/a> hat die Freunde der Ukraine auf der ganzen Welt zusammengef\u00fchrt.<br><br>Einige von ihnen wurden zu unseren Nachtw\u00e4chtern, wie<br>Petra Blankwaard <a href=\"https:\/\/twitter.com\/indigonl?ref_src=twsrc%5Etfw\">@indigonl<\/a>der die <a href=\"https:\/\/twitter.com\/toonie_tuesday?ref_src=twsrc%5Etfw\">@toonie_tuesday<\/a> Steigerung.<br><br>Danke, dass Sie mitmachen\ud83d\udc99\ud83d\udc9b<a href=\"https:\/\/t.co\/ktkUzxV8Yd\">https:\/\/t.co\/ktkUzxV8Yd<\/a> <a href=\"https:\/\/t.co\/Zkkcguh1UE\">pic.twitter.com\/Zkkcguh1UE<\/a><\/p>- UNITED24 (@U24_gov_ua) <a href=\"https:\/\/twitter.com\/U24_gov_ua\/status\/1960011345631539543?ref_src=twsrc%5Etfw\">August 25, 2025<\/a><\/blockquote><script async src=\"https:\/\/platform.twitter.com\/widgets.js\" charset=\"utf-8\"><\/script>\n<\/div><\/figure>\n\n\n\n<figure class=\"wp-block-embed is-type-rich is-provider-twitter wp-block-embed-twitter\"><div class=\"wp-block-embed__wrapper\">\n<blockquote class=\"twitter-tweet\" data-width=\"500\" data-dnt=\"true\"><p lang=\"en\" dir=\"ltr\">Petra, vielen Dank f\u00fcr deine Unterst\u00fctzung! Ehrlich gesagt, wenn ich diesen Krieg \u00fcberlebe, m\u00f6chte ich Ihnen pers\u00f6nlich die Hand sch\u00fctteln und Ihnen danken.<a href=\"https:\/\/twitter.com\/indigonl?ref_src=twsrc%5Etfw\">@indigonl<\/a> <a href=\"https:\/\/t.co\/aGUCfIwisi\">https:\/\/t.co\/aGUCfIwisi<\/a><\/p>- \u0414\u043c\u0438\u0442\u0440\u043e (@Dmitro622248) <a href=\"https:\/\/twitter.com\/Dmitro622248\/status\/1908217305235894703?ref_src=twsrc%5Etfw\">April 4, 2025<\/a><\/blockquote><script async src=\"https:\/\/platform.twitter.com\/widgets.js\" charset=\"utf-8\"><\/script>\n<\/div><\/figure>\n\n\n\n<figure class=\"wp-block-embed is-type-rich is-provider-twitter wp-block-embed-twitter\"><div class=\"wp-block-embed__wrapper\">\n<blockquote class=\"twitter-tweet\" data-width=\"500\" data-dnt=\"true\"><p lang=\"en\" dir=\"ltr\">Manchmal schicke ich Post an andere Jungs. Und jetzt habe ich meine eigenen Briefmarken f\u00fcr Jungs! \ud83e\udd70 <a href=\"https:\/\/t.co\/aMtM8GNZqY\">pic.twitter.com\/aMtM8GNZqY<\/a><\/p>- Petra Blankwaard (@indigonl) <a href=\"https:\/\/twitter.com\/indigonl\/status\/1899489443251147081?ref_src=twsrc%5Etfw\">M\u00e4rz 11, 2025<\/a><\/blockquote><script async src=\"https:\/\/platform.twitter.com\/widgets.js\" charset=\"utf-8\"><\/script>\n<\/div><\/figure>\n\n\n\n<figure class=\"wp-block-embed is-type-rich is-provider-twitter wp-block-embed-twitter\"><div class=\"wp-block-embed__wrapper\">\n<blockquote class=\"twitter-tweet\" data-width=\"500\" data-dnt=\"true\"><p lang=\"en\" dir=\"ltr\">Das habe ich gestern zum Geburtstag von meiner Mutter bekommen. Hergestellt in der Ukraine \ud83d\udc99\ud83d\udc9b\u2764\ufe0f <a href=\"https:\/\/t.co\/HqsLIR7Hhl\">pic.twitter.com\/HqsLIR7Hhl<\/a><\/p>- Petra Blankwaard (@indigonl) <a href=\"https:\/\/twitter.com\/indigonl\/status\/1864557980760375784?ref_src=twsrc%5Etfw\">5. Dezember 2024<\/a><\/blockquote><script async src=\"https:\/\/platform.twitter.com\/widgets.js\" charset=\"utf-8\"><\/script>\n<\/div><\/figure>\n<\/div>\n\n\n\n<div class=\"wp-block-column is-layout-flow wp-block-column-is-layout-flow\">\n<figure class=\"wp-block-embed is-type-rich is-provider-twitter wp-block-embed-twitter\"><div class=\"wp-block-embed__wrapper\">\n<blockquote class=\"twitter-tweet\" data-width=\"500\" data-dnt=\"true\"><p lang=\"en\" dir=\"ltr\">Meine Botschaft f\u00fcr \ud83c\uddf7\ud83c\uddfa, \u00fcberbracht von NOBODY \ud83e\udef6\ud83c\udffc<br><br>\u2018Aus Den Haag\u2019 \ud83c\uddf3\ud83c\uddf1 <a href=\"https:\/\/t.co\/9rm4mmKKia\">https:\/\/t.co\/9rm4mmKKia<\/a> <a href=\"https:\/\/t.co\/dbhKwdJAhq\">pic.twitter.com\/dbhKwdJAhq<\/a><\/p>- Petra Blankwaard (@indigonl) <a href=\"https:\/\/twitter.com\/indigonl\/status\/2018372269395816526?ref_src=twsrc%5Etfw\">2. Februar 2026<\/a><\/blockquote><script async src=\"https:\/\/platform.twitter.com\/widgets.js\" charset=\"utf-8\"><\/script>\n<\/div><\/figure>\n\n\n\n<figure class=\"wp-block-embed is-type-rich is-provider-twitter wp-block-embed-twitter\"><div class=\"wp-block-embed__wrapper\">\n<blockquote class=\"twitter-tweet\" data-width=\"500\" data-dnt=\"true\"><p lang=\"en\" dir=\"ltr\">\ud83c\uddfa\ud83c\udde6\u2764\ufe0f\ud83e\udd80\ud83e\udd80\ud83e\udd80\ud83e\udd80\ud83e\udd80\ud83e\udd80\ud83e\udd80\ud83e\udd80\ud83e\udd80\ud83c\uddfa\ud83c\udde6\u2764\ufe0f<br><br>B<br><br>O<br><br>O<br><br>S<br><br>T<br><br>\ud83c\uddfa\ud83c\udde6\u2764\ufe0f\ud83e\udd80\ud83e\udd80\ud83e\udd80\ud83e\udd80\ud83e\udd80\ud83e\udd80\ud83e\udd80\ud83e\udd80\ud83e\udd80\ud83c\uddfa\ud83c\udde6\u2764\ufe0f <a href=\"https:\/\/t.co\/clNEfMWdt5\">https:\/\/t.co\/clNEfMWdt5<\/a> <a href=\"https:\/\/t.co\/lMxvCXtz8m\">pic.twitter.com\/lMxvCXtz8m<\/a><\/p>- Suzy\ud83c\uddfa\ud83c\udde6\u2764\ufe0f\u200d\ud83d\udd25 (@Suzyistdaheim) <a href=\"https:\/\/twitter.com\/Suzyistdaheim\/status\/2002767087526375488?ref_src=twsrc%5Etfw\">Dezember 21, 2025<\/a><\/blockquote><script async src=\"https:\/\/platform.twitter.com\/widgets.js\" charset=\"utf-8\"><\/script>\n<\/div><\/figure>\n\n\n\n<figure class=\"wp-block-embed is-type-rich is-provider-twitter wp-block-embed-twitter\"><div class=\"wp-block-embed__wrapper\">\n<blockquote class=\"twitter-tweet\" data-width=\"500\" data-dnt=\"true\"><p lang=\"en\" dir=\"ltr\">Ich habe gerade unseren verwundeten Bruder Oleksandr (Rufzeichen \u201cTsigan\u201d) im Krankenhaus besucht und ihm einen ganzen Stapel Genesungspostkarten von euch Legenden in NAFO \u2764\ufe0f \u00fcberreicht.<br>Er war v\u00f6llig aus dem H\u00e4uschen, dass Menschen aus der ganzen Welt ihn anfeuern. Ich musste ihm sogar erkl\u00e4ren, was... <a href=\"https:\/\/t.co\/l8LFGxt3pi\">pic.twitter.com\/l8LFGxt3pi<\/a><\/p>- Serhii Antonov (@13serhi) <a href=\"https:\/\/twitter.com\/13serhi\/status\/1991220035298185330?ref_src=twsrc%5Etfw\">November 19, 2025<\/a><\/blockquote><script async src=\"https:\/\/platform.twitter.com\/widgets.js\" charset=\"utf-8\"><\/script>\n<\/div><\/figure>\n\n\n\n<figure class=\"wp-block-embed is-type-rich is-provider-twitter wp-block-embed-twitter\"><div class=\"wp-block-embed__wrapper\">\n<blockquote class=\"twitter-tweet\" data-width=\"500\" data-dnt=\"true\"><p lang=\"en\" dir=\"ltr\">Neugierig: Was tragen Sie immer bei sich als Zeichen der Unterst\u00fctzung f\u00fcr \ud83c\uddfa\ud83c\udde6? <a href=\"https:\/\/t.co\/G1g142RtyO\">pic.twitter.com\/G1g142RtyO<\/a><\/p>- Petra Blankwaard (@indigonl) <a href=\"https:\/\/twitter.com\/indigonl\/status\/1958780856752799830?ref_src=twsrc%5Etfw\">22. August 2025<\/a><\/blockquote><script async src=\"https:\/\/platform.twitter.com\/widgets.js\" charset=\"utf-8\"><\/script>\n<\/div><\/figure>\n\n\n\n<figure class=\"wp-block-embed is-type-rich is-provider-twitter wp-block-embed-twitter\"><div class=\"wp-block-embed__wrapper\">\n<blockquote class=\"twitter-tweet\" data-width=\"500\" data-dnt=\"true\"><p lang=\"en\" dir=\"ltr\">Hier ist ein Dankesch\u00f6n f\u00fcr alle NAFO-Mitglieder \ud83e\udef6\ud83c\udffc<br><br>Ich bin jeden Tag in den sozialen Medien aktiv, um meine Unterst\u00fctzung f\u00fcr die Ukraine zu zeigen. Und mir ist klar, dass ich als Einzelperson nichts bewirken kann. Aber ich sehe so viele Leute aus der ganzen Welt, die das Gleiche tun.  <br>Das inspiriert mich, und...<\/p>- Petra Blankwaard (@indigonl) <a href=\"https:\/\/twitter.com\/indigonl\/status\/1903703816249184326?ref_src=twsrc%5Etfw\">M\u00e4rz 23, 2025<\/a><\/blockquote><script async src=\"https:\/\/platform.twitter.com\/widgets.js\" charset=\"utf-8\"><\/script>\n<\/div><\/figure>\n\n\n\n<figure class=\"wp-block-embed is-type-rich is-provider-twitter wp-block-embed-twitter\"><div class=\"wp-block-embed__wrapper\">\n<blockquote class=\"twitter-tweet\" data-width=\"500\" data-dnt=\"true\"><p lang=\"en\" dir=\"ltr\">Kundgebung zur Unterst\u00fctzung der Ukraine in Amsterdam \ud83c\uddf3\ud83c\uddf1<br>\ud83d\udcf8 Dam-Platz<a href=\"https:\/\/twitter.com\/hashtag\/FreeAzovstalDefenders?src=hash&amp;ref_src=twsrc%5Etfw\">#FreeAzovstalDefenders<\/a> \ud83d\udc99\ud83d\udc9b <a href=\"https:\/\/t.co\/YjVpog7fVb\">pic.twitter.com\/YjVpog7fVb<\/a><\/p>- Petra Blankwaard (@indigonl) <a href=\"https:\/\/twitter.com\/indigonl\/status\/1893664013189304444?ref_src=twsrc%5Etfw\">Februar 23, 2025<\/a><\/blockquote><script async src=\"https:\/\/platform.twitter.com\/widgets.js\" charset=\"utf-8\"><\/script>\n<\/div><\/figure>\n\n\n\n<figure class=\"wp-block-embed is-type-rich is-provider-twitter wp-block-embed-twitter\"><div class=\"wp-block-embed__wrapper\">\n<blockquote class=\"twitter-tweet\" data-width=\"500\" data-dnt=\"true\"><p lang=\"nl\" dir=\"ltr\">1000 Tage<br><br>1000 Tage lang alle \ud83c\uddfa\ud83c\udde6 Nachrichten lesen, bevor ich zur Arbeit gehe<br><br>1000 Tage, nachdem ich von der Arbeit nach Hause gekommen bin, 10 Stunden lang zur\u00fcckscrollen, um die Nachrichten von \ud83c\uddfa\ud83c\udde6 dort zu lesen, wo ich am Morgen aufgeh\u00f6rt habe<br><br>1000 Tage mit einer Art gespaltenem Leben: mein eigenes (Arbeits-)Leben und alles andere...<\/p>- Petra Blankwaard (@indigonl) <a href=\"https:\/\/twitter.com\/indigonl\/status\/1858961393644433558?ref_src=twsrc%5Etfw\">19. November 2024<\/a><\/blockquote><script async src=\"https:\/\/platform.twitter.com\/widgets.js\" charset=\"utf-8\"><\/script>\n<\/div><\/figure>\n\n\n\n<figure class=\"wp-block-embed is-type-rich is-provider-twitter wp-block-embed-twitter\"><div class=\"wp-block-embed__wrapper\">\n<blockquote class=\"twitter-tweet\" data-width=\"500\" data-dnt=\"true\"><p lang=\"en\" dir=\"ltr\">\u00dcberraschungsbesuch \ud83d\ude0d.<br><br>Dankbarkeit f\u00fcr meine Unterst\u00fctzung f\u00fcr Cherson und die Ukraine \ud83e\udd79\u2764\ufe0f <a href=\"https:\/\/t.co\/OUhvZhs9b6\">pic.twitter.com\/OUhvZhs9b6<\/a><\/p>- Petra Blankwaard (@indigonl) <a href=\"https:\/\/twitter.com\/indigonl\/status\/1853803750156124170?ref_src=twsrc%5Etfw\">5. November 2024<\/a><\/blockquote><script async src=\"https:\/\/platform.twitter.com\/widgets.js\" charset=\"utf-8\"><\/script>\n<\/div><\/figure>\n<\/div>\n<\/div>\n\n\n\n<p><\/p>","protected":false},"excerpt":{"rendered":"<p>Op deze pagina vind je tweets die voor mij de moeite waard zijn om te bewaren. Tweets<\/p>","protected":false},"author":1,"featured_media":1028,"parent":0,"menu_order":0,"comment_status":"closed","ping_status":"closed","template":"","meta":{"_seopress_robots_primary_cat":"","_seopress_titles_title":"","_seopress_titles_desc":"","_seopress_robots_index":"","_genesis_hide_title":false,"_genesis_hide_breadcrumbs":false,"_genesis_hide_singular_image":false,"_genesis_hide_footer_widgets":false,"_genesis_custom_body_class":"","_genesis_custom_post_class":"","_genesis_layout":"","footnotes":""},"class_list":{"0":"post-1491","1":"page","2":"type-page","3":"status-publish","4":"has-post-thumbnail","6":"entry"},"featured_image_src":"https:\/\/indigo4ua.com\/wp-content\/uploads\/2025\/09\/192nd-600x400.jpg","featured_image_src_square":"https:\/\/indigo4ua.com\/wp-content\/uploads\/2025\/09\/192nd-600x600.jpg","_links":{"self":[{"href":"https:\/\/indigo4ua.com\/de\/wp-json\/wp\/v2\/pages\/1491","targetHints":{"allow":["GET"]}}],"collection":[{"href":"https:\/\/indigo4ua.com\/de\/wp-json\/wp\/v2\/pages"}],"about":[{"href":"https:\/\/indigo4ua.com\/de\/wp-json\/wp\/v2\/types\/page"}],"author":[{"embeddable":true,"href":"https:\/\/indigo4ua.com\/de\/wp-json\/wp\/v2\/users\/1"}],"replies":[{"embeddable":true,"href":"https:\/\/indigo4ua.com\/de\/wp-json\/wp\/v2\/comments?post=1491"}],"version-history":[{"count":2,"href":"https:\/\/indigo4ua.com\/de\/wp-json\/wp\/v2\/pages\/1491\/revisions"}],"predecessor-version":[{"id":1830,"href":"https:\/\/indigo4ua.com\/de\/wp-json\/wp\/v2\/pages\/1491\/revisions\/1830"}],"wp:featuredmedia":[{"embeddable":true,"href":"https:\/\/indigo4ua.com\/de\/wp-json\/wp\/v2\/media\/1028"}],"wp:attachment":[{"href":"https:\/\/indigo4ua.com\/de\/wp-json\/wp\/v2\/media?parent=1491"}],"curies":[{"name":"wp","href":"https:\/\/api.w.org\/{rel}","templated":true}]}}