{"id":1574,"date":"2026-02-08T13:51:59","date_gmt":"2026-02-08T12:51:59","guid":{"rendered":"https:\/\/indigo4ua.com\/?page_id=1574"},"modified":"2026-04-11T14:42:43","modified_gmt":"2026-04-11T12:42:43","slug":"sendungen-2026","status":"publish","type":"page","link":"https:\/\/indigo4ua.com\/de\/prive-support\/zendingen-2026\/","title":{"rendered":"Verschiffungen 2026"},"content":{"rendered":"<p><\/p>\n\n\n\n<h2 class=\"wp-block-heading\">Februar 2026<\/h2>\n\n\n\n<p>Schlafs\u00e4cke, Kat.7-Tourniquets, Hand- und Fu\u00dfw\u00e4rmer, Sirupwaffeln und andere Leckereien.<\/p>\n\n\n\n<h3 class=\"wp-block-heading\">Gekauft f\u00fcr den Versand<\/h3>\n\n\n\n<div class=\"wp-block-columns is-layout-flex wp-container-core-columns-is-layout-28f84493 wp-block-columns-is-layout-flex\">\n<div class=\"wp-block-column is-layout-flow wp-block-column-is-layout-flow\">\n<figure class=\"wp-block-image size-large\"><img alt=\"\" loading=\"lazy\" decoding=\"async\" width=\"1024\" height=\"768\" src=\"https:\/\/indigo4ua.com\/wp-content\/uploads\/2026\/02\/winterpakket-februari-2026-1024x768.jpg\" class=\"wp-image-1642\" srcset=\"https:\/\/indigo4ua.com\/wp-content\/uploads\/2026\/02\/winterpakket-februari-2026-1024x768.jpg 1024w, https:\/\/indigo4ua.com\/wp-content\/uploads\/2026\/02\/winterpakket-februari-2026-300x225.jpg 300w, https:\/\/indigo4ua.com\/wp-content\/uploads\/2026\/02\/winterpakket-februari-2026-768x576.jpg 768w, https:\/\/indigo4ua.com\/wp-content\/uploads\/2026\/02\/winterpakket-februari-2026-1536x1152.jpg 1536w, https:\/\/indigo4ua.com\/wp-content\/uploads\/2026\/02\/winterpakket-februari-2026-16x12.jpg 16w, https:\/\/indigo4ua.com\/wp-content\/uploads\/2026\/02\/winterpakket-februari-2026-702x526.jpg 702w, https:\/\/indigo4ua.com\/wp-content\/uploads\/2026\/02\/winterpakket-februari-2026.jpg 2048w\" sizes=\"auto, (max-width: 1024px) 100vw, 1024px\" \/><\/figure>\n\n\n\n<figure class=\"wp-block-image size-large\"><img alt=\"\" loading=\"lazy\" decoding=\"async\" width=\"1024\" height=\"768\" src=\"https:\/\/indigo4ua.com\/wp-content\/uploads\/2026\/02\/zending-klaar-1024x768.jpg\" class=\"wp-image-1703\" srcset=\"https:\/\/indigo4ua.com\/wp-content\/uploads\/2026\/02\/zending-klaar-1024x768.jpg 1024w, https:\/\/indigo4ua.com\/wp-content\/uploads\/2026\/02\/zending-klaar-300x225.jpg 300w, https:\/\/indigo4ua.com\/wp-content\/uploads\/2026\/02\/zending-klaar-768x576.jpg 768w, https:\/\/indigo4ua.com\/wp-content\/uploads\/2026\/02\/zending-klaar-1536x1152.jpg 1536w, https:\/\/indigo4ua.com\/wp-content\/uploads\/2026\/02\/zending-klaar-16x12.jpg 16w, https:\/\/indigo4ua.com\/wp-content\/uploads\/2026\/02\/zending-klaar-702x526.jpg 702w, https:\/\/indigo4ua.com\/wp-content\/uploads\/2026\/02\/zending-klaar.jpg 2048w\" sizes=\"auto, (max-width: 1024px) 100vw, 1024px\" \/><\/figure>\n<\/div>\n\n\n\n<div class=\"wp-block-column is-layout-flow wp-block-column-is-layout-flow\">\n<figure class=\"wp-block-video\"><video height=\"1920\" style=\"aspect-ratio: 1080 \/ 1920;\" width=\"1080\" controls poster=\"https:\/\/indigo4ua.com\/wp-content\/uploads\/2026\/02\/20260219-volledige-zending-Kherson_thumb1.jpg\" src=\"https:\/\/indigo4ua.com\/wp-content\/uploads\/2026\/02\/20260219-volledige-zending-Kherson.mp4\"><\/video><\/figure>\n<\/div>\n<\/div>\n\n\n\n<h2 class=\"wp-block-heading\">Berichte f\u00fcr die Frontlinie<\/h2>\n\n\n\n<p>Auf Twitter wurden Beitr\u00e4ge von NAFO-Fellas gesammelt, die etwas zu den K\u00e4mpfern an der Front sagen wollten. Die beigef\u00fcgte PDF wurde zehnfach ausgedruckt und in einen Umschlag gesteckt. Irishka hat die Umschl\u00e4ge den Sendungen beigelegt, die an die Front gingen: in s\u00fcdlicher und \u00f6stlicher Richtung.<\/p>\n\n\n\n<p>Klicken Sie auf das Bild, um die PDF-Datei mit den Nachrichten zu \u00f6ffnen.<\/p>\n\n\n\n<figure class=\"wp-block-image size-large\"><a href=\"https:\/\/indigo4ua.com\/wp-content\/uploads\/2026\/04\/20260222-berichten-voor-Oekraine.pdf\"><img alt=\"\" loading=\"lazy\" decoding=\"async\" width=\"1024\" height=\"768\" src=\"https:\/\/indigo4ua.com\/wp-content\/uploads\/2026\/04\/envelope-1024x768.jpg\" class=\"wp-image-1777\" srcset=\"https:\/\/indigo4ua.com\/wp-content\/uploads\/2026\/04\/envelope-1024x768.jpg 1024w, https:\/\/indigo4ua.com\/wp-content\/uploads\/2026\/04\/envelope-300x225.jpg 300w, https:\/\/indigo4ua.com\/wp-content\/uploads\/2026\/04\/envelope-768x576.jpg 768w, https:\/\/indigo4ua.com\/wp-content\/uploads\/2026\/04\/envelope-1536x1152.jpg 1536w, https:\/\/indigo4ua.com\/wp-content\/uploads\/2026\/04\/envelope-2048x1536.jpg 2048w, https:\/\/indigo4ua.com\/wp-content\/uploads\/2026\/04\/envelope-16x12.jpg 16w, https:\/\/indigo4ua.com\/wp-content\/uploads\/2026\/04\/envelope-702x526.jpg 702w\" sizes=\"auto, (max-width: 1024px) 100vw, 1024px\" \/><\/a><\/figure>\n\n\n\n<p><\/p>\n\n\n\n<h2 class=\"wp-block-heading\">Empfangen an der Front<\/h2>\n\n\n\n<div class=\"wp-block-columns is-layout-flex wp-container-core-columns-is-layout-28f84493 wp-block-columns-is-layout-flex\">\n<div class=\"wp-block-column is-layout-flow wp-block-column-is-layout-flow\">\n<figure class=\"wp-block-image size-full\"><img alt=\"\" loading=\"lazy\" decoding=\"async\" width=\"718\" height=\"702\" src=\"https:\/\/indigo4ua.com\/wp-content\/uploads\/2026\/04\/delivery-report-kherson-2026028.jpg\" class=\"wp-image-1773\" srcset=\"https:\/\/indigo4ua.com\/wp-content\/uploads\/2026\/04\/delivery-report-kherson-2026028.jpg 718w, https:\/\/indigo4ua.com\/wp-content\/uploads\/2026\/04\/delivery-report-kherson-2026028-300x293.jpg 300w, https:\/\/indigo4ua.com\/wp-content\/uploads\/2026\/04\/delivery-report-kherson-2026028-12x12.jpg 12w\" sizes=\"auto, (max-width: 718px) 100vw, 718px\" \/><\/figure>\n\n\n\n<figure class=\"wp-block-image size-large\"><img alt=\"\" loading=\"lazy\" decoding=\"async\" width=\"1024\" height=\"605\" src=\"https:\/\/indigo4ua.com\/wp-content\/uploads\/2026\/04\/delivery-report-kherson-2026024-1024x605.jpg\" class=\"wp-image-1769\" srcset=\"https:\/\/indigo4ua.com\/wp-content\/uploads\/2026\/04\/delivery-report-kherson-2026024-1024x605.jpg 1024w, https:\/\/indigo4ua.com\/wp-content\/uploads\/2026\/04\/delivery-report-kherson-2026024-300x177.jpg 300w, https:\/\/indigo4ua.com\/wp-content\/uploads\/2026\/04\/delivery-report-kherson-2026024-768x454.jpg 768w, https:\/\/indigo4ua.com\/wp-content\/uploads\/2026\/04\/delivery-report-kherson-2026024-18x12.jpg 18w, https:\/\/indigo4ua.com\/wp-content\/uploads\/2026\/04\/delivery-report-kherson-2026024.jpg 1188w\" sizes=\"auto, (max-width: 1024px) 100vw, 1024px\" \/><\/figure>\n<\/div>\n\n\n\n<div class=\"wp-block-column is-layout-flow wp-block-column-is-layout-flow\">\n<figure class=\"wp-block-image size-large\"><img alt=\"\" loading=\"lazy\" decoding=\"async\" width=\"642\" height=\"1024\" src=\"https:\/\/indigo4ua.com\/wp-content\/uploads\/2026\/04\/delivery-report-kherson-2026029-e1775911231314-642x1024.jpg\" class=\"wp-image-1774\" srcset=\"https:\/\/indigo4ua.com\/wp-content\/uploads\/2026\/04\/delivery-report-kherson-2026029-e1775911231314-642x1024.jpg 642w, https:\/\/indigo4ua.com\/wp-content\/uploads\/2026\/04\/delivery-report-kherson-2026029-e1775911231314-188x300.jpg 188w, https:\/\/indigo4ua.com\/wp-content\/uploads\/2026\/04\/delivery-report-kherson-2026029-e1775911231314-8x12.jpg 8w, https:\/\/indigo4ua.com\/wp-content\/uploads\/2026\/04\/delivery-report-kherson-2026029-e1775911231314.jpg 700w\" sizes=\"auto, (max-width: 642px) 100vw, 642px\" \/><\/figure>\n<\/div>\n\n\n\n<div class=\"wp-block-column is-layout-flow wp-block-column-is-layout-flow\">\n<figure class=\"wp-block-image size-large\"><img alt=\"\" loading=\"lazy\" decoding=\"async\" width=\"771\" height=\"1024\" src=\"https:\/\/indigo4ua.com\/wp-content\/uploads\/2026\/04\/delivery-report-kherson-2026027-771x1024.jpg\" class=\"wp-image-1772\" srcset=\"https:\/\/indigo4ua.com\/wp-content\/uploads\/2026\/04\/delivery-report-kherson-2026027-771x1024.jpg 771w, https:\/\/indigo4ua.com\/wp-content\/uploads\/2026\/04\/delivery-report-kherson-2026027-226x300.jpg 226w, https:\/\/indigo4ua.com\/wp-content\/uploads\/2026\/04\/delivery-report-kherson-2026027-768x1020.jpg 768w, https:\/\/indigo4ua.com\/wp-content\/uploads\/2026\/04\/delivery-report-kherson-2026027-1157x1536.jpg 1157w, https:\/\/indigo4ua.com\/wp-content\/uploads\/2026\/04\/delivery-report-kherson-2026027-9x12.jpg 9w, https:\/\/indigo4ua.com\/wp-content\/uploads\/2026\/04\/delivery-report-kherson-2026027.jpg 1205w\" sizes=\"auto, (max-width: 771px) 100vw, 771px\" \/><\/figure>\n<\/div>\n<\/div>\n\n\n\n<div class=\"wp-block-columns is-layout-flex wp-container-core-columns-is-layout-28f84493 wp-block-columns-is-layout-flex\">\n<div class=\"wp-block-column is-layout-flow wp-block-column-is-layout-flow\">\n<figure class=\"wp-block-image size-large\"><img alt=\"\" loading=\"lazy\" decoding=\"async\" width=\"574\" height=\"1024\" src=\"https:\/\/indigo4ua.com\/wp-content\/uploads\/2026\/04\/delivery-report-kherson-2026026-574x1024.jpg\" class=\"wp-image-1771\" srcset=\"https:\/\/indigo4ua.com\/wp-content\/uploads\/2026\/04\/delivery-report-kherson-2026026-574x1024.jpg 574w, https:\/\/indigo4ua.com\/wp-content\/uploads\/2026\/04\/delivery-report-kherson-2026026-168x300.jpg 168w, https:\/\/indigo4ua.com\/wp-content\/uploads\/2026\/04\/delivery-report-kherson-2026026-768x1369.jpg 768w, https:\/\/indigo4ua.com\/wp-content\/uploads\/2026\/04\/delivery-report-kherson-2026026-861x1536.jpg 861w, https:\/\/indigo4ua.com\/wp-content\/uploads\/2026\/04\/delivery-report-kherson-2026026-7x12.jpg 7w, https:\/\/indigo4ua.com\/wp-content\/uploads\/2026\/04\/delivery-report-kherson-2026026.jpg 1148w\" sizes=\"auto, (max-width: 574px) 100vw, 574px\" \/><\/figure>\n<\/div>\n\n\n\n<div class=\"wp-block-column is-layout-flow wp-block-column-is-layout-flow\">\n<figure class=\"wp-block-image size-large\"><img alt=\"\" loading=\"lazy\" decoding=\"async\" width=\"574\" height=\"1024\" src=\"https:\/\/indigo4ua.com\/wp-content\/uploads\/2026\/04\/delivery-report-kherson-2026025-574x1024.jpg\" class=\"wp-image-1770\" srcset=\"https:\/\/indigo4ua.com\/wp-content\/uploads\/2026\/04\/delivery-report-kherson-2026025-574x1024.jpg 574w, https:\/\/indigo4ua.com\/wp-content\/uploads\/2026\/04\/delivery-report-kherson-2026025-168x300.jpg 168w, https:\/\/indigo4ua.com\/wp-content\/uploads\/2026\/04\/delivery-report-kherson-2026025-768x1369.jpg 768w, https:\/\/indigo4ua.com\/wp-content\/uploads\/2026\/04\/delivery-report-kherson-2026025-861x1536.jpg 861w, https:\/\/indigo4ua.com\/wp-content\/uploads\/2026\/04\/delivery-report-kherson-2026025-7x12.jpg 7w, https:\/\/indigo4ua.com\/wp-content\/uploads\/2026\/04\/delivery-report-kherson-2026025.jpg 1148w\" sizes=\"auto, (max-width: 574px) 100vw, 574px\" \/><\/figure>\n<\/div>\n<\/div>\n\n\n\n<h2 class=\"wp-block-heading\">Januar 2026<\/h2>\n\n\n\n<p>Schlafs\u00e4cke, Tourniquets der Kategorie 7, Sirupwaffeln und andere Leckereien.<\/p>\n\n\n\n<h3 class=\"wp-block-heading\">Gekauft f\u00fcr den Versand<\/h3>\n\n\n\n<figure class=\"wp-block-image size-large\"><img alt=\"\" loading=\"lazy\" decoding=\"async\" width=\"1024\" height=\"768\" src=\"https:\/\/indigo4ua.com\/wp-content\/uploads\/2026\/02\/20260117-totale-zending-1024x768.jpg\" class=\"wp-image-1575\" srcset=\"https:\/\/indigo4ua.com\/wp-content\/uploads\/2026\/02\/20260117-totale-zending-1024x768.jpg 1024w, https:\/\/indigo4ua.com\/wp-content\/uploads\/2026\/02\/20260117-totale-zending-300x225.jpg 300w, https:\/\/indigo4ua.com\/wp-content\/uploads\/2026\/02\/20260117-totale-zending-768x576.jpg 768w, https:\/\/indigo4ua.com\/wp-content\/uploads\/2026\/02\/20260117-totale-zending-1536x1152.jpg 1536w, https:\/\/indigo4ua.com\/wp-content\/uploads\/2026\/02\/20260117-totale-zending-16x12.jpg 16w, https:\/\/indigo4ua.com\/wp-content\/uploads\/2026\/02\/20260117-totale-zending-702x526.jpg 702w, https:\/\/indigo4ua.com\/wp-content\/uploads\/2026\/02\/20260117-totale-zending.jpg 2048w\" sizes=\"auto, (max-width: 1024px) 100vw, 1024px\" \/><\/figure>\n\n\n\n<h3 class=\"wp-block-heading\">Empfang in Cherson<\/h3>\n\n\n\n<figure class=\"wp-block-gallery has-nested-images columns-4 is-cropped wp-block-gallery-1 is-layout-flex wp-block-gallery-is-layout-flex\">\n<figure class=\"wp-block-image size-large\"><img alt=\"\" loading=\"lazy\" decoding=\"async\" width=\"768\" height=\"1024\" data-id=\"1580\" src=\"https:\/\/indigo4ua.com\/wp-content\/uploads\/2026\/02\/delivery-kherson-2-768x1024.jpg\" class=\"wp-image-1580\" srcset=\"https:\/\/indigo4ua.com\/wp-content\/uploads\/2026\/02\/delivery-kherson-2-768x1024.jpg 768w, https:\/\/indigo4ua.com\/wp-content\/uploads\/2026\/02\/delivery-kherson-2-225x300.jpg 225w, https:\/\/indigo4ua.com\/wp-content\/uploads\/2026\/02\/delivery-kherson-2-9x12.jpg 9w, https:\/\/indigo4ua.com\/wp-content\/uploads\/2026\/02\/delivery-kherson-2.jpg 1125w\" sizes=\"auto, (max-width: 768px) 100vw, 768px\" \/><\/figure>\n\n\n\n<figure class=\"wp-block-image size-large\"><img alt=\"\" loading=\"lazy\" decoding=\"async\" width=\"768\" height=\"1024\" data-id=\"1582\" src=\"https:\/\/indigo4ua.com\/wp-content\/uploads\/2026\/02\/delivery-kherson-3-768x1024.jpg\" class=\"wp-image-1582\" srcset=\"https:\/\/indigo4ua.com\/wp-content\/uploads\/2026\/02\/delivery-kherson-3-768x1024.jpg 768w, https:\/\/indigo4ua.com\/wp-content\/uploads\/2026\/02\/delivery-kherson-3-225x300.jpg 225w, https:\/\/indigo4ua.com\/wp-content\/uploads\/2026\/02\/delivery-kherson-3-1152x1536.jpg 1152w, https:\/\/indigo4ua.com\/wp-content\/uploads\/2026\/02\/delivery-kherson-3-9x12.jpg 9w, https:\/\/indigo4ua.com\/wp-content\/uploads\/2026\/02\/delivery-kherson-3.jpg 1350w\" sizes=\"auto, (max-width: 768px) 100vw, 768px\" \/><\/figure>\n\n\n\n<figure class=\"wp-block-image size-large\"><img alt=\"\" loading=\"lazy\" decoding=\"async\" width=\"768\" height=\"1024\" data-id=\"1579\" src=\"https:\/\/indigo4ua.com\/wp-content\/uploads\/2026\/02\/delivery-kherson-4-768x1024.jpg\" class=\"wp-image-1579\" srcset=\"https:\/\/indigo4ua.com\/wp-content\/uploads\/2026\/02\/delivery-kherson-4-768x1024.jpg 768w, https:\/\/indigo4ua.com\/wp-content\/uploads\/2026\/02\/delivery-kherson-4-225x300.jpg 225w, https:\/\/indigo4ua.com\/wp-content\/uploads\/2026\/02\/delivery-kherson-4-1152x1536.jpg 1152w, https:\/\/indigo4ua.com\/wp-content\/uploads\/2026\/02\/delivery-kherson-4-9x12.jpg 9w, https:\/\/indigo4ua.com\/wp-content\/uploads\/2026\/02\/delivery-kherson-4.jpg 1350w\" sizes=\"auto, (max-width: 768px) 100vw, 768px\" \/><\/figure>\n\n\n\n<figure class=\"wp-block-image size-large\"><img alt=\"\" loading=\"lazy\" decoding=\"async\" width=\"768\" height=\"1024\" data-id=\"1576\" src=\"https:\/\/indigo4ua.com\/wp-content\/uploads\/2026\/02\/delivery-kherson-5-768x1024.jpg\" class=\"wp-image-1576\" srcset=\"https:\/\/indigo4ua.com\/wp-content\/uploads\/2026\/02\/delivery-kherson-5-768x1024.jpg 768w, https:\/\/indigo4ua.com\/wp-content\/uploads\/2026\/02\/delivery-kherson-5-225x300.jpg 225w, https:\/\/indigo4ua.com\/wp-content\/uploads\/2026\/02\/delivery-kherson-5-9x12.jpg 9w, https:\/\/indigo4ua.com\/wp-content\/uploads\/2026\/02\/delivery-kherson-5.jpg 1125w\" sizes=\"auto, (max-width: 768px) 100vw, 768px\" \/><\/figure>\n\n\n\n<figure class=\"wp-block-image size-large\"><img alt=\"\" loading=\"lazy\" decoding=\"async\" width=\"768\" height=\"1024\" data-id=\"1577\" src=\"https:\/\/indigo4ua.com\/wp-content\/uploads\/2026\/02\/delivery-kherson-7-768x1024.jpg\" class=\"wp-image-1577\" srcset=\"https:\/\/indigo4ua.com\/wp-content\/uploads\/2026\/02\/delivery-kherson-7-768x1024.jpg 768w, https:\/\/indigo4ua.com\/wp-content\/uploads\/2026\/02\/delivery-kherson-7-225x300.jpg 225w, https:\/\/indigo4ua.com\/wp-content\/uploads\/2026\/02\/delivery-kherson-7-9x12.jpg 9w, https:\/\/indigo4ua.com\/wp-content\/uploads\/2026\/02\/delivery-kherson-7.jpg 1125w\" sizes=\"auto, (max-width: 768px) 100vw, 768px\" \/><\/figure>\n\n\n\n<figure class=\"wp-block-image size-large\"><img alt=\"\" loading=\"lazy\" decoding=\"async\" width=\"768\" height=\"1024\" data-id=\"1578\" src=\"https:\/\/indigo4ua.com\/wp-content\/uploads\/2026\/02\/delivery-kherson-6-768x1024.jpg\" class=\"wp-image-1578\" srcset=\"https:\/\/indigo4ua.com\/wp-content\/uploads\/2026\/02\/delivery-kherson-6-768x1024.jpg 768w, https:\/\/indigo4ua.com\/wp-content\/uploads\/2026\/02\/delivery-kherson-6-225x300.jpg 225w, https:\/\/indigo4ua.com\/wp-content\/uploads\/2026\/02\/delivery-kherson-6-9x12.jpg 9w, https:\/\/indigo4ua.com\/wp-content\/uploads\/2026\/02\/delivery-kherson-6.jpg 1125w\" sizes=\"auto, (max-width: 768px) 100vw, 768px\" \/><\/figure>\n\n\n\n<figure class=\"wp-block-image size-large\"><img alt=\"\" loading=\"lazy\" decoding=\"async\" width=\"1024\" height=\"768\" data-id=\"1581\" src=\"https:\/\/indigo4ua.com\/wp-content\/uploads\/2026\/02\/delivery-kherson-1-1024x768.jpg\" class=\"wp-image-1581\" srcset=\"https:\/\/indigo4ua.com\/wp-content\/uploads\/2026\/02\/delivery-kherson-1-1024x768.jpg 1024w, https:\/\/indigo4ua.com\/wp-content\/uploads\/2026\/02\/delivery-kherson-1-300x225.jpg 300w, https:\/\/indigo4ua.com\/wp-content\/uploads\/2026\/02\/delivery-kherson-1-768x576.jpg 768w, https:\/\/indigo4ua.com\/wp-content\/uploads\/2026\/02\/delivery-kherson-1-1536x1152.jpg 1536w, https:\/\/indigo4ua.com\/wp-content\/uploads\/2026\/02\/delivery-kherson-1-16x12.jpg 16w, https:\/\/indigo4ua.com\/wp-content\/uploads\/2026\/02\/delivery-kherson-1-702x526.jpg 702w, https:\/\/indigo4ua.com\/wp-content\/uploads\/2026\/02\/delivery-kherson-1.jpg 2048w\" sizes=\"auto, (max-width: 1024px) 100vw, 1024px\" \/><\/figure>\n<\/figure>\n\n\n\n<h3 class=\"wp-block-heading\">Empfangen an der Front<\/h3>\n\n\n\n<div class=\"wp-block-columns is-layout-flex wp-container-core-columns-is-layout-28f84493 wp-block-columns-is-layout-flex\">\n<div class=\"wp-block-column is-layout-flow wp-block-column-is-layout-flow\" style=\"flex-basis:33.33%\">\n<figure class=\"wp-block-video\"><video height=\"640\" style=\"aspect-ratio: 368 \/ 640;\" width=\"368\" controls poster=\"https:\/\/indigo4ua.com\/wp-content\/uploads\/2026\/02\/delivery-report-kherson-7_thumb1.jpg\" src=\"https:\/\/indigo4ua.com\/wp-content\/uploads\/2026\/02\/delivery-report-kherson-7.mp4\"><\/video><\/figure>\n\n\n\n<figure class=\"wp-block-image size-large\"><img alt=\"\" loading=\"lazy\" decoding=\"async\" width=\"768\" height=\"1024\" src=\"https:\/\/indigo4ua.com\/wp-content\/uploads\/2026\/02\/delivery-report-kherson-1-768x1024.jpg\" class=\"wp-image-1584\" srcset=\"https:\/\/indigo4ua.com\/wp-content\/uploads\/2026\/02\/delivery-report-kherson-1-768x1024.jpg 768w, https:\/\/indigo4ua.com\/wp-content\/uploads\/2026\/02\/delivery-report-kherson-1-225x300.jpg 225w, https:\/\/indigo4ua.com\/wp-content\/uploads\/2026\/02\/delivery-report-kherson-1-1152x1536.jpg 1152w, https:\/\/indigo4ua.com\/wp-content\/uploads\/2026\/02\/delivery-report-kherson-1-9x12.jpg 9w, https:\/\/indigo4ua.com\/wp-content\/uploads\/2026\/02\/delivery-report-kherson-1.jpg 1200w\" sizes=\"auto, (max-width: 768px) 100vw, 768px\" \/><\/figure>\n\n\n\n<figure class=\"wp-block-image size-large\"><img alt=\"\" loading=\"lazy\" decoding=\"async\" width=\"768\" height=\"1024\" src=\"https:\/\/indigo4ua.com\/wp-content\/uploads\/2026\/02\/delivery-report-kherson-4-768x1024.jpg\" class=\"wp-image-1631\" srcset=\"https:\/\/indigo4ua.com\/wp-content\/uploads\/2026\/02\/delivery-report-kherson-4-768x1024.jpg 768w, https:\/\/indigo4ua.com\/wp-content\/uploads\/2026\/02\/delivery-report-kherson-4-225x300.jpg 225w, https:\/\/indigo4ua.com\/wp-content\/uploads\/2026\/02\/delivery-report-kherson-4-9x12.jpg 9w, https:\/\/indigo4ua.com\/wp-content\/uploads\/2026\/02\/delivery-report-kherson-4.jpg 972w\" sizes=\"auto, (max-width: 768px) 100vw, 768px\" \/><\/figure>\n<\/div>\n\n\n\n<div class=\"wp-block-column is-layout-flow wp-block-column-is-layout-flow\" style=\"flex-basis:66.66%\">\n<figure class=\"wp-block-gallery has-nested-images columns-2 is-cropped wp-block-gallery-2 is-layout-flex wp-block-gallery-is-layout-flex\">\n<figure class=\"wp-block-image size-large\"><img alt=\"\" loading=\"lazy\" decoding=\"async\" width=\"768\" height=\"1024\" data-id=\"1583\" src=\"https:\/\/indigo4ua.com\/wp-content\/uploads\/2026\/02\/delivery-report-kherson-2-768x1024.jpg\" class=\"wp-image-1583\" srcset=\"https:\/\/indigo4ua.com\/wp-content\/uploads\/2026\/02\/delivery-report-kherson-2-768x1024.jpg 768w, https:\/\/indigo4ua.com\/wp-content\/uploads\/2026\/02\/delivery-report-kherson-2-225x300.jpg 225w, https:\/\/indigo4ua.com\/wp-content\/uploads\/2026\/02\/delivery-report-kherson-2-9x12.jpg 9w, https:\/\/indigo4ua.com\/wp-content\/uploads\/2026\/02\/delivery-report-kherson-2.jpg 960w\" sizes=\"auto, (max-width: 768px) 100vw, 768px\" \/><\/figure>\n\n\n\n<figure class=\"wp-block-image size-large\"><img alt=\"\" loading=\"lazy\" decoding=\"async\" width=\"771\" height=\"1024\" data-id=\"1585\" src=\"https:\/\/indigo4ua.com\/wp-content\/uploads\/2026\/02\/delivery-report-kherson-3-771x1024.jpg\" class=\"wp-image-1585\" srcset=\"https:\/\/indigo4ua.com\/wp-content\/uploads\/2026\/02\/delivery-report-kherson-3-771x1024.jpg 771w, https:\/\/indigo4ua.com\/wp-content\/uploads\/2026\/02\/delivery-report-kherson-3-226x300.jpg 226w, https:\/\/indigo4ua.com\/wp-content\/uploads\/2026\/02\/delivery-report-kherson-3-768x1021.jpg 768w, https:\/\/indigo4ua.com\/wp-content\/uploads\/2026\/02\/delivery-report-kherson-3-1156x1536.jpg 1156w, https:\/\/indigo4ua.com\/wp-content\/uploads\/2026\/02\/delivery-report-kherson-3-9x12.jpg 9w, https:\/\/indigo4ua.com\/wp-content\/uploads\/2026\/02\/delivery-report-kherson-3.jpg 1204w\" sizes=\"auto, (max-width: 771px) 100vw, 771px\" \/><\/figure>\n\n\n\n<figure class=\"wp-block-image size-large\"><img alt=\"\" loading=\"lazy\" decoding=\"async\" width=\"771\" height=\"1024\" data-id=\"1633\" src=\"https:\/\/indigo4ua.com\/wp-content\/uploads\/2026\/02\/delivery-report-kherson-5-771x1024.jpg\" class=\"wp-image-1633\" srcset=\"https:\/\/indigo4ua.com\/wp-content\/uploads\/2026\/02\/delivery-report-kherson-5-771x1024.jpg 771w, https:\/\/indigo4ua.com\/wp-content\/uploads\/2026\/02\/delivery-report-kherson-5-226x300.jpg 226w, https:\/\/indigo4ua.com\/wp-content\/uploads\/2026\/02\/delivery-report-kherson-5-768x1020.jpg 768w, https:\/\/indigo4ua.com\/wp-content\/uploads\/2026\/02\/delivery-report-kherson-5-1157x1536.jpg 1157w, https:\/\/indigo4ua.com\/wp-content\/uploads\/2026\/02\/delivery-report-kherson-5-9x12.jpg 9w, https:\/\/indigo4ua.com\/wp-content\/uploads\/2026\/02\/delivery-report-kherson-5.jpg 1205w\" sizes=\"auto, (max-width: 771px) 100vw, 771px\" \/><\/figure>\n\n\n\n<figure class=\"wp-block-image size-large\"><img alt=\"\" loading=\"lazy\" decoding=\"async\" width=\"771\" height=\"1024\" data-id=\"1632\" src=\"https:\/\/indigo4ua.com\/wp-content\/uploads\/2026\/02\/delivery-report-kherson-6-771x1024.jpg\" class=\"wp-image-1632\" srcset=\"https:\/\/indigo4ua.com\/wp-content\/uploads\/2026\/02\/delivery-report-kherson-6-771x1024.jpg 771w, https:\/\/indigo4ua.com\/wp-content\/uploads\/2026\/02\/delivery-report-kherson-6-226x300.jpg 226w, https:\/\/indigo4ua.com\/wp-content\/uploads\/2026\/02\/delivery-report-kherson-6-768x1020.jpg 768w, https:\/\/indigo4ua.com\/wp-content\/uploads\/2026\/02\/delivery-report-kherson-6-1157x1536.jpg 1157w, https:\/\/indigo4ua.com\/wp-content\/uploads\/2026\/02\/delivery-report-kherson-6-9x12.jpg 9w, https:\/\/indigo4ua.com\/wp-content\/uploads\/2026\/02\/delivery-report-kherson-6.jpg 1205w\" sizes=\"auto, (max-width: 771px) 100vw, 771px\" \/><\/figure>\n<\/figure>\n<\/div>\n<\/div>\n\n\n\n<figure class=\"wp-block-gallery has-nested-images columns-3 is-cropped wp-block-gallery-3 is-layout-flex wp-block-gallery-is-layout-flex\"><\/figure>\n\n\n\n<p><\/p>","protected":false},"excerpt":{"rendered":"<p>Februari 2026 Slaapzakken, Cat7 tourniquets, hand- en voetverwarmers, stroopwafels en andere lekkernijen. Ingekocht voor verzending Berichten voor de frontlinie Op Twitter zijn berichten verzameld van NAFO Fellas die iets wilden zeggen tegen de strijders aan het front. Bijgaande PDF is in 10-voud geprint, voorzien van een enveloppe. Irishka heeft de enveloppen bij de zendingen gevoegd [&hellip;]<\/p>\n","protected":false},"author":1,"featured_media":0,"parent":126,"menu_order":0,"comment_status":"closed","ping_status":"closed","template":"","meta":{"_seopress_robots_primary_cat":"","_seopress_titles_title":"","_seopress_titles_desc":"","_seopress_robots_index":"","_genesis_hide_title":false,"_genesis_hide_breadcrumbs":false,"_genesis_hide_singular_image":false,"_genesis_hide_footer_widgets":false,"_genesis_custom_body_class":"","_genesis_custom_post_class":"","_genesis_layout":"","footnotes":""},"class_list":{"0":"post-1574","1":"page","2":"type-page","3":"status-publish","5":"entry"},"featured_image_src":null,"featured_image_src_square":null,"_links":{"self":[{"href":"https:\/\/indigo4ua.com\/de\/wp-json\/wp\/v2\/pages\/1574","targetHints":{"allow":["GET"]}}],"collection":[{"href":"https:\/\/indigo4ua.com\/de\/wp-json\/wp\/v2\/pages"}],"about":[{"href":"https:\/\/indigo4ua.com\/de\/wp-json\/wp\/v2\/types\/page"}],"author":[{"embeddable":true,"href":"https:\/\/indigo4ua.com\/de\/wp-json\/wp\/v2\/users\/1"}],"replies":[{"embeddable":true,"href":"https:\/\/indigo4ua.com\/de\/wp-json\/wp\/v2\/comments?post=1574"}],"version-history":[{"count":2,"href":"https:\/\/indigo4ua.com\/de\/wp-json\/wp\/v2\/pages\/1574\/revisions"}],"predecessor-version":[{"id":1782,"href":"https:\/\/indigo4ua.com\/de\/wp-json\/wp\/v2\/pages\/1574\/revisions\/1782"}],"up":[{"embeddable":true,"href":"https:\/\/indigo4ua.com\/de\/wp-json\/wp\/v2\/pages\/126"}],"wp:attachment":[{"href":"https:\/\/indigo4ua.com\/de\/wp-json\/wp\/v2\/media?parent=1574"}],"curies":[{"name":"wp","href":"https:\/\/api.w.org\/{rel}","templated":true}]}}