{"id":1606,"date":"2026-02-14T18:26:50","date_gmt":"2026-02-14T17:26:50","guid":{"rendered":"https:\/\/indigo4ua.com\/?page_id=1606"},"modified":"2026-02-14T18:51:51","modified_gmt":"2026-02-14T17:51:51","slug":"22-brigade-zwei-generatoren-i-ii","status":"publish","type":"page","link":"https:\/\/indigo4ua.com\/de\/inzamelingsacties\/22ste-brigade-twee-generators-i-ii\/","title":{"rendered":"22. Brigade - zwei Generatoren I\/II"},"content":{"rendered":"<div class=\"wp-block-columns alignwide osom-featured-text is-layout-flex wp-container-core-columns-is-layout-28f84493 wp-block-columns-is-layout-flex\">\n<div class=\"wp-block-column has-theme-footer-background-color has-background is-layout-flow wp-block-column-is-layout-flow\" style=\"padding-top:var(--wp--preset--spacing--80);padding-right:var(--wp--preset--spacing--70);padding-bottom:var(--wp--preset--spacing--80);padding-left:var(--wp--preset--spacing--70);flex-basis:60%\">\n<h2 class=\"wp-block-heading\">Abholung 5. Februar 2026<\/h2>\n\n\n\n<p>F\u00fcr die unbemannte Luftfahrzeugkomponente des motorisierten Infanteriebataillons der 22. Brigade haben wir eine Spendenaktion f\u00fcr zwei Generatoren im Wert von 680 Euro durchgef\u00fchrt. Diese wurden in Deutschland gekauft, da sie im Vergleich zu den Preisen in der Ukraine deutlich g\u00fcnstiger waren.<\/p>\n\n\n\n<div class=\"wp-block-buttons is-layout-flex wp-block-buttons-is-layout-flex\"><\/div>\n<\/div>\n\n\n\n<div class=\"wp-block-column is-vertically-aligned-center is-layout-flow wp-block-column-is-layout-flow\">\n<figure class=\"wp-block-image size-full\"><img alt=\"\" loading=\"lazy\" decoding=\"async\" width=\"550\" height=\"657\" src=\"https:\/\/indigo4ua.com\/wp-content\/uploads\/2026\/02\/generator-scheppach-SG2500.jpg\" class=\"wp-image-1607\" srcset=\"https:\/\/indigo4ua.com\/wp-content\/uploads\/2026\/02\/generator-scheppach-SG2500.jpg 550w, https:\/\/indigo4ua.com\/wp-content\/uploads\/2026\/02\/generator-scheppach-SG2500-251x300.jpg 251w, https:\/\/indigo4ua.com\/wp-content\/uploads\/2026\/02\/generator-scheppach-SG2500-10x12.jpg 10w\" sizes=\"auto, (max-width: 550px) 100vw, 550px\" \/><\/figure>\n<\/div>\n<\/div>\n\n\n\n<div style=\"height:50px\" aria-hidden=\"true\" class=\"wp-block-spacer\"><\/div>\n\n\n\n<h2 class=\"wp-block-heading\">Sammlung von Generatoren<\/h2>\n\n\n\n<p>Die tragbaren Stromgeneratoren werden an der Front und bei Eins\u00e4tzen vor Ort eingesetzt, wo aufgrund von Netzsch\u00e4den oder abgelegenen Standorten oft keine zuverl\u00e4ssige Stromversorgung vorhanden ist.<\/p>\n\n\n\n<p>Die beiden Scheppach SG2500-Generatoren wurden in Deutschland bestellt, da der Preis deutlich niedriger war als in der Ukraine.<\/p>\n\n\n\n<p>Sammlung ver\u00f6ffentlicht:<br><a href=\"https:\/\/www.facebook.com\/irishka.parhomik\/posts\/pfbid032thxCob7Vvm3tUcS3DTmmcNZf5RFcQdEH8dgR9BBxX9t3oWwGB6zjWATLiwfiuUTl\" target=\"_blank\" rel=\"noreferrer noopener\">Facebook<\/a><br><a href=\"https:\/\/x.com\/indigonl\/status\/2019284003820367884?s=20\" target=\"_blank\" rel=\"noreferrer noopener\">Twitter<\/a><\/p>\n\n\n\n<p><strong>Zielbetrag: 680 \u20ac \/ $801 \/ 34880UAH<\/strong><\/p>\n\n\n\n<h2 class=\"wp-block-heading\">Spenden Sie<\/h2>\n\n\n\n<p>Monobank: <a href=\"https:\/\/send.monobank.ua\/jar\/8hHh6j7bhH\" target=\"_blank\" rel=\"noreferrer noopener\">https:\/\/send.monobank.ua\/jar\/8hHh6j7bhH<\/a><br>PayPal parhomik.irina1985@gmail.com<\/p>\n\n\n\n<h2 class=\"wp-block-heading\">Lieferung<\/h2>\n\n\n\n<div class=\"wp-block-columns is-layout-flex wp-container-core-columns-is-layout-28f84493 wp-block-columns-is-layout-flex\">\n<div class=\"wp-block-column is-layout-flow wp-block-column-is-layout-flow\">\n<figure class=\"wp-block-video\"><video height=\"1024\" style=\"aspect-ratio: 576 \/ 1024;\" width=\"576\" controls poster=\"https:\/\/indigo4ua.com\/wp-content\/uploads\/2026\/02\/delivery-2-generators_thumb1.jpg\" src=\"https:\/\/indigo4ua.com\/wp-content\/uploads\/2026\/02\/delivery-2-generators.mp4\"><\/video><\/figure>\n<\/div>\n\n\n\n<div class=\"wp-block-column is-layout-flow wp-block-column-is-layout-flow\"><\/div>\n<\/div>\n\n\n\n<h2 class=\"wp-block-heading\">Finanzbericht<\/h2>\n\n\n\n<p><strong>Erhaltene Spenden<\/strong><br><a href=\"https:\/\/indigo4ua.com\/wp-content\/uploads\/2026\/02\/donations-monobank.pdf\">Monobank 14245.28UAH<\/a><br>PayPal: $327.17+ <a href=\"https:\/\/indigo4ua.com\/wp-content\/uploads\/2026\/02\/donorbox-total.pdf\">Spenderbox \u20ac170<\/a> = <a href=\"https:\/\/indigo4ua.com\/wp-content\/uploads\/2026\/02\/donations-paypal.pdf\">$527,16<\/a> (<a href=\"https:\/\/indigo4ua.com\/wp-content\/uploads\/2026\/02\/paypal-withdraw.pdf\">22549.27UAH<\/a>)<br><strong>Gesamt: 36794,55UAH<\/strong><\/p>\n\n\n\n<p>Bezahlt f\u00fcr zwei Generatoren: 680 \u20ac (34880UAH) - <a href=\"https:\/\/indigo4ua.com\/wp-content\/uploads\/2026\/02\/betaling-aankoop.pdf\">Beleg<\/a><\/p>\n\n\n\n<p>Insgesamt gespendet: 36794.55UAH<br>F\u00fcr die Beschaffung insgesamt bezahlt: 34880UAH<br>Saldo\/\u00dcberschuss: <a href=\"https:\/\/indigo4ua.com\/wp-content\/uploads\/2026\/02\/surplus-bank.pdf\">1914.55UAH<\/a> (+\/- $44)<\/p>\n\n\n\n<p>Dieser \u00dcberschuss wird bei der n\u00e4chsten Sammlung f\u00fcr zwei Generatoren f\u00fcr die 22. Brigade, f\u00fcr eine andere Einheit, verwendet.<\/p>\n\n\n\n<h2 class=\"wp-block-heading\">Team<\/h2>\n\n\n\n<div class=\"wp-block-columns team-dakota is-layout-flex wp-container-core-columns-is-layout-28f84493 wp-block-columns-is-layout-flex\">\n<div class=\"wp-block-column is-layout-flow wp-block-column-is-layout-flow\">\n<figure class=\"wp-block-image size-full is-style-rounded\"><img alt=\"\" loading=\"lazy\" decoding=\"async\" width=\"400\" height=\"400\" src=\"https:\/\/indigo4ua.com\/wp-content\/uploads\/2025\/04\/Irishka.jpg\" class=\"wp-image-210\" srcset=\"https:\/\/indigo4ua.com\/wp-content\/uploads\/2025\/04\/Irishka.jpg 400w, https:\/\/indigo4ua.com\/wp-content\/uploads\/2025\/04\/Irishka-300x300.jpg 300w, https:\/\/indigo4ua.com\/wp-content\/uploads\/2025\/04\/Irishka-150x150.jpg 150w, https:\/\/indigo4ua.com\/wp-content\/uploads\/2025\/04\/Irishka-12x12.jpg 12w, https:\/\/indigo4ua.com\/wp-content\/uploads\/2025\/04\/Irishka-75x75.jpg 75w\" sizes=\"auto, (max-width: 400px) 100vw, 400px\" \/><\/figure>\n\n\n\n<h4 class=\"wp-block-heading has-text-align-center\">Irishka<\/h4>\n\n\n\n<p class=\"has-text-align-center\">Irishka ist die Ansprechpartnerin f\u00fcr die Einheiten und pr\u00fcft, ob ein Antrag bearbeitet werden kann. Au\u00dferdem sucht sie nach einem guten Angebot f\u00fcr Eink\u00e4ufe und wickelt die Zahlung ab.<\/p>\n<\/div>\n\n\n\n<div class=\"wp-block-column is-layout-flow wp-block-column-is-layout-flow\">\n<figure class=\"wp-block-image size-full is-style-rounded\"><img loading=\"lazy\" decoding=\"async\" width=\"500\" height=\"500\" src=\"https:\/\/indigo4ua.com\/wp-content\/uploads\/2025\/02\/nafo-fella-indigonl-500px.jpg\" alt=\"NAFO Einheimischer Fella\" class=\"wp-image-106\" srcset=\"https:\/\/indigo4ua.com\/wp-content\/uploads\/2025\/02\/nafo-fella-indigonl-500px.jpg 500w, https:\/\/indigo4ua.com\/wp-content\/uploads\/2025\/02\/nafo-fella-indigonl-500px-300x300.jpg 300w, https:\/\/indigo4ua.com\/wp-content\/uploads\/2025\/02\/nafo-fella-indigonl-500px-150x150.jpg 150w, https:\/\/indigo4ua.com\/wp-content\/uploads\/2025\/02\/nafo-fella-indigonl-500px-12x12.jpg 12w, https:\/\/indigo4ua.com\/wp-content\/uploads\/2025\/02\/nafo-fella-indigonl-500px-75x75.jpg 75w, https:\/\/indigo4ua.com\/wp-content\/uploads\/2025\/02\/nafo-fella-indigonl-500px-400x400.jpg 400w\" sizes=\"auto, (max-width: 500px) 100vw, 500px\" \/><\/figure>\n\n\n\n<h4 class=\"wp-block-heading has-text-align-center\">Petra<\/h4>\n\n\n\n<p class=\"has-text-align-center\">Petra ist Partnerin von Irishka. Petra ist auf Twitter aktiv, Irishka auf Facebook. Gemeinsam wird ein besseres Ergebnis erzielt.<\/p>\n<\/div>\n<\/div>","protected":false},"excerpt":{"rendered":"<p>Inzameling 5 februari 2026 Voor het onderdeel van onbemande luchtvaartsystemen van het gemotoriseerde infanteriebataljon van de 22e brigade hebben we een inzamelingsactie voltooid voor een twee generatoren ter waarde van \u20ac 680,-. Deze zijn aangeschaft in Duitsland in verband met een aanzienlijke besparing ten opzichte van de prijzen in Oekra\u00efne. Inzameling generators De draagbare stroomgenerators [&hellip;]<\/p>\n","protected":false},"author":1,"featured_media":0,"parent":129,"menu_order":0,"comment_status":"closed","ping_status":"closed","template":"","meta":{"_seopress_robots_primary_cat":"","_seopress_titles_title":"","_seopress_titles_desc":"","_seopress_robots_index":"","_genesis_hide_title":false,"_genesis_hide_breadcrumbs":false,"_genesis_hide_singular_image":false,"_genesis_hide_footer_widgets":false,"_genesis_custom_body_class":"","_genesis_custom_post_class":"","_genesis_layout":"","footnotes":""},"class_list":{"0":"post-1606","1":"page","2":"type-page","3":"status-publish","5":"entry"},"featured_image_src":null,"featured_image_src_square":null,"_links":{"self":[{"href":"https:\/\/indigo4ua.com\/de\/wp-json\/wp\/v2\/pages\/1606","targetHints":{"allow":["GET"]}}],"collection":[{"href":"https:\/\/indigo4ua.com\/de\/wp-json\/wp\/v2\/pages"}],"about":[{"href":"https:\/\/indigo4ua.com\/de\/wp-json\/wp\/v2\/types\/page"}],"author":[{"embeddable":true,"href":"https:\/\/indigo4ua.com\/de\/wp-json\/wp\/v2\/users\/1"}],"replies":[{"embeddable":true,"href":"https:\/\/indigo4ua.com\/de\/wp-json\/wp\/v2\/comments?post=1606"}],"version-history":[{"count":0,"href":"https:\/\/indigo4ua.com\/de\/wp-json\/wp\/v2\/pages\/1606\/revisions"}],"up":[{"embeddable":true,"href":"https:\/\/indigo4ua.com\/de\/wp-json\/wp\/v2\/pages\/129"}],"wp:attachment":[{"href":"https:\/\/indigo4ua.com\/de\/wp-json\/wp\/v2\/media?parent=1606"}],"curies":[{"name":"wp","href":"https:\/\/api.w.org\/{rel}","templated":true}]}}