{"id":1706,"date":"2026-02-22T20:00:31","date_gmt":"2026-02-22T19:00:31","guid":{"rendered":"https:\/\/indigo4ua.com\/?page_id=1706"},"modified":"2026-03-21T16:21:03","modified_gmt":"2026-03-21T15:21:03","slug":"fahrzeug-der-22-brigade","status":"publish","type":"page","link":"https:\/\/indigo4ua.com\/de\/inzamelingsacties\/22e-brigade-voertuig\/","title":{"rendered":"22. Brigade - Fahrzeug"},"content":{"rendered":"<div class=\"wp-block-columns alignwide osom-featured-text is-layout-flex wp-container-core-columns-is-layout-28f84493 wp-block-columns-is-layout-flex\">\n<div class=\"wp-block-column has-theme-footer-background-color has-background is-layout-flow wp-block-column-is-layout-flow\" style=\"padding-top:var(--wp--preset--spacing--80);padding-right:var(--wp--preset--spacing--70);padding-bottom:var(--wp--preset--spacing--80);padding-left:var(--wp--preset--spacing--70);flex-basis:60%\">\n<h2 class=\"wp-block-heading\">Abholung 22. Februar 2026<\/h2>\n\n\n\n<p>Verteidiger des motorisierten Sch\u00fctzenbataillons 22OMBR brauchten dringend ein Fahrzeug f\u00fcr Arbeits- und Gefechtsfahrten \u2013 ohne dieses konnten die K\u00e4mpfer einige Aufgaben einfach nicht erf\u00fcllen.<\/p>\n\n\n\n<p>In Absprache mit anderen Freiwilligen, die mit der Auswahl und Wartung von Milit\u00e4rfahrzeugen vertraut sind, wurde das angestrebte Auto schnell und zu einem sehr guten Preis gefunden.<\/p>\n\n\n\n<p>Aufgrund der hohen Dringlichkeit hat der Verk\u00e4ufer zugestimmt, eine Anzahlung von $670 (29.000 UAH) zu akzeptieren, und der Restbetrag kann nach Abschluss der Spendenaktion bezahlt werden.<\/p>\n\n\n\n<div class=\"wp-block-buttons is-layout-flex wp-block-buttons-is-layout-flex\"><\/div>\n<\/div>\n\n\n\n<div class=\"wp-block-column is-vertically-aligned-center is-layout-flow wp-block-column-is-layout-flow\">\n<figure class=\"wp-block-image size-full\"><img alt=\"\" loading=\"lazy\" decoding=\"async\" width=\"652\" height=\"466\" src=\"https:\/\/indigo4ua.com\/wp-content\/uploads\/2026\/02\/uitgelichte-afbeelding.jpg\" class=\"wp-image-1707\" srcset=\"https:\/\/indigo4ua.com\/wp-content\/uploads\/2026\/02\/uitgelichte-afbeelding.jpg 652w, https:\/\/indigo4ua.com\/wp-content\/uploads\/2026\/02\/uitgelichte-afbeelding-300x214.jpg 300w, https:\/\/indigo4ua.com\/wp-content\/uploads\/2026\/02\/uitgelichte-afbeelding-18x12.jpg 18w\" sizes=\"auto, (max-width: 652px) 100vw, 652px\" \/><\/figure>\n<\/div>\n<\/div>\n\n\n\n<div style=\"height:50px\" aria-hidden=\"true\" class=\"wp-block-spacer\"><\/div>\n\n\n\n<h2 class=\"wp-block-heading\">Anfrage<\/h2>\n\n\n\n<div class=\"wp-block-columns is-layout-flex wp-container-core-columns-is-layout-28f84493 wp-block-columns-is-layout-flex\">\n<div class=\"wp-block-column is-layout-flow wp-block-column-is-layout-flow\">\n<figure class=\"wp-block-image size-large\"><img alt=\"\" loading=\"lazy\" decoding=\"async\" width=\"1024\" height=\"1024\" src=\"https:\/\/indigo4ua.com\/wp-content\/uploads\/2026\/02\/pictures-car-1024x1024.jpg\" class=\"wp-image-1709\" srcset=\"https:\/\/indigo4ua.com\/wp-content\/uploads\/2026\/02\/pictures-car-1024x1024.jpg 1024w, https:\/\/indigo4ua.com\/wp-content\/uploads\/2026\/02\/pictures-car-300x300.jpg 300w, https:\/\/indigo4ua.com\/wp-content\/uploads\/2026\/02\/pictures-car-150x150.jpg 150w, https:\/\/indigo4ua.com\/wp-content\/uploads\/2026\/02\/pictures-car-768x768.jpg 768w, https:\/\/indigo4ua.com\/wp-content\/uploads\/2026\/02\/pictures-car-12x12.jpg 12w, https:\/\/indigo4ua.com\/wp-content\/uploads\/2026\/02\/pictures-car-75x75.jpg 75w, https:\/\/indigo4ua.com\/wp-content\/uploads\/2026\/02\/pictures-car-600x600.jpg 600w, https:\/\/indigo4ua.com\/wp-content\/uploads\/2026\/02\/pictures-car.jpg 1280w\" sizes=\"auto, (max-width: 1024px) 100vw, 1024px\" \/><\/figure>\n<\/div>\n\n\n\n<div class=\"wp-block-column is-layout-flow wp-block-column-is-layout-flow\"><\/div>\n<\/div>\n\n\n\n<h2 class=\"wp-block-heading\">Sammlung Auto<\/h2>\n\n\n\n<p>Die Anzahlung von 29.000 UAH wurde am 21. Februar 2026 geleistet und der Restbetrag wurde am 10. M\u00e4rz 2026 bezahlt. Inzwischen ist das Auto in Gebrauch. <\/p>\n\n\n\n<p>Spendenaktion wurde ver\u00f6ffentlicht am:<br><a href=\"https:\/\/www.facebook.com\/irishka.parhomik\/posts\/pfbid0jeM8yB9oJUCdSEpJi6yrrhVAqFR8o3BJLHRU8SMFJgXpVzp3yTmAFsrVCZCTVT79l\" target=\"_blank\" rel=\"noreferrer noopener\">Facebook<\/a><br><a href=\"https:\/\/x.com\/indigonl\/status\/2022304063937802714\" target=\"_blank\" rel=\"noreferrer noopener\">Twitter<\/a><\/p>\n\n\n\n<p><strong>Zielbetrag: $2,990 \/ 129000UAH<\/strong><\/p>\n\n\n\n<h2 class=\"wp-block-heading\">Spenden Sie<\/h2>\n\n\n\n<p>Monobank: <a href=\"https:\/\/send.monobank.ua\/jar\/8hHh6j7bhH\" target=\"_blank\" rel=\"noreferrer noopener\">https:\/\/send.monobank.ua\/jar\/8hHh6j7bhH<\/a><br>Spenderbox: <a href=\"https:\/\/donorbox.org\/help-the-defenders\" target=\"_blank\" rel=\"noreferrer noopener\">https:\/\/donorbox.org\/help-the-defenders<\/a><br>PayPal parhomik.irina1985@gmail.com<\/p>\n\n\n\n<h2 class=\"wp-block-heading\">Lieferung<\/h2>\n\n\n\n<figure class=\"wp-block-video\"><video height=\"720\" style=\"aspect-ratio: 1280 \/ 720;\" width=\"1280\" controls poster=\"https:\/\/indigo4ua.com\/wp-content\/uploads\/2026\/03\/att.2oGmbSEgaX35-ooMLxiNDlDJHcVdpbLLD-TfIXVspG0_thumb1.jpg\" src=\"https:\/\/indigo4ua.com\/wp-content\/uploads\/2026\/03\/att.2oGmbSEgaX35-ooMLxiNDlDJHcVdpbLLD-TfIXVspG0.mp4\"><\/video><\/figure>\n\n\n\n<h2 class=\"wp-block-heading\">Finanzbericht<\/h2>\n\n\n\n<p><strong>Erhaltene Spenden<\/strong><br>Monobank: <a href=\"https:\/\/indigo4ua.com\/wp-content\/uploads\/2026\/03\/20260310-monobank-balance.pdf\">53.950,86 Hrywnja<\/a><br>PayPal: <a href=\"https:\/\/indigo4ua.com\/wp-content\/uploads\/2026\/03\/20260310-paypal-in-uah-balance.pdf\">77.482,80 Hrywnja<\/a> <a href=\"https:\/\/indigo4ua.com\/wp-content\/uploads\/2026\/03\/20260310-paypal-balance.pdf\">($1.777,23) einschlie\u00dflich 670 \u20ac<\/a> Wanne <a href=\"https:\/\/indigo4ua.com\/wp-content\/uploads\/2026\/03\/20260310-donorbox-balance.pdf\">Spenderbox<\/a><br><strong>Insgesamt: <\/strong>131.433,66 Hrywnja<br><\/p>\n\n\n\n<p><strong>Zahlungen<\/strong><br>Das Auto, das insgesamt 129000UAH kostete, wurde in zwei Raten bezahlt:<\/p>\n\n\n\n<p>Anzahlung <a href=\"https:\/\/indigo4ua.com\/wp-content\/uploads\/2026\/03\/20260221-advance-payment.pdf\">29.000 Hrywnja (21. Februar 2026)<\/a><br>Restbetrag <a href=\"https:\/\/indigo4ua.com\/wp-content\/uploads\/2026\/03\/20260310-remaining-payment.pdf\">100.000 Hrywnja (10. M\u00e4rz 2026)<\/a><\/p>\n\n\n\n<p><a href=\"https:\/\/indigo4ua.com\/wp-content\/uploads\/2026\/03\/20260310-surplus.pdf\">51.517,20 UAH<\/a> wird von der Bank abgehoben<\/p>\n\n\n\n<p>(51.517,20 Monobank + 77.482,80 PayPal = 129.000 UAH)<\/p>\n\n\n\n<p>Per Saldo gibt es einen \u00dcberschuss von <a href=\"https:\/\/indigo4ua.com\/wp-content\/uploads\/2026\/03\/20260310-surplus.pdf\">53.950,86 Hrywnja \u2013 51.517,20 Hrywnja = 2433,66 Hrywnja<\/a> auf Monobank (+\/- $55)<\/p>\n\n\n\n<p>Dieser Saldo wurde auf die n\u00e4chste Sammlung \u00fcbertragen.<\/p>\n\n\n\n<h2 class=\"wp-block-heading\">Team<\/h2>\n\n\n\n<div class=\"wp-block-columns team-dakota is-layout-flex wp-container-core-columns-is-layout-28f84493 wp-block-columns-is-layout-flex\">\n<div class=\"wp-block-column is-layout-flow wp-block-column-is-layout-flow\">\n<figure class=\"wp-block-image size-full is-style-rounded\"><img alt=\"\" loading=\"lazy\" decoding=\"async\" width=\"400\" height=\"400\" src=\"https:\/\/indigo4ua.com\/wp-content\/uploads\/2025\/04\/Irishka.jpg\" class=\"wp-image-210\" srcset=\"https:\/\/indigo4ua.com\/wp-content\/uploads\/2025\/04\/Irishka.jpg 400w, https:\/\/indigo4ua.com\/wp-content\/uploads\/2025\/04\/Irishka-300x300.jpg 300w, https:\/\/indigo4ua.com\/wp-content\/uploads\/2025\/04\/Irishka-150x150.jpg 150w, https:\/\/indigo4ua.com\/wp-content\/uploads\/2025\/04\/Irishka-12x12.jpg 12w, https:\/\/indigo4ua.com\/wp-content\/uploads\/2025\/04\/Irishka-75x75.jpg 75w\" sizes=\"auto, (max-width: 400px) 100vw, 400px\" \/><\/figure>\n\n\n\n<h4 class=\"wp-block-heading has-text-align-center\">Irishka<\/h4>\n\n\n\n<p class=\"has-text-align-center\">Irishka ist die Ansprechpartnerin f\u00fcr die Einheiten und pr\u00fcft, ob ein Antrag bearbeitet werden kann. Sie sucht auch nach einem guten Gesch\u00e4ft f\u00fcr Eink\u00e4ufe und wickelt die Zahlung ab.<\/p>\n<\/div>\n\n\n\n<div class=\"wp-block-column is-layout-flow wp-block-column-is-layout-flow\">\n<figure class=\"wp-block-image size-full is-style-rounded\"><img loading=\"lazy\" decoding=\"async\" width=\"500\" height=\"500\" src=\"https:\/\/indigo4ua.com\/wp-content\/uploads\/2025\/02\/nafo-fella-indigonl-500px.jpg\" alt=\"NAFO Einheimischer Fella\" class=\"wp-image-106\" srcset=\"https:\/\/indigo4ua.com\/wp-content\/uploads\/2025\/02\/nafo-fella-indigonl-500px.jpg 500w, https:\/\/indigo4ua.com\/wp-content\/uploads\/2025\/02\/nafo-fella-indigonl-500px-300x300.jpg 300w, https:\/\/indigo4ua.com\/wp-content\/uploads\/2025\/02\/nafo-fella-indigonl-500px-150x150.jpg 150w, https:\/\/indigo4ua.com\/wp-content\/uploads\/2025\/02\/nafo-fella-indigonl-500px-12x12.jpg 12w, https:\/\/indigo4ua.com\/wp-content\/uploads\/2025\/02\/nafo-fella-indigonl-500px-75x75.jpg 75w, https:\/\/indigo4ua.com\/wp-content\/uploads\/2025\/02\/nafo-fella-indigonl-500px-400x400.jpg 400w\" sizes=\"auto, (max-width: 500px) 100vw, 500px\" \/><\/figure>\n\n\n\n<h4 class=\"wp-block-heading has-text-align-center\">Petra<\/h4>\n\n\n\n<p class=\"has-text-align-center\">Petra arbeitet mit Irishka zusammen. Petra ist auf Twitter aktiv, Irishka auf Facebook. Gemeinsam wird so ein besseres Ergebnis erzielt. Weiterhin werden zus\u00e4tzliche Aufgaben wie z.B. Lotterien untereinander aufgeteilt.<\/p>\n<\/div>\n<\/div>","protected":false},"excerpt":{"rendered":"<p>Inzameling 22 februari 2026 Verdedigers van het Motorinfanteriebataljon 22OMBR hadden dringend een voertuig nodig voor werk- en gevechtsritten &#8211; zonder dat kunnen de strijders sommige taken simpelweg niet uitvoeren. In overleg met andere vrijwilligers die bekend zijn met de selectie en het onderhoud van militaire voertuigen was de beoogde auto snel gevonden, en tegen een [&hellip;]<\/p>\n","protected":false},"author":1,"featured_media":0,"parent":129,"menu_order":0,"comment_status":"closed","ping_status":"closed","template":"","meta":{"_seopress_robots_primary_cat":"","_seopress_titles_title":"","_seopress_titles_desc":"","_seopress_robots_index":"","_genesis_hide_title":false,"_genesis_hide_breadcrumbs":false,"_genesis_hide_singular_image":false,"_genesis_hide_footer_widgets":false,"_genesis_custom_body_class":"","_genesis_custom_post_class":"","_genesis_layout":"","footnotes":""},"class_list":{"0":"post-1706","1":"page","2":"type-page","3":"status-publish","5":"entry"},"featured_image_src":null,"featured_image_src_square":null,"_links":{"self":[{"href":"https:\/\/indigo4ua.com\/de\/wp-json\/wp\/v2\/pages\/1706","targetHints":{"allow":["GET"]}}],"collection":[{"href":"https:\/\/indigo4ua.com\/de\/wp-json\/wp\/v2\/pages"}],"about":[{"href":"https:\/\/indigo4ua.com\/de\/wp-json\/wp\/v2\/types\/page"}],"author":[{"embeddable":true,"href":"https:\/\/indigo4ua.com\/de\/wp-json\/wp\/v2\/users\/1"}],"replies":[{"embeddable":true,"href":"https:\/\/indigo4ua.com\/de\/wp-json\/wp\/v2\/comments?post=1706"}],"version-history":[{"count":0,"href":"https:\/\/indigo4ua.com\/de\/wp-json\/wp\/v2\/pages\/1706\/revisions"}],"up":[{"embeddable":true,"href":"https:\/\/indigo4ua.com\/de\/wp-json\/wp\/v2\/pages\/129"}],"wp:attachment":[{"href":"https:\/\/indigo4ua.com\/de\/wp-json\/wp\/v2\/media?parent=1706"}],"curies":[{"name":"wp","href":"https:\/\/api.w.org\/{rel}","templated":true}]}}