{"id":1795,"date":"2026-04-11T18:05:28","date_gmt":"2026-04-11T16:05:28","guid":{"rendered":"https:\/\/indigo4ua.com\/?page_id=1795"},"modified":"2026-04-11T18:17:33","modified_gmt":"2026-04-11T16:17:33","slug":"34e-kustenverteidigungsbrigade-fahrzeug","status":"publish","type":"page","link":"https:\/\/indigo4ua.com\/de\/inzamelingsacties\/34e-kustverdedigingsbrigade-voertuig\/","title":{"rendered":"34. K\u00fcstenverteidigungsbrigade \u2013 Fahrzeug"},"content":{"rendered":"<div class=\"wp-block-columns alignwide osom-featured-text is-layout-flex wp-container-core-columns-is-layout-28f84493 wp-block-columns-is-layout-flex\">\n<div class=\"wp-block-column has-theme-footer-background-color has-background is-layout-flow wp-block-column-is-layout-flow\" style=\"padding-top:var(--wp--preset--spacing--80);padding-right:var(--wp--preset--spacing--70);padding-bottom:var(--wp--preset--spacing--80);padding-left:var(--wp--preset--spacing--70);flex-basis:60%\">\n<h2 class=\"wp-block-heading\">Sammlung 18. M\u00e4rz 2026<\/h2>\n\n\n\n<p>Die Marineinfanteristen der 34. K\u00fcstenverteidigungsbrigade brauchten dringend ein Fahrzeug. In der Region Cherson sind Kampfeins\u00e4tze ohne Fahrzeug aufgrund der Gefahr durch russische FPV-Drohnen unm\u00f6glich.<\/p>\n\n\n\n<p>Irina hat sich mit dem Autoh\u00e4ndler in Verbindung gesetzt, mit dem bereits erfolgreich Gesch\u00e4fte gemacht wurden. In Absprache mit der Abteilung, die das Fahrzeug ben\u00f6tigte, wurde ein Auto ausgew\u00e4hlt, das den auszuf\u00fchrenden Aufgaben entspricht.<\/p>\n\n\n\n<p>Der Verk\u00e4ufer hat der Reservierung des Fahrzeugs zugestimmt. Mittlerweile ist die Abholung abgeschlossen, und das Fahrzeug ist vollst\u00e4ndig bezahlt.<\/p>\n\n\n\n<p>Das Fahrzeug ist jetzt im Besitz der Einheit und wir warten auf einen Lieferbericht.<\/p>\n\n\n\n<div class=\"wp-block-buttons is-layout-flex wp-block-buttons-is-layout-flex\"><\/div>\n<\/div>\n\n\n\n<div class=\"wp-block-column is-vertically-aligned-center is-layout-flow wp-block-column-is-layout-flow\">\n<figure class=\"wp-block-image size-full\"><img alt=\"\" loading=\"lazy\" decoding=\"async\" width=\"1280\" height=\"960\" src=\"https:\/\/indigo4ua.com\/wp-content\/uploads\/2026\/04\/20260318-kherson-laro-7.jpg\" class=\"wp-image-1800\" srcset=\"https:\/\/indigo4ua.com\/wp-content\/uploads\/2026\/04\/20260318-kherson-laro-7.jpg 1280w, https:\/\/indigo4ua.com\/wp-content\/uploads\/2026\/04\/20260318-kherson-laro-7-300x225.jpg 300w, https:\/\/indigo4ua.com\/wp-content\/uploads\/2026\/04\/20260318-kherson-laro-7-1024x768.jpg 1024w, https:\/\/indigo4ua.com\/wp-content\/uploads\/2026\/04\/20260318-kherson-laro-7-768x576.jpg 768w, https:\/\/indigo4ua.com\/wp-content\/uploads\/2026\/04\/20260318-kherson-laro-7-16x12.jpg 16w, https:\/\/indigo4ua.com\/wp-content\/uploads\/2026\/04\/20260318-kherson-laro-7-702x526.jpg 702w\" sizes=\"auto, (max-width: 1280px) 100vw, 1280px\" \/><\/figure>\n<\/div>\n<\/div>\n\n\n\n<div style=\"height:50px\" aria-hidden=\"true\" class=\"wp-block-spacer\"><\/div>\n\n\n\n<h2 class=\"wp-block-heading\">Fahrzeug<\/h2>\n\n\n\n<div class=\"wp-block-columns is-layout-flex wp-container-core-columns-is-layout-28f84493 wp-block-columns-is-layout-flex\">\n<div class=\"wp-block-column is-layout-flow wp-block-column-is-layout-flow\">\n<figure class=\"wp-block-video\"><video height=\"640\" style=\"aspect-ratio: 368 \/ 640;\" width=\"368\" controls poster=\"https:\/\/indigo4ua.com\/wp-content\/uploads\/2026\/04\/20260318-kherson-laro-4_thumb1.jpg\" src=\"https:\/\/indigo4ua.com\/wp-content\/uploads\/2026\/04\/20260318-kherson-laro-4.mp4\"><\/video><\/figure>\n<\/div>\n\n\n\n<div class=\"wp-block-column is-layout-flow wp-block-column-is-layout-flow\">\n<figure class=\"wp-block-image size-large\"><img alt=\"\" loading=\"lazy\" decoding=\"async\" width=\"1024\" height=\"768\" src=\"https:\/\/indigo4ua.com\/wp-content\/uploads\/2026\/04\/20260318-kherson-laro-1-1024x768.jpg\" class=\"wp-image-1798\" srcset=\"https:\/\/indigo4ua.com\/wp-content\/uploads\/2026\/04\/20260318-kherson-laro-1-1024x768.jpg 1024w, https:\/\/indigo4ua.com\/wp-content\/uploads\/2026\/04\/20260318-kherson-laro-1-300x225.jpg 300w, https:\/\/indigo4ua.com\/wp-content\/uploads\/2026\/04\/20260318-kherson-laro-1-768x576.jpg 768w, https:\/\/indigo4ua.com\/wp-content\/uploads\/2026\/04\/20260318-kherson-laro-1-16x12.jpg 16w, https:\/\/indigo4ua.com\/wp-content\/uploads\/2026\/04\/20260318-kherson-laro-1-702x526.jpg 702w, https:\/\/indigo4ua.com\/wp-content\/uploads\/2026\/04\/20260318-kherson-laro-1.jpg 1280w\" sizes=\"auto, (max-width: 1024px) 100vw, 1024px\" \/><\/figure>\n\n\n\n<figure class=\"wp-block-image size-large\"><img alt=\"\" loading=\"lazy\" decoding=\"async\" width=\"1024\" height=\"768\" src=\"https:\/\/indigo4ua.com\/wp-content\/uploads\/2026\/04\/20260318-kherson-laro-2-1024x768.jpg\" class=\"wp-image-1799\" srcset=\"https:\/\/indigo4ua.com\/wp-content\/uploads\/2026\/04\/20260318-kherson-laro-2-1024x768.jpg 1024w, https:\/\/indigo4ua.com\/wp-content\/uploads\/2026\/04\/20260318-kherson-laro-2-300x225.jpg 300w, https:\/\/indigo4ua.com\/wp-content\/uploads\/2026\/04\/20260318-kherson-laro-2-768x576.jpg 768w, https:\/\/indigo4ua.com\/wp-content\/uploads\/2026\/04\/20260318-kherson-laro-2-16x12.jpg 16w, https:\/\/indigo4ua.com\/wp-content\/uploads\/2026\/04\/20260318-kherson-laro-2-702x526.jpg 702w, https:\/\/indigo4ua.com\/wp-content\/uploads\/2026\/04\/20260318-kherson-laro-2.jpg 1280w\" sizes=\"auto, (max-width: 1024px) 100vw, 1024px\" \/><\/figure>\n\n\n\n<figure class=\"wp-block-image size-large\"><img alt=\"\" loading=\"lazy\" decoding=\"async\" width=\"1024\" height=\"768\" src=\"https:\/\/indigo4ua.com\/wp-content\/uploads\/2026\/04\/20260318-kherson-laro-8-1024x768.jpg\" class=\"wp-image-1801\" srcset=\"https:\/\/indigo4ua.com\/wp-content\/uploads\/2026\/04\/20260318-kherson-laro-8-1024x768.jpg 1024w, https:\/\/indigo4ua.com\/wp-content\/uploads\/2026\/04\/20260318-kherson-laro-8-300x225.jpg 300w, https:\/\/indigo4ua.com\/wp-content\/uploads\/2026\/04\/20260318-kherson-laro-8-768x576.jpg 768w, https:\/\/indigo4ua.com\/wp-content\/uploads\/2026\/04\/20260318-kherson-laro-8-16x12.jpg 16w, https:\/\/indigo4ua.com\/wp-content\/uploads\/2026\/04\/20260318-kherson-laro-8-702x526.jpg 702w, https:\/\/indigo4ua.com\/wp-content\/uploads\/2026\/04\/20260318-kherson-laro-8.jpg 1280w\" sizes=\"auto, (max-width: 1024px) 100vw, 1024px\" \/><\/figure>\n<\/div>\n<\/div>\n\n\n\n<div class=\"wp-block-columns is-layout-flex wp-container-core-columns-is-layout-28f84493 wp-block-columns-is-layout-flex\">\n<div class=\"wp-block-column is-layout-flow wp-block-column-is-layout-flow\"><\/div>\n<\/div>\n\n\n\n<h2 class=\"wp-block-heading\">Sammlung Auto<\/h2>\n\n\n\n<p>Spendenaktion wurde ver\u00f6ffentlicht am:<br><a href=\"https:\/\/www.facebook.com\/irishka.parhomik\/posts\/pfbid02oSsMnxMx9417dGEC7PGJMLkZMddPMRHEPdke3QjwTBPEDAY3LtvC8LPEUvFRWp3jl\" target=\"_blank\" rel=\"noreferrer noopener\">Facebook<\/a><br><a href=\"https:\/\/x.com\/indigonl\/status\/2034383773132071252\" target=\"_blank\" rel=\"noreferrer noopener\">Twitter<\/a><\/p>\n\n\n\n<p><strong>Zielbetrag: $5.404 \/ 238.000 UAH<\/strong><\/p>\n\n\n\n<h2 class=\"wp-block-heading\">Spenden Sie<\/h2>\n\n\n\n<p>Monobank: <a href=\"https:\/\/send.monobank.ua\/jar\/32y7wivgYs\">https:\/\/send.monobank.ua\/jar\/8hHh6j7bhH<\/a><br>Spenderbox: <a href=\"https:\/\/donorbox.org\/help-the-defenders\" target=\"_blank\" rel=\"noreferrer noopener\">https:\/\/donorbox.org\/help-the-defenders<\/a><br>PayPal parhomik.irina1985@gmail.com<\/p>\n\n\n\n<h2 class=\"wp-block-heading\">Lieferung<\/h2>\n\n\n\n<p>Lieferbericht folgt<\/p>\n\n\n\n<h2 class=\"wp-block-heading\">Finanzbericht<\/h2>\n\n\n\n<figure class=\"wp-block-table\"><table><tbody><tr><td>PayPal Spenden 18. M\u00e4rz bis 1. April 2026<a href=\"https:\/\/indigo4ua.com\/wp-content\/uploads\/2026\/04\/202600401-pp-balance-dollars.jpg.pdf\">$2,007.31<\/a>)<\/td><td class=\"has-text-align-right\" data-align=\"right\"><a href=\"https:\/\/indigo4ua.com\/wp-content\/uploads\/2026\/04\/20260401-pp-balance-uah.jpg.pdf\">87.709,43 UAH<\/a><\/td><\/tr><tr><td>PayPal Spenden 1. April bis 6. April 2026 (<a href=\"https:\/\/indigo4ua.com\/wp-content\/uploads\/2026\/04\/20260406-paypal-balance.jpg.pdf\">$1,995.36<\/a>)<\/td><td class=\"has-text-align-right\" data-align=\"right\"><a href=\"https:\/\/indigo4ua.com\/wp-content\/uploads\/2026\/04\/20260406-pp-transfer-1.pdf\">86.696,42 Hrywnja<\/a><\/td><\/tr><tr><td>Monobank Spenden 18. M\u00e4rz bis 1. April 2026<\/td><td class=\"has-text-align-right\" data-align=\"right\"><a href=\"https:\/\/indigo4ua.com\/wp-content\/uploads\/2026\/04\/20260401-mb-withdraw.jpg.pdf\">38.290,57 Hrywnja<\/a><\/td><\/tr><tr><td>Monobank Spenden 1. April bis 6. April 2026<\/td><td class=\"has-text-align-right\" data-align=\"right\"><a href=\"https:\/\/indigo4ua.com\/wp-content\/uploads\/2026\/04\/20260406-monobank-balance-1.pdf\">26.035,39 Hrywnja<\/a><\/td><\/tr><tr><td><a href=\"https:\/\/donorbox.org\/help-the-defenders\" target=\"_blank\" rel=\"noreferrer noopener\">Spenderbox<\/a> Spenden <a href=\"https:\/\/indigo4ua.com\/wp-content\/uploads\/2026\/04\/20260404-donorbox-balance.pdf\">\u20ac 437<\/a> (<a href=\"https:\/\/indigo4ua.com\/wp-content\/uploads\/2026\/04\/20260405-donorbox-transfer.pdf\">enthalten in PayPal-Guthaben<\/a>)<\/td><td class=\"has-text-align-right\" data-align=\"right\"><\/td><\/tr><tr><td>Gesamt gespendete Spenden<\/td><td class=\"has-text-align-right\" data-align=\"right\">238.731,81 Hrywnja<\/td><\/tr><tr><td>Anzahlung Auto 20. M\u00e4rz 2026<\/td><td class=\"has-text-align-right\" data-align=\"right\"><a href=\"https:\/\/indigo4ua.com\/wp-content\/uploads\/2026\/04\/20260320-advance-payment.pdf\">-10.000 Hrywnja<\/a><\/td><\/tr><tr><td>Anzahlung Auto 1. April 2026<\/td><td class=\"has-text-align-right\" data-align=\"right\"><a href=\"https:\/\/indigo4ua.com\/wp-content\/uploads\/2026\/04\/20260401-partial-payment.jpg.pdf\">-126.000 Hrywnja<\/a><\/td><\/tr><tr><td>Ratenzahlung Auto 6. April 2026<\/td><td class=\"has-text-align-right\" data-align=\"right\"><a href=\"https:\/\/indigo4ua.com\/wp-content\/uploads\/2026\/04\/20260406-final-payment.JPG.pdf\">-102.000 Hrywnja<\/a><\/td><\/tr><tr><td>Guthaben Sammlung (\u00fcberwiesen an n\u00e4chste Sammlung)<\/td><td class=\"has-text-align-right\" data-align=\"right\"><a href=\"https:\/\/indigo4ua.com\/wp-content\/uploads\/2026\/04\/20260406-surplus.pdf\">731,81 Hrywnja<\/a><\/td><\/tr><\/tbody><\/table><\/figure>\n\n\n\n<p><br><\/p>\n\n\n\n<h2 class=\"wp-block-heading\">Team<\/h2>\n\n\n\n<div class=\"wp-block-columns team-dakota is-layout-flex wp-container-core-columns-is-layout-28f84493 wp-block-columns-is-layout-flex\">\n<div class=\"wp-block-column is-layout-flow wp-block-column-is-layout-flow\">\n<figure class=\"wp-block-image size-full is-style-rounded\"><img alt=\"\" loading=\"lazy\" decoding=\"async\" width=\"400\" height=\"400\" src=\"https:\/\/indigo4ua.com\/wp-content\/uploads\/2025\/04\/Irishka.jpg\" class=\"wp-image-210\" srcset=\"https:\/\/indigo4ua.com\/wp-content\/uploads\/2025\/04\/Irishka.jpg 400w, https:\/\/indigo4ua.com\/wp-content\/uploads\/2025\/04\/Irishka-300x300.jpg 300w, https:\/\/indigo4ua.com\/wp-content\/uploads\/2025\/04\/Irishka-150x150.jpg 150w, https:\/\/indigo4ua.com\/wp-content\/uploads\/2025\/04\/Irishka-12x12.jpg 12w, https:\/\/indigo4ua.com\/wp-content\/uploads\/2025\/04\/Irishka-75x75.jpg 75w\" sizes=\"auto, (max-width: 400px) 100vw, 400px\" \/><\/figure>\n\n\n\n<h4 class=\"wp-block-heading has-text-align-center\">Irishka<\/h4>\n\n\n\n<p class=\"has-text-align-center\">Irishka ist die Ansprechpartnerin f\u00fcr die Einheiten und pr\u00fcft, ob ein Antrag bearbeitet werden kann. Sie sucht auch nach einem guten Gesch\u00e4ft f\u00fcr Eink\u00e4ufe und wickelt die Zahlung ab.<\/p>\n<\/div>\n\n\n\n<div class=\"wp-block-column is-layout-flow wp-block-column-is-layout-flow\">\n<figure class=\"wp-block-image size-full is-style-rounded\"><img loading=\"lazy\" decoding=\"async\" width=\"500\" height=\"500\" src=\"https:\/\/indigo4ua.com\/wp-content\/uploads\/2025\/02\/nafo-fella-indigonl-500px.jpg\" alt=\"NAFO Einheimischer Fella\" class=\"wp-image-106\" srcset=\"https:\/\/indigo4ua.com\/wp-content\/uploads\/2025\/02\/nafo-fella-indigonl-500px.jpg 500w, https:\/\/indigo4ua.com\/wp-content\/uploads\/2025\/02\/nafo-fella-indigonl-500px-300x300.jpg 300w, https:\/\/indigo4ua.com\/wp-content\/uploads\/2025\/02\/nafo-fella-indigonl-500px-150x150.jpg 150w, https:\/\/indigo4ua.com\/wp-content\/uploads\/2025\/02\/nafo-fella-indigonl-500px-12x12.jpg 12w, https:\/\/indigo4ua.com\/wp-content\/uploads\/2025\/02\/nafo-fella-indigonl-500px-75x75.jpg 75w, https:\/\/indigo4ua.com\/wp-content\/uploads\/2025\/02\/nafo-fella-indigonl-500px-400x400.jpg 400w\" sizes=\"auto, (max-width: 500px) 100vw, 500px\" \/><\/figure>\n\n\n\n<h4 class=\"wp-block-heading has-text-align-center\">Petra<\/h4>\n\n\n\n<p class=\"has-text-align-center\">Petra arbeitet mit Irishka zusammen. Petra ist auf Twitter aktiv, Irishka auf Facebook. Gemeinsam wird so ein besseres Ergebnis erzielt. Weiterhin werden zus\u00e4tzliche Aufgaben wie z.B. Lotterien untereinander aufgeteilt.<\/p>\n<\/div>\n<\/div>","protected":false},"excerpt":{"rendered":"<p>Inzameling 18 maart 2026 De mariniers van de 34e Kustverdedigingsbrigade hadden dringend een voertuig nodig. In de regio Kherson zijn combat missies zonder voertuig onmogelijk vanwege het gevaar van Russische FPV drones. Er is door Irishka contact opgenomen met de autohandelaar waarmee al eerder succesvol zaken is gedaan. In samenspraak met de unit die het [&hellip;]<\/p>\n","protected":false},"author":1,"featured_media":0,"parent":129,"menu_order":0,"comment_status":"closed","ping_status":"closed","template":"","meta":{"_seopress_robots_primary_cat":"","_seopress_titles_title":"","_seopress_titles_desc":"","_seopress_robots_index":"","_genesis_hide_title":false,"_genesis_hide_breadcrumbs":false,"_genesis_hide_singular_image":false,"_genesis_hide_footer_widgets":false,"_genesis_custom_body_class":"","_genesis_custom_post_class":"","_genesis_layout":"","footnotes":""},"class_list":{"0":"post-1795","1":"page","2":"type-page","3":"status-publish","5":"entry"},"featured_image_src":null,"featured_image_src_square":null,"_links":{"self":[{"href":"https:\/\/indigo4ua.com\/de\/wp-json\/wp\/v2\/pages\/1795","targetHints":{"allow":["GET"]}}],"collection":[{"href":"https:\/\/indigo4ua.com\/de\/wp-json\/wp\/v2\/pages"}],"about":[{"href":"https:\/\/indigo4ua.com\/de\/wp-json\/wp\/v2\/types\/page"}],"author":[{"embeddable":true,"href":"https:\/\/indigo4ua.com\/de\/wp-json\/wp\/v2\/users\/1"}],"replies":[{"embeddable":true,"href":"https:\/\/indigo4ua.com\/de\/wp-json\/wp\/v2\/comments?post=1795"}],"version-history":[{"count":4,"href":"https:\/\/indigo4ua.com\/de\/wp-json\/wp\/v2\/pages\/1795\/revisions"}],"predecessor-version":[{"id":1822,"href":"https:\/\/indigo4ua.com\/de\/wp-json\/wp\/v2\/pages\/1795\/revisions\/1822"}],"up":[{"embeddable":true,"href":"https:\/\/indigo4ua.com\/de\/wp-json\/wp\/v2\/pages\/129"}],"wp:attachment":[{"href":"https:\/\/indigo4ua.com\/de\/wp-json\/wp\/v2\/media?parent=1795"}],"curies":[{"name":"wp","href":"https:\/\/api.w.org\/{rel}","templated":true}]}}