{"id":275,"date":"2025-04-27T17:28:10","date_gmt":"2025-04-27T15:28:10","guid":{"rendered":"https:\/\/indigo4ua.com\/?page_id=275"},"modified":"2025-05-15T16:47:57","modified_gmt":"2025-05-15T14:47:57","slug":"chemische-heizgerate","status":"publish","type":"page","link":"https:\/\/indigo4ua.com\/de\/inzamelingsacties\/chemische-verwarmers\/","title":{"rendered":"Chemische Erhitzer"},"content":{"rendered":"<p><\/p>\n\n\n\n<div class=\"wp-block-columns alignwide osom-featured-text is-layout-flex wp-container-core-columns-is-layout-28f84493 wp-block-columns-is-layout-flex\">\n<div class=\"wp-block-column has-theme-footer-background-color has-background is-layout-flow wp-block-column-is-layout-flow\" style=\"padding-top:var(--wp--preset--spacing--80);padding-right:var(--wp--preset--spacing--70);padding-bottom:var(--wp--preset--spacing--80);padding-left:var(--wp--preset--spacing--70);flex-basis:60%\">\n<h2 class=\"wp-block-heading\">W\u00e4rmekissen<\/h2>\n\n\n\n<p>Die Winter in der Ukraine sind kalt, vor allem f\u00fcr Soldaten, die in Sch\u00fctzengr\u00e4ben sitzen und sich drau\u00dfen in Stellungen aufhalten. Viele Einheiten kauften Heizkissen in kleinen Mengen, und es ist viel wirtschaftlicher, eine gr\u00f6\u00dfere Menge zu kaufen, sie zu lagern und schrittweise zu liefern.<\/p>\n\n\n\n<p>F\u00fcr diese Aktion haben wir 4.500 W\u00e4rmekissen auf einmal gekauft: 1.500 Fu\u00dfw\u00e4rmer, 1.500 Handw\u00e4rmer und 1.500 K\u00f6rperw\u00e4rmer, zum Gesamtpreis von 2.900 \u20ac. Das sind umgerechnet 0,65 \u20ac pro W\u00e4rmekissen - ein Schn\u00e4ppchen.<\/p>\n\n\n\n<div class=\"wp-block-buttons is-layout-flex wp-block-buttons-is-layout-flex\">\n<div class=\"wp-block-button is-style-outline is-style-outline--1\"><a class=\"wp-block-button__link wp-element-button\" href=\"https:\/\/donorbox.org\/chemical-warmers-for-ukraine\" target=\"_blank\" rel=\"noreferrer noopener\">DONORBOX-SEITE<\/a><\/div>\n<\/div>\n<\/div>\n\n\n\n<div class=\"wp-block-column is-vertically-aligned-center is-layout-flow wp-block-column-is-layout-flow\">\n<figure class=\"wp-block-image size-full size-large\"><img alt=\"\" loading=\"lazy\" decoding=\"async\" width=\"1200\" height=\"1200\" src=\"https:\/\/indigo4ua.com\/wp-content\/uploads\/2025\/04\/voetwarmer.webp\" class=\"wp-image-278\" srcset=\"https:\/\/indigo4ua.com\/wp-content\/uploads\/2025\/04\/voetwarmer.webp 1200w, https:\/\/indigo4ua.com\/wp-content\/uploads\/2025\/04\/voetwarmer-300x300.webp 300w, https:\/\/indigo4ua.com\/wp-content\/uploads\/2025\/04\/voetwarmer-1024x1024.webp 1024w, https:\/\/indigo4ua.com\/wp-content\/uploads\/2025\/04\/voetwarmer-150x150.webp 150w, https:\/\/indigo4ua.com\/wp-content\/uploads\/2025\/04\/voetwarmer-768x768.webp 768w, https:\/\/indigo4ua.com\/wp-content\/uploads\/2025\/04\/voetwarmer-12x12.webp 12w, https:\/\/indigo4ua.com\/wp-content\/uploads\/2025\/04\/voetwarmer-75x75.webp 75w, https:\/\/indigo4ua.com\/wp-content\/uploads\/2025\/04\/voetwarmer-600x600.webp 600w\" sizes=\"auto, (max-width: 1200px) 100vw, 1200px\" \/><\/figure>\n<\/div>\n<\/div>\n\n\n\n<div style=\"height:50px\" aria-hidden=\"true\" class=\"wp-block-spacer\"><\/div>\n\n\n\n<h2 class=\"wp-block-heading\">Beschaffung<\/h2>\n\n\n\n<p>Die W\u00e4rmekissen wurden gekauft bei <a href=\"https:\/\/takehot.com.ua\/\" target=\"_blank\" rel=\"noreferrer noopener\">TakeHot<\/a> in der Ukraine.<br><a href=\"https:\/\/indigo4ua.com\/wp-content\/uploads\/2025\/05\/paypal-betaling.jpg\">Bezahlt<\/a>: \u20ac 2.818<br>Defizit <a href=\"https:\/\/indigo4ua.com\/de\/fundraising-aktivitaten\/schlafsacke\/\">Kollektion von Schlafs\u00e4cken<\/a>: \u20ac 82<br>Zielbetrag Donorbox-Seite: \u20ac 2.900<\/p>\n\n\n\n<h2 class=\"wp-block-heading\">Logistik<\/h2>\n\n\n\n<p>Die Heizkissen wurden in die Region Odessa geliefert und dort gelagert. Die verf\u00fcgbaren Heizkissen wurden an viele verschiedene Einheiten geliefert. <\/p>\n\n\n\n<h2 class=\"wp-block-heading\">Finanzierung<\/h2>\n\n\n\n<p>Das erforderliche Budget von 2.900 \u20ac wurde von Gebern \u00fcber das <a href=\"https:\/\/donorbox.org\/chemical-warmers-for-ukraine\" target=\"_blank\" rel=\"noreferrer noopener\">Spenderbox-Seite<\/a>.<\/p>\n\n\n\n<h2 class=\"wp-block-heading\">Team<\/h2>\n\n\n\n<div class=\"wp-block-columns team-dakota is-layout-flex wp-container-core-columns-is-layout-28f84493 wp-block-columns-is-layout-flex\">\n<div class=\"wp-block-column is-layout-flow wp-block-column-is-layout-flow\">\n<figure class=\"wp-block-image size-full is-style-rounded\"><img alt=\"\" loading=\"lazy\" decoding=\"async\" width=\"500\" height=\"500\" src=\"https:\/\/indigo4ua.com\/wp-content\/uploads\/2025\/02\/alex-bond-nafo-fella.jpg\" class=\"wp-image-107\" srcset=\"https:\/\/indigo4ua.com\/wp-content\/uploads\/2025\/02\/alex-bond-nafo-fella.jpg 500w, https:\/\/indigo4ua.com\/wp-content\/uploads\/2025\/02\/alex-bond-nafo-fella-300x300.jpg 300w, https:\/\/indigo4ua.com\/wp-content\/uploads\/2025\/02\/alex-bond-nafo-fella-150x150.jpg 150w, https:\/\/indigo4ua.com\/wp-content\/uploads\/2025\/02\/alex-bond-nafo-fella-12x12.jpg 12w, https:\/\/indigo4ua.com\/wp-content\/uploads\/2025\/02\/alex-bond-nafo-fella-75x75.jpg 75w, https:\/\/indigo4ua.com\/wp-content\/uploads\/2025\/02\/alex-bond-nafo-fella-400x400.jpg 400w\" sizes=\"auto, (max-width: 500px) 100vw, 500px\" \/><\/figure>\n\n\n\n<h4 class=\"wp-block-heading has-text-align-center\">Alex Bond<\/h4>\n\n\n\n<p class=\"has-text-align-center\">Alex Bond, ein Freiwilliger in der Ukraine, stellte den Kontakt zu TakeHot her und sorgte mit seinem WarMonitorTeam daf\u00fcr, dass alle Heizkissen die Armeebrigaden erreichten.<\/p>\n<\/div>\n\n\n\n<div class=\"wp-block-column is-layout-flow wp-block-column-is-layout-flow\">\n<figure class=\"wp-block-image size-full is-style-rounded\"><img alt=\"NAFO Einheimischer Fella\" loading=\"lazy\" decoding=\"async\" width=\"500\" height=\"500\" src=\"https:\/\/indigo4ua.com\/wp-content\/uploads\/2025\/02\/nafo-fella-indigonl-500px.jpg\" class=\"wp-image-106\" srcset=\"https:\/\/indigo4ua.com\/wp-content\/uploads\/2025\/02\/nafo-fella-indigonl-500px.jpg 500w, https:\/\/indigo4ua.com\/wp-content\/uploads\/2025\/02\/nafo-fella-indigonl-500px-300x300.jpg 300w, https:\/\/indigo4ua.com\/wp-content\/uploads\/2025\/02\/nafo-fella-indigonl-500px-150x150.jpg 150w, https:\/\/indigo4ua.com\/wp-content\/uploads\/2025\/02\/nafo-fella-indigonl-500px-12x12.jpg 12w, https:\/\/indigo4ua.com\/wp-content\/uploads\/2025\/02\/nafo-fella-indigonl-500px-75x75.jpg 75w, https:\/\/indigo4ua.com\/wp-content\/uploads\/2025\/02\/nafo-fella-indigonl-500px-400x400.jpg 400w\" sizes=\"auto, (max-width: 500px) 100vw, 500px\" \/><\/figure>\n\n\n\n<h4 class=\"wp-block-heading has-text-align-center\">Petra Blankwaard<\/h4>\n\n\n\n<p class=\"has-text-align-center\">Ich suchte innerhalb meines Netzwerks in den Niederlanden Hilfe f\u00fcr die Logistik und organisierte den Transport der Schlafs\u00e4cke \u00fcber diesen Kanal. Au\u00dferdem k\u00fcmmerte ich mich um die Fundraising-Kampagne zur Finanzierung.<\/p>\n<\/div>\n\n\n\n<div class=\"wp-block-column is-layout-flow wp-block-column-is-layout-flow\"><\/div>\n<\/div>\n\n\n\n<h2 class=\"wp-block-heading\">Fotos<\/h2>\n\n\n\n<div class=\"wp-block-columns is-layout-flex wp-container-core-columns-is-layout-28f84493 wp-block-columns-is-layout-flex\">\n<div class=\"wp-block-column is-layout-flow wp-block-column-is-layout-flow\">\n<figure class=\"wp-block-embed is-type-rich is-provider-twitter wp-block-embed-twitter\"><div class=\"wp-block-embed__wrapper\">\n<blockquote class=\"twitter-tweet\" data-width=\"500\" data-dnt=\"true\"><p lang=\"en\" dir=\"ltr\">Leute! Ich m\u00f6chte euch diese frohe Botschaft von Freiwilligen aus dem Gebiet Cherson \u00fcbermitteln. Sie unterst\u00fctzen mehrere Einheiten in den Gebieten Cherson, Charkiw und Donezk. <br><br>Sie erhielten chemische Heizger\u00e4te von <a href=\"https:\/\/twitter.com\/AlexBondODUA?ref_src=twsrc%5Etfw\">@AlexBondODUA<\/a> <br>Dank unserer Unterst\u00fctzer k\u00f6nnen wir viele Menschen mit W\u00e4rme versorgen... <a href=\"https:\/\/t.co\/YeNK5lhJLk\">https:\/\/t.co\/YeNK5lhJLk<\/a> <a href=\"https:\/\/t.co\/yLK5zgJswK\">pic.twitter.com\/yLK5zgJswK<\/a><\/p>- Petra Blankwaard (@indigonl) <a href=\"https:\/\/twitter.com\/indigonl\/status\/1887604594424828208?ref_src=twsrc%5Etfw\">6. Februar 2025<\/a><\/blockquote><script async src=\"https:\/\/platform.twitter.com\/widgets.js\" charset=\"utf-8\"><\/script>\n<\/div><\/figure>\n\n\n\n<figure class=\"wp-block-embed is-type-rich is-provider-twitter wp-block-embed-twitter\"><div class=\"wp-block-embed__wrapper\">\n<blockquote class=\"twitter-tweet\" data-width=\"500\" data-dnt=\"true\"><p lang=\"en\" dir=\"ltr\">Wir haben bereits mit der Verteilung der W\u00e4rmflaschen an die Einheiten begonnen! <br><br>Eines der Pakete wurde an einen tapferen Soldaten geschickt <a href=\"https:\/\/twitter.com\/MecArea8176?ref_src=twsrc%5Etfw\">@MecArea8176<\/a> einer meiner liebsten 28. Mechanisierten Brigade \ud83e\udee1\ud83d\udcaa\ud83c\udffc <a href=\"https:\/\/t.co\/ADQiqadiv7\">https:\/\/t.co\/ADQiqadiv7<\/a> <a href=\"https:\/\/t.co\/5ZbxoVC9Tp\">pic.twitter.com\/5ZbxoVC9Tp<\/a><\/p>- Alex Bond (@AlexBondODUA) <a href=\"https:\/\/twitter.com\/AlexBondODUA\/status\/1881758333050466410?ref_src=twsrc%5Etfw\">Januar 21, 2025<\/a><\/blockquote><script async src=\"https:\/\/platform.twitter.com\/widgets.js\" charset=\"utf-8\"><\/script>\n<\/div><\/figure>\n<\/div>\n\n\n\n<div class=\"wp-block-column is-layout-flow wp-block-column-is-layout-flow\">\n<figure class=\"wp-block-embed is-type-rich is-provider-twitter wp-block-embed-twitter\"><div class=\"wp-block-embed__wrapper\">\n<blockquote class=\"twitter-tweet\" data-width=\"500\" data-dnt=\"true\"><p lang=\"en\" dir=\"ltr\">Erinnern Sie sich an die Spendenaktion f\u00fcr die Chemikalienw\u00e4rmer, zusammen mit <a href=\"https:\/\/twitter.com\/AlexBondODUA?ref_src=twsrc%5Etfw\">@AlexBondODUA<\/a>?<br><br>Ich habe heute diese frohe Botschaft erhalten \u2764\ufe0f<br><br>In \ud83c\uddfa\ud83c\udde6 ist es jetzt k\u00e4lter, deshalb sind sie sehr dankbar, dass sie die Stulpen erhalten haben. Danke an alle Unterst\u00fctzer \ud83e\udef6\ud83c\udffc<br><br>\u00dcbersetzung \ud83c\uddec\ud83c\udde7<br><br>Obwohl jeder Tag wie der vorherige ist... <a href=\"https:\/\/t.co\/4QM0jPHFAf\">pic.twitter.com\/4QM0jPHFAf<\/a><\/p>- Petra Blankwaard (@indigonl) <a href=\"https:\/\/twitter.com\/indigonl\/status\/1889774159322096122?ref_src=twsrc%5Etfw\">Februar 12, 2025<\/a><\/blockquote><script async src=\"https:\/\/platform.twitter.com\/widgets.js\" charset=\"utf-8\"><\/script>\n<\/div><\/figure>\n\n\n\n<figure class=\"wp-block-embed is-type-rich is-provider-twitter wp-block-embed-twitter\"><div class=\"wp-block-embed__wrapper\">\n<blockquote class=\"twitter-tweet\" data-width=\"500\" data-dnt=\"true\"><p lang=\"en\" dir=\"ltr\">Freunde \ud83d\udc99\ud83d\udc9b heute haben wir die letzte Lieferung verschickt: Uniformen und 7. Schicht, T-Shirts, Ubaks, Rucks\u00e4cke, Helmhalterungen, Sitzmatten, Fleecejacken, Thermojacken, Winterbuffs. Die Hand- und Fu\u00dfw\u00e4rmer, W\u00e4rmepflaster f\u00fcr den R\u00fccken und Trockenduschen sollten in den n\u00e4chsten Tagen eintreffen.... <a href=\"https:\/\/t.co\/kMWj6sORKk\">pic.twitter.com\/kMWj6sORKk<\/a><\/p>- Dima Zapo \ud83c\uddfa\ud83c\udde6 (@DimaZapo) <a href=\"https:\/\/twitter.com\/DimaZapo\/status\/1893399078077108295?ref_src=twsrc%5Etfw\">22. Februar 2025<\/a><\/blockquote><script async src=\"https:\/\/platform.twitter.com\/widgets.js\" charset=\"utf-8\"><\/script>\n<\/div><\/figure>\n\n\n\n<figure class=\"wp-block-embed is-type-rich is-provider-twitter wp-block-embed-twitter\"><div class=\"wp-block-embed__wrapper\">\n<blockquote class=\"twitter-tweet\" data-width=\"500\" data-dnt=\"true\"><p lang=\"en\" dir=\"ltr\">Schlafs\u00e4cke, Evakuierungstragen und einige Handw\u00e4rmer geliefert an <a href=\"https:\/\/twitter.com\/Dmitro622248?ref_src=twsrc%5Etfw\">@Dmitro622248<\/a>Die Jungs.<br><br>M\u00f6ge Gott euch besch\u00fctzen, ihr Helden. <a href=\"https:\/\/t.co\/ZMcxrK1bsZ\">pic.twitter.com\/ZMcxrK1bsZ<\/a><\/p>- Alex Bond (@AlexBondODUA) <a href=\"https:\/\/twitter.com\/AlexBondODUA\/status\/1880148959538344124?ref_src=twsrc%5Etfw\">Januar 17, 2025<\/a><\/blockquote><script async src=\"https:\/\/platform.twitter.com\/widgets.js\" charset=\"utf-8\"><\/script>\n<\/div><\/figure>\n<\/div>\n\n\n\n<div class=\"wp-block-column is-layout-flow wp-block-column-is-layout-flow\">\n<figure class=\"wp-block-embed is-type-rich is-provider-twitter wp-block-embed-twitter\"><div class=\"wp-block-embed__wrapper\">\n<blockquote class=\"twitter-tweet\" data-width=\"500\" data-dnt=\"true\"><p lang=\"en\" dir=\"ltr\">W\u00e4rmer geliefert \u2764\ufe0f\u200d\ud83d\udd25 <a href=\"https:\/\/t.co\/0ja1xqQWNy\">https:\/\/t.co\/0ja1xqQWNy<\/a> <a href=\"https:\/\/t.co\/koe4Ju6w53\">pic.twitter.com\/cow4Ju6w53<\/a><\/p>- Petra Blankwaard (@indigonl) <a href=\"https:\/\/twitter.com\/indigonl\/status\/1890690938546102449?ref_src=twsrc%5Etfw\">Februar 15, 2025<\/a><\/blockquote><script async src=\"https:\/\/platform.twitter.com\/widgets.js\" charset=\"utf-8\"><\/script>\n<\/div><\/figure>\n\n\n\n<figure class=\"wp-block-embed is-type-rich is-provider-twitter wp-block-embed-twitter\"><div class=\"wp-block-embed__wrapper\">\n<blockquote class=\"twitter-tweet\" data-width=\"500\" data-dnt=\"true\"><p lang=\"en\" dir=\"ltr\">56. Brigade mit Chemikalienw\u00e4rmern ausgestattet, die zuvor von <a href=\"https:\/\/twitter.com\/indigonl?ref_src=twsrc%5Etfw\">@indigonl<\/a> \ud83e\udebd <a href=\"https:\/\/t.co\/HrInDREB7G\">pic.twitter.com\/HrInDREB7G<\/a><\/p>- Alex Bond (@AlexBondODUA) <a href=\"https:\/\/twitter.com\/AlexBondODUA\/status\/1896529810001977671?ref_src=twsrc%5Etfw\">M\u00e4rz 3, 2025<\/a><\/blockquote><script async src=\"https:\/\/platform.twitter.com\/widgets.js\" charset=\"utf-8\"><\/script>\n<\/div><\/figure>\n\n\n\n<figure class=\"wp-block-video\"><video height=\"1280\" style=\"aspect-ratio: 720 \/ 1280;\" width=\"720\" controls poster=\"https:\/\/indigo4ua.com\/wp-content\/uploads\/2025\/05\/20250119-DimaZapo_thumb2.jpg\" src=\"https:\/\/indigo4ua.com\/wp-content\/uploads\/2025\/05\/20250119-DimaZapo.mp4\"><\/video><\/figure>\n<\/div>\n<\/div>","protected":false},"excerpt":{"rendered":"<p>Warmtepads Winters in Oekra\u00efne zijn koud, in het bijzonder voor soldaten die in loopgraven zitten en buiten op posities verblijven.. Veel units kochten warmtepads in kleine hoeveelheden en het is een stuk voordeliger om een grotere partij in te kopen, op voorraad te leggen en gefaseerd uit te leveren. Voor deze campagne hebben we 4500 [&hellip;]<\/p>\n","protected":false},"author":1,"featured_media":0,"parent":129,"menu_order":0,"comment_status":"closed","ping_status":"closed","template":"","meta":{"_seopress_robots_primary_cat":"","_seopress_titles_title":"","_seopress_titles_desc":"","_seopress_robots_index":"","_genesis_hide_title":false,"_genesis_hide_breadcrumbs":false,"_genesis_hide_singular_image":false,"_genesis_hide_footer_widgets":false,"_genesis_custom_body_class":"","_genesis_custom_post_class":"","_genesis_layout":"","footnotes":""},"class_list":{"0":"post-275","1":"page","2":"type-page","3":"status-publish","5":"entry"},"featured_image_src":null,"featured_image_src_square":null,"_links":{"self":[{"href":"https:\/\/indigo4ua.com\/de\/wp-json\/wp\/v2\/pages\/275","targetHints":{"allow":["GET"]}}],"collection":[{"href":"https:\/\/indigo4ua.com\/de\/wp-json\/wp\/v2\/pages"}],"about":[{"href":"https:\/\/indigo4ua.com\/de\/wp-json\/wp\/v2\/types\/page"}],"author":[{"embeddable":true,"href":"https:\/\/indigo4ua.com\/de\/wp-json\/wp\/v2\/users\/1"}],"replies":[{"embeddable":true,"href":"https:\/\/indigo4ua.com\/de\/wp-json\/wp\/v2\/comments?post=275"}],"version-history":[{"count":0,"href":"https:\/\/indigo4ua.com\/de\/wp-json\/wp\/v2\/pages\/275\/revisions"}],"up":[{"embeddable":true,"href":"https:\/\/indigo4ua.com\/de\/wp-json\/wp\/v2\/pages\/129"}],"wp:attachment":[{"href":"https:\/\/indigo4ua.com\/de\/wp-json\/wp\/v2\/media?parent=275"}],"curies":[{"name":"wp","href":"https:\/\/api.w.org\/{rel}","templated":true}]}}