{"id":510,"date":"2025-05-15T18:02:30","date_gmt":"2025-05-15T16:02:30","guid":{"rendered":"https:\/\/indigo4ua.com\/?page_id=510"},"modified":"2026-02-04T12:40:11","modified_gmt":"2026-02-04T11:40:11","slug":"hervorgehobene-zertifikate","status":"publish","type":"page","link":"https:\/\/indigo4ua.com\/de\/uitgelicht-oorkondes\/","title":{"rendered":"Ausgew\u00e4hlt - Zertifikate"},"content":{"rendered":"<p><\/p>\n\n\n\n<p>Auf dieser Seite finden Sie Urkunden, die ich von der ukrainischen Armee als Dank f\u00fcr die geleistete Hilfe erhalten habe.<\/p>\n\n\n\n<h2 class=\"wp-block-heading\">Bescheinigungen<\/h2>\n\n\n\n<div class=\"wp-block-columns indigo-masonry is-layout-flex wp-container-core-columns-is-layout-28f84493 wp-block-columns-is-layout-flex\">\n<div class=\"wp-block-column is-layout-flow wp-block-column-is-layout-flow\">\n<div class=\"wp-block-group is-layout-constrained wp-block-group-is-layout-constrained\">\n<figure class=\"wp-block-image size-large\"><img alt=\"\" loading=\"lazy\" decoding=\"async\" width=\"716\" height=\"1024\" src=\"https:\/\/indigo4ua.com\/wp-content\/uploads\/2026\/01\/appreciation-34th-716x1024.jpg\" class=\"wp-image-1494\" srcset=\"https:\/\/indigo4ua.com\/wp-content\/uploads\/2026\/01\/appreciation-34th-716x1024.jpg 716w, https:\/\/indigo4ua.com\/wp-content\/uploads\/2026\/01\/appreciation-34th-210x300.jpg 210w, https:\/\/indigo4ua.com\/wp-content\/uploads\/2026\/01\/appreciation-34th-768x1099.jpg 768w, https:\/\/indigo4ua.com\/wp-content\/uploads\/2026\/01\/appreciation-34th-1073x1536.jpg 1073w, https:\/\/indigo4ua.com\/wp-content\/uploads\/2026\/01\/appreciation-34th-1431x2048.jpg 1431w, https:\/\/indigo4ua.com\/wp-content\/uploads\/2026\/01\/appreciation-34th-8x12.jpg 8w, https:\/\/indigo4ua.com\/wp-content\/uploads\/2026\/01\/appreciation-34th-scaled.jpg 1789w\" sizes=\"auto, (max-width: 716px) 100vw, 716px\" \/><\/figure>\n\n\n\n<div class=\"wp-block-group is-layout-constrained wp-block-group-is-layout-constrained\">\n<p>Erstes Bataillon der K\u00fcstenverteidigung<br>BEWERTUNG<br>Milit\u00e4rische Einheit A7053 (34. K\u00fcstenverteidigungsbrigade)<br><br>Wir danken Ihnen f\u00fcr Ihren aktiven freiwilligen Einsatz und Ihren bedeutenden Beitrag zur St\u00e4rkung der Verteidigungsf\u00e4higkeit des Staates w\u00e4hrend der gro\u00df angelegten Invasion in der Ukraine sowie f\u00fcr Ihre individuelle Hilfe und Unterst\u00fctzung f\u00fcr die Einheiten des Ersten K\u00fcstenschutzbataillons des Marinekorps. Wir wissen Ihre Arbeit, Ihre Zeit, Ihren Einsatz und Ihren Wunsch zu helfen sehr zu sch\u00e4tzen. Ihr Beitrag hat eine reale Auswirkung auf die Verteidigung und Rettung des Lebens unserer K\u00e4mpfer.<\/p>\n\n\n\n<p>Kommandeur des Ersten Bataillons des K\u00fcstenschutzes<br>Milit\u00e4rische Einheit A7053<br>Bataillonskommandeur<br>Oberleutnant<br>Wjatscheslaw Ptaschynskyi<\/p>\n<\/div>\n<\/div>\n\n\n\n<div class=\"wp-block-group is-layout-constrained wp-block-group-is-layout-constrained\">\n<figure class=\"wp-block-image size-large\"><img alt=\"\" loading=\"lazy\" decoding=\"async\" width=\"685\" height=\"1024\" src=\"https:\/\/indigo4ua.com\/wp-content\/uploads\/2025\/09\/20250924-BG-Medical-Service-UMMA-685x1024.jpg\" class=\"wp-image-1022\" srcset=\"https:\/\/indigo4ua.com\/wp-content\/uploads\/2025\/09\/20250924-BG-Medical-Service-UMMA-685x1024.jpg 685w, https:\/\/indigo4ua.com\/wp-content\/uploads\/2025\/09\/20250924-BG-Medical-Service-UMMA-201x300.jpg 201w, https:\/\/indigo4ua.com\/wp-content\/uploads\/2025\/09\/20250924-BG-Medical-Service-UMMA-768x1148.jpg 768w, https:\/\/indigo4ua.com\/wp-content\/uploads\/2025\/09\/20250924-BG-Medical-Service-UMMA-1028x1536.jpg 1028w, https:\/\/indigo4ua.com\/wp-content\/uploads\/2025\/09\/20250924-BG-Medical-Service-UMMA-8x12.jpg 8w, https:\/\/indigo4ua.com\/wp-content\/uploads\/2025\/09\/20250924-BG-Medical-Service-UMMA.jpg 1370w\" sizes=\"auto, (max-width: 685px) 100vw, 685px\" \/><\/figure>\n<\/div>\n\n\n\n<div class=\"wp-block-group is-layout-constrained wp-block-group-is-layout-constrained\">\n<figure class=\"wp-block-image size-large\"><img alt=\"\" loading=\"lazy\" decoding=\"async\" width=\"894\" height=\"1024\" src=\"https:\/\/indigo4ua.com\/wp-content\/uploads\/2025\/09\/20250628-atey-894x1024.jpg\" class=\"wp-image-1023\" srcset=\"https:\/\/indigo4ua.com\/wp-content\/uploads\/2025\/09\/20250628-atey-894x1024.jpg 894w, https:\/\/indigo4ua.com\/wp-content\/uploads\/2025\/09\/20250628-atey-262x300.jpg 262w, https:\/\/indigo4ua.com\/wp-content\/uploads\/2025\/09\/20250628-atey-768x880.jpg 768w, https:\/\/indigo4ua.com\/wp-content\/uploads\/2025\/09\/20250628-atey-1341x1536.jpg 1341w, https:\/\/indigo4ua.com\/wp-content\/uploads\/2025\/09\/20250628-atey-10x12.jpg 10w, https:\/\/indigo4ua.com\/wp-content\/uploads\/2025\/09\/20250628-atey.jpg 1788w\" sizes=\"auto, (max-width: 894px) 100vw, 894px\" \/><\/figure>\n<\/div>\n\n\n\n<div class=\"wp-block-group is-layout-constrained wp-block-group-is-layout-constrained\">\n<figure class=\"wp-block-image size-large\"><img alt=\"\" loading=\"lazy\" decoding=\"async\" width=\"1024\" height=\"720\" src=\"https:\/\/indigo4ua.com\/wp-content\/uploads\/2025\/09\/20250903-46th-Airmobile-Brigade-1024x720.jpg\" class=\"wp-image-1021\" srcset=\"https:\/\/indigo4ua.com\/wp-content\/uploads\/2025\/09\/20250903-46th-Airmobile-Brigade-1024x720.jpg 1024w, https:\/\/indigo4ua.com\/wp-content\/uploads\/2025\/09\/20250903-46th-Airmobile-Brigade-300x211.jpg 300w, https:\/\/indigo4ua.com\/wp-content\/uploads\/2025\/09\/20250903-46th-Airmobile-Brigade-768x540.jpg 768w, https:\/\/indigo4ua.com\/wp-content\/uploads\/2025\/09\/20250903-46th-Airmobile-Brigade-1536x1080.jpg 1536w, https:\/\/indigo4ua.com\/wp-content\/uploads\/2025\/09\/20250903-46th-Airmobile-Brigade-18x12.jpg 18w, https:\/\/indigo4ua.com\/wp-content\/uploads\/2025\/09\/20250903-46th-Airmobile-Brigade.jpg 2048w\" sizes=\"auto, (max-width: 1024px) 100vw, 1024px\" \/><\/figure>\n\n\n\n<div class=\"wp-block-group is-layout-constrained wp-block-group-is-layout-constrained\">\n<p><strong>Bewertung<\/strong><\/p>\n\n\n\n<p>Verliehen an Petra Blankwaard f\u00fcr einen wirksamen freiwilligen Beitrag zur St\u00e4rkung der ukrainischen Verteidigungskapazit\u00e4ten, indem sie in dieser au\u00dfergew\u00f6hnlichen Zeit beeindruckende Such- und Rettungsaktionen an der ukrainischen Front durchgef\u00fchrt hat. <br><br>Verteidigungsministerium der Ukraine, <br>s. Velykomikhailivka, <br>Kommandant der milit\u00e4rischen Einheit A4350.<br>46. Luftlande-Brigade<\/p>\n<\/div>\n<\/div>\n\n\n\n<div class=\"wp-block-group is-layout-constrained wp-block-group-is-layout-constrained\">\n<figure class=\"wp-block-image size-large\"><img alt=\"\" loading=\"lazy\" decoding=\"async\" width=\"749\" height=\"1024\" src=\"https:\/\/indigo4ua.com\/wp-content\/uploads\/2025\/05\/80th-Airborne-Assault-Brigade-1-749x1024.jpeg\" class=\"wp-image-609\" srcset=\"https:\/\/indigo4ua.com\/wp-content\/uploads\/2025\/05\/80th-Airborne-Assault-Brigade-1-749x1024.jpeg 749w, https:\/\/indigo4ua.com\/wp-content\/uploads\/2025\/05\/80th-Airborne-Assault-Brigade-1-220x300.jpeg 220w, https:\/\/indigo4ua.com\/wp-content\/uploads\/2025\/05\/80th-Airborne-Assault-Brigade-1-768x1050.jpeg 768w, https:\/\/indigo4ua.com\/wp-content\/uploads\/2025\/05\/80th-Airborne-Assault-Brigade-1-9x12.jpeg 9w, https:\/\/indigo4ua.com\/wp-content\/uploads\/2025\/05\/80th-Airborne-Assault-Brigade-1.jpeg 878w\" sizes=\"auto, (max-width: 749px) 100vw, 749px\" \/><\/figure>\n\n\n\n<div class=\"wp-block-group is-layout-constrained wp-block-group-is-layout-constrained\">\n<p><strong>Bewertung<\/strong><\/p>\n\n\n\n<p>Die F\u00fchrung und das Personal der Milit\u00e4reinheit A0284 bedanken sich aufrichtig f\u00fcr die geleistete Hilfe, Ihre standhafte zivile Haltung, Ihren Patriotismus und Ihr gutes Herz. Mit Ihrer Unterst\u00fctzung verteidigen wir zuversichtlich und mutig die Unabh\u00e4ngigkeit unseres Heimatlandes. <br><br>Im Namen der Leitung der milit\u00e4rischen Einheit A0284, Pavlo Rozlach, <br>80. Mobile Luftlande-Brigade.<\/p>\n<\/div>\n<\/div>\n\n\n\n<div class=\"wp-block-group is-layout-constrained wp-block-group-is-layout-constrained\">\n<figure class=\"wp-block-image size-large\"><img alt=\"\" loading=\"lazy\" decoding=\"async\" width=\"768\" height=\"1024\" src=\"https:\/\/indigo4ua.com\/wp-content\/uploads\/2025\/05\/3rd-Separate-Assault-Brigade-1-768x1024.jpeg\" class=\"wp-image-610\" srcset=\"https:\/\/indigo4ua.com\/wp-content\/uploads\/2025\/05\/3rd-Separate-Assault-Brigade-1-768x1024.jpeg 768w, https:\/\/indigo4ua.com\/wp-content\/uploads\/2025\/05\/3rd-Separate-Assault-Brigade-1-225x300.jpeg 225w, https:\/\/indigo4ua.com\/wp-content\/uploads\/2025\/05\/3rd-Separate-Assault-Brigade-1-9x12.jpeg 9w, https:\/\/indigo4ua.com\/wp-content\/uploads\/2025\/05\/3rd-Separate-Assault-Brigade-1.jpeg 900w\" sizes=\"auto, (max-width: 768px) 100vw, 768px\" \/><\/figure>\n\n\n\n<div class=\"wp-block-group is-layout-constrained wp-block-group-is-layout-constrained\">\n<p><strong>Bewertung<\/strong><\/p>\n\n\n\n<p>F\u00fcr ihren bedeutenden Beitrag zur Verbesserung der Kampff\u00e4higkeit der 3. separaten Angriffsbrigade und zum k\u00fcnftigen Sieg der Ukraine im Unabh\u00e4ngigkeitskrieg.<br><\/p>\n\n\n\n<p>Brigadekommandeur<br>Oberst Biletskyi Andrii<br>Referat A4638<\/p>\n<\/div>\n<\/div>\n\n\n\n<div class=\"wp-block-group is-layout-constrained wp-block-group-is-layout-constrained\">\n<figure class=\"wp-block-image size-large\"><img alt=\"\" loading=\"lazy\" decoding=\"async\" width=\"798\" height=\"1024\" src=\"https:\/\/indigo4ua.com\/wp-content\/uploads\/2025\/05\/22-798x1024.jpeg\" class=\"wp-image-611\" srcset=\"https:\/\/indigo4ua.com\/wp-content\/uploads\/2025\/05\/22-798x1024.jpeg 798w, https:\/\/indigo4ua.com\/wp-content\/uploads\/2025\/05\/22-234x300.jpeg 234w, https:\/\/indigo4ua.com\/wp-content\/uploads\/2025\/05\/22-768x986.jpeg 768w, https:\/\/indigo4ua.com\/wp-content\/uploads\/2025\/05\/22-9x12.jpeg 9w, https:\/\/indigo4ua.com\/wp-content\/uploads\/2025\/05\/22.jpeg 935w\" sizes=\"auto, (max-width: 798px) 100vw, 798px\" \/><\/figure>\n<\/div>\n\n\n\n<div class=\"wp-block-group is-layout-constrained wp-block-group-is-layout-constrained\">\n<figure class=\"wp-block-image size-large\"><img alt=\"\" loading=\"lazy\" decoding=\"async\" width=\"768\" height=\"1024\" src=\"https:\/\/indigo4ua.com\/wp-content\/uploads\/2025\/05\/DeLeeuw-Kyiv-768x1024.jpeg\" class=\"wp-image-612\" srcset=\"https:\/\/indigo4ua.com\/wp-content\/uploads\/2025\/05\/DeLeeuw-Kyiv-768x1024.jpeg 768w, https:\/\/indigo4ua.com\/wp-content\/uploads\/2025\/05\/DeLeeuw-Kyiv-225x300.jpeg 225w, https:\/\/indigo4ua.com\/wp-content\/uploads\/2025\/05\/DeLeeuw-Kyiv-9x12.jpeg 9w, https:\/\/indigo4ua.com\/wp-content\/uploads\/2025\/05\/DeLeeuw-Kyiv.jpeg 900w\" sizes=\"auto, (max-width: 768px) 100vw, 768px\" \/><\/figure>\n<\/div>\n<\/div>\n<\/div>\n\n\n\n<p><\/p>","protected":false},"excerpt":{"rendered":"<p>Op deze pagina vind je oorkondes die ik heb ontvangen van het Oekraiense leger als dank voor geboden hulp. Oorkondes Eerste Bataljon van KustverdedigingWAARDERINGMilitaire Unit A7053 (34e Kustverdedigingsbrigade) Bedankt voor uw actieve vrijwilligerswerk en significante bijdrage aan het versterken van de verdedigingscapaciteit van de staat tijdens de grootschalige invasie van Oekra\u00efne, evenals voor uw afzonderlijke [&hellip;]<\/p>\n","protected":false},"author":1,"featured_media":1028,"parent":0,"menu_order":0,"comment_status":"closed","ping_status":"closed","template":"","meta":{"_seopress_robots_primary_cat":"","_seopress_titles_title":"","_seopress_titles_desc":"","_seopress_robots_index":"","_genesis_hide_title":false,"_genesis_hide_breadcrumbs":false,"_genesis_hide_singular_image":false,"_genesis_hide_footer_widgets":false,"_genesis_custom_body_class":"","_genesis_custom_post_class":"","_genesis_layout":"","footnotes":""},"class_list":{"0":"post-510","1":"page","2":"type-page","3":"status-publish","4":"has-post-thumbnail","6":"entry"},"featured_image_src":"https:\/\/indigo4ua.com\/wp-content\/uploads\/2025\/09\/192nd-600x400.jpg","featured_image_src_square":"https:\/\/indigo4ua.com\/wp-content\/uploads\/2025\/09\/192nd-600x600.jpg","_links":{"self":[{"href":"https:\/\/indigo4ua.com\/de\/wp-json\/wp\/v2\/pages\/510","targetHints":{"allow":["GET"]}}],"collection":[{"href":"https:\/\/indigo4ua.com\/de\/wp-json\/wp\/v2\/pages"}],"about":[{"href":"https:\/\/indigo4ua.com\/de\/wp-json\/wp\/v2\/types\/page"}],"author":[{"embeddable":true,"href":"https:\/\/indigo4ua.com\/de\/wp-json\/wp\/v2\/users\/1"}],"replies":[{"embeddable":true,"href":"https:\/\/indigo4ua.com\/de\/wp-json\/wp\/v2\/comments?post=510"}],"version-history":[{"count":0,"href":"https:\/\/indigo4ua.com\/de\/wp-json\/wp\/v2\/pages\/510\/revisions"}],"wp:featuredmedia":[{"embeddable":true,"href":"https:\/\/indigo4ua.com\/de\/wp-json\/wp\/v2\/media\/1028"}],"wp:attachment":[{"href":"https:\/\/indigo4ua.com\/de\/wp-json\/wp\/v2\/media?parent=510"}],"curies":[{"name":"wp","href":"https:\/\/api.w.org\/{rel}","templated":true}]}}