{"id":8,"date":"2025-02-01T14:05:26","date_gmt":"2025-02-01T13:05:26","guid":{"rendered":"https:\/\/indigo4ua.com\/index.php\/homepage\/"},"modified":"2026-01-02T14:21:05","modified_gmt":"2026-01-02T13:21:05","slug":"homepage","status":"publish","type":"page","link":"https:\/\/indigo4ua.com\/de\/","title":{"rendered":"Indigo f\u00fcr die Ukraine"},"content":{"rendered":"<div class=\"wp-block-columns alignwide hero is-layout-flex wp-container-core-columns-is-layout-28f84493 wp-block-columns-is-layout-flex\">\n<div class=\"wp-block-column is-layout-flow wp-block-column-is-layout-flow\" style=\"flex-basis:33.33%\">\n<h4 class=\"wp-block-heading\">Indigo f\u00fcr die Ukraine<\/h4>\n\n\n\n<h2 class=\"wp-block-heading\">Hilfe f\u00fcr die Ukraine aus den Niederlanden<\/h2>\n\n\n\n<div class=\"wp-block-group is-layout-flow wp-container-core-group-is-layout-2b8d9b16 wp-block-group-is-layout-flow\" style=\"margin-top:var(--wp--preset--spacing--70);margin-bottom:var(--wp--preset--spacing--70);padding-top:0;padding-right:0;padding-bottom:0;padding-left:0\"><\/div>\n<\/div>\n\n\n\n<div class=\"wp-block-column is-layout-flow wp-block-column-is-layout-flow\" style=\"flex-basis:66.66%\">\n<figure class=\"wp-block-image size-large\"><img loading=\"lazy\" decoding=\"async\" width=\"1024\" height=\"682\" src=\"https:\/\/indigo4ua.com\/wp-content\/uploads\/2025\/02\/indigo-for-ukraine-1024x682.jpg\" alt=\"Indigo f\u00fcr die Ukraine\" class=\"wp-image-57\" srcset=\"https:\/\/indigo4ua.com\/wp-content\/uploads\/2025\/02\/indigo-for-ukraine-1024x682.jpg 1024w, https:\/\/indigo4ua.com\/wp-content\/uploads\/2025\/02\/indigo-for-ukraine-300x200.jpg 300w, https:\/\/indigo4ua.com\/wp-content\/uploads\/2025\/02\/indigo-for-ukraine-768x512.jpg 768w, https:\/\/indigo4ua.com\/wp-content\/uploads\/2025\/02\/indigo-for-ukraine-1536x1024.jpg 1536w, https:\/\/indigo4ua.com\/wp-content\/uploads\/2025\/02\/indigo-for-ukraine-600x400.jpg 600w, https:\/\/indigo4ua.com\/wp-content\/uploads\/2025\/02\/indigo-for-ukraine.jpg 2000w\" sizes=\"auto, (max-width: 1024px) 100vw, 1024px\" \/><\/figure>\n<\/div>\n<\/div>\n\n\n\n<div class=\"wp-block-group alignwide is-layout-constrained wp-container-core-group-is-layout-adf9f7f4 wp-block-group-is-layout-constrained\" style=\"margin-top:var(--wp--preset--spacing--80);margin-bottom:var(--wp--preset--spacing--80)\"><\/div>\n\n\n\n<div style=\"height:33px\" aria-hidden=\"true\" class=\"wp-block-spacer\"><\/div>\n\n\n\n<div class=\"wp-block-cover alignfull gb-block-cta\" style=\"padding-top:var(--wp--preset--spacing--40);padding-bottom:var(--wp--preset--spacing--40);min-height:13em;aspect-ratio:unset;\"><span aria-hidden=\"true\" class=\"wp-block-cover__background has-background-dim-100 has-background-dim\" style=\"background-color:#b7cece\"><\/span><div class=\"wp-block-cover__inner-container is-layout-flow wp-block-cover-is-layout-flow\">\n<h2 class=\"wp-block-heading has-text-align-center has-text-color\" style=\"color:#32373c;font-size:32;line-height:1\"><strong>Unterst\u00fctzung laufender Fundraising-Bem\u00fchungen<\/strong><\/h2>\n\n\n\n<p class=\"has-text-align-center has-text-color\" style=\"color:#32373c;line-height:1\">Die nachstehenden Links f\u00fchren zu den Spendenseiten von Donorbox. Help the defenders wird fast ununterbrochen genutzt. <br>Die Sammlungen folgen in rascher Folge aufeinander, und f\u00fcr kleinere Sammlungen wird nicht jedes Mal eine neue Seite erstellt.<\/p>\n\n\n\n<div class=\"wp-block-buttons is-content-justification-center is-layout-flex wp-container-core-buttons-is-layout-a89b3969 wp-block-buttons-is-layout-flex\">\n<div class=\"wp-block-button gb-block-button\"><a class=\"wp-block-button__link has-text-color has-background has-custom-font-size wp-element-button\" href=\"https:\/\/donorbox.org\/help-the-defenders\" style=\"border-radius:5px;color:#ffffff;background-color:#859898;padding-top:10px;padding-right:1em;padding-bottom:10px;padding-left:1em;font-size:20px;line-height:1.2\" target=\"_blank\" rel=\"noreferrer noopener\">Helfen Sie den \ud83c\uddfa\ud83c\udde6 Verteidigern<\/a><\/div>\n\n\n\n<div class=\"wp-block-button gb-block-button\"><a class=\"wp-block-button__link has-text-color has-background has-custom-font-size wp-element-button\" href=\"https:\/\/donorbox.org\/hulp-voor-hulp-2026\" style=\"border-radius:5px;color:#ffffff;background-color:#859898;padding-top:10px;padding-right:1em;padding-bottom:10px;padding-left:1em;font-size:20px;line-height:1.2\" target=\"_blank\" rel=\"noreferrer noopener\">Hilfe zur Selbsthilfe 2026<\/a><\/div>\n<\/div>\n<\/div><\/div>\n\n\n\n<div style=\"height:46px\" aria-hidden=\"true\" class=\"wp-block-spacer\"><\/div>\n\n\n\n<h2 class=\"wp-block-heading title\">\u00dcber Indigo f\u00fcr die Ukraine<\/h2>\n\n\n\n<p>Diese Website ist eine Initiative von Petra Blankwaard. Ihr Hauptzweck ist es, Informationen \u00fcber Fundraising-Kampagnen bereitzustellen: finanzielle Rechenschaftspflicht und Informationen dar\u00fcber, wer an welchen Kampagnen beteiligt ist.<\/p>\n\n\n\n<p>Vor dieser Website wurden alle Informationen \u00fcber Fundraising-Kampagnen nur in den sozialen Medien ver\u00f6ffentlicht. Auf dieser Website habe ich die M\u00f6glichkeit, die Informationen nach Kampagnen zu b\u00fcndeln.<\/p>\n\n\n\n<p>Au\u00dferdem habe ich einige Hintergrundinformationen zu meiner Person gegeben.<\/p>\n\n\n\n<p>Die Website wird mehrsprachig angeboten: Niederl\u00e4ndisch ist die Basissprache, die \u00dcbersetzungen werden mithilfe von KI automatisiert.<\/p>\n\n\n\n<p>Haben Sie Fragen oder Anmerkungen? Bitte z\u00f6gern Sie nicht <a href=\"https:\/\/indigo4ua.com\/de\/kontakt\/\" data-type=\"page\" data-id=\"12\">Kontakt<\/a> mit mir.<\/p>","protected":false},"excerpt":{"rendered":"<p>Indigo voor Oekra\u00efne Hulp aan Oekra\u00efne vanuit Nederland Over Indigo voor Oekra\u00efne Deze website is een initiatief van Petra Blankwaard. De website is in hoofdzaak bedoeld om informatie te geven over inzamelingsacties: financi\u00eble verantwoording en informatie over wie bij welke campagnes betrokken zijn. Voordat deze website er was is alle informatie over inzamelingsacties alleen op [&hellip;]<\/p>\n","protected":false},"author":1,"featured_media":0,"parent":0,"menu_order":0,"comment_status":"closed","ping_status":"closed","template":"","meta":{"_seopress_robots_primary_cat":"","_seopress_titles_title":"Indigo voor Oekra\u00efne - steun aan Oekra\u00efne vanuit Nederland","_seopress_titles_desc":"Indigo voor Oekra\u00efne is een initiatief van Petra Blankwaard. Op deze website vind je info over inzamelingsacties en andere geboden hulp.","_seopress_robots_index":"","_genesis_hide_title":true,"_genesis_hide_breadcrumbs":true,"_genesis_hide_singular_image":true,"_genesis_hide_footer_widgets":false,"_genesis_custom_body_class":"","_genesis_custom_post_class":"","_genesis_layout":"full-width-content","footnotes":""},"class_list":{"0":"post-8","1":"page","2":"type-page","3":"status-publish","5":"entry"},"featured_image_src":null,"featured_image_src_square":null,"_links":{"self":[{"href":"https:\/\/indigo4ua.com\/de\/wp-json\/wp\/v2\/pages\/8","targetHints":{"allow":["GET"]}}],"collection":[{"href":"https:\/\/indigo4ua.com\/de\/wp-json\/wp\/v2\/pages"}],"about":[{"href":"https:\/\/indigo4ua.com\/de\/wp-json\/wp\/v2\/types\/page"}],"author":[{"embeddable":true,"href":"https:\/\/indigo4ua.com\/de\/wp-json\/wp\/v2\/users\/1"}],"replies":[{"embeddable":true,"href":"https:\/\/indigo4ua.com\/de\/wp-json\/wp\/v2\/comments?post=8"}],"version-history":[{"count":0,"href":"https:\/\/indigo4ua.com\/de\/wp-json\/wp\/v2\/pages\/8\/revisions"}],"wp:attachment":[{"href":"https:\/\/indigo4ua.com\/de\/wp-json\/wp\/v2\/media?parent=8"}],"curies":[{"name":"wp","href":"https:\/\/api.w.org\/{rel}","templated":true}]}}