{"id":102,"date":"2025-02-05T06:28:54","date_gmt":"2025-02-05T05:28:54","guid":{"rendered":"https:\/\/indigo4ua.com\/?page_id=102"},"modified":"2025-05-29T15:53:02","modified_gmt":"2025-05-29T13:53:02","slug":"sacs-de-couchage","status":"publish","type":"page","link":"https:\/\/indigo4ua.com\/fr\/inzamelingsacties\/slaapzakken\/","title":{"rendered":"Sacs de couchage"},"content":{"rendered":"<p><\/p>\n\n\n\n<div class=\"wp-block-columns alignwide osom-featured-text is-layout-flex wp-container-core-columns-is-layout-28f84493 wp-block-columns-is-layout-flex\">\n<div class=\"wp-block-column has-theme-footer-background-color has-background is-layout-flow wp-block-column-is-layout-flow\" style=\"padding-top:var(--wp--preset--spacing--80);padding-right:var(--wp--preset--spacing--70);padding-bottom:var(--wp--preset--spacing--80);padding-left:var(--wp--preset--spacing--70);flex-basis:60%\">\n<h2 class=\"wp-block-heading\">Sacs de couchage de l'arm\u00e9e<\/h2>\n\n\n\n<p>Les hivers en Ukraine sont froids, surtout pour les soldats dans les tranch\u00e9es. C'est pourquoi nous avons commenc\u00e9 \u00e0 chercher des sacs de couchage pour l'arm\u00e9e. Ceux-ci sont modulaires : chaque ensemble se compose de deux sacs de couchage que vous pouvez combiner pendant la p\u00e9riode la plus froide de l'ann\u00e9e. En outre, les sacs de couchage militaires sont beaucoup plus r\u00e9sistants que les sacs de couchage standard.<\/p>\n\n\n\n<p>Pour cette campagne, nous avons r\u00e9ussi \u00e0 mettre la main sur un lot de 400 sacs de couchage d'occasion de l'arm\u00e9e fran\u00e7aise \u00e0 un prix tr\u00e8s avantageux, ce qui nous a permis de financer ce lot important et de fournir \u00e0 de nombreuses forces ukrainiennes un sac de couchage chaud.<\/p>\n\n\n\n<div class=\"wp-block-buttons is-layout-flex wp-block-buttons-is-layout-flex\">\n<div class=\"wp-block-button is-style-outline is-style-outline--1\"><a class=\"wp-block-button__link wp-element-button\" href=\"https:\/\/donorbox.org\/sleeping-bags-for-ukraine\" target=\"_blank\" rel=\"noreferrer noopener\">PAGE DE LA BO\u00ceTE DES DONATEURS<\/a><\/div>\n<\/div>\n<\/div>\n\n\n\n<div class=\"wp-block-column is-vertically-aligned-center is-layout-flow wp-block-column-is-layout-flow\">\n<figure class=\"wp-block-image size-full size-large\"><img alt=\"\" loading=\"lazy\" decoding=\"async\" width=\"430\" height=\"400\" src=\"https:\/\/indigo4ua.com\/wp-content\/uploads\/2025\/02\/20241114-picture-France-3.jpg\" class=\"wp-image-161\" srcset=\"https:\/\/indigo4ua.com\/wp-content\/uploads\/2025\/02\/20241114-picture-France-3.jpg 430w, https:\/\/indigo4ua.com\/wp-content\/uploads\/2025\/02\/20241114-picture-France-3-300x279.jpg 300w, https:\/\/indigo4ua.com\/wp-content\/uploads\/2025\/02\/20241114-picture-France-3-13x12.jpg 13w\" sizes=\"auto, (max-width: 430px) 100vw, 430px\" \/><\/figure>\n<\/div>\n<\/div>\n\n\n\n<div style=\"height:50px\" aria-hidden=\"true\" class=\"wp-block-spacer\"><\/div>\n\n\n\n<h2 class=\"wp-block-heading\">Pr\u00e9paration<\/h2>\n\n\n\n<p>En France, apr\u00e8s avoir retrouv\u00e9 le lot de sacs de couchage, le vendeur a \u00e9t\u00e9 contact\u00e9 et les 400 sacs de couchage ont \u00e9t\u00e9 contr\u00f4l\u00e9s pour v\u00e9rifier qu'ils n'\u00e9taient pas d\u00e9fectueux. Nous avions pr\u00e9vu quelques r\u00e9parations, mais les 400 sacs de couchage \u00e9taient tous en bon \u00e9tat ! <\/p>\n\n\n\n<h2 class=\"wp-block-heading\">Transport<\/h2>\n\n\n\n<p>L'organisation de la logistique a \u00e9t\u00e9 le plus grand d\u00e9fi : les sacs de couchage ont \u00e9t\u00e9 stock\u00e9s en France, dans la r\u00e9gion de Calais. Le transport vers l'Ukraine est difficile : l'offre de transporteurs conduisant vers l'Ukraine pendant la guerre est limit\u00e9e, et les parties offrant le transport sont occup\u00e9es car la demande de transport de marchandises vers l'Ukraine est \u00e9lev\u00e9e. En fin de compte, nous <a href=\"https:\/\/www.facebook.com\/profile.php?id=61561671740870\" target=\"_blank\" rel=\"noreferrer noopener\">Heart4Ukraine<\/a> de Breskens se pr\u00e9parait \u00e0 aller chercher les sacs de couchage en France et \u00e0 les ajouter au grand convoi qu'ils avaient d\u00e9j\u00e0 programm\u00e9 pour la premi\u00e8re semaine de d\u00e9cembre 2024. En effet, le camion \u00e9tait d\u00e9j\u00e0 complet, mais les sacs de couchage ont \u00e9t\u00e9 achemin\u00e9s au d\u00e9triment de marchandises moins urgentes. <\/p>\n\n\n\n<div class=\"wp-block-columns is-layout-flex wp-container-core-columns-is-layout-28f84493 wp-block-columns-is-layout-flex\">\n<div class=\"wp-block-column is-layout-flow wp-block-column-is-layout-flow\">\n<figure class=\"wp-block-embed is-type-rich is-provider-twitter wp-block-embed-twitter\"><div class=\"wp-block-embed__wrapper\">\n<blockquote class=\"twitter-tweet\" data-width=\"500\" data-dnt=\"true\"><p lang=\"en\" dir=\"ltr\">\ud83d\udccc Mettre \u00e0 jour les sacs de couchage \ud83d\udccc<br><br>1. Tous les sacs de couchage ont \u00e9t\u00e9 inspect\u00e9s et aucun n'est endommag\u00e9. 400 sacs de couchage sont donc disponibles pour les d\u00e9fenseurs ! \ud83d\ude4f\ud83c\udffc<br>2. Transport le 6 d\u00e9cembre \ud83d\ude4f\ud83c\udffc <a href=\"https:\/\/twitter.com\/AlexBondODUA?ref_src=twsrc%5Etfw\">@AlexBondODUA<\/a> <a href=\"https:\/\/t.co\/9tndeOeex8\">https:\/\/t.co\/9tndeOeex8<\/a><\/p>- Petra Blankwaard (@indigonl) <a href=\"https:\/\/twitter.com\/indigonl\/status\/1861825406254408119?ref_src=twsrc%5Etfw\">27 novembre 2024<\/a><\/blockquote><script async src=\"https:\/\/platform.twitter.com\/widgets.js\" charset=\"utf-8\"><\/script>\n<\/div><\/figure>\n<\/div>\n\n\n\n<div class=\"wp-block-column is-layout-flow wp-block-column-is-layout-flow\">\n<figure class=\"wp-block-embed is-type-rich is-provider-twitter wp-block-embed-twitter\"><div class=\"wp-block-embed__wrapper\">\n<blockquote class=\"twitter-tweet\" data-width=\"500\" data-dnt=\"true\"><p lang=\"en\" dir=\"ltr\">Les amis, vous vous souvenez de notre collecte de fonds pour 400 sacs de couchage ?<br><br>Bonne nouvelle : hier, les palettes contenant les sacs de couchage ont \u00e9t\u00e9 r\u00e9cup\u00e9r\u00e9es en France. <br><br>Aujourd'hui, un grand convoi part de Belgique pour l'Ukraine. Un gros camion, des v\u00e9hicules tout-terrain partiellement \u00e9quip\u00e9s de remorques, une camionnette et une ambulance. Les... <a href=\"https:\/\/t.co\/VhCtKTWyDq\">https:\/\/t.co\/VhCtKTWyDq<\/a><\/p>- Petra Blankwaard (@indigonl) <a href=\"https:\/\/twitter.com\/indigonl\/status\/1865326876702429417?ref_src=twsrc%5Etfw\">7 d\u00e9cembre 2024<\/a><\/blockquote><script async src=\"https:\/\/platform.twitter.com\/widgets.js\" charset=\"utf-8\"><\/script>\n<\/div><\/figure>\n<\/div>\n<\/div>\n\n\n\n<h2 class=\"wp-block-heading\">Financement<\/h2>\n\n\n\n<p>Le budget estim\u00e9 pour les sacs de couchage et le transport s'\u00e9levait \u00e0 4 800 euros (sacs de couchage) + 1 050 euros (transport).<\/p>\n\n\n\n<p>Ce budget a \u00e9t\u00e9 amplement collect\u00e9 gr\u00e2ce \u00e0 172 dons : un total de 6 021 euros a \u00e9t\u00e9 donn\u00e9. Voir <a href=\"https:\/\/donorbox.org\/sleeping-bags-for-ukraine\" target=\"_blank\" rel=\"noreferrer noopener\">Sacs de couchage pour l'Ukraine<\/a>.<\/p>\n\n\n\n<p><a href=\"https:\/\/indigo4ua.com\/wp-content\/uploads\/2025\/02\/20241114-FACTURE-Blankwaard-Petra-2411-06.pdf\" target=\"_blank\" rel=\"noreferrer noopener\">Facture sacs de couchage<\/a>: \u20ac 4.800<br><a href=\"https:\/\/indigo4ua.com\/wp-content\/uploads\/2025\/02\/Factuur-transport-NP250113.pdf\" target=\"_blank\" rel=\"noreferrer noopener\">Facture de transport<\/a>: \u20ac 1.325<br>Total : 6 125<br>Montant collect\u00e9 : 6 021<br>D\u00e9ficit : 104 euros (82 euros d'augmentation du budget pour les chauffages chimiques, 22 euros pour le compte propre)<\/p>\n\n\n\n<h2 class=\"wp-block-heading\">L'\u00e9quipe<\/h2>\n\n\n\n<div class=\"wp-block-columns team-dakota is-layout-flex wp-container-core-columns-is-layout-28f84493 wp-block-columns-is-layout-flex\">\n<div class=\"wp-block-column is-layout-flow wp-block-column-is-layout-flow\">\n<figure class=\"wp-block-image size-full is-style-rounded\"><img alt=\"\" loading=\"lazy\" decoding=\"async\" width=\"500\" height=\"500\" src=\"https:\/\/indigo4ua.com\/wp-content\/uploads\/2025\/02\/alex-bond-nafo-fella.jpg\" class=\"wp-image-107\" srcset=\"https:\/\/indigo4ua.com\/wp-content\/uploads\/2025\/02\/alex-bond-nafo-fella.jpg 500w, https:\/\/indigo4ua.com\/wp-content\/uploads\/2025\/02\/alex-bond-nafo-fella-300x300.jpg 300w, https:\/\/indigo4ua.com\/wp-content\/uploads\/2025\/02\/alex-bond-nafo-fella-150x150.jpg 150w, https:\/\/indigo4ua.com\/wp-content\/uploads\/2025\/02\/alex-bond-nafo-fella-12x12.jpg 12w, https:\/\/indigo4ua.com\/wp-content\/uploads\/2025\/02\/alex-bond-nafo-fella-75x75.jpg 75w, https:\/\/indigo4ua.com\/wp-content\/uploads\/2025\/02\/alex-bond-nafo-fella-400x400.jpg 400w\" sizes=\"auto, (max-width: 500px) 100vw, 500px\" \/><\/figure>\n\n\n\n<h4 class=\"wp-block-heading has-text-align-center\">Alex Bond<\/h4>\n\n\n\n<p class=\"has-text-align-center\">Alex Bond, volontaire en Ukraine, a assur\u00e9 la liaison avec des interm\u00e9diaires en France et, avec son \u00e9quipe WarMonitor, a veill\u00e9 \u00e0 ce que tous les sacs de couchage parviennent aux brigades de l'arm\u00e9e.<\/p>\n<\/div>\n\n\n\n<div class=\"wp-block-column is-layout-flow wp-block-column-is-layout-flow\">\n<figure class=\"wp-block-image size-full is-style-rounded\"><img alt=\"OPANO Fella indigonl\" loading=\"lazy\" decoding=\"async\" width=\"500\" height=\"500\" src=\"https:\/\/indigo4ua.com\/wp-content\/uploads\/2025\/02\/nafo-fella-indigonl-500px.jpg\" class=\"wp-image-106\" srcset=\"https:\/\/indigo4ua.com\/wp-content\/uploads\/2025\/02\/nafo-fella-indigonl-500px.jpg 500w, https:\/\/indigo4ua.com\/wp-content\/uploads\/2025\/02\/nafo-fella-indigonl-500px-300x300.jpg 300w, https:\/\/indigo4ua.com\/wp-content\/uploads\/2025\/02\/nafo-fella-indigonl-500px-150x150.jpg 150w, https:\/\/indigo4ua.com\/wp-content\/uploads\/2025\/02\/nafo-fella-indigonl-500px-12x12.jpg 12w, https:\/\/indigo4ua.com\/wp-content\/uploads\/2025\/02\/nafo-fella-indigonl-500px-75x75.jpg 75w, https:\/\/indigo4ua.com\/wp-content\/uploads\/2025\/02\/nafo-fella-indigonl-500px-400x400.jpg 400w\" sizes=\"auto, (max-width: 500px) 100vw, 500px\" \/><\/figure>\n\n\n\n<h4 class=\"wp-block-heading has-text-align-center\">Petra Blankwaard<\/h4>\n\n\n\n<p class=\"has-text-align-center\">J'ai sollicit\u00e9 l'aide de mon r\u00e9seau aux Pays-Bas pour la logistique et j'ai organis\u00e9 le transport des sacs de couchage par ce biais. En outre, je me suis occup\u00e9 de la campagne de collecte de fonds pour le financement.<\/p>\n<\/div>\n\n\n\n<div class=\"wp-block-column is-layout-flow wp-block-column-is-layout-flow\">\n<figure class=\"wp-block-image size-full is-style-rounded\"><img alt=\"\" loading=\"lazy\" decoding=\"async\" width=\"500\" height=\"500\" src=\"https:\/\/indigo4ua.com\/wp-content\/uploads\/2025\/02\/heart4ukraine-logo.jpg\" class=\"wp-image-105\" srcset=\"https:\/\/indigo4ua.com\/wp-content\/uploads\/2025\/02\/heart4ukraine-logo.jpg 500w, https:\/\/indigo4ua.com\/wp-content\/uploads\/2025\/02\/heart4ukraine-logo-300x300.jpg 300w, https:\/\/indigo4ua.com\/wp-content\/uploads\/2025\/02\/heart4ukraine-logo-150x150.jpg 150w, https:\/\/indigo4ua.com\/wp-content\/uploads\/2025\/02\/heart4ukraine-logo-12x12.jpg 12w, https:\/\/indigo4ua.com\/wp-content\/uploads\/2025\/02\/heart4ukraine-logo-75x75.jpg 75w, https:\/\/indigo4ua.com\/wp-content\/uploads\/2025\/02\/heart4ukraine-logo-400x400.jpg 400w\" sizes=\"auto, (max-width: 500px) 100vw, 500px\" \/><\/figure>\n\n\n\n<h4 class=\"wp-block-heading has-text-align-center\">Heart4Ukraine<\/h4>\n\n\n\n<p class=\"has-text-align-center\">Heart4Ukraine fournit une aide humanitaire \u00e0 l'Ukraine. Elle collecte des marchandises et assure elle-m\u00eame le transport vers l'Ukraine. Les sacs de couchage ont \u00e9t\u00e9 livr\u00e9s dans l'ouest de l'Ukraine.<\/p>\n<\/div>\n<\/div>\n\n\n\n<h2 class=\"wp-block-heading\">Les m\u00e9dias<\/h2>\n\n\n\n<p>VRT NWS en Belgique a consacr\u00e9 une \u00e9mission au convoi qui est parti pour l'Ukraine au cours de la premi\u00e8re semaine de d\u00e9cembre 2024. La vid\u00e9o montre le camion contenant les sacs de couchage et le chauffeur Ad.<\/p>\n\n\n\n<p><a href=\"https:\/\/vrtnws.be\/p.QN8OnRdp3V5\" target=\"_blank\" rel=\"noreferrer noopener\">Un convoi transportant des fournitures d'urgence part pour l'Ukraine<\/a><\/p>\n\n\n\n<h2 class=\"wp-block-heading\">Photos<\/h2>\n\n\n\n<figure class=\"wp-block-gallery has-nested-images columns-default is-cropped wp-block-gallery-2 is-layout-flex wp-block-gallery-is-layout-flex\">\n<figure class=\"wp-block-image size-large\"><img alt=\"\" loading=\"lazy\" decoding=\"async\" width=\"1000\" height=\"750\" data-id=\"189\" src=\"https:\/\/indigo4ua.com\/wp-content\/uploads\/2025\/02\/20241206-slaapzakken-in-truck-5-web.jpg\" class=\"wp-image-189\" srcset=\"https:\/\/indigo4ua.com\/wp-content\/uploads\/2025\/02\/20241206-slaapzakken-in-truck-5-web.jpg 1000w, https:\/\/indigo4ua.com\/wp-content\/uploads\/2025\/02\/20241206-slaapzakken-in-truck-5-web-300x225.jpg 300w, https:\/\/indigo4ua.com\/wp-content\/uploads\/2025\/02\/20241206-slaapzakken-in-truck-5-web-768x576.jpg 768w, https:\/\/indigo4ua.com\/wp-content\/uploads\/2025\/02\/20241206-slaapzakken-in-truck-5-web-16x12.jpg 16w, https:\/\/indigo4ua.com\/wp-content\/uploads\/2025\/02\/20241206-slaapzakken-in-truck-5-web-702x526.jpg 702w\" sizes=\"auto, (max-width: 1000px) 100vw, 1000px\" \/><\/figure>\n\n\n\n<figure class=\"wp-block-image size-large\"><img alt=\"\" loading=\"lazy\" decoding=\"async\" width=\"1000\" height=\"450\" data-id=\"188\" src=\"https:\/\/indigo4ua.com\/wp-content\/uploads\/2025\/02\/20241114-picture-France-web-1.jpg\" class=\"wp-image-188\" srcset=\"https:\/\/indigo4ua.com\/wp-content\/uploads\/2025\/02\/20241114-picture-France-web-1.jpg 1000w, https:\/\/indigo4ua.com\/wp-content\/uploads\/2025\/02\/20241114-picture-France-web-1-300x135.jpg 300w, https:\/\/indigo4ua.com\/wp-content\/uploads\/2025\/02\/20241114-picture-France-web-1-768x346.jpg 768w, https:\/\/indigo4ua.com\/wp-content\/uploads\/2025\/02\/20241114-picture-France-web-1-18x8.jpg 18w\" sizes=\"auto, (max-width: 1000px) 100vw, 1000px\" \/><\/figure>\n<\/figure>\n\n\n\n<div class=\"wp-block-columns is-layout-flex wp-container-core-columns-is-layout-28f84493 wp-block-columns-is-layout-flex\">\n<div class=\"wp-block-column is-layout-flow wp-block-column-is-layout-flow\"><\/div>\n\n\n\n<div class=\"wp-block-column is-layout-flow wp-block-column-is-layout-flow\"><\/div>\n\n\n\n<div class=\"wp-block-column is-layout-flow wp-block-column-is-layout-flow\"><\/div>\n<\/div>\n\n\n\n<div class=\"wp-block-columns is-layout-flex wp-container-core-columns-is-layout-28f84493 wp-block-columns-is-layout-flex\">\n<div class=\"wp-block-column is-layout-flow wp-block-column-is-layout-flow\">\n<figure class=\"wp-block-embed is-type-rich is-provider-twitter wp-block-embed-twitter\"><div class=\"wp-block-embed__wrapper\">\n<blockquote class=\"twitter-tweet\" data-width=\"500\" data-dnt=\"true\"><p lang=\"en\" dir=\"ltr\">Premier lot de sacs de couchage livr\u00e9s \u00e0 la batterie de mortiers du 137e bataillon s\u00e9par\u00e9 de marines.<br><br>Plus t\u00f4t, notre incroyable <a href=\"https:\/\/twitter.com\/indigonl?ref_src=twsrc%5Etfw\">@indigonl<\/a><br>a r\u00e9ussi \u00e0 collecter des fonds pour l'achat de 400 sacs de couchage militaires !<br><br>De plus en plus d'unit\u00e9s, tout autour des lignes de front, recevront des sacs de couchage de haute qualit\u00e9. <a href=\"https:\/\/t.co\/jVheSbu4eo\">pic.twitter.com\/jVheSbu4eo<\/a><\/p>- Alex Bond (@AlexBondODUA) <a href=\"https:\/\/twitter.com\/AlexBondODUA\/status\/1873018642188910894?ref_src=twsrc%5Etfw\">28 d\u00e9cembre 2024<\/a><\/blockquote><script async src=\"https:\/\/platform.twitter.com\/widgets.js\" charset=\"utf-8\"><\/script>\n<\/div><\/figure>\n<\/div>\n\n\n\n<div class=\"wp-block-column is-layout-flow wp-block-column-is-layout-flow\">\n<figure class=\"wp-block-embed is-type-rich is-provider-twitter wp-block-embed-twitter\"><div class=\"wp-block-embed__wrapper\">\n<blockquote class=\"twitter-tweet\" data-width=\"500\" data-dnt=\"true\"><p lang=\"en\" dir=\"ltr\">Il y avait une demande urgente de la part de mon bon ami qui servait dans la 153e brigade. <br><br>L'\u00e9quipe du moniteur de guerre a r\u00e9agi imm\u00e9diatement :<br><br>- G\u00e9n\u00e9rateur de courant 5kwt <br>- Sacs de couchage x15 par <a href=\"https:\/\/twitter.com\/indigonl?ref_src=twsrc%5Etfw\">@indigonl<\/a> <br>- Centrale \u00e9lectrique par <a href=\"https:\/\/twitter.com\/La_K_Leu?ref_src=twsrc%5Etfw\">@La_K_Leu<\/a> <br>- Evac stretchera par <a href=\"https:\/\/twitter.com\/PavershelpUkr?ref_src=twsrc%5Etfw\">@PavershelpUkr<\/a><br><br>Merci de nous aider \u00e0 aider l'AFU ! <a href=\"https:\/\/t.co\/gBPmZ8Sjr0\">pic.twitter.com\/gBPmZ8Sjr0<\/a><\/p>- Alex Bond (@AlexBondODUA) <a href=\"https:\/\/twitter.com\/AlexBondODUA\/status\/1873308074162925689?ref_src=twsrc%5Etfw\">29 d\u00e9cembre 2024<\/a><\/blockquote><script async src=\"https:\/\/platform.twitter.com\/widgets.js\" charset=\"utf-8\"><\/script>\n<\/div><\/figure>\n<\/div>\n\n\n\n<div class=\"wp-block-column is-layout-flow wp-block-column-is-layout-flow\">\n<figure class=\"wp-block-embed is-type-rich is-provider-twitter wp-block-embed-twitter\"><div class=\"wp-block-embed__wrapper\">\n<blockquote class=\"twitter-tweet\" data-width=\"500\" data-dnt=\"true\"><p lang=\"en\" dir=\"ltr\">Ce type est si jeune, il n'a que 19 ans.<br>Cependant, il d\u00e9fend d\u00e9j\u00e0 notre patrie au sein de la 3e brigade d'assaut.<br><br>Un grand merci \u00e0 <a href=\"https:\/\/twitter.com\/indigonl?ref_src=twsrc%5Etfw\">@indigonl<\/a> \ud83c\uddf3\ud83c\uddf1 pour la fourniture de sacs de couchage d'hiver de l'arm\u00e9e fran\u00e7aise.<br><br>Starlink Mini et station Ecoflow fournis par notre fr\u00e8re <a href=\"https:\/\/twitter.com\/La_K_Leu?ref_src=twsrc%5Etfw\">@La_K_Leu<\/a> \ud83c\udde9\ud83c\uddea <a href=\"https:\/\/t.co\/oswxF6EgUB\">pic.twitter.com\/oswxF6EgUB<\/a><\/p>- Alex Bond (@AlexBondODUA) <a href=\"https:\/\/twitter.com\/AlexBondODUA\/status\/1873375299695771883?ref_src=twsrc%5Etfw\">29 d\u00e9cembre 2024<\/a><\/blockquote><script async src=\"https:\/\/platform.twitter.com\/widgets.js\" charset=\"utf-8\"><\/script>\n<\/div><\/figure>\n<\/div>\n<\/div>\n\n\n\n<div class=\"wp-block-columns is-layout-flex wp-container-core-columns-is-layout-28f84493 wp-block-columns-is-layout-flex\">\n<div class=\"wp-block-column is-layout-flow wp-block-column-is-layout-flow\">\n<figure class=\"wp-block-embed is-type-rich is-provider-twitter wp-block-embed-twitter\"><div class=\"wp-block-embed__wrapper\">\n<blockquote class=\"twitter-tweet\" data-width=\"500\" data-dnt=\"true\"><p lang=\"en\" dir=\"ltr\">x50 sacs de couchage d'hiver de l'arm\u00e9e fran\u00e7aise livr\u00e9s au bataillon \"Liubart\", brigade Azov NGU.<br><br>Merci de votre attention. <a href=\"https:\/\/twitter.com\/indigonl?ref_src=twsrc%5Etfw\">@indigonl<\/a> \ud83e\udef6\ud83c\udffc\ud83e\udec2 <a href=\"https:\/\/t.co\/3OrBsZYBfR\">pic.twitter.com\/3OrBsZYBfR<\/a><\/p>- Alex Bond (@AlexBondODUA) <a href=\"https:\/\/twitter.com\/AlexBondODUA\/status\/1873378070411071861?ref_src=twsrc%5Etfw\">29 d\u00e9cembre 2024<\/a><\/blockquote><script async src=\"https:\/\/platform.twitter.com\/widgets.js\" charset=\"utf-8\"><\/script>\n<\/div><\/figure>\n<\/div>\n\n\n\n<div class=\"wp-block-column is-layout-flow wp-block-column-is-layout-flow\">\n<figure class=\"wp-block-embed is-type-rich is-provider-twitter wp-block-embed-twitter\"><div class=\"wp-block-embed__wrapper\">\n<blockquote class=\"twitter-tweet\" data-width=\"500\" data-dnt=\"true\"><p lang=\"en\" dir=\"ltr\">De plus en plus d'unit\u00e9s re\u00e7oivent leurs sacs de couchage !<br><br>Un autre retour d'exp\u00e9rience de l'unit\u00e9 :<br><br>\"Les gars disent que les sacs de couchage sont G\u00c9NIAUX !!! Merci \u00e0 toutes les personnes impliqu\u00e9es !!!\" <a href=\"https:\/\/t.co\/4UrFnfHhE0\">pic.twitter.com\/4UrFnfHhE0<\/a><\/p>- Alex Bond (@AlexBondODUA) <a href=\"https:\/\/twitter.com\/AlexBondODUA\/status\/1874079225218503075?ref_src=twsrc%5Etfw\">31 d\u00e9cembre 2024<\/a><\/blockquote><script async src=\"https:\/\/platform.twitter.com\/widgets.js\" charset=\"utf-8\"><\/script>\n<\/div><\/figure>\n<\/div>\n\n\n\n<div class=\"wp-block-column is-layout-flow wp-block-column-is-layout-flow\">\n<figure class=\"wp-block-embed is-type-rich is-provider-twitter wp-block-embed-twitter\"><div class=\"wp-block-embed__wrapper\">\n<blockquote class=\"twitter-tweet\" data-width=\"500\" data-dnt=\"true\"><p lang=\"en\" dir=\"ltr\">98% des sacs de couchage distribu\u00e9s sur les lignes de front ! <br><br>Nous recevons de plus en plus de belles photos de Defenders souriants \ud83e\udef6\ud83c\udffc<br><br>Merci de votre attention. <a href=\"https:\/\/twitter.com\/indigonl?ref_src=twsrc%5Etfw\">@indigonl<\/a> \ud83d\udcaa\ud83c\udffc\ud83e\udee1 <a href=\"https:\/\/t.co\/0bBlbsF1lm\">pic.twitter.com\/0bBlbsF1lm<\/a><\/p>- Alex Bond (@AlexBondODUA) <a href=\"https:\/\/twitter.com\/AlexBondODUA\/status\/1875144123025633463?ref_src=twsrc%5Etfw\">3 janvier 2025<\/a><\/blockquote><script async src=\"https:\/\/platform.twitter.com\/widgets.js\" charset=\"utf-8\"><\/script>\n<\/div><\/figure>\n<\/div>\n<\/div>\n\n\n\n<div class=\"wp-block-columns is-layout-flex wp-container-core-columns-is-layout-28f84493 wp-block-columns-is-layout-flex\">\n<div class=\"wp-block-column is-layout-flow wp-block-column-is-layout-flow\">\n<figure class=\"wp-block-embed is-type-rich is-provider-twitter wp-block-embed-twitter\"><div class=\"wp-block-embed__wrapper\">\n<blockquote class=\"twitter-tweet\" data-width=\"500\" data-dnt=\"true\"><p lang=\"en\" dir=\"ltr\">Une unit\u00e9 suppl\u00e9mentaire a re\u00e7u ses sacs de couchage \ud83e\udee1<a href=\"https:\/\/twitter.com\/indigonl?ref_src=twsrc%5Etfw\">@indigonl<\/a> \ud83e\udef6\ud83c\udffc <a href=\"https:\/\/t.co\/Pl3Hyld0fw\">pic.twitter.com\/Pl3Hyld0fw<\/a><\/p>- Alex Bond (@AlexBondODUA) <a href=\"https:\/\/twitter.com\/AlexBondODUA\/status\/1877272741767729651?ref_src=twsrc%5Etfw\">9 janvier 2025<\/a><\/blockquote><script async src=\"https:\/\/platform.twitter.com\/widgets.js\" charset=\"utf-8\"><\/script>\n<\/div><\/figure>\n<\/div>\n\n\n\n<div class=\"wp-block-column is-layout-flow wp-block-column-is-layout-flow\">\n<figure class=\"wp-block-embed is-type-rich is-provider-twitter wp-block-embed-twitter\"><div class=\"wp-block-embed__wrapper\">\n<blockquote class=\"twitter-tweet\" data-width=\"500\" data-dnt=\"true\"><p lang=\"en\" dir=\"ltr\">Sacs de couchage pour la marine ukrainienne \u2705 <a href=\"https:\/\/t.co\/rqbbi5aibD\">pic.twitter.com\/rqbbi5aibD<\/a><\/p>- Alex Bond (@AlexBondODUA) <a href=\"https:\/\/twitter.com\/AlexBondODUA\/status\/1892912757516714098?ref_src=twsrc%5Etfw\">21 f\u00e9vrier 2025<\/a><\/blockquote><script async src=\"https:\/\/platform.twitter.com\/widgets.js\" charset=\"utf-8\"><\/script>\n<\/div><\/figure>\n<\/div>\n\n\n\n<div class=\"wp-block-column is-layout-flow wp-block-column-is-layout-flow\">\n<figure class=\"wp-block-video\"><video height=\"640\" style=\"aspect-ratio: 360 \/ 640;\" width=\"360\" controls poster=\"https:\/\/indigo4ua.com\/wp-content\/uploads\/2025\/05\/slaapzakken-gur_thumb1.jpg\" src=\"https:\/\/indigo4ua.com\/wp-content\/uploads\/2025\/05\/slaapzakken-gur.mp4\"><\/video><\/figure>\n<\/div>\n<\/div>\n\n\n\n<h2 class=\"wp-block-heading\">Vid\u00e9o<\/h2>\n\n\n\n<figure class=\"wp-block-embed alignwide is-type-video is-provider-youtube wp-block-embed-youtube wp-embed-aspect-16-9 wp-has-aspect-ratio wp-embed-aspect-4-3\"><div class=\"wp-block-embed__wrapper\">\n<iframe loading=\"lazy\" title=\"Sacs de couchage Ukraine\" width=\"500\" height=\"281\" src=\"https:\/\/www.youtube.com\/embed\/EnoF-NR6XPg?feature=oembed\" frameborder=\"0\" allow=\"accelerometer; autoplay; clipboard-write; encrypted-media; gyroscope; picture-in-picture; web-share\" referrerpolicy=\"strict-origin-when-cross-origin\" allowfullscreen><\/iframe>\n<\/div><\/figure>","protected":false},"excerpt":{"rendered":"<p>Legerslaapzakken Winters in Oekra\u00efne zijn koud, in het bijzonder voor soldaten die in loopgraven zitten. Daarom zijn we op zoek gegaan naar legerslaapzakken. Die zijn modulair: elke set bestaat uit twee slaapzakken die je kunt combineren in de koudste periode van het jaar. Bovendien zijn legerslaapzakken veel sterker dan standaard slaapzakken. Voor deze campagne hebben [&hellip;]<\/p>\n","protected":false},"author":1,"featured_media":0,"parent":129,"menu_order":0,"comment_status":"closed","ping_status":"closed","template":"","meta":{"_seopress_robots_primary_cat":"","_seopress_titles_title":"","_seopress_titles_desc":"","_seopress_robots_index":"","_genesis_hide_title":false,"_genesis_hide_breadcrumbs":false,"_genesis_hide_singular_image":false,"_genesis_hide_footer_widgets":false,"_genesis_custom_body_class":"","_genesis_custom_post_class":"","_genesis_layout":"","footnotes":""},"class_list":{"0":"post-102","1":"page","2":"type-page","3":"status-publish","5":"entry"},"featured_image_src":null,"featured_image_src_square":null,"_links":{"self":[{"href":"https:\/\/indigo4ua.com\/fr\/wp-json\/wp\/v2\/pages\/102","targetHints":{"allow":["GET"]}}],"collection":[{"href":"https:\/\/indigo4ua.com\/fr\/wp-json\/wp\/v2\/pages"}],"about":[{"href":"https:\/\/indigo4ua.com\/fr\/wp-json\/wp\/v2\/types\/page"}],"author":[{"embeddable":true,"href":"https:\/\/indigo4ua.com\/fr\/wp-json\/wp\/v2\/users\/1"}],"replies":[{"embeddable":true,"href":"https:\/\/indigo4ua.com\/fr\/wp-json\/wp\/v2\/comments?post=102"}],"version-history":[{"count":0,"href":"https:\/\/indigo4ua.com\/fr\/wp-json\/wp\/v2\/pages\/102\/revisions"}],"up":[{"embeddable":true,"href":"https:\/\/indigo4ua.com\/fr\/wp-json\/wp\/v2\/pages\/129"}],"wp:attachment":[{"href":"https:\/\/indigo4ua.com\/fr\/wp-json\/wp\/v2\/media?parent=102"}],"curies":[{"name":"wp","href":"https:\/\/api.w.org\/{rel}","templated":true}]}}