{"id":126,"date":"2025-02-12T04:20:43","date_gmt":"2025-02-12T03:20:43","guid":{"rendered":"https:\/\/indigo4ua.com\/?page_id=126"},"modified":"2026-02-08T14:45:44","modified_gmt":"2026-02-08T13:45:44","slug":"soutien-prive","status":"publish","type":"page","link":"https:\/\/indigo4ua.com\/fr\/prive-support\/","title":{"rendered":"Soutien priv\u00e9"},"content":{"rendered":"<p>Vous trouverez ci-dessous un aper\u00e7u de mes propres initiatives et de mon soutien priv\u00e9 \u00e0 l'Ukraine. Juste apr\u00e8s la grande invasion russe, j'\u00e9tais d\u00e9sireux d'offrir mon aide, mais j'ai eu du mal \u00e0 m'y retrouver. Il existait des plateformes rapides pour faire des dons, mais je n'\u00e9tais pas s\u00fbr de savoir \u00e0 qui faire confiance. <\/p>\n\n\n\n<h2 class=\"wp-block-heading\">Airbnb et Etsy<\/h2>\n\n\n\n<p>Au tout d\u00e9but de la guerre, comme beaucoup d'autres personnes dans le monde, j'ai commenc\u00e9 \u00e0 r\u00e9server des appartements Airbnb en Ukraine. J'ai r\u00e9serv\u00e9 des s\u00e9jours de quelques jours dans plusieurs villes, j'ai pay\u00e9 mais je ne suis pas all\u00e9 sur place. Ce faisant, j'ai toujours choisi des villes ukrainiennes qui faisaient l'actualit\u00e9 \u00e0 l'\u00e9poque en raison des attaques et des crimes russes. <\/p>\n\n\n\n<p>Sur Etsy, j'ai command\u00e9 des produits num\u00e9riques en provenance d'Ukraine, tels que des dessins et des photos.<\/p>\n\n\n\n<p>Durant cette p\u00e9riode, j'ai rencontr\u00e9 une famille \u00e0 Cherson. Cherson \u00e9tait alors encore occup\u00e9e par la Russie.<\/p>\n\n\n\n<div class=\"wp-block-columns is-layout-flex wp-container-core-columns-is-layout-28f84493 wp-block-columns-is-layout-flex\">\n<div class=\"wp-block-column is-layout-flow wp-block-column-is-layout-flow\" style=\"flex-basis:66.66%\">\n<figure class=\"wp-block-image size-large\"><img alt=\"\" loading=\"lazy\" decoding=\"async\" width=\"1024\" height=\"754\" src=\"https:\/\/indigo4ua.com\/wp-content\/uploads\/2025\/06\/airbenb-boekingen-1024x754.jpg\" class=\"wp-image-652\" srcset=\"https:\/\/indigo4ua.com\/wp-content\/uploads\/2025\/06\/airbenb-boekingen-1024x754.jpg 1024w, https:\/\/indigo4ua.com\/wp-content\/uploads\/2025\/06\/airbenb-boekingen-300x221.jpg 300w, https:\/\/indigo4ua.com\/wp-content\/uploads\/2025\/06\/airbenb-boekingen-768x565.jpg 768w, https:\/\/indigo4ua.com\/wp-content\/uploads\/2025\/06\/airbenb-boekingen-1536x1130.jpg 1536w, https:\/\/indigo4ua.com\/wp-content\/uploads\/2025\/06\/airbenb-boekingen-16x12.jpg 16w, https:\/\/indigo4ua.com\/wp-content\/uploads\/2025\/06\/airbenb-boekingen.jpg 1674w\" sizes=\"auto, (max-width: 1024px) 100vw, 1024px\" \/><\/figure>\n<\/div>\n\n\n\n<div class=\"wp-block-column is-layout-flow wp-block-column-is-layout-flow\" style=\"flex-basis:50%\">\n<figure class=\"wp-block-embed is-type-rich is-provider-twitter wp-block-embed-twitter\"><div class=\"wp-block-embed__wrapper\">\n<blockquote class=\"twitter-tweet\" data-width=\"500\" data-dnt=\"true\"><p lang=\"en\" dir=\"ltr\">R\u00e9cemment, je cherchais un rendez-vous via Airbnb pr\u00e8s de Kiev et j'ai vu des dizaines de commentaires similaires datant de 2022. Des personnes du monde entier faisaient de telles r\u00e9servations pour soutenir les civils. C'est une v\u00e9ritable source d'inspiration. <br><br>Merci, Petra, pour tout ce que vous avez fait et continuez \u00e0 faire. <a href=\"https:\/\/t.co\/HFG74MqWIY\">https:\/\/t.co\/HFG74MqWIY<\/a><\/p>- Alex Bond (@AlexBondODUA) <a href=\"https:\/\/twitter.com\/AlexBondODUA\/status\/1931273241273991442?ref_src=twsrc%5Etfw\">7 juin 2025<\/a><\/blockquote><script async src=\"https:\/\/platform.twitter.com\/widgets.js\" charset=\"utf-8\"><\/script>\n<\/div><\/figure>\n<\/div>\n<\/div>\n\n\n\n<h2 class=\"wp-block-heading\">Aide humanitaire Cherson<\/h2>\n\n\n\n<p>En tant qu'individu, on ne peut pas faire une grande diff\u00e9rence, mais ne rien faire n'\u00e9tait pas une option pour moi. J'ai d\u00e9cid\u00e9 de me concentrer sur la famille de Cherson que j'avais rencontr\u00e9e par l'interm\u00e9diaire d'Airbnb. Je leur ai demand\u00e9 de quelle aide ils avaient besoin, pour voir dans quelle mesure je pouvais la leur apporter. Au cours de la p\u00e9riode qui a suivi, j'ai envoy\u00e9 p\u00e9riodiquement des colis d'aide humanitaire par courrier. Plus tard, lorsque le besoin d'aide humanitaire a diminu\u00e9 et que la demande de produits pour l'arm\u00e9e s'est accrue, les envois sont devenus un m\u00e9lange d'aide humanitaire et de produits pour les soldats.<\/p>\n\n\n\n<div class=\"wp-block-buttons is-layout-flex wp-block-buttons-is-layout-flex\">\n<div class=\"wp-block-button\"><a class=\"wp-block-button__link wp-element-button\" href=\"https:\/\/indigo4ua.com\/fr\/soutien-prive\/photos-et-videos-soutien-prive\/\">Exp\u00e9ditions 2023<\/a><\/div>\n\n\n\n<div class=\"wp-block-button\"><a class=\"wp-block-button__link wp-element-button\" href=\"https:\/\/indigo4ua.com\/fr\/soutien-prive\/expeditions-2024\/\">Exp\u00e9ditions 2024<\/a><\/div>\n<\/div>\n\n\n\n<div style=\"height:34px\" aria-hidden=\"true\" class=\"wp-block-spacer\"><\/div>\n\n\n\n<p>Depuis la fin de l'ann\u00e9e 2024, l'envoi de colis \u00e0 la famille de Cherson est malheureusement suspendu, car il est actuellement trop dangereux d'aller chercher les envois au bureau de poste. \u00c0 Cherson et dans d'autres villes, les habitants sont attaqu\u00e9s par des drones par les Russes. Depuis, je suis en contact direct avec les volontaires qui ont toujours collect\u00e9 des marchandises pour l'arm\u00e9e, et je peux donc les aider directement. Ils peuvent collecter des envois \u00e0 partir d'autres points de ramassage situ\u00e9s \u00e0 l'ext\u00e9rieur de Cherson.<\/p>\n\n\n\n<div class=\"wp-block-buttons is-layout-flex wp-block-buttons-is-layout-flex\">\n<div class=\"wp-block-button\"><a class=\"wp-block-button__link wp-element-button\" href=\"https:\/\/indigo4ua.com\/fr\/soutien-prive\/expeditions-2024\/\">Exp\u00e9ditions 2024<\/a><\/div>\n\n\n\n<div class=\"wp-block-button\"><a class=\"wp-block-button__link wp-element-button\" href=\"https:\/\/indigo4ua.com\/fr\/soutien-prive\/livraisons-2025\/\">Exp\u00e9ditions 2025<\/a><\/div>\n\n\n\n<div class=\"wp-block-button\"><a class=\"wp-block-button__link wp-element-button\" href=\"https:\/\/indigo4ua.com\/fr\/soutien-prive\/rations-operationnelles\/\">Rations 2025<\/a><\/div>\n\n\n\n<div class=\"wp-block-button\"><a class=\"wp-block-button__link wp-element-button\" href=\"https:\/\/indigo4ua.com\/fr\/soutien-prive\/expeditions-2026\/\">Exp\u00e9ditions 2026<\/a><\/div>\n<\/div>\n\n\n\n<h2 class=\"wp-block-heading\">Dons<\/h2>\n\n\n\n<p>Fin 2022, j'ai commenc\u00e9 \u00e0 faire des dons en ligne, d'abord pour l'aide humanitaire. \u00c0 l'\u00e9poque, par exemple, une action de <a href=\"https:\/\/u24.gov.ua\/ambassador\/scott_kelly\" target=\"_blank\" rel=\"noreferrer noopener\">Scott Kelly<\/a> Collecter des fonds pour les ambulances par l'interm\u00e9diaire d'UNITED24. <\/p>\n\n\n\n<p class=\"translation-block\">Au d\u00e9but de l'ann\u00e9e 2023, j'ai commenc\u00e9 \u00e0 faire des dons \u00e0 <a href=\"https:\/\/www.help99.co\/about-us\" target=\"_blank\" rel=\"noreferrer noopener\">NAFO 69e Brigade de renifleurs<\/a> et c'est ainsi que j'ai commenc\u00e9 \u00e0 aider l'arm\u00e9e ukrainienne. \u00c0 l'\u00e9poque, je n'avais aucune id\u00e9e des noms des brigades et de l'\u00e9quipement n\u00e9cessaire, mais tant qu'ils savaient. Apr\u00e8s quelques dons ponctuels, j'ai d\u00e9cid\u00e9 de devenir un donateur r\u00e9gulier de cette organisation.<\/p>\n\n\n\n<p>En Ukraine, un vaste r\u00e9seau de volontaires offrant leur aide aux civils et aux militaires a vu le jour. Il m'a fallu un certain temps pour filtrer les parties fiables au sein de ce r\u00e9seau. Ces volontaires sont en contact direct avec les unit\u00e9s de l'arm\u00e9e, et les lignes de communication sont donc courtes. Ils re\u00e7oivent des demandes d'\u00e9quipement de la part des unit\u00e9s, lancent une campagne de collecte, ach\u00e8tent les articles n\u00e9cessaires et veillent \u00e0 ce qu'ils soient livr\u00e9s.<\/p>","protected":false},"excerpt":{"rendered":"<p>Hieronder vind je een overzicht van mijn eigen initiatieven, priv\u00e9steun aan Oekra\u00efne. Vlak na de grote Russische invasie wilde ik graag hulp bieden maar had ik moeite om daarin mijn weg te vinden. Er waren snel platforms beschikbaar om te doneren maar ik wist niet goed welke te vertrouwen. Airbnb en Etsy In het prille [&hellip;]<\/p>\n","protected":false},"author":1,"featured_media":0,"parent":0,"menu_order":0,"comment_status":"closed","ping_status":"closed","template":"","meta":{"_seopress_robots_primary_cat":"","_seopress_titles_title":"","_seopress_titles_desc":"","_seopress_robots_index":"","_genesis_hide_title":false,"_genesis_hide_breadcrumbs":false,"_genesis_hide_singular_image":false,"_genesis_hide_footer_widgets":false,"_genesis_custom_body_class":"","_genesis_custom_post_class":"","_genesis_layout":"","footnotes":""},"class_list":{"0":"post-126","1":"page","2":"type-page","3":"status-publish","5":"entry"},"featured_image_src":null,"featured_image_src_square":null,"_links":{"self":[{"href":"https:\/\/indigo4ua.com\/fr\/wp-json\/wp\/v2\/pages\/126","targetHints":{"allow":["GET"]}}],"collection":[{"href":"https:\/\/indigo4ua.com\/fr\/wp-json\/wp\/v2\/pages"}],"about":[{"href":"https:\/\/indigo4ua.com\/fr\/wp-json\/wp\/v2\/types\/page"}],"author":[{"embeddable":true,"href":"https:\/\/indigo4ua.com\/fr\/wp-json\/wp\/v2\/users\/1"}],"replies":[{"embeddable":true,"href":"https:\/\/indigo4ua.com\/fr\/wp-json\/wp\/v2\/comments?post=126"}],"version-history":[{"count":0,"href":"https:\/\/indigo4ua.com\/fr\/wp-json\/wp\/v2\/pages\/126\/revisions"}],"wp:attachment":[{"href":"https:\/\/indigo4ua.com\/fr\/wp-json\/wp\/v2\/media?parent=126"}],"curies":[{"name":"wp","href":"https:\/\/api.w.org\/{rel}","templated":true}]}}