{"id":129,"date":"2025-02-12T05:19:33","date_gmt":"2025-02-12T04:19:33","guid":{"rendered":"https:\/\/indigo4ua.com\/?page_id=129"},"modified":"2026-04-11T18:21:26","modified_gmt":"2026-04-11T16:21:26","slug":"activites-de-collecte-de-fonds","status":"publish","type":"page","link":"https:\/\/indigo4ua.com\/fr\/inzamelingsacties\/","title":{"rendered":"Collections"},"content":{"rendered":"<p>En 2024, j'ai lanc\u00e9 des campagnes de collecte de fonds. La guerre continue, la couverture m\u00e9diatique de la guerre diminue, alors qu'un soutien suppl\u00e9mentaire est n\u00e9cessaire en ce moment m\u00eame. Les volontaires qui soutiennent les unit\u00e9s de l'arm\u00e9e peuvent difficilement faire face aux demandes d'\u00e9quipement et, malheureusement, avec la diminution de l'attention port\u00e9e \u00e0 la guerre dans les m\u00e9dias, le soutien au pays s'amenuise \u00e9galement. Raison de plus pour s'engager.<\/p>\n\n\n\n<h2 class=\"wp-block-heading\">22e brigade<\/h2>\n\n\n\n<p><strong>22 f\u00e9vrier 2026 (termin\u00e9)<\/strong> - voiture pour le bataillon d'infanterie motoris\u00e9e 22OMBR - $2.990 \/ 129000UAH<br>D\u00e9tails : <a href=\"https:\/\/indigo4ua.com\/fr\/activites-de-collecte-de-fonds\/vehicule-de-la-22e-brigade\/\">https:\/\/indigo4ua.com\/inzamelingsacties\/22e-brigade-voertuig\/<\/a><br><br><strong>12 f\u00e9vrier 2026 (termin\u00e9)<\/strong> - deux g\u00e9n\u00e9rateurs - $1.206 \/ 52000UAH<br>Sur la page <a href=\"https:\/\/indigo4ua.com\/fr\/activites-de-collecte-de-fonds\/22e-brigade-deux-generateurs-ii-ii\/\">22e brigade - deux g\u00e9n\u00e9rateurs II\/II<\/a> vous trouverez tous les d\u00e9tails de cette deuxi\u00e8me collecte de fonds pour deux g\u00e9n\u00e9rateurs.<\/p>\n\n\n\n<p><strong>05 f\u00e9vrier 2026 (termin\u00e9)<\/strong> - deux g\u00e9n\u00e9rateurs - 680 \u20ac \/ 34880UAH<br>Sur la page <a href=\"https:\/\/indigo4ua.com\/fr\/activites-de-collecte-de-fonds\/22e-brigade-deux-generateurs-i-ii\/\">22e brigade - deux g\u00e9n\u00e9rateurs I\/II<\/a> Retrouvez tous les d\u00e9tails de cette premi\u00e8re collecte de fonds pour deux g\u00e9n\u00e9rateurs.<\/p>\n\n\n\n<h2 class=\"wp-block-heading\">34e brigade de d\u00e9fense c\u00f4ti\u00e8re<\/h2>\n\n\n\n<p>Pour la 34e brigade de d\u00e9fense c\u00f4ti\u00e8re des Marines dans la r\u00e9gion de Kherson, nous organisons r\u00e9guli\u00e8rement des collectes de fonds.<\/p>\n\n\n\n<p><strong>18 mars 2026 (en attente du rapport de livraison)<\/strong> \u2013 v\u00e9hicule (Landrover) \u2013 $5 404 \/ 238 000 UAH<br>Sur la page <a href=\"https:\/\/indigo4ua.com\/en\/fundraisers\/34th-coastal-defense-brigade-vehicle\/\">34e brigade de d\u00e9fense c\u00f4ti\u00e8re \u2013 v\u00e9hicule<\/a> vous trouverez tous les d\u00e9tails de cette collecte de fonds.<\/p>\n\n\n\n<p><strong>12 mars 2026 (termin\u00e9)<\/strong> \u2013 h\u00e9lices en pi\u00e8ces d\u00e9tach\u00e9es pour drones \u2013 $904 \/ 40000UAH<br>Sur la page <a href=\"https:\/\/indigo4ua.com\/fr\/activites-de-collecte-de-fonds\/34e-brigade-de-defense-cotiere-helices\/\">34e Brigade de D\u00e9fense C\u00f4ti\u00e8re \u2013 h\u00e9lices<\/a> vous trouverez tous les d\u00e9tails de cette collecte de fonds.<\/p>\n\n\n\n<p><strong>28 janvier 2026 (termin\u00e9)<\/strong> - deux g\u00e9n\u00e9rateurs et deux stations de recharge - $2.110 \/ $90000UAH<br>Sur la page <a href=\"https:\/\/indigo4ua.com\/fr\/activites-de-collecte-de-fonds\/34e-brigade-de-defense-cotiere-generateurs-et-stations-de-charge\/\">34e brigade de d\u00e9fense c\u00f4ti\u00e8re - g\u00e9n\u00e9rateurs et stations de recharge<\/a> vous trouverez tous les d\u00e9tails de cette collecte de fonds.<\/p>\n\n\n\n<p><strong>20 janvier 2026 (termin\u00e9)<\/strong> - une station de recharge - 499 \u20ac ($590 \/ 24000UAH)<br>Sur la page <a href=\"https:\/\/indigo4ua.com\/fr\/activites-de-collecte-de-fonds\/station-de-recharge-de-la-34e-brigade-de-defense-cotiere\/\">34e brigade de d\u00e9fense c\u00f4ti\u00e8re - station de recharge<\/a> vous trouverez tous les d\u00e9tails de cette collecte de fonds.<\/p>\n\n\n\n<p><strong>05 janvier 2026 (termin\u00e9)<\/strong> - deux jeux de batteries pour Vampire Drone - $4,424 \/ 187680UAH<br>Sur la page <a href=\"https:\/\/indigo4ua.com\/fr\/activites-de-collecte-de-fonds\/34e-brigade-de-defense-cotiere-deux-ensembles-de-batteries-vampire\/\">34e brigade de d\u00e9fense c\u00f4ti\u00e8re - deux ensembles de batteries Vampire<\/a> vous trouverez tous les d\u00e9tails de cette collecte de fonds.<\/p>\n\n\n\n<p><strong>18 d\u00e9cembre 2025 (achev\u00e9)<\/strong> - Station de charge Bandera Power 860S - $1,645 \/ 69440UAH<br>Sur la page <a href=\"https:\/\/indigo4ua.com\/fr\/activites-de-collecte-de-fonds\/34e-brigade-de-defense-cotiere-bandera-power\/\">34e brigade de d\u00e9fense c\u00f4ti\u00e8re - Bandera Power<\/a> vous trouverez tous les d\u00e9tails de cette collecte de fonds.<\/p>\n\n\n\n<p><strong>01 d\u00e9cembre 2025 (termin\u00e9)<\/strong> - batteries pour Vampire Drone - $2,212 \/ 93840UAH<br>Sur la page <a href=\"https:\/\/indigo4ua.com\/fr\/activites-de-collecte-de-fonds\/34e-brigade-de-defense-cotiere-batteries-vampires\/\">34e brigade de d\u00e9fense c\u00f4ti\u00e8re - Batteries Vampire<\/a> vous trouverez tous les d\u00e9tails de cette collecte de fonds.<\/p>\n\n\n\n<p><strong>22 novembre 2025 (termin\u00e9)<\/strong> - EcoFlow - \u20ac 449 ($500 \/ 22010UAH) + pneus de voiture (3000UAH)<br>Sur la page <a href=\"https:\/\/indigo4ua.com\/fr\/activites-de-collecte-de-fonds\/34e-brigade-de-defense-cotiere-nov-2025\/\">34e brigade de d\u00e9fense c\u00f4ti\u00e8re - EcoFlow<\/a> trouvez tous les d\u00e9tails...<\/p>\n\n\n\n<p><strong>Juillet\/ao\u00fbt 2025 (termin\u00e9)<\/strong> - ramassage et \u00e9quipement suppl\u00e9mentaire<br>La premi\u00e8re partie, d'une valeur de plus de $15 000, a \u00e9t\u00e9 h\u00e9berg\u00e9e dans les locaux de <a href=\"https:\/\/www.toonietuesday.gives\/\" target=\"_blank\" rel=\"noreferrer noopener\">Mardi de la Toonie<\/a> r\u00e9alis\u00e9. <br>Nous avons ensuite compl\u00e9t\u00e9 la deuxi\u00e8me partie ad $2500.<br>Sur la page <a href=\"https:\/\/indigo4ua.com\/fr\/activites-de-collecte-de-fonds\/34e-brigade-de-defense-cotiere-juillet-2025\/\" target=\"_blank\" rel=\"noreferrer noopener\">34e brigade de d\u00e9fense c\u00f4ti\u00e8re - juillet 2025<\/a> lire tous les d\u00e9tails sur ces \u00e9v\u00e9nements de collecte de fonds.<\/p>\n\n\n\n<p><strong>12 avril 2025 (termin\u00e9)<\/strong> - deux couvertures balistiques<br>Sur la page <a href=\"https:\/\/indigo4ua.com\/fr\/activites-de-collecte-de-fonds\/34e-brigade-de-defense-cotiere-couvertures-balistiques\/\">34e brigade de d\u00e9fense c\u00f4ti\u00e8re - couvertures balistiques<\/a> vous trouverez tous les d\u00e9tails de cette collecte de fonds.<\/p>\n\n\n\n<h2 class=\"wp-block-heading\">153e bataillon s\u00e9par\u00e9 de reconnaissance et d'assaut<\/h2>\n\n\n\n<p><strong>6 septembre 2025<\/strong> <strong>(compl\u00e9t\u00e9)<\/strong> - une moto tout-terrain et un VW Transporter.<br>Sur la page <a href=\"https:\/\/indigo4ua.com\/fr\/activites-de-collecte-de-fonds\/153e-bataillon-de-reconnaissance-et-dassaut\/\">153e bataillon s\u00e9par\u00e9 de reconnaissance et d'assaut<\/a> vous trouverez tous les d\u00e9tails de cette collecte de fonds.<\/p>\n\n\n\n<h2 class=\"wp-block-heading\">Pneus pour voitures<\/h2>\n\n\n\n<p>Apr\u00e8s quelques ann\u00e9es de guerre, il y a une grave p\u00e9nurie de pneus, en particulier de pneus abordables tels que les pneus d'occasion. Et comme on n'a ni le temps ni l'occasion d'aller acheter des pneus en dehors de sa r\u00e9gion, les achats se font souvent en ligne. Mais la p\u00e9nurie a aussi des effets ind\u00e9sirables : des pneus de voiture d'occasion sont propos\u00e9s \u00e0 la vente en ligne avec de fausses photos. Sur les photos, les pneus ont l'air en bon \u00e9tat, mais \u00e0 la r\u00e9ception, ils sont si mauvais qu'ils sont inutilisables.<\/p>\n\n\n\n<p>Les b\u00e9n\u00e9voles de Cherson m'ont demand\u00e9 de l'aide. Apr\u00e8s avoir interrog\u00e9 mon r\u00e9seau, la solution ne s'est pas av\u00e9r\u00e9e si simple. J'ai d\u00e9cid\u00e9 de mettre en place une campagne permanente de collecte de pneus de voiture. Entre-temps, cette approche s'est av\u00e9r\u00e9e efficace : j'ai trouv\u00e9 un interm\u00e9diaire fiable qui sait comment trouver et acheter les pneus n\u00e9cessaires en peu de temps. Je peux pr\u00e9financer les pneus et lancer la campagne de collecte. Les pneus peuvent g\u00e9n\u00e9ralement \u00eatre livr\u00e9s dans un d\u00e9lai de quelques jours \u00e0 une semaine aux volontaires \u00e0 Cherson ou directement \u00e0 l'unit\u00e9 qui les a demand\u00e9s.<\/p>\n\n\n\n<p class=\"translation-block\">Sur la page <a href=\"https:\/\/indigo4ua.com\/fr\/pneus\/\" target=\"_self\">Pneus<\/a>, vous pouvez en savoir plus sur cette collecte de fonds en cours.<\/p>\n\n\n\n<h2 class=\"wp-block-heading\">Sacs de couchage de l'arm\u00e9e<\/h2>\n\n\n\n<p>\u00c0 l'automne 2024, nous avons pu acheter un grand nombre de sacs de couchage militaires en France. Il y en a 400 au total, adapt\u00e9s \u00e0 des temp\u00e9ratures allant jusqu'\u00e0 -30 degr\u00e9s Celsius. Ces sacs de couchage sont indispensables pour les soldats qui dorment \u00e0 l'ext\u00e9rieur dans les tranch\u00e9es.<\/p>\n\n\n\n<p class=\"translation-block\">Sur la page <a href=\"https:\/\/indigo4ua.com\/fr\/sacs-de-couchage\/\" data-type=\"page\" data-id=\"102\" target=\"_self\">Sac de couchage<\/a> vous pouvez lire tout ce qui concerne cette collecte de fonds.<\/p>\n\n\n\n<h2 class=\"wp-block-heading\">Chauffages chimiques<\/h2>\n\n\n\n<p>Les hivers sont froids en Ukraine. Les coussins chauffants (chauffages chimiques) sont alors une b\u00e9n\u00e9diction. Il existe des coussins chauffants pour les mains, les pieds et le corps. Les coussins sont emball\u00e9s de mani\u00e8re herm\u00e9tique et d\u00e8s que vous les sortez de l'emballage et qu'ils entrent en contact avec de l'oxyg\u00e8ne, ils se r\u00e9chauffent et restent chauds pendant 6 \u00e0 8 heures.<\/p>\n\n\n\n<p>Lorsque les sacs de couchage de l'arm\u00e9e ont \u00e9t\u00e9 \u00e9puis\u00e9s et que nous avons vu de petites quantit\u00e9s de coussins chauffants achet\u00e9s par les unit\u00e9s, nous avons d\u00e9cid\u00e9 d'acheter un grand lot de coussins chauffants et de lancer une campagne de collecte. L'achat d'un lot plus important permet de b\u00e9n\u00e9ficier d'un avantage en termes de prix et d'acheter localement (en Ukraine m\u00eame), ce qui est b\u00e9n\u00e9fique pour l'\u00e9conomie locale.<\/p>\n\n\n\n<p>Alex Bond et moi avons commenc\u00e9 \u00e0 le faire ensemble.<\/p>\n\n\n\n<p>Sur la page <a href=\"https:\/\/indigo4ua.com\/fr\/chauffages-chimiques\/\" data-type=\"page\" data-id=\"275\">Chauffages chimiques<\/a> en savoir plus sur cette collecte de fonds.<\/p>\n\n\n\n<p><\/p>","protected":false},"excerpt":{"rendered":"<p>In 2024 ben ik met inzamelingsacties begonnen. De oorlog duurt voort, de aandacht voor de oorlog neemt af, terwijl er juist nu extra ondersteuning nodig is. De vrijwilligers die units van het leger ondersteunen kunnen de aanvragen voor uitrusting nauwelijks aan en met de afnemende aandacht voor de oorlog in het nieuws neemt helaas ook [&hellip;]<\/p>\n","protected":false},"author":1,"featured_media":0,"parent":0,"menu_order":0,"comment_status":"closed","ping_status":"closed","template":"","meta":{"_seopress_robots_primary_cat":"","_seopress_titles_title":"","_seopress_titles_desc":"","_seopress_robots_index":"","_genesis_hide_title":false,"_genesis_hide_breadcrumbs":false,"_genesis_hide_singular_image":false,"_genesis_hide_footer_widgets":false,"_genesis_custom_body_class":"","_genesis_custom_post_class":"","_genesis_layout":"","footnotes":""},"class_list":{"0":"post-129","1":"page","2":"type-page","3":"status-publish","5":"entry"},"featured_image_src":null,"featured_image_src_square":null,"_links":{"self":[{"href":"https:\/\/indigo4ua.com\/fr\/wp-json\/wp\/v2\/pages\/129","targetHints":{"allow":["GET"]}}],"collection":[{"href":"https:\/\/indigo4ua.com\/fr\/wp-json\/wp\/v2\/pages"}],"about":[{"href":"https:\/\/indigo4ua.com\/fr\/wp-json\/wp\/v2\/types\/page"}],"author":[{"embeddable":true,"href":"https:\/\/indigo4ua.com\/fr\/wp-json\/wp\/v2\/users\/1"}],"replies":[{"embeddable":true,"href":"https:\/\/indigo4ua.com\/fr\/wp-json\/wp\/v2\/comments?post=129"}],"version-history":[{"count":3,"href":"https:\/\/indigo4ua.com\/fr\/wp-json\/wp\/v2\/pages\/129\/revisions"}],"predecessor-version":[{"id":1825,"href":"https:\/\/indigo4ua.com\/fr\/wp-json\/wp\/v2\/pages\/129\/revisions\/1825"}],"wp:attachment":[{"href":"https:\/\/indigo4ua.com\/fr\/wp-json\/wp\/v2\/media?parent=129"}],"curies":[{"name":"wp","href":"https:\/\/api.w.org\/{rel}","templated":true}]}}