{"id":1319,"date":"2025-12-27T14:02:24","date_gmt":"2025-12-27T13:02:24","guid":{"rendered":"https:\/\/indigo4ua.com\/?page_id=1319"},"modified":"2026-01-20T11:23:27","modified_gmt":"2026-01-20T10:23:27","slug":"34e-brigade-de-defense-cotiere-nov-2025","status":"publish","type":"page","link":"https:\/\/indigo4ua.com\/fr\/inzamelingsacties\/34e-kustverdedigingsbrigade-nov-2025\/","title":{"rendered":"34e brigade de d\u00e9fense c\u00f4ti\u00e8re - EcoFlow"},"content":{"rendered":"<div class=\"wp-block-columns alignwide osom-featured-text is-layout-flex wp-container-core-columns-is-layout-28f84493 wp-block-columns-is-layout-flex\">\n<div class=\"wp-block-column has-theme-footer-background-color has-background is-layout-flow wp-block-column-is-layout-flow\" style=\"padding-top:var(--wp--preset--spacing--80);padding-right:var(--wp--preset--spacing--70);padding-bottom:var(--wp--preset--spacing--80);padding-left:var(--wp--preset--spacing--70);flex-basis:60%\">\n<h2 class=\"wp-block-heading\">Collecte Novembre 2025<\/h2>\n\n\n\n<p>Pour la 34e brigade de d\u00e9fense c\u00f4ti\u00e8re de la r\u00e9gion de Cherson, nous avons men\u00e9 \u00e0 bien une campagne de collecte d'un EcoFlow d'une valeur de 449 euros, apr\u00e8s d\u00e9duction de la remise du Black Friday. L'appareil a \u00e9t\u00e9 achet\u00e9 en Allemagne.<\/p>\n\n\n\n<p>La collecte a permis de r\u00e9colter plus d'argent que n\u00e9cessaire pour l'EcoFlow. Le surplus de 3000UAH (\u20ac60) a \u00e9t\u00e9 utilis\u00e9 pour acheter et livrer un jeu de pneus pour cette unit\u00e9.<\/p>\n\n\n\n<div class=\"wp-block-buttons is-layout-flex wp-block-buttons-is-layout-flex\"><\/div>\n<\/div>\n\n\n\n<div class=\"wp-block-column is-vertically-aligned-center is-layout-flow wp-block-column-is-layout-flow\">\n<figure class=\"wp-block-image size-full size-large\"><img alt=\"\" loading=\"lazy\" decoding=\"async\" width=\"613\" height=\"557\" src=\"https:\/\/indigo4ua.com\/wp-content\/uploads\/2025\/12\/ecoflow-crop.jpg\" class=\"wp-image-1320\" style=\"object-fit:cover\" srcset=\"https:\/\/indigo4ua.com\/wp-content\/uploads\/2025\/12\/ecoflow-crop.jpg 613w, https:\/\/indigo4ua.com\/wp-content\/uploads\/2025\/12\/ecoflow-crop-300x273.jpg 300w, https:\/\/indigo4ua.com\/wp-content\/uploads\/2025\/12\/ecoflow-crop-13x12.jpg 13w\" sizes=\"auto, (max-width: 613px) 100vw, 613px\" \/><\/figure>\n<\/div>\n<\/div>\n\n\n\n<div style=\"height:50px\" aria-hidden=\"true\" class=\"wp-block-spacer\"><\/div>\n\n\n\n<h2 class=\"wp-block-heading\">Collection EcoFlow <\/h2>\n\n\n\n<p>L'EcoFlow (un g\u00e9n\u00e9rateur d'\u00e9lectricit\u00e9 portable \u00e0 base de batteries) est d\u00e9ploy\u00e9 sur la ligne de front et dans les op\u00e9rations de terrain o\u00f9 l'\u00e9lectricit\u00e9 fiable fait souvent d\u00e9faut en raison des dommages caus\u00e9s au r\u00e9seau ou de l'\u00e9loignement des lieux.<\/p>\n\n\n\n<p>L'EcoFlow a \u00e9t\u00e9 command\u00e9 en Allemagne en raison de l'importante remise accord\u00e9e pendant la p\u00e9riode du Black Friday.<\/p>\n\n\n\n<p>Collection publi\u00e9e :<br><a href=\"https:\/\/www.facebook.com\/irishka.parhomik\/posts\/pfbid02Phg2dWMiRHwqr5hkhq9eGhjstqdXnzUYtjgDypV4p5ohWS9boVpQXftHaTttvao5l\" target=\"_blank\" rel=\"noreferrer noopener\">Facebook<\/a><br><a href=\"https:\/\/x.com\/indigonl\/status\/1992337461029294310\" target=\"_blank\" rel=\"noreferrer noopener\">Twitter<\/a><\/p>\n\n\n\n<p><strong>Montant cible : \u20ac 449 \/ $500 \/ 22000UAH<\/strong><\/p>\n\n\n\n<h2 class=\"wp-block-heading\">Faire un don<\/h2>\n\n\n\n<p>Monobank : <a href=\"https:\/\/send.monobank.ua\/jar\/8hHh6j7bhH\" target=\"_blank\" rel=\"noreferrer noopener\">https:\/\/send.monobank.ua\/jar\/8hHh6j7bhH<\/a><br>PayPal parhomik.irina1985@gmail.com<\/p>\n\n\n\n<h2 class=\"wp-block-heading\">Livraison<\/h2>\n\n\n\n<div class=\"wp-block-columns is-layout-flex wp-container-core-columns-is-layout-28f84493 wp-block-columns-is-layout-flex\">\n<div class=\"wp-block-column is-layout-flow wp-block-column-is-layout-flow\">\n<figure class=\"wp-block-image size-large\"><img alt=\"\" loading=\"lazy\" decoding=\"async\" width=\"616\" height=\"1024\" src=\"https:\/\/indigo4ua.com\/wp-content\/uploads\/2025\/12\/34-banden-616x1024.jpg\" class=\"wp-image-1332\" srcset=\"https:\/\/indigo4ua.com\/wp-content\/uploads\/2025\/12\/34-banden-616x1024.jpg 616w, https:\/\/indigo4ua.com\/wp-content\/uploads\/2025\/12\/34-banden-180x300.jpg 180w, https:\/\/indigo4ua.com\/wp-content\/uploads\/2025\/12\/34-banden-7x12.jpg 7w, https:\/\/indigo4ua.com\/wp-content\/uploads\/2025\/12\/34-banden.jpg 701w\" sizes=\"auto, (max-width: 616px) 100vw, 616px\" \/><\/figure>\n<\/div>\n\n\n\n<div class=\"wp-block-column is-layout-flow wp-block-column-is-layout-flow\">\n<figure class=\"wp-block-video\"><video height=\"1280\" style=\"aspect-ratio: 720 \/ 1280;\" width=\"720\" controls poster=\"https:\/\/indigo4ua.com\/wp-content\/uploads\/2026\/01\/video-ondertiteld_thumb1.jpg\" src=\"https:\/\/indigo4ua.com\/wp-content\/uploads\/2026\/01\/video-ondertiteld.mp4\"><\/video><\/figure>\n<\/div>\n<\/div>\n\n\n\n<h2 class=\"wp-block-heading\">Rapport financier<\/h2>\n\n\n\n<p>Monobanque 11427UAH<br>PayPal : <a href=\"https:\/\/indigo4ua.com\/wp-content\/uploads\/2025\/12\/paypal-transfer-1.jpg\">2315,88<\/a> + <a href=\"https:\/\/indigo4ua.com\/wp-content\/uploads\/2025\/12\/paypal-transfer-2.jpg\">1206,24<\/a> + <a href=\"https:\/\/indigo4ua.com\/wp-content\/uploads\/2025\/12\/20251124-monobank.jpg\">2972,76<\/a> = 6495UAH (<a href=\"https:\/\/indigo4ua.com\/wp-content\/uploads\/2025\/12\/paypal-transfer-4.jpg\">Solde PayPal \u00e0 z\u00e9ro<\/a>)<br>Encaissements : <a href=\"https:\/\/indigo4ua.com\/wp-content\/uploads\/2025\/12\/20251124-cash.jpg\">8000UAH<\/a><\/p>\n\n\n\n<p><strong>Total : 25922UAH<\/strong><\/p>\n\n\n\n<p>Pay\u00e9 pour : EcoFlow, <a href=\"https:\/\/indigo4ua.com\/wp-content\/uploads\/2025\/12\/20251123-invoice-ecoflow.jpeg\">facture \u20ac 449<\/a>, <a href=\"https:\/\/indigo4ua.com\/wp-content\/uploads\/2025\/12\/20251123-payment-ecoflow.jpeg\">converti 22010UAH<\/a><br>Pay\u00e9 avec le surplus : pneus d'occasion <a href=\"https:\/\/indigo4ua.com\/wp-content\/uploads\/2025\/12\/20251124-monobank.jpg\">3000UAH pay\u00e9s<\/a><br>Total pay\u00e9 : 25010UAH<br>L'exc\u00e9dent de 912UAH a \u00e9t\u00e9 transf\u00e9r\u00e9 \u00e0 la collecte de fonds pour la <a href=\"https:\/\/indigo4ua.com\/fr\/activites-de-collecte-de-fonds\/pneus\/\" target=\"_blank\" rel=\"noreferrer noopener\">pneus pour le 108e TDF<\/a>.<br><\/p>\n\n\n\n<h2 class=\"wp-block-heading\">Photos<\/h2>\n\n\n\n<p>Voici quelques photos de la 34e brigade de marine, 30e brigade de d\u00e9fense c\u00f4ti\u00e8re. Ces photos peuvent \u00eatre utilis\u00e9es avec l'autorisation de l'unit\u00e9 de l'arm\u00e9e.<\/p>\n\n\n\n<figure class=\"wp-block-gallery has-nested-images columns-default is-cropped wp-block-gallery-1 is-layout-flex wp-block-gallery-is-layout-flex\">\n<figure class=\"wp-block-image size-large\"><img alt=\"\" loading=\"lazy\" decoding=\"async\" width=\"828\" height=\"459\" data-id=\"795\" src=\"https:\/\/indigo4ua.com\/wp-content\/uploads\/2025\/08\/flag-34th-marine-brigade.jpg\" class=\"wp-image-795\" srcset=\"https:\/\/indigo4ua.com\/wp-content\/uploads\/2025\/08\/flag-34th-marine-brigade.jpg 828w, https:\/\/indigo4ua.com\/wp-content\/uploads\/2025\/08\/flag-34th-marine-brigade-300x166.jpg 300w, https:\/\/indigo4ua.com\/wp-content\/uploads\/2025\/08\/flag-34th-marine-brigade-768x426.jpg 768w, https:\/\/indigo4ua.com\/wp-content\/uploads\/2025\/08\/flag-34th-marine-brigade-18x10.jpg 18w\" sizes=\"auto, (max-width: 828px) 100vw, 828px\" \/><\/figure>\n\n\n\n<figure class=\"wp-block-image size-large\"><img alt=\"\" loading=\"lazy\" decoding=\"async\" width=\"416\" height=\"514\" data-id=\"794\" src=\"https:\/\/indigo4ua.com\/wp-content\/uploads\/2025\/08\/patch-for-raffle.jpg\" class=\"wp-image-794\" srcset=\"https:\/\/indigo4ua.com\/wp-content\/uploads\/2025\/08\/patch-for-raffle.jpg 416w, https:\/\/indigo4ua.com\/wp-content\/uploads\/2025\/08\/patch-for-raffle-243x300.jpg 243w, https:\/\/indigo4ua.com\/wp-content\/uploads\/2025\/08\/patch-for-raffle-10x12.jpg 10w\" sizes=\"auto, (max-width: 416px) 100vw, 416px\" \/><\/figure>\n\n\n\n<figure class=\"wp-block-image size-large\"><img alt=\"\" loading=\"lazy\" decoding=\"async\" width=\"992\" height=\"750\" data-id=\"671\" src=\"https:\/\/indigo4ua.com\/wp-content\/uploads\/2025\/07\/34th-marines.jpg\" class=\"wp-image-671\" srcset=\"https:\/\/indigo4ua.com\/wp-content\/uploads\/2025\/07\/34th-marines.jpg 992w, https:\/\/indigo4ua.com\/wp-content\/uploads\/2025\/07\/34th-marines-300x227.jpg 300w, https:\/\/indigo4ua.com\/wp-content\/uploads\/2025\/07\/34th-marines-768x581.jpg 768w, https:\/\/indigo4ua.com\/wp-content\/uploads\/2025\/07\/34th-marines-16x12.jpg 16w\" sizes=\"auto, (max-width: 992px) 100vw, 992px\" \/><\/figure>\n<\/figure>\n\n\n\n<h2 class=\"wp-block-heading\">L'\u00e9quipe<\/h2>\n\n\n\n<div class=\"wp-block-columns team-dakota is-layout-flex wp-container-core-columns-is-layout-28f84493 wp-block-columns-is-layout-flex\">\n<div class=\"wp-block-column is-layout-flow wp-block-column-is-layout-flow\">\n<figure class=\"wp-block-image size-full is-style-rounded\"><img alt=\"\" loading=\"lazy\" decoding=\"async\" width=\"400\" height=\"400\" src=\"https:\/\/indigo4ua.com\/wp-content\/uploads\/2025\/04\/Irishka.jpg\" class=\"wp-image-210\" srcset=\"https:\/\/indigo4ua.com\/wp-content\/uploads\/2025\/04\/Irishka.jpg 400w, https:\/\/indigo4ua.com\/wp-content\/uploads\/2025\/04\/Irishka-300x300.jpg 300w, https:\/\/indigo4ua.com\/wp-content\/uploads\/2025\/04\/Irishka-150x150.jpg 150w, https:\/\/indigo4ua.com\/wp-content\/uploads\/2025\/04\/Irishka-12x12.jpg 12w, https:\/\/indigo4ua.com\/wp-content\/uploads\/2025\/04\/Irishka-75x75.jpg 75w\" sizes=\"auto, (max-width: 400px) 100vw, 400px\" \/><\/figure>\n\n\n\n<h4 class=\"wp-block-heading has-text-align-center\">Irishka<\/h4>\n\n\n\n<p class=\"has-text-align-center\">Irishka est le point de contact pour les unit\u00e9s et \u00e9value si une demande peut \u00eatre trait\u00e9e. Elle recherche \u00e9galement de bonnes affaires pour les achats et r\u00e8gle les paiements.<\/p>\n<\/div>\n\n\n\n<div class=\"wp-block-column is-layout-flow wp-block-column-is-layout-flow\">\n<figure class=\"wp-block-image size-full is-style-rounded\"><img loading=\"lazy\" decoding=\"async\" width=\"500\" height=\"500\" src=\"https:\/\/indigo4ua.com\/wp-content\/uploads\/2025\/02\/nafo-fella-indigonl-500px.jpg\" alt=\"OPANO Fella indigonl\" class=\"wp-image-106\" srcset=\"https:\/\/indigo4ua.com\/wp-content\/uploads\/2025\/02\/nafo-fella-indigonl-500px.jpg 500w, https:\/\/indigo4ua.com\/wp-content\/uploads\/2025\/02\/nafo-fella-indigonl-500px-300x300.jpg 300w, https:\/\/indigo4ua.com\/wp-content\/uploads\/2025\/02\/nafo-fella-indigonl-500px-150x150.jpg 150w, https:\/\/indigo4ua.com\/wp-content\/uploads\/2025\/02\/nafo-fella-indigonl-500px-12x12.jpg 12w, https:\/\/indigo4ua.com\/wp-content\/uploads\/2025\/02\/nafo-fella-indigonl-500px-75x75.jpg 75w, https:\/\/indigo4ua.com\/wp-content\/uploads\/2025\/02\/nafo-fella-indigonl-500px-400x400.jpg 400w\" sizes=\"auto, (max-width: 500px) 100vw, 500px\" \/><\/figure>\n\n\n\n<h4 class=\"wp-block-heading has-text-align-center\">Petra<\/h4>\n\n\n\n<p class=\"has-text-align-center\">Petra est associ\u00e9e \u00e0 Irishka. Petra est active sur Twitter, Irishka sur Facebook. Ensemble, nous obtenons un meilleur r\u00e9sultat.<\/p>\n<\/div>\n<\/div>","protected":false},"excerpt":{"rendered":"<p>Inzameling november 2025 Voor de 34e Kustverdedigingsbrigade in de regio Cherson hebben we een inzamelingsactie voltooid voor een EcoFlow ter waarde van \u20ac 449,-, na aftrek van Black Friday korting. Het apparaat is aangeschaft in Duitsland. Tijdens de inzameling is meer geld binnengekomen dan er nodig was voor de EcoFlow. Met het surplus ad 3000UAH [&hellip;]<\/p>\n","protected":false},"author":1,"featured_media":0,"parent":129,"menu_order":0,"comment_status":"closed","ping_status":"closed","template":"","meta":{"_seopress_robots_primary_cat":"","_seopress_titles_title":"","_seopress_titles_desc":"","_seopress_robots_index":"","_genesis_hide_title":false,"_genesis_hide_breadcrumbs":false,"_genesis_hide_singular_image":false,"_genesis_hide_footer_widgets":false,"_genesis_custom_body_class":"","_genesis_custom_post_class":"","_genesis_layout":"","footnotes":""},"class_list":{"0":"post-1319","1":"page","2":"type-page","3":"status-publish","5":"entry"},"featured_image_src":null,"featured_image_src_square":null,"_links":{"self":[{"href":"https:\/\/indigo4ua.com\/fr\/wp-json\/wp\/v2\/pages\/1319","targetHints":{"allow":["GET"]}}],"collection":[{"href":"https:\/\/indigo4ua.com\/fr\/wp-json\/wp\/v2\/pages"}],"about":[{"href":"https:\/\/indigo4ua.com\/fr\/wp-json\/wp\/v2\/types\/page"}],"author":[{"embeddable":true,"href":"https:\/\/indigo4ua.com\/fr\/wp-json\/wp\/v2\/users\/1"}],"replies":[{"embeddable":true,"href":"https:\/\/indigo4ua.com\/fr\/wp-json\/wp\/v2\/comments?post=1319"}],"version-history":[{"count":0,"href":"https:\/\/indigo4ua.com\/fr\/wp-json\/wp\/v2\/pages\/1319\/revisions"}],"up":[{"embeddable":true,"href":"https:\/\/indigo4ua.com\/fr\/wp-json\/wp\/v2\/pages\/129"}],"wp:attachment":[{"href":"https:\/\/indigo4ua.com\/fr\/wp-json\/wp\/v2\/media?parent=1319"}],"curies":[{"name":"wp","href":"https:\/\/api.w.org\/{rel}","templated":true}]}}