{"id":133,"date":"2025-02-12T04:43:40","date_gmt":"2025-02-12T03:43:40","guid":{"rendered":"https:\/\/indigo4ua.com\/?page_id=133"},"modified":"2026-02-08T13:23:55","modified_gmt":"2026-02-08T12:23:55","slug":"nafo-fella","status":"publish","type":"page","link":"https:\/\/indigo4ua.com\/fr\/nafo-fella\/","title":{"rendered":"Fella de l'OPANO"},"content":{"rendered":"<h2 class=\"wp-block-heading\">NAFO<\/h2>\n\n\n\n<p>La North Atlantic Fella Organisation (NAFO, jeu de mots sur l'OTAN, l'Organisation du trait\u00e9 de l'Atlantique Nord) est un m\u00e8me Internet et un mouvement de m\u00e9dias sociaux visant \u00e0 lutter contre la propagande et la d\u00e9sinformation russes concernant l'invasion de l'Ukraine par la Russie en 2022. Il s'agit d'une forme de guerre de l'information.<\/p>\n\n\n\n<p>Outre la publication de commentaires irr\u00e9v\u00e9rencieux sur la guerre et de m\u00e8mes promouvant l'Ukraine ou ridiculisant les efforts de guerre et la strat\u00e9gie de la Russie (\"shitposting\"), le groupe collecte \u00e9galement des fonds pour les forces arm\u00e9es ukrainiennes et d'autres causes pro-ukrainiennes. La repr\u00e9sentation d'un \"Fella\" de la NAFO est un chien Shiba Inu (bas\u00e9 sur le m\u00e8me \"Doge\"), souvent utilis\u00e9 comme avatar et parfois d\u00e9crit comme un \"chien de dessin anim\u00e9\", ou un \"groupe de soldats Shiba Inu\".<\/p>\n\n\n\n<p><em>Source : <a href=\"https:\/\/nl.wikipedia.org\/wiki\/NAFO_(groep)\" target=\"_blank\" rel=\"noreferrer noopener\">Wikipedia (en anglais)<\/a><\/em><\/p>\n\n\n\n<h2 class=\"wp-block-heading\">Fella de l'OPANO<\/h2>\n\n\n\n<div class=\"wp-block-media-text is-stacked-on-mobile\" style=\"grid-template-columns:29% auto\"><figure class=\"wp-block-media-text__media\"><img loading=\"lazy\" decoding=\"async\" width=\"500\" height=\"500\" src=\"https:\/\/indigo4ua.com\/wp-content\/uploads\/2025\/02\/nafo-fella-indigonl-500px.jpg\" alt=\"OPANO Fella indigonl\" class=\"wp-image-106 size-full\" srcset=\"https:\/\/indigo4ua.com\/wp-content\/uploads\/2025\/02\/nafo-fella-indigonl-500px.jpg 500w, https:\/\/indigo4ua.com\/wp-content\/uploads\/2025\/02\/nafo-fella-indigonl-500px-300x300.jpg 300w, https:\/\/indigo4ua.com\/wp-content\/uploads\/2025\/02\/nafo-fella-indigonl-500px-150x150.jpg 150w, https:\/\/indigo4ua.com\/wp-content\/uploads\/2025\/02\/nafo-fella-indigonl-500px-12x12.jpg 12w, https:\/\/indigo4ua.com\/wp-content\/uploads\/2025\/02\/nafo-fella-indigonl-500px-75x75.jpg 75w, https:\/\/indigo4ua.com\/wp-content\/uploads\/2025\/02\/nafo-fella-indigonl-500px-400x400.jpg 400w\" sizes=\"auto, (max-width: 500px) 100vw, 500px\" \/><\/figure><div class=\"wp-block-media-text__content\">\n<p class=\"translation-block\">En 2024, j'ai rejoint <a href=\"https:\/\/nafo-ofan.org\/\" target=\"_blank\" rel=\"noreferrer noopener\">l'Organisation des Fella de l'Atlantique Nord<\/a>. Depuis lors, je suis le Fella de l'OPANO. J'ai vu passer le terme NAFO sur les m\u00e9dias sociaux pendant un certain temps, mais je ne savais pas d'o\u00f9 il venait. Ce n'est qu'en cherchant sur Google que je l'ai d\u00e9couvert et que j'ai d\u00e9cid\u00e9 de rejoindre cette initiative.<\/p>\n\n\n\n<p>Vous pouvez vous inscrire gratuitement en tant que membre de la NAFO si vous pouvez fournir une preuve de don \u00e0 une collecte de fonds pour l'Ukraine. Apr\u00e8s votre inscription, vous pouvez demander une forge, votre propre image de Fella, bas\u00e9e sur le chien Shiba Inu. Voici ma forge de Fella de la NAFO.<\/p>\n<\/div><\/div>\n\n\n\n<div class=\"wp-block-columns is-layout-flex wp-container-core-columns-is-layout-28f84493 wp-block-columns-is-layout-flex\">\n<div class=\"wp-block-column is-layout-flow wp-block-column-is-layout-flow\">\n<figure class=\"wp-block-image size-full\"><img loading=\"lazy\" decoding=\"async\" width=\"500\" height=\"500\" src=\"https:\/\/indigo4ua.com\/wp-content\/uploads\/2025\/02\/nafo-fella-indigonl-tulps-500px.jpg\" alt=\"NAFO Fella indigonl tulipes\" class=\"wp-image-137\" srcset=\"https:\/\/indigo4ua.com\/wp-content\/uploads\/2025\/02\/nafo-fella-indigonl-tulps-500px.jpg 500w, https:\/\/indigo4ua.com\/wp-content\/uploads\/2025\/02\/nafo-fella-indigonl-tulps-500px-300x300.jpg 300w, https:\/\/indigo4ua.com\/wp-content\/uploads\/2025\/02\/nafo-fella-indigonl-tulps-500px-150x150.jpg 150w, https:\/\/indigo4ua.com\/wp-content\/uploads\/2025\/02\/nafo-fella-indigonl-tulps-500px-12x12.jpg 12w, https:\/\/indigo4ua.com\/wp-content\/uploads\/2025\/02\/nafo-fella-indigonl-tulps-500px-75x75.jpg 75w\" sizes=\"auto, (max-width: 500px) 100vw, 500px\" \/><\/figure>\n<\/div>\n\n\n\n<div class=\"wp-block-column is-layout-flow wp-block-column-is-layout-flow\">\n<figure class=\"wp-block-image size-full\"><img loading=\"lazy\" decoding=\"async\" width=\"670\" height=\"670\" src=\"https:\/\/indigo4ua.com\/wp-content\/uploads\/2025\/02\/nafo-fella-mh17.jpg\" alt=\"OPANO Fella indigonl mh17\" class=\"wp-image-138\" srcset=\"https:\/\/indigo4ua.com\/wp-content\/uploads\/2025\/02\/nafo-fella-mh17.jpg 670w, https:\/\/indigo4ua.com\/wp-content\/uploads\/2025\/02\/nafo-fella-mh17-300x300.jpg 300w, https:\/\/indigo4ua.com\/wp-content\/uploads\/2025\/02\/nafo-fella-mh17-150x150.jpg 150w, https:\/\/indigo4ua.com\/wp-content\/uploads\/2025\/02\/nafo-fella-mh17-12x12.jpg 12w, https:\/\/indigo4ua.com\/wp-content\/uploads\/2025\/02\/nafo-fella-mh17-75x75.jpg 75w, https:\/\/indigo4ua.com\/wp-content\/uploads\/2025\/02\/nafo-fella-mh17-600x600.jpg 600w\" sizes=\"auto, (max-width: 670px) 100vw, 670px\" \/><\/figure>\n<\/div>\n\n\n\n<div class=\"wp-block-column is-layout-flow wp-block-column-is-layout-flow\">\n<figure class=\"wp-block-image size-full\"><img loading=\"lazy\" decoding=\"async\" width=\"500\" height=\"500\" src=\"https:\/\/indigo4ua.com\/wp-content\/uploads\/2025\/02\/nafo-fella-winter-500px.jpg\" alt=\"OPANO Fella indigonl winter\" class=\"wp-image-140\" srcset=\"https:\/\/indigo4ua.com\/wp-content\/uploads\/2025\/02\/nafo-fella-winter-500px.jpg 500w, https:\/\/indigo4ua.com\/wp-content\/uploads\/2025\/02\/nafo-fella-winter-500px-300x300.jpg 300w, https:\/\/indigo4ua.com\/wp-content\/uploads\/2025\/02\/nafo-fella-winter-500px-150x150.jpg 150w, https:\/\/indigo4ua.com\/wp-content\/uploads\/2025\/02\/nafo-fella-winter-500px-12x12.jpg 12w, https:\/\/indigo4ua.com\/wp-content\/uploads\/2025\/02\/nafo-fella-winter-500px-75x75.jpg 75w\" sizes=\"auto, (max-width: 500px) 100vw, 500px\" \/><\/figure>\n<\/div>\n<\/div>\n\n\n\n<div class=\"wp-block-columns is-layout-flex wp-container-core-columns-is-layout-28f84493 wp-block-columns-is-layout-flex\">\n<div class=\"wp-block-column is-layout-flow wp-block-column-is-layout-flow\" style=\"flex-basis:50%\">\n<figure class=\"wp-block-image size-full\"><img loading=\"lazy\" decoding=\"async\" width=\"744\" height=\"500\" src=\"https:\/\/indigo4ua.com\/wp-content\/uploads\/2025\/02\/nafo-fella-fck-russia-500px.jpg\" alt=\"NAFO Fella indigonl fck russia\" class=\"wp-image-143\" srcset=\"https:\/\/indigo4ua.com\/wp-content\/uploads\/2025\/02\/nafo-fella-fck-russia-500px.jpg 744w, https:\/\/indigo4ua.com\/wp-content\/uploads\/2025\/02\/nafo-fella-fck-russia-500px-300x202.jpg 300w, https:\/\/indigo4ua.com\/wp-content\/uploads\/2025\/02\/nafo-fella-fck-russia-500px-18x12.jpg 18w\" sizes=\"auto, (max-width: 744px) 100vw, 744px\" \/><\/figure>\n<\/div>\n\n\n\n<div class=\"wp-block-column is-layout-flow wp-block-column-is-layout-flow\" style=\"flex-basis:35%\">\n<figure class=\"wp-block-image size-full\"><img alt=\"\" loading=\"lazy\" decoding=\"async\" width=\"1470\" height=\"1345\" src=\"https:\/\/indigo4ua.com\/wp-content\/uploads\/2025\/06\/hells-fellas-by-bopandy1.jpg\" class=\"wp-image-649\" srcset=\"https:\/\/indigo4ua.com\/wp-content\/uploads\/2025\/06\/hells-fellas-by-bopandy1.jpg 1470w, https:\/\/indigo4ua.com\/wp-content\/uploads\/2025\/06\/hells-fellas-by-bopandy1-300x274.jpg 300w, https:\/\/indigo4ua.com\/wp-content\/uploads\/2025\/06\/hells-fellas-by-bopandy1-1024x937.jpg 1024w, https:\/\/indigo4ua.com\/wp-content\/uploads\/2025\/06\/hells-fellas-by-bopandy1-768x703.jpg 768w, https:\/\/indigo4ua.com\/wp-content\/uploads\/2025\/06\/hells-fellas-by-bopandy1-13x12.jpg 13w\" sizes=\"auto, (max-width: 1470px) 100vw, 1470px\" \/><\/figure>\n<\/div>\n<\/div>\n\n\n\n<div class=\"wp-block-columns is-layout-flex wp-container-core-columns-is-layout-28f84493 wp-block-columns-is-layout-flex\">\n<div class=\"wp-block-column is-layout-flow wp-block-column-is-layout-flow\">\n<details class=\"wp-block-details is-layout-flow wp-block-details-is-layout-flow\"><summary>Cr\u00e9\u00e9 par https:\/\/x.com\/Berenik48809214?s=20<\/summary>\n<figure class=\"wp-block-image size-large\"><img alt=\"\" loading=\"lazy\" decoding=\"async\" width=\"654\" height=\"1024\" src=\"https:\/\/indigo4ua.com\/wp-content\/uploads\/2026\/02\/NAFO-bakery-654x1024.jpg\" class=\"wp-image-1572\" srcset=\"https:\/\/indigo4ua.com\/wp-content\/uploads\/2026\/02\/NAFO-bakery-654x1024.jpg 654w, https:\/\/indigo4ua.com\/wp-content\/uploads\/2026\/02\/NAFO-bakery-192x300.jpg 192w, https:\/\/indigo4ua.com\/wp-content\/uploads\/2026\/02\/NAFO-bakery-768x1202.jpg 768w, https:\/\/indigo4ua.com\/wp-content\/uploads\/2026\/02\/NAFO-bakery-982x1536.jpg 982w, https:\/\/indigo4ua.com\/wp-content\/uploads\/2026\/02\/NAFO-bakery-8x12.jpg 8w, https:\/\/indigo4ua.com\/wp-content\/uploads\/2026\/02\/NAFO-bakery.jpg 1078w\" sizes=\"auto, (max-width: 654px) 100vw, 654px\" \/><\/figure>\n<\/details>\n<\/div>\n\n\n\n<div class=\"wp-block-column is-layout-flow wp-block-column-is-layout-flow\"><\/div>\n<\/div>\n\n\n\n<p><\/p>\n\n\n\n<h2 class=\"wp-block-heading\">Qui a fabriqu\u00e9 ma forge ?<\/h2>\n\n\n\n<p>Il m'a fallu un certain temps pour d\u00e9couvrir qui avait fabriqu\u00e9 ma forge, mais nous nous sommes retrouv\u00e9s gr\u00e2ce \u00e0 Twitter.<\/p>\n\n\n\n<p>Et je comprends maintenant pourquoi, pendant un certain temps, le cr\u00e9ateur n'\u00e9tait pas clair pour moi : l'e-mail indiquait bien que \"Nom\" l'avait fait. Mais j'avais suppos\u00e9 qu'un nom aurait d\u00fb remplacer Nom et que l'exp\u00e9diteur avait opt\u00e9 pour l'anonymat. Ce n'est que lorsque j'ai cherch\u00e9 sur Twitter #felladelivery combin\u00e9 \u00e0 \"Dutch\" que je l'ai vu, il y a plus d'un an.<\/p>\n\n\n\n<div class=\"wp-block-columns is-layout-flex wp-container-core-columns-is-layout-28f84493 wp-block-columns-is-layout-flex\">\n<div class=\"wp-block-column is-layout-flow wp-block-column-is-layout-flow\">\n<figure class=\"wp-block-embed is-type-rich is-provider-twitter wp-block-embed-twitter\"><div class=\"wp-block-embed__wrapper\">\n<blockquote class=\"twitter-tweet\" data-width=\"500\" data-dnt=\"true\"><p lang=\"en\" dir=\"ltr\">Une dame n\u00e9erlandaise.<a href=\"https:\/\/twitter.com\/hashtag\/felladelivery?src=hash&amp;ref_src=twsrc%5Etfw\">#felladelivery<\/a> <a href=\"https:\/\/t.co\/gok0TVcWVA\">pic.twitter.com\/gok0TVcWVA<\/a><\/p>- Nom (@nmlss_hr_4_vrmr) <a href=\"https:\/\/twitter.com\/nmlss_hr_4_vrmr\/status\/1761135599300325678?ref_src=twsrc%5Etfw\">23 f\u00e9vrier 2024<\/a><\/blockquote><script async src=\"https:\/\/platform.twitter.com\/widgets.js\" charset=\"utf-8\"><\/script>\n<\/div><\/figure>\n<\/div>\n\n\n\n<div class=\"wp-block-column is-layout-flow wp-block-column-is-layout-flow\"><\/div>\n<\/div>","protected":false},"excerpt":{"rendered":"<p>NAFO De Noord-Atlantische Fella Organisatie (NAFO, een woordspeling op de NAVO, de Noord-Atlantische Verdragsorganisatie) is een Internetmeme en sociale media-beweging die zich toelegt op het bestrijden van Russische propaganda en desinformatie over de Russische invasie van Oekra\u00efne in 2022. Het is geclassificeerd als een vorm van informatieoorlogvoering. Naast het plaatsen van oneerbiedige commentaren over de [&hellip;]<\/p>\n","protected":false},"author":1,"featured_media":0,"parent":0,"menu_order":0,"comment_status":"closed","ping_status":"closed","template":"","meta":{"_seopress_robots_primary_cat":"","_seopress_titles_title":"","_seopress_titles_desc":"","_seopress_robots_index":"","_genesis_hide_title":false,"_genesis_hide_breadcrumbs":false,"_genesis_hide_singular_image":false,"_genesis_hide_footer_widgets":false,"_genesis_custom_body_class":"","_genesis_custom_post_class":"","_genesis_layout":"","footnotes":""},"class_list":{"0":"post-133","1":"page","2":"type-page","3":"status-publish","5":"entry"},"featured_image_src":null,"featured_image_src_square":null,"_links":{"self":[{"href":"https:\/\/indigo4ua.com\/fr\/wp-json\/wp\/v2\/pages\/133","targetHints":{"allow":["GET"]}}],"collection":[{"href":"https:\/\/indigo4ua.com\/fr\/wp-json\/wp\/v2\/pages"}],"about":[{"href":"https:\/\/indigo4ua.com\/fr\/wp-json\/wp\/v2\/types\/page"}],"author":[{"embeddable":true,"href":"https:\/\/indigo4ua.com\/fr\/wp-json\/wp\/v2\/users\/1"}],"replies":[{"embeddable":true,"href":"https:\/\/indigo4ua.com\/fr\/wp-json\/wp\/v2\/comments?post=133"}],"version-history":[{"count":0,"href":"https:\/\/indigo4ua.com\/fr\/wp-json\/wp\/v2\/pages\/133\/revisions"}],"wp:attachment":[{"href":"https:\/\/indigo4ua.com\/fr\/wp-json\/wp\/v2\/media?parent=133"}],"curies":[{"name":"wp","href":"https:\/\/api.w.org\/{rel}","templated":true}]}}