{"id":1338,"date":"2025-12-27T15:41:22","date_gmt":"2025-12-27T14:41:22","guid":{"rendered":"https:\/\/indigo4ua.com\/?page_id=1338"},"modified":"2026-01-20T11:40:49","modified_gmt":"2026-01-20T10:40:49","slug":"34e-brigade-de-defense-cotiere-bandera-power","status":"publish","type":"page","link":"https:\/\/indigo4ua.com\/fr\/inzamelingsacties\/34e-kustverdedigingsbrigade-bandera-power\/","title":{"rendered":"34e brigade de d\u00e9fense c\u00f4ti\u00e8re - Bandera Power"},"content":{"rendered":"<div class=\"wp-block-columns alignwide osom-featured-text is-layout-flex wp-container-core-columns-is-layout-28f84493 wp-block-columns-is-layout-flex\">\n<div class=\"wp-block-column has-theme-footer-background-color has-background is-layout-flow wp-block-column-is-layout-flow\" style=\"padding-top:var(--wp--preset--spacing--80);padding-right:var(--wp--preset--spacing--70);padding-bottom:var(--wp--preset--spacing--80);padding-left:var(--wp--preset--spacing--70);flex-basis:60%\">\n<h2 class=\"wp-block-heading\">Collecte D\u00e9cembre 2025<\/h2>\n\n\n\n<p>Pour la 34e brigade de d\u00e9fense c\u00f4ti\u00e8re de la r\u00e9gion de Cherson, nous avons men\u00e9 \u00e0 bien une campagne de collecte d'une station de recharge Bandera Power d'une valeur de 69440UAH ($1,645).<\/p>\n\n\n\n<p>Cette station de recharge est utilis\u00e9e pour recharger les drones et les \u00e9quipements de communication. <\/p>\n\n\n\n<div class=\"wp-block-buttons is-layout-flex wp-block-buttons-is-layout-flex\">\n<div class=\"wp-block-button is-style-outline is-style-outline--1\"><a class=\"wp-block-button__link wp-element-button\" href=\"https:\/\/donorbox.org\/help-the-defenders\" target=\"_blank\" rel=\"noreferrer noopener\">PAGE DE LA BO\u00ceTE DES DONATEURS<\/a><\/div>\n<\/div>\n<\/div>\n\n\n\n<div class=\"wp-block-column is-vertically-aligned-center is-layout-flow wp-block-column-is-layout-flow\">\n<figure class=\"wp-block-image size-full size-large\"><img alt=\"\" loading=\"lazy\" decoding=\"async\" width=\"900\" height=\"601\" src=\"https:\/\/indigo4ua.com\/wp-content\/uploads\/2025\/12\/bandera-power-860-s-08.webp\" class=\"wp-image-1354\" style=\"object-fit:cover\" srcset=\"https:\/\/indigo4ua.com\/wp-content\/uploads\/2025\/12\/bandera-power-860-s-08.webp 900w, https:\/\/indigo4ua.com\/wp-content\/uploads\/2025\/12\/bandera-power-860-s-08-300x200.webp 300w, https:\/\/indigo4ua.com\/wp-content\/uploads\/2025\/12\/bandera-power-860-s-08-768x513.webp 768w, https:\/\/indigo4ua.com\/wp-content\/uploads\/2025\/12\/bandera-power-860-s-08-18x12.webp 18w, https:\/\/indigo4ua.com\/wp-content\/uploads\/2025\/12\/bandera-power-860-s-08-600x400.webp 600w\" sizes=\"auto, (max-width: 900px) 100vw, 900px\" \/><\/figure>\n<\/div>\n<\/div>\n\n\n\n<div style=\"height:50px\" aria-hidden=\"true\" class=\"wp-block-spacer\"><\/div>\n\n\n\n<h2 class=\"wp-block-heading\">Demande de vid\u00e9o<\/h2>\n\n\n\n<figure class=\"wp-block-video\"><video height=\"540\" style=\"aspect-ratio: 960 \/ 540;\" width=\"960\" controls poster=\"https:\/\/indigo4ua.com\/wp-content\/uploads\/2025\/12\/att.KUS51xhz8M4uvBzeikkJH1xDdSEm1CWn7D_ASv_hx7s_thumb1.jpg\" src=\"https:\/\/indigo4ua.com\/wp-content\/uploads\/2025\/12\/att.KUS51xhz8M4uvBzeikkJH1xDdSEm1CWn7D_ASv_hx7s.mp4\"><\/video><\/figure>\n\n\n\n<h2 class=\"wp-block-heading\">Collection Bandera Power 860S<\/h2>\n\n\n\n<p><strong>Collection publi\u00e9e<\/strong> <br>sur Twitter : <a href=\"https:\/\/x.com\/indigonl\/status\/2002096633903751585\" target=\"_blank\" rel=\"noreferrer noopener\">https:\/\/x.com\/indigonl\/status\/2002096633903751585<\/a><br>Sur Facebook : <a href=\"https:\/\/www.facebook.com\/irishka.parhomik\/posts\/pfbid02kbFHz2Gd2xZXXTtrnVpv3W3mafq6kyFVKsTpJvufdnDmLaMpsjBCiHoyhMNxThk2l\" target=\"_blank\" rel=\"noreferrer noopener\">https:\/\/www.facebook.com\/irishka.parhomik\/posts\/pfbid02kbFHz2Gd2xZXXTtrnVpv3W3mafq6kyFVKsTpJvufdnDmLaMpsjBCiHoyhMNxThk2l<\/a><\/p>\n\n\n\n<p><strong>Montant cible : 68440UAH ($1,645)<\/strong><\/p>\n\n\n\n<h2 class=\"wp-block-heading\">Faire un don<\/h2>\n\n\n\n<p>Monobank : <a href=\"https:\/\/send.monobank.ua\/jar\/5sJvAyj8nT\" target=\"_blank\" rel=\"noreferrer noopener\">https:\/\/send.monobank.ua\/jar\/5sJvAyj8nT<\/a><br>Bo\u00eete du donateur : <a href=\"https:\/\/donorbox.org\/help-the-defenders\" target=\"_blank\" rel=\"noreferrer noopener\">https:\/\/donorbox.org\/help-the-defenders<\/a><\/p>\n\n\n\n<h2 class=\"wp-block-heading\">Rapport financier<\/h2>\n\n\n\n<p><strong>Dons re\u00e7us<\/strong><br><a href=\"https:\/\/indigo4ua.com\/wp-content\/uploads\/2025\/12\/20251218-monobank.jpg\">Monobanque 59244UAH<\/a><br>PayPal 25593UAH (<a href=\"https:\/\/indigo4ua.com\/wp-content\/uploads\/2025\/12\/20251218-paypal-incl-donorbox.jpg\">$614,56<\/a> y compris <a href=\"https:\/\/indigo4ua.com\/wp-content\/uploads\/2025\/12\/20251218-donorbox.jpg\">70 \u20ac Bo\u00eete du donateur<\/a>)<br><strong>Total : 84838UAH<\/strong><\/p>\n\n\n\n<p><strong>Mat\u00e9riel achet\u00e9<\/strong><br><a href=\"https:\/\/indigo4ua.com\/wp-content\/uploads\/2025\/12\/20251218-invoice.jpg\">Bandera Power 860S 69438UAH<\/a> <br><a href=\"https:\/\/indigo4ua.com\/wp-content\/uploads\/2025\/12\/20251224-bladen-voor-drones.jpg\">20 jeux de pales pour drones 15400UAH<\/a><br><strong>Total : 84838UAH<\/strong><br><\/p>\n\n\n\n<h2 class=\"wp-block-heading\">Livraison Bandera Power + pales de drone<\/h2>\n\n\n\n<figure class=\"wp-block-video\"><video height=\"352\" style=\"aspect-ratio: 640 \/ 352;\" width=\"640\" controls poster=\"https:\/\/indigo4ua.com\/wp-content\/uploads\/2026\/01\/delivery-bandera-power_thumb1.jpg\" src=\"https:\/\/indigo4ua.com\/wp-content\/uploads\/2026\/01\/delivery-bandera-power.mp4\"><\/video><\/figure>\n\n\n\n<figure class=\"wp-block-gallery has-nested-images columns-default is-cropped wp-block-gallery-2 is-layout-flex wp-block-gallery-is-layout-flex\">\n<figure class=\"wp-block-image size-large\"><img alt=\"\" loading=\"lazy\" decoding=\"async\" width=\"768\" height=\"1024\" data-id=\"1440\" src=\"https:\/\/indigo4ua.com\/wp-content\/uploads\/2026\/01\/delivery-bandera-power-1-768x1024.jpg\" class=\"wp-image-1440\" srcset=\"https:\/\/indigo4ua.com\/wp-content\/uploads\/2026\/01\/delivery-bandera-power-1-768x1024.jpg 768w, https:\/\/indigo4ua.com\/wp-content\/uploads\/2026\/01\/delivery-bandera-power-1-225x300.jpg 225w, https:\/\/indigo4ua.com\/wp-content\/uploads\/2026\/01\/delivery-bandera-power-1-1152x1536.jpg 1152w, https:\/\/indigo4ua.com\/wp-content\/uploads\/2026\/01\/delivery-bandera-power-1-9x12.jpg 9w, https:\/\/indigo4ua.com\/wp-content\/uploads\/2026\/01\/delivery-bandera-power-1.jpg 1200w\" sizes=\"auto, (max-width: 768px) 100vw, 768px\" \/><\/figure>\n\n\n\n<figure class=\"wp-block-image size-large\"><img alt=\"\" loading=\"lazy\" decoding=\"async\" width=\"729\" height=\"1024\" data-id=\"1443\" src=\"https:\/\/indigo4ua.com\/wp-content\/uploads\/2026\/01\/delivery-drone-bladen-1-729x1024.jpg\" class=\"wp-image-1443\" srcset=\"https:\/\/indigo4ua.com\/wp-content\/uploads\/2026\/01\/delivery-drone-bladen-1-729x1024.jpg 729w, https:\/\/indigo4ua.com\/wp-content\/uploads\/2026\/01\/delivery-drone-bladen-1-214x300.jpg 214w, https:\/\/indigo4ua.com\/wp-content\/uploads\/2026\/01\/delivery-drone-bladen-1-768x1079.jpg 768w, https:\/\/indigo4ua.com\/wp-content\/uploads\/2026\/01\/delivery-drone-bladen-1-9x12.jpg 9w, https:\/\/indigo4ua.com\/wp-content\/uploads\/2026\/01\/delivery-drone-bladen-1.jpg 900w\" sizes=\"auto, (max-width: 729px) 100vw, 729px\" \/><\/figure>\n\n\n\n<figure class=\"wp-block-image size-large\"><img alt=\"\" loading=\"lazy\" decoding=\"async\" width=\"1024\" height=\"576\" data-id=\"1442\" src=\"https:\/\/indigo4ua.com\/wp-content\/uploads\/2026\/01\/delivery-drone-bladen-2-1024x576.jpg\" class=\"wp-image-1442\" srcset=\"https:\/\/indigo4ua.com\/wp-content\/uploads\/2026\/01\/delivery-drone-bladen-2-1024x576.jpg 1024w, https:\/\/indigo4ua.com\/wp-content\/uploads\/2026\/01\/delivery-drone-bladen-2-300x169.jpg 300w, https:\/\/indigo4ua.com\/wp-content\/uploads\/2026\/01\/delivery-drone-bladen-2-768x432.jpg 768w, https:\/\/indigo4ua.com\/wp-content\/uploads\/2026\/01\/delivery-drone-bladen-2-1536x864.jpg 1536w, https:\/\/indigo4ua.com\/wp-content\/uploads\/2026\/01\/delivery-drone-bladen-2-18x10.jpg 18w, https:\/\/indigo4ua.com\/wp-content\/uploads\/2026\/01\/delivery-drone-bladen-2.jpg 1600w\" sizes=\"auto, (max-width: 1024px) 100vw, 1024px\" \/><\/figure>\n\n\n\n<figure class=\"wp-block-image size-large\"><img alt=\"\" loading=\"lazy\" decoding=\"async\" width=\"1024\" height=\"576\" data-id=\"1441\" src=\"https:\/\/indigo4ua.com\/wp-content\/uploads\/2026\/01\/delivery-drone-bladen-3-1024x576.jpg\" class=\"wp-image-1441\" srcset=\"https:\/\/indigo4ua.com\/wp-content\/uploads\/2026\/01\/delivery-drone-bladen-3-1024x576.jpg 1024w, https:\/\/indigo4ua.com\/wp-content\/uploads\/2026\/01\/delivery-drone-bladen-3-300x169.jpg 300w, https:\/\/indigo4ua.com\/wp-content\/uploads\/2026\/01\/delivery-drone-bladen-3-768x432.jpg 768w, https:\/\/indigo4ua.com\/wp-content\/uploads\/2026\/01\/delivery-drone-bladen-3-1536x864.jpg 1536w, https:\/\/indigo4ua.com\/wp-content\/uploads\/2026\/01\/delivery-drone-bladen-3-18x10.jpg 18w, https:\/\/indigo4ua.com\/wp-content\/uploads\/2026\/01\/delivery-drone-bladen-3.jpg 1600w\" sizes=\"auto, (max-width: 1024px) 100vw, 1024px\" \/><\/figure>\n<\/figure>\n\n\n\n<div class=\"wp-block-columns is-layout-flex wp-container-core-columns-is-layout-28f84493 wp-block-columns-is-layout-flex\">\n<div class=\"wp-block-column is-layout-flow wp-block-column-is-layout-flow\">\n<div class=\"wp-block-columns is-layout-flex wp-container-core-columns-is-layout-28f84493 wp-block-columns-is-layout-flex\">\n<div class=\"wp-block-column is-layout-flow wp-block-column-is-layout-flow\"><\/div>\n\n\n\n<div class=\"wp-block-column is-layout-flow wp-block-column-is-layout-flow\"><\/div>\n<\/div>\n\n\n\n<h2 class=\"wp-block-heading\">Tasse de tirage et drapeau non sign\u00e9<\/h2>\n\n\n\n<p>Les gagnants ont \u00e9t\u00e9 annonc\u00e9s sur Twitter. Les r\u00e9sultats du tirage au sort sont disponibles \u00e0 l'adresse suivante <a href=\"https:\/\/app.randompicker.com\/record\/889926x51298#section-winners\" target=\"_blank\" rel=\"noreferrer noopener\">RandomPicker<\/a>.<\/p>\n\n\n\n<p>Les gagnants ont indiqu\u00e9 qu'ils renon\u00e7aient \u00e0 leur prix. Les deux articles resteront disponibles pour de futures tombolas.<\/p>\n<\/div>\n<\/div>\n\n\n\n<h2 class=\"wp-block-heading\">Photos<\/h2>\n\n\n\n<p>Vous trouverez ci-dessous quelques photos de la 34e brigade de marines, 30e corps de garde-c\u00f4tes. Ces photos peuvent \u00eatre utilis\u00e9es avec l'autorisation de l'unit\u00e9 de l'arm\u00e9e.<\/p>\n\n\n\n<figure class=\"wp-block-gallery has-nested-images columns-default is-cropped wp-block-gallery-3 is-layout-flex wp-block-gallery-is-layout-flex\">\n<figure class=\"wp-block-image size-large\"><img alt=\"\" loading=\"lazy\" decoding=\"async\" width=\"828\" height=\"459\" data-id=\"795\" src=\"https:\/\/indigo4ua.com\/wp-content\/uploads\/2025\/08\/flag-34th-marine-brigade.jpg\" class=\"wp-image-795\" srcset=\"https:\/\/indigo4ua.com\/wp-content\/uploads\/2025\/08\/flag-34th-marine-brigade.jpg 828w, https:\/\/indigo4ua.com\/wp-content\/uploads\/2025\/08\/flag-34th-marine-brigade-300x166.jpg 300w, https:\/\/indigo4ua.com\/wp-content\/uploads\/2025\/08\/flag-34th-marine-brigade-768x426.jpg 768w, https:\/\/indigo4ua.com\/wp-content\/uploads\/2025\/08\/flag-34th-marine-brigade-18x10.jpg 18w\" sizes=\"auto, (max-width: 828px) 100vw, 828px\" \/><\/figure>\n\n\n\n<figure class=\"wp-block-image size-large\"><img alt=\"\" loading=\"lazy\" decoding=\"async\" width=\"416\" height=\"514\" data-id=\"794\" src=\"https:\/\/indigo4ua.com\/wp-content\/uploads\/2025\/08\/patch-for-raffle.jpg\" class=\"wp-image-794\" srcset=\"https:\/\/indigo4ua.com\/wp-content\/uploads\/2025\/08\/patch-for-raffle.jpg 416w, https:\/\/indigo4ua.com\/wp-content\/uploads\/2025\/08\/patch-for-raffle-243x300.jpg 243w, https:\/\/indigo4ua.com\/wp-content\/uploads\/2025\/08\/patch-for-raffle-10x12.jpg 10w\" sizes=\"auto, (max-width: 416px) 100vw, 416px\" \/><\/figure>\n\n\n\n<figure class=\"wp-block-image size-large\"><img alt=\"\" loading=\"lazy\" decoding=\"async\" width=\"992\" height=\"750\" data-id=\"671\" src=\"https:\/\/indigo4ua.com\/wp-content\/uploads\/2025\/07\/34th-marines.jpg\" class=\"wp-image-671\" srcset=\"https:\/\/indigo4ua.com\/wp-content\/uploads\/2025\/07\/34th-marines.jpg 992w, https:\/\/indigo4ua.com\/wp-content\/uploads\/2025\/07\/34th-marines-300x227.jpg 300w, https:\/\/indigo4ua.com\/wp-content\/uploads\/2025\/07\/34th-marines-768x581.jpg 768w, https:\/\/indigo4ua.com\/wp-content\/uploads\/2025\/07\/34th-marines-16x12.jpg 16w\" sizes=\"auto, (max-width: 992px) 100vw, 992px\" \/><\/figure>\n<\/figure>\n\n\n\n<h2 class=\"wp-block-heading\">L'\u00e9quipe<\/h2>\n\n\n\n<div class=\"wp-block-columns team-dakota is-layout-flex wp-container-core-columns-is-layout-28f84493 wp-block-columns-is-layout-flex\">\n<div class=\"wp-block-column is-layout-flow wp-block-column-is-layout-flow\">\n<figure class=\"wp-block-image size-full is-style-rounded\"><img alt=\"\" loading=\"lazy\" decoding=\"async\" width=\"400\" height=\"400\" src=\"https:\/\/indigo4ua.com\/wp-content\/uploads\/2025\/04\/Irishka.jpg\" class=\"wp-image-210\" srcset=\"https:\/\/indigo4ua.com\/wp-content\/uploads\/2025\/04\/Irishka.jpg 400w, https:\/\/indigo4ua.com\/wp-content\/uploads\/2025\/04\/Irishka-300x300.jpg 300w, https:\/\/indigo4ua.com\/wp-content\/uploads\/2025\/04\/Irishka-150x150.jpg 150w, https:\/\/indigo4ua.com\/wp-content\/uploads\/2025\/04\/Irishka-12x12.jpg 12w, https:\/\/indigo4ua.com\/wp-content\/uploads\/2025\/04\/Irishka-75x75.jpg 75w\" sizes=\"auto, (max-width: 400px) 100vw, 400px\" \/><\/figure>\n\n\n\n<h4 class=\"wp-block-heading has-text-align-center\">Irishka<\/h4>\n\n\n\n<p class=\"has-text-align-center\">Irishka est le point de contact pour les unit\u00e9s et \u00e9value si une demande peut \u00eatre trait\u00e9e. Elle recherche \u00e9galement de bonnes affaires pour les achats et r\u00e8gle les paiements.<\/p>\n<\/div>\n\n\n\n<div class=\"wp-block-column is-layout-flow wp-block-column-is-layout-flow\">\n<figure class=\"wp-block-image size-full is-style-rounded\"><img loading=\"lazy\" decoding=\"async\" width=\"500\" height=\"500\" src=\"https:\/\/indigo4ua.com\/wp-content\/uploads\/2025\/02\/nafo-fella-indigonl-500px.jpg\" alt=\"OPANO Fella indigonl\" class=\"wp-image-106\" srcset=\"https:\/\/indigo4ua.com\/wp-content\/uploads\/2025\/02\/nafo-fella-indigonl-500px.jpg 500w, https:\/\/indigo4ua.com\/wp-content\/uploads\/2025\/02\/nafo-fella-indigonl-500px-300x300.jpg 300w, https:\/\/indigo4ua.com\/wp-content\/uploads\/2025\/02\/nafo-fella-indigonl-500px-150x150.jpg 150w, https:\/\/indigo4ua.com\/wp-content\/uploads\/2025\/02\/nafo-fella-indigonl-500px-12x12.jpg 12w, https:\/\/indigo4ua.com\/wp-content\/uploads\/2025\/02\/nafo-fella-indigonl-500px-75x75.jpg 75w, https:\/\/indigo4ua.com\/wp-content\/uploads\/2025\/02\/nafo-fella-indigonl-500px-400x400.jpg 400w\" sizes=\"auto, (max-width: 500px) 100vw, 500px\" \/><\/figure>\n\n\n\n<h4 class=\"wp-block-heading has-text-align-center\">Petra<\/h4>\n\n\n\n<p class=\"has-text-align-center\">Petra est associ\u00e9e \u00e0 Irishka. Petra est active sur Twitter, Irishka sur Facebook. Ensemble, nous obtenons un meilleur r\u00e9sultat.<\/p>\n<\/div>\n<\/div>","protected":false},"excerpt":{"rendered":"<p>Inzameling december 2025 Voor de 34e Kustverdedigingsbrigade in de regio Cherson hebben we een inzamelingsactie voltooid voor een Bandera Power laadstation ter waarde van 69440UAH ($1,645). Dit laadstation wordt gebruikt voor het opladen van drones en communicatie apparatuur. Video aanvraag Inzameling Bandera Power 860S Inzameling gepubliceerd op Twitter: https:\/\/x.com\/indigonl\/status\/2002096633903751585op Facebook: https:\/\/www.facebook.com\/irishka.parhomik\/posts\/pfbid02kbFHz2Gd2xZXXTtrnVpv3W3mafq6kyFVKsTpJvufdnDmLaMpsjBCiHoyhMNxThk2l Doelbedrag: 68440UAH ($1,645) Doneren [&hellip;]<\/p>\n","protected":false},"author":1,"featured_media":0,"parent":129,"menu_order":0,"comment_status":"closed","ping_status":"closed","template":"","meta":{"_seopress_robots_primary_cat":"","_seopress_titles_title":"","_seopress_titles_desc":"","_seopress_robots_index":"","_genesis_hide_title":false,"_genesis_hide_breadcrumbs":false,"_genesis_hide_singular_image":false,"_genesis_hide_footer_widgets":false,"_genesis_custom_body_class":"","_genesis_custom_post_class":"","_genesis_layout":"","footnotes":""},"class_list":{"0":"post-1338","1":"page","2":"type-page","3":"status-publish","5":"entry"},"featured_image_src":null,"featured_image_src_square":null,"_links":{"self":[{"href":"https:\/\/indigo4ua.com\/fr\/wp-json\/wp\/v2\/pages\/1338","targetHints":{"allow":["GET"]}}],"collection":[{"href":"https:\/\/indigo4ua.com\/fr\/wp-json\/wp\/v2\/pages"}],"about":[{"href":"https:\/\/indigo4ua.com\/fr\/wp-json\/wp\/v2\/types\/page"}],"author":[{"embeddable":true,"href":"https:\/\/indigo4ua.com\/fr\/wp-json\/wp\/v2\/users\/1"}],"replies":[{"embeddable":true,"href":"https:\/\/indigo4ua.com\/fr\/wp-json\/wp\/v2\/comments?post=1338"}],"version-history":[{"count":0,"href":"https:\/\/indigo4ua.com\/fr\/wp-json\/wp\/v2\/pages\/1338\/revisions"}],"up":[{"embeddable":true,"href":"https:\/\/indigo4ua.com\/fr\/wp-json\/wp\/v2\/pages\/129"}],"wp:attachment":[{"href":"https:\/\/indigo4ua.com\/fr\/wp-json\/wp\/v2\/media?parent=1338"}],"curies":[{"name":"wp","href":"https:\/\/api.w.org\/{rel}","templated":true}]}}