{"id":1360,"date":"2026-01-01T19:28:44","date_gmt":"2026-01-01T18:28:44","guid":{"rendered":"https:\/\/indigo4ua.com\/?page_id=1360"},"modified":"2026-03-21T17:11:16","modified_gmt":"2026-03-21T16:11:16","slug":"34e-brigade-de-defense-cotiere-batteries-vampires","status":"publish","type":"page","link":"https:\/\/indigo4ua.com\/fr\/inzamelingsacties\/34e-kustverdedigingsbrigade-batterijen-vampire\/","title":{"rendered":"34e brigade de d\u00e9fense c\u00f4ti\u00e8re - Batteries Vampire"},"content":{"rendered":"<div class=\"wp-block-columns alignwide osom-featured-text is-layout-flex wp-container-core-columns-is-layout-28f84493 wp-block-columns-is-layout-flex\">\n<div class=\"wp-block-column has-theme-footer-background-color has-background is-layout-flow wp-block-column-is-layout-flow\" style=\"padding-top:var(--wp--preset--spacing--80);padding-right:var(--wp--preset--spacing--70);padding-bottom:var(--wp--preset--spacing--80);padding-left:var(--wp--preset--spacing--70);flex-basis:60%\">\n<h2 class=\"wp-block-heading\">Collecte D\u00e9cembre 2025<\/h2>\n\n\n\n<p>Pour la 34e brigade de d\u00e9fense c\u00f4ti\u00e8re de la r\u00e9gion de Cherson, nous avons men\u00e9 \u00e0 bien une campagne de collecte de batteries pour un drone Vampire d'une valeur de 693840UAH ($2,212).<\/p>\n\n\n\n<p>Ce drone Vampire est utilis\u00e9 pour livrer de la nourriture, de l'eau, des munitions et des m\u00e9dicaments \u00e0 des positions inaccessibles par voie terrestre ou \u00e9loign\u00e9es.<\/p>\n\n\n\n<div class=\"wp-block-buttons is-layout-flex wp-block-buttons-is-layout-flex\">\n<div class=\"wp-block-button is-style-outline is-style-outline--1\"><a class=\"wp-block-button__link wp-element-button\" href=\"https:\/\/donorbox.org\/help-the-defenders\" target=\"_blank\" rel=\"noreferrer noopener\">PAGE DE LA BO\u00ceTE DES DONATEURS<\/a><\/div>\n<\/div>\n<\/div>\n\n\n\n<div class=\"wp-block-column is-vertically-aligned-center is-layout-flow wp-block-column-is-layout-flow\">\n<figure class=\"wp-block-image size-full size-large\"><img alt=\"\" loading=\"lazy\" decoding=\"async\" width=\"600\" height=\"354\" src=\"https:\/\/indigo4ua.com\/wp-content\/uploads\/2026\/01\/vampire-drone.jpg\" class=\"wp-image-1376\" style=\"object-fit:cover\" srcset=\"https:\/\/indigo4ua.com\/wp-content\/uploads\/2026\/01\/vampire-drone.jpg 600w, https:\/\/indigo4ua.com\/wp-content\/uploads\/2026\/01\/vampire-drone-300x177.jpg 300w, https:\/\/indigo4ua.com\/wp-content\/uploads\/2026\/01\/vampire-drone-18x12.jpg 18w\" sizes=\"auto, (max-width: 600px) 100vw, 600px\" \/><\/figure>\n<\/div>\n<\/div>\n\n\n\n<div style=\"height:50px\" aria-hidden=\"true\" class=\"wp-block-spacer\"><\/div>\n\n\n\n<h2 class=\"wp-block-heading\">Demande de vid\u00e9o<\/h2>\n\n\n\n<figure class=\"wp-block-video\"><video controls poster=\"https:\/\/indigo4ua.com\/wp-content\/uploads\/2026\/01\/34th-batteries-vampire-drone_thumb1.jpg\" src=\"https:\/\/indigo4ua.com\/wp-content\/uploads\/2026\/01\/34th-batteries-vampire-drone.mp4\"><\/video><\/figure>\n\n\n\n<h2 class=\"wp-block-heading\">Collection de batteries Vampire<\/h2>\n\n\n\n<p><strong>Collection publi\u00e9e<\/strong> <br>sur Twitter : <a href=\"https:\/\/x.com\/indigonl\/status\/1995609751871520883?s=20\" target=\"_blank\" rel=\"noreferrer noopener\">https:\/\/x.com\/indigonl\/status\/1995609751871520883?s=20<\/a><br>Sur Facebook : <a href=\"https:\/\/www.facebook.com\/share\/v\/1KKFnSETLa\/\">https:\/\/www.facebook.com\/share\/v\/1KKFnSETLa\/<\/a><\/p>\n\n\n\n<p><strong>Montant cible : 93840UAH ($2,212)<\/strong><\/p>\n\n\n\n<h2 class=\"wp-block-heading\">Faire un don<\/h2>\n\n\n\n<p>Monobank : <a href=\"https:\/\/send.monobank.ua\/jar\/3j89GaSQmv\" target=\"_blank\" rel=\"noreferrer noopener\">https:\/\/send.monobank.ua\/jar\/3j89GaSQmv<\/a><br>Bo\u00eete du donateur : <a href=\"https:\/\/donorbox.org\/help-the-defenders\" target=\"_blank\" rel=\"noreferrer noopener\">https:\/\/donorbox.org\/help-the-defenders<\/a><\/p>\n\n\n\n<h2 class=\"wp-block-heading\">Rapport financier<\/h2>\n\n\n\n<p><strong>Dons re\u00e7us<\/strong><br><a href=\"https:\/\/indigo4ua.com\/wp-content\/uploads\/2026\/01\/20251229-monojar-total.jpg\">Monobanque<\/a> 29255,82 UAH<br><a href=\"https:\/\/indigo4ua.com\/wp-content\/uploads\/2026\/01\/20251229-paypal-total.jpg\">PayPal<\/a> 71555,84 UAH ($1.703.71), dont <a href=\"https:\/\/indigo4ua.com\/wp-content\/uploads\/2026\/01\/20251229-donorbox-total.jpg\">Bo\u00eete du donateur<\/a> (\u20ac125.34 \/ 6229UAH)<br><strong>Total : 100811.60 UAH<\/strong><\/p>\n\n\n\n<p><strong>Mat\u00e9riel achet\u00e9<\/strong><br>Batteries pour Vampire 93840UAH - <a href=\"https:\/\/indigo4ua.com\/wp-content\/uploads\/2026\/01\/20251229-payment-batteries.jpg\">pay\u00e9<\/a> \/ <a href=\"https:\/\/indigo4ua.com\/wp-content\/uploads\/2026\/02\/20251229-invoice-batteries.pdf\">facture<\/a><br>Le montant restant de 6971,66 UAH a \u00e9t\u00e9 utilis\u00e9 pour une autre collecte urgente, pour 6 powerbanks.<br>Les comptes financiers sont en <a href=\"https:\/\/www.facebook.com\/irishka.parhomik\/posts\/pfbid02Q1uqZMQ5TMQrrgbHcZSPEMQ77uJSMHE1LNePYRjtvBCaBS8i95eXw1p6pQxC8xzYl\" target=\"_blank\" rel=\"noreferrer noopener\">ce message sur Facebook<\/a>.<br><strong>Total : 100811.60 UAH<\/strong><br><\/p>\n\n\n\n<h2 class=\"wp-block-heading\">Livraison<\/h2>\n\n\n\n<div class=\"wp-block-columns is-layout-flex wp-container-core-columns-is-layout-28f84493 wp-block-columns-is-layout-flex\">\n<div class=\"wp-block-column is-layout-flow wp-block-column-is-layout-flow\">\n<figure class=\"wp-block-video\"><video height=\"576\" style=\"aspect-ratio: 1024 \/ 576;\" width=\"1024\" controls poster=\"https:\/\/indigo4ua.com\/wp-content\/uploads\/2026\/03\/att.vjJ9yREk5q79L5BgoDFc7bFqxKLySuJ_dJYZL6CG73A_thumb1.jpg\" src=\"https:\/\/indigo4ua.com\/wp-content\/uploads\/2026\/03\/att.vjJ9yREk5q79L5BgoDFc7bFqxKLySuJ_dJYZL6CG73A.mp4\"><\/video><\/figure>\n<\/div>\n<\/div>\n\n\n\n<h2 class=\"wp-block-heading\">Photos<\/h2>\n\n\n\n<p>Vous trouverez ci-dessous quelques photos de la 34e brigade de marines, 30e corps de garde-c\u00f4tes. Ces photos peuvent \u00eatre utilis\u00e9es avec l'autorisation de l'unit\u00e9 de l'arm\u00e9e.<\/p>\n\n\n\n<figure class=\"wp-block-gallery has-nested-images columns-default is-cropped wp-block-gallery-2 is-layout-flex wp-block-gallery-is-layout-flex\">\n<figure class=\"wp-block-image size-large\"><img alt=\"\" loading=\"lazy\" decoding=\"async\" width=\"828\" height=\"459\" data-id=\"795\" src=\"https:\/\/indigo4ua.com\/wp-content\/uploads\/2025\/08\/flag-34th-marine-brigade.jpg\" class=\"wp-image-795\" srcset=\"https:\/\/indigo4ua.com\/wp-content\/uploads\/2025\/08\/flag-34th-marine-brigade.jpg 828w, https:\/\/indigo4ua.com\/wp-content\/uploads\/2025\/08\/flag-34th-marine-brigade-300x166.jpg 300w, https:\/\/indigo4ua.com\/wp-content\/uploads\/2025\/08\/flag-34th-marine-brigade-768x426.jpg 768w, https:\/\/indigo4ua.com\/wp-content\/uploads\/2025\/08\/flag-34th-marine-brigade-18x10.jpg 18w\" sizes=\"auto, (max-width: 828px) 100vw, 828px\" \/><\/figure>\n\n\n\n<figure class=\"wp-block-image size-large\"><img alt=\"\" loading=\"lazy\" decoding=\"async\" width=\"416\" height=\"514\" data-id=\"794\" src=\"https:\/\/indigo4ua.com\/wp-content\/uploads\/2025\/08\/patch-for-raffle.jpg\" class=\"wp-image-794\" srcset=\"https:\/\/indigo4ua.com\/wp-content\/uploads\/2025\/08\/patch-for-raffle.jpg 416w, https:\/\/indigo4ua.com\/wp-content\/uploads\/2025\/08\/patch-for-raffle-243x300.jpg 243w, https:\/\/indigo4ua.com\/wp-content\/uploads\/2025\/08\/patch-for-raffle-10x12.jpg 10w\" sizes=\"auto, (max-width: 416px) 100vw, 416px\" \/><\/figure>\n\n\n\n<figure class=\"wp-block-image size-large\"><img alt=\"\" loading=\"lazy\" decoding=\"async\" width=\"992\" height=\"750\" data-id=\"671\" src=\"https:\/\/indigo4ua.com\/wp-content\/uploads\/2025\/07\/34th-marines.jpg\" class=\"wp-image-671\" srcset=\"https:\/\/indigo4ua.com\/wp-content\/uploads\/2025\/07\/34th-marines.jpg 992w, https:\/\/indigo4ua.com\/wp-content\/uploads\/2025\/07\/34th-marines-300x227.jpg 300w, https:\/\/indigo4ua.com\/wp-content\/uploads\/2025\/07\/34th-marines-768x581.jpg 768w, https:\/\/indigo4ua.com\/wp-content\/uploads\/2025\/07\/34th-marines-16x12.jpg 16w\" sizes=\"auto, (max-width: 992px) 100vw, 992px\" \/><\/figure>\n<\/figure>\n\n\n\n<h2 class=\"wp-block-heading\">L'\u00e9quipe<\/h2>\n\n\n\n<div class=\"wp-block-columns team-dakota is-layout-flex wp-container-core-columns-is-layout-28f84493 wp-block-columns-is-layout-flex\">\n<div class=\"wp-block-column is-layout-flow wp-block-column-is-layout-flow\">\n<figure class=\"wp-block-image size-full is-style-rounded\"><img alt=\"\" loading=\"lazy\" decoding=\"async\" width=\"400\" height=\"400\" src=\"https:\/\/indigo4ua.com\/wp-content\/uploads\/2025\/04\/Irishka.jpg\" class=\"wp-image-210\" srcset=\"https:\/\/indigo4ua.com\/wp-content\/uploads\/2025\/04\/Irishka.jpg 400w, https:\/\/indigo4ua.com\/wp-content\/uploads\/2025\/04\/Irishka-300x300.jpg 300w, https:\/\/indigo4ua.com\/wp-content\/uploads\/2025\/04\/Irishka-150x150.jpg 150w, https:\/\/indigo4ua.com\/wp-content\/uploads\/2025\/04\/Irishka-12x12.jpg 12w, https:\/\/indigo4ua.com\/wp-content\/uploads\/2025\/04\/Irishka-75x75.jpg 75w\" sizes=\"auto, (max-width: 400px) 100vw, 400px\" \/><\/figure>\n\n\n\n<h4 class=\"wp-block-heading has-text-align-center\">Irishka<\/h4>\n\n\n\n<p class=\"has-text-align-center\">Irishka est le point de contact pour les unit\u00e9s et \u00e9value si une demande peut \u00eatre trait\u00e9e. Elle recherche \u00e9galement de bonnes affaires pour les achats et r\u00e8gle les paiements.<\/p>\n<\/div>\n\n\n\n<div class=\"wp-block-column is-layout-flow wp-block-column-is-layout-flow\">\n<figure class=\"wp-block-image size-full is-style-rounded\"><img loading=\"lazy\" decoding=\"async\" width=\"500\" height=\"500\" src=\"https:\/\/indigo4ua.com\/wp-content\/uploads\/2025\/02\/nafo-fella-indigonl-500px.jpg\" alt=\"OPANO Fella indigonl\" class=\"wp-image-106\" srcset=\"https:\/\/indigo4ua.com\/wp-content\/uploads\/2025\/02\/nafo-fella-indigonl-500px.jpg 500w, https:\/\/indigo4ua.com\/wp-content\/uploads\/2025\/02\/nafo-fella-indigonl-500px-300x300.jpg 300w, https:\/\/indigo4ua.com\/wp-content\/uploads\/2025\/02\/nafo-fella-indigonl-500px-150x150.jpg 150w, https:\/\/indigo4ua.com\/wp-content\/uploads\/2025\/02\/nafo-fella-indigonl-500px-12x12.jpg 12w, https:\/\/indigo4ua.com\/wp-content\/uploads\/2025\/02\/nafo-fella-indigonl-500px-75x75.jpg 75w, https:\/\/indigo4ua.com\/wp-content\/uploads\/2025\/02\/nafo-fella-indigonl-500px-400x400.jpg 400w\" sizes=\"auto, (max-width: 500px) 100vw, 500px\" \/><\/figure>\n\n\n\n<h4 class=\"wp-block-heading has-text-align-center\">Petra<\/h4>\n\n\n\n<p class=\"has-text-align-center\">Petra est associ\u00e9e \u00e0 Irishka. Petra est active sur Twitter, Irishka sur Facebook. Ensemble, nous obtenons un meilleur r\u00e9sultat.<\/p>\n<\/div>\n<\/div>","protected":false},"excerpt":{"rendered":"<p>Inzameling december 2025 Voor de 34e Kustverdedigingsbrigade in de regio Cherson hebben we een inzamelingsactie voltooid voor batterijen voor een Vampire Drone ter waarde van 693840UAH ($2,212). Deze Vampire drone wordt gebruikt voor het afleveren van voedsel, water, munitie en medicijnen op posities die niet over land bereikbaar zijn of afgelegen liggen. Video aanvraag Inzameling [&hellip;]<\/p>\n","protected":false},"author":1,"featured_media":0,"parent":129,"menu_order":0,"comment_status":"closed","ping_status":"closed","template":"","meta":{"_seopress_robots_primary_cat":"","_seopress_titles_title":"","_seopress_titles_desc":"","_seopress_robots_index":"","_genesis_hide_title":false,"_genesis_hide_breadcrumbs":false,"_genesis_hide_singular_image":false,"_genesis_hide_footer_widgets":false,"_genesis_custom_body_class":"","_genesis_custom_post_class":"","_genesis_layout":"","footnotes":""},"class_list":{"0":"post-1360","1":"page","2":"type-page","3":"status-publish","5":"entry"},"featured_image_src":null,"featured_image_src_square":null,"_links":{"self":[{"href":"https:\/\/indigo4ua.com\/fr\/wp-json\/wp\/v2\/pages\/1360","targetHints":{"allow":["GET"]}}],"collection":[{"href":"https:\/\/indigo4ua.com\/fr\/wp-json\/wp\/v2\/pages"}],"about":[{"href":"https:\/\/indigo4ua.com\/fr\/wp-json\/wp\/v2\/types\/page"}],"author":[{"embeddable":true,"href":"https:\/\/indigo4ua.com\/fr\/wp-json\/wp\/v2\/users\/1"}],"replies":[{"embeddable":true,"href":"https:\/\/indigo4ua.com\/fr\/wp-json\/wp\/v2\/comments?post=1360"}],"version-history":[{"count":0,"href":"https:\/\/indigo4ua.com\/fr\/wp-json\/wp\/v2\/pages\/1360\/revisions"}],"up":[{"embeddable":true,"href":"https:\/\/indigo4ua.com\/fr\/wp-json\/wp\/v2\/pages\/129"}],"wp:attachment":[{"href":"https:\/\/indigo4ua.com\/fr\/wp-json\/wp\/v2\/media?parent=1360"}],"curies":[{"name":"wp","href":"https:\/\/api.w.org\/{rel}","templated":true}]}}