{"id":14,"date":"2025-02-01T14:05:26","date_gmt":"2025-02-01T13:05:26","guid":{"rendered":"https:\/\/indigo4ua.com\/index.php\/about-us\/"},"modified":"2025-05-16T06:39:40","modified_gmt":"2025-05-16T04:39:40","slug":"a-propos-de-moi","status":"publish","type":"page","link":"https:\/\/indigo4ua.com\/fr\/over-mij\/","title":{"rendered":"A propos de moi"},"content":{"rendered":"<p class=\"translation-block\">Je m'appelle Petra Blankwaard et je suis originaire de La Haye, aux Pays-Bas. Dans ma vie quotidienne, je travaille dans les TIC : je poss\u00e8de <a href=\"https:\/\/www.indigowebstudio.nl\" target=\"_blank\" rel=\"noreferrer noopener\">Indigo Webstudio<\/a> et <a href=\"https:\/\/www.justhost.nl\" target=\"_blank\" rel=\"noreferrer noopener\">Just Host<\/a>, et je suis \u00e9galement b\u00e9n\u00e9vole aupr\u00e8s de <a href=\"https:\/\/reddingshonden.nl\/\" target=\"_blank\" rel=\"noreferrer noopener\">Red Rescue Dogs RHWW<\/a>, une organisation qui se consacre \u00e0 la recherche de personnes disparues \u00e0 l'aide de chiens de sauvetage.<\/p>\n\n\n\n<p>J'ai grandi \u00e0 Leyde et je vis \u00e0 La Haye depuis un certain temps. Pendant mon temps libre, j'aime faire de la moto et de la plong\u00e9e, m\u00eame si je pr\u00e9f\u00e8re le faire \u00e0 l'\u00e9tranger, dans des endroits ensoleill\u00e9s.<\/p>\n\n\n\n<h2 class=\"wp-block-heading\">Invasion de la Russie<\/h2>\n\n\n\n<p>Lorsque la Russie a lanc\u00e9 sa grande invasion de l'Ukraine, j'ai \u00e9t\u00e9 choqu\u00e9. Depuis le crash du MH17 en juillet 2014, je savais o\u00f9 se trouvait l'Ukraine, mais je n'avais pas vu venir cette guerre. C'est avec horreur que j'ai vu les images de l'invasion russe \u00e0 la t\u00e9l\u00e9vision et dans les m\u00e9dias sociaux. Plus le temps passait, plus j'obtenais d'informations sur le contexte de cette guerre. Et aujourd'hui, trois ans plus tard, les pi\u00e8ces du puzzle du r\u00f4le de la Russie sur la sc\u00e8ne mondiale et des relations g\u00e9opolitiques sont toujours en train d'\u00eatre mises en place.<\/p>\n\n\n\n<h2 class=\"wp-block-heading\">Gaz russe<\/h2>\n\n\n\n<p>En repensant \u00e0 cette situation et avec ce que je sais maintenant, en tant que profane, j'ai honte du r\u00f4le que l'Occident a jou\u00e9, y compris les Pays-Bas. Je fais ici r\u00e9f\u00e9rence \u00e0 la d\u00e9pendance vis-\u00e0-vis de la Russie : l'achat de gaz russe bon march\u00e9 \u00e9tait plus important que les valeurs morales. Cette honte influence en partie mon d\u00e9sir d'aider l'Ukraine \u00e0 se d\u00e9fendre contre cette guerre criminelle. La principale raison de mon engagement en faveur de l'Ukraine est la compassion et l'injustice faite aux Ukrainiens.<\/p>\n\n\n\n<h2 class=\"wp-block-heading\">Deux vies<\/h2>\n\n\n\n<p>Pour moi, je m\u00e8ne d\u00e9sormais deux vies : ma vie traditionnelle avec mon travail et ma famille, et une vie de partisan de l'Ukraine. Le matin, avec mon premier caf\u00e9, je lis toutes les nouvelles depuis la fin de la journ\u00e9e pr\u00e9c\u00e9dente. Je vais travailler, et quand je rentre \u00e0 la maison en fin d'apr\u00e8s-midi, la soir\u00e9e est consacr\u00e9e \u00e0 l'Ukraine : je lis les nouvelles depuis le moment o\u00f9 je suis all\u00e9 travailler, puis je communique avec les volontaires et les sympathisants sur les m\u00e9dias sociaux.<\/p>\n\n\n\n<p>Je continuerai \u00e0 soutenir l'Ukraine tant qu'elle en aura besoin, quelle que soit la fa\u00e7on dont cette guerre se termine. Et un jour, j'esp\u00e8re visiter l'Ukraine et rencontrer tous les Ukrainiens avec lesquels j'ai eu de bons contacts et les r\u00e9gions d'Odessa, de Cherson et de Kiev.<\/p>","protected":false},"excerpt":{"rendered":"<p>Ik ben Petra Blankwaard uit Den Haag, Nederland. In mijn dagelijkse leven werk ik in de ICT: ik ben eigenaar van Indigo Webstudio en Just Host, en ik ben ook vrijwilliger bij Reddingshonden RHWW, een organisatie die zich bezighoudt met het zoeken naar vermiste personen met reddingshonden. Ik groeide op in Leiden en woon inmiddels [&hellip;]<\/p>\n","protected":false},"author":1,"featured_media":0,"parent":0,"menu_order":0,"comment_status":"closed","ping_status":"closed","template":"","meta":{"_seopress_robots_primary_cat":"","_seopress_titles_title":"","_seopress_titles_desc":"","_seopress_robots_index":"","_genesis_hide_title":false,"_genesis_hide_breadcrumbs":false,"_genesis_hide_singular_image":false,"_genesis_hide_footer_widgets":false,"_genesis_custom_body_class":"","_genesis_custom_post_class":"","_genesis_layout":"","footnotes":""},"class_list":{"0":"post-14","1":"page","2":"type-page","3":"status-publish","5":"entry"},"featured_image_src":null,"featured_image_src_square":null,"_links":{"self":[{"href":"https:\/\/indigo4ua.com\/fr\/wp-json\/wp\/v2\/pages\/14","targetHints":{"allow":["GET"]}}],"collection":[{"href":"https:\/\/indigo4ua.com\/fr\/wp-json\/wp\/v2\/pages"}],"about":[{"href":"https:\/\/indigo4ua.com\/fr\/wp-json\/wp\/v2\/types\/page"}],"author":[{"embeddable":true,"href":"https:\/\/indigo4ua.com\/fr\/wp-json\/wp\/v2\/users\/1"}],"replies":[{"embeddable":true,"href":"https:\/\/indigo4ua.com\/fr\/wp-json\/wp\/v2\/comments?post=14"}],"version-history":[{"count":0,"href":"https:\/\/indigo4ua.com\/fr\/wp-json\/wp\/v2\/pages\/14\/revisions"}],"wp:attachment":[{"href":"https:\/\/indigo4ua.com\/fr\/wp-json\/wp\/v2\/media?parent=14"}],"curies":[{"name":"wp","href":"https:\/\/api.w.org\/{rel}","templated":true}]}}