{"id":1491,"date":"2026-01-24T22:09:41","date_gmt":"2026-01-24T21:09:41","guid":{"rendered":"https:\/\/indigo4ua.com\/?page_id=1491"},"modified":"2026-05-04T12:56:53","modified_gmt":"2026-05-04T10:56:53","slug":"tweets-mis-en-evidence","status":"publish","type":"page","link":"https:\/\/indigo4ua.com\/fr\/uitgelicht-tweets\/","title":{"rendered":"En vedette - tweets"},"content":{"rendered":"<p><\/p>\n\n\n\n<p>Sur cette page, vous trouverez des tweets qui valent la peine d'\u00eatre sauvegard\u00e9s pour moi.<\/p>\n\n\n\n<h2 class=\"wp-block-heading\">Tweets<\/h2>\n\n\n\n<div class=\"wp-block-columns is-layout-flex wp-container-core-columns-is-layout-28f84493 wp-block-columns-is-layout-flex\">\n<div class=\"wp-block-column is-layout-flow wp-block-column-is-layout-flow\">\n<figure class=\"wp-block-embed is-type-rich is-provider-twitter wp-block-embed-twitter\"><div class=\"wp-block-embed__wrapper\">\n<blockquote class=\"twitter-tweet\" data-width=\"500\" data-dnt=\"true\"><p lang=\"en\" dir=\"ltr\">Mec.<br>Vous l'avez fait, vous avez contribu\u00e9 \u00e0 collecter suffisamment de fonds pour que Dmitro obtienne les camions dont il avait d\u00e9sesp\u00e9r\u00e9ment besoin.<br>Je vous remercie tous.<br>Chaque gars qui a fait un don<br>Tous les gars qui ont retweett\u00e9<br>Chaque gars qui a mis du gaz<br>Nous vous aimons tous.\u2764\ufe0f<br>Voici la partie 3 de notre court m\u00e9trage.<br>Veuillez suivre le fil de discussion... <a href=\"https:\/\/t.co\/VxVsReXvN0\">pic.twitter.com\/VxVsReXvN0<\/a><\/p>\u2014 Batfella (@Batfella_Rises) <a href=\"https:\/\/twitter.com\/Batfella_Rises\/status\/2051230014570430938?ref_src=twsrc%5Etfw\">4 mai 2026<\/a><\/blockquote><script async src=\"https:\/\/platform.twitter.com\/widgets.js\" charset=\"utf-8\"><\/script>\n<\/div><\/figure>\n\n\n\n<figure class=\"wp-block-embed is-type-rich is-provider-twitter wp-block-embed-twitter\"><div class=\"wp-block-embed__wrapper\">\n<blockquote class=\"twitter-tweet\" data-width=\"500\" data-dnt=\"true\"><p lang=\"qme\" dir=\"ltr\"> <a href=\"https:\/\/t.co\/WibxElUowV\">pic.twitter.com\/WibxElUowV<\/a><\/p>- ZiggyFella \ud83c\udf0d\ud83d\udc99\ud83d\udc9b\ud83d\udc9a\ud83d\udc9c\ud83d\udc27\ud83e\uddab\ud83d\udc08\u200d\u2b1b\ud83e\udda9\ud83d\udc38 (@Ziggys_Men) <a href=\"https:\/\/twitter.com\/Ziggys_Men\/status\/2019882336926724333?ref_src=twsrc%5Etfw\">6 f\u00e9vrier 2026<\/a><\/blockquote><script async src=\"https:\/\/platform.twitter.com\/widgets.js\" charset=\"utf-8\"><\/script>\n<\/div><\/figure>\n\n\n\n<figure class=\"wp-block-embed is-type-rich is-provider-twitter wp-block-embed-twitter\"><div class=\"wp-block-embed__wrapper\">\n<blockquote class=\"twitter-tweet\" data-width=\"500\" data-dnt=\"true\"><p lang=\"en\" dir=\"ltr\">Rejoignez l'escouade d'intervention pour Personne. Ils ont besoin d'\u00e9quipement pour la guerre assym\u00e9trique afin de drainer les ressources de l'ennemi. C'est ce qu'il faut faire. Ils nous donnent beaucoup de prix et il y a de nombreux Matching Tickets. Voir mon fil de discussion ci-dessous pour plus d'informations. <a href=\"https:\/\/t.co\/bUcDt27TCA\">https:\/\/t.co\/bUcDt27TCA<\/a> <a href=\"https:\/\/t.co\/9PhEkkbzTs\">pic.twitter.com\/9PhEkkbzTs<\/a><\/p>\u2014 works de drones domestiques (@20gimsack) <a href=\"https:\/\/twitter.com\/20gimsack\/status\/2017612434609955096?ref_src=twsrc%5Etfw\">31 janvier 2026<\/a><\/blockquote><script async src=\"https:\/\/platform.twitter.com\/widgets.js\" charset=\"utf-8\"><\/script>\n<\/div><\/figure>\n\n\n\n<figure class=\"wp-block-embed is-type-rich is-provider-twitter wp-block-embed-twitter\"><div class=\"wp-block-embed__wrapper\">\n<blockquote class=\"twitter-tweet\" data-width=\"500\" data-dnt=\"true\"><p lang=\"en\" dir=\"ltr\">Joyeux anniversaire, <a href=\"https:\/\/twitter.com\/indigonl?ref_src=twsrc%5Etfw\">@indigonl<\/a>!<br><br>D\u00e8s les premiers jours, vous avez soutenu l'Ukraine de toutes les mani\u00e8res possibles, par votre voix, votre force, votre compassion, votre g\u00e9n\u00e9rosit\u00e9 et votre c\u0153ur in\u00e9branlable.<br>Votre soutien, vos dons et l'aide humanitaire que vous avez envoy\u00e9e ont sauv\u00e9...<\/p>- Alex Bond (@AlexBondODUA) <a href=\"https:\/\/twitter.com\/AlexBondODUA\/status\/1996623773215179055?ref_src=twsrc%5Etfw\">4 d\u00e9cembre 2025<\/a><\/blockquote><script async src=\"https:\/\/platform.twitter.com\/widgets.js\" charset=\"utf-8\"><\/script>\n<\/div><\/figure>\n\n\n\n<figure class=\"wp-block-embed is-type-rich is-provider-twitter wp-block-embed-twitter\"><div class=\"wp-block-embed__wrapper\">\n<blockquote class=\"twitter-tweet\" data-width=\"500\" data-dnt=\"true\"><p lang=\"en\" dir=\"ltr\">En plus du financement de 2,5 unit\u00e9s de d\u00e9fense a\u00e9rienne, <a href=\"https:\/\/twitter.com\/hashtag\/DarkNight?src=hash&amp;ref_src=twsrc%5Etfw\">#DarkNight<\/a> a uni les amis de l'Ukraine dans le monde entier.<br><br>Certains d'entre eux sont devenus nos Gardiens de la Nuit, comme<br>Petra Blankwaard <a href=\"https:\/\/twitter.com\/indigonl?ref_src=twsrc%5Etfw\">@indigonl<\/a>qui a soutenu l'initiative <a href=\"https:\/\/twitter.com\/toonie_tuesday?ref_src=twsrc%5Etfw\">@toonie_tuesday<\/a> de l'\u00e9lan.<br><br>Merci de votre participation\ud83d\udc99\ud83d\udc9b\ud83d\udc9b<a href=\"https:\/\/t.co\/ktkUzxV8Yd\">https:\/\/t.co\/ktkUzxV8Yd<\/a> <a href=\"https:\/\/t.co\/Zkkcguh1UE\">pic.twitter.com\/Zkkcguh1UE<\/a><\/p>- UNITED24 (@U24_gov_ua) <a href=\"https:\/\/twitter.com\/U24_gov_ua\/status\/1960011345631539543?ref_src=twsrc%5Etfw\">25 ao\u00fbt 2025<\/a><\/blockquote><script async src=\"https:\/\/platform.twitter.com\/widgets.js\" charset=\"utf-8\"><\/script>\n<\/div><\/figure>\n\n\n\n<figure class=\"wp-block-embed is-type-rich is-provider-twitter wp-block-embed-twitter\"><div class=\"wp-block-embed__wrapper\">\n<blockquote class=\"twitter-tweet\" data-width=\"500\" data-dnt=\"true\"><p lang=\"en\" dir=\"ltr\">Petra, merci beaucoup pour votre soutien ! Honn\u00eatement, si je survis \u00e0 cette guerre, je veux personnellement vous serrer la main et vous remercier.<a href=\"https:\/\/twitter.com\/indigonl?ref_src=twsrc%5Etfw\">@indigonl<\/a> <a href=\"https:\/\/t.co\/aGUCfIwisi\">https:\/\/t.co\/aGUCfIwisi<\/a><\/p>- \u0414\u043c\u0438\u0442\u0440\u043e (@Dmitro622248) <a href=\"https:\/\/twitter.com\/Dmitro622248\/status\/1908217305235894703?ref_src=twsrc%5Etfw\">4 avril 2025<\/a><\/blockquote><script async src=\"https:\/\/platform.twitter.com\/widgets.js\" charset=\"utf-8\"><\/script>\n<\/div><\/figure>\n\n\n\n<figure class=\"wp-block-embed is-type-rich is-provider-twitter wp-block-embed-twitter\"><div class=\"wp-block-embed__wrapper\">\n<blockquote class=\"twitter-tweet\" data-width=\"500\" data-dnt=\"true\"><p lang=\"en\" dir=\"ltr\">Il m'arrive d'envoyer du courrier \u00e0 d'autres hommes. Et maintenant, j'ai mes propres timbres personnalis\u00e9s ! \ud83e\udd70 <a href=\"https:\/\/t.co\/aMtM8GNZqY\">pic.twitter.com\/aMtM8GNZqY<\/a><\/p>- Petra Blankwaard (@indigonl) <a href=\"https:\/\/twitter.com\/indigonl\/status\/1899489443251147081?ref_src=twsrc%5Etfw\">11 mars 2025<\/a><\/blockquote><script async src=\"https:\/\/platform.twitter.com\/widgets.js\" charset=\"utf-8\"><\/script>\n<\/div><\/figure>\n\n\n\n<figure class=\"wp-block-embed is-type-rich is-provider-twitter wp-block-embed-twitter\"><div class=\"wp-block-embed__wrapper\">\n<blockquote class=\"twitter-tweet\" data-width=\"500\" data-dnt=\"true\"><p lang=\"en\" dir=\"ltr\">Hier, j'ai re\u00e7u ceci pour mon anniversaire, de la part de ma m\u00e8re. Fabriqu\u00e9 en Ukraine \ud83d\udc99\ud83d\udc9b\u2764\ufe0f <a href=\"https:\/\/t.co\/HqsLIR7Hhl\">pic.twitter.com\/HqsLIR7Hhl<\/a><\/p>- Petra Blankwaard (@indigonl) <a href=\"https:\/\/twitter.com\/indigonl\/status\/1864557980760375784?ref_src=twsrc%5Etfw\">5 d\u00e9cembre 2024<\/a><\/blockquote><script async src=\"https:\/\/platform.twitter.com\/widgets.js\" charset=\"utf-8\"><\/script>\n<\/div><\/figure>\n<\/div>\n\n\n\n<div class=\"wp-block-column is-layout-flow wp-block-column-is-layout-flow\">\n<figure class=\"wp-block-embed is-type-rich is-provider-twitter wp-block-embed-twitter\"><div class=\"wp-block-embed__wrapper\">\n<blockquote class=\"twitter-tweet\" data-width=\"500\" data-dnt=\"true\"><p lang=\"en\" dir=\"ltr\">Mon message pour \ud83c\uddf7\ud83c\uddfa, d\u00e9livr\u00e9 par PERSONNE \ud83e\udef6\ud83c\udffc<br><br>\u2018Depuis La Haye\u2019 \ud83c\uddf3\ud83c\uddf1 <a href=\"https:\/\/t.co\/9rm4mmKKia\">https:\/\/t.co\/9rm4mmKKia<\/a> <a href=\"https:\/\/t.co\/dbhKwdJAhq\">pic.twitter.com\/dbhKwdJAhq<\/a><\/p>- Petra Blankwaard (@indigonl) <a href=\"https:\/\/twitter.com\/indigonl\/status\/2018372269395816526?ref_src=twsrc%5Etfw\">2 f\u00e9vrier 2026<\/a><\/blockquote><script async src=\"https:\/\/platform.twitter.com\/widgets.js\" charset=\"utf-8\"><\/script>\n<\/div><\/figure>\n\n\n\n<figure class=\"wp-block-embed is-type-rich is-provider-twitter wp-block-embed-twitter\"><div class=\"wp-block-embed__wrapper\">\n<blockquote class=\"twitter-tweet\" data-width=\"500\" data-dnt=\"true\"><p lang=\"en\" dir=\"ltr\">\ud83c\uddfa\ud83c\udde6\u2764\ufe0f\ud83e\udd80\ud83e\udd80\ud83e\udd80\ud83e\udd80\ud83e\udd80\ud83e\udd80\ud83e\udd80\ud83e\udd80\ud83e\udd80\ud83c\uddfa\ud83c\udde6\u2764\ufe0f<br><br>B<br><br>O<br><br>O<br><br>S<br><br>T<br><br>\ud83c\uddfa\ud83c\udde6\u2764\ufe0f\ud83e\udd80\ud83e\udd80\ud83e\udd80\ud83e\udd80\ud83e\udd80\ud83e\udd80\ud83e\udd80\ud83e\udd80\ud83e\udd80\ud83c\uddfa\ud83c\udde6\u2764\ufe0f <a href=\"https:\/\/t.co\/clNEfMWdt5\">https:\/\/t.co\/clNEfMWdt5<\/a> <a href=\"https:\/\/t.co\/lMxvCXtz8m\">pic.twitter.com\/lMxvCXtz8m<\/a><\/p>- Suzy\ud83c\uddfa\ud83c\udde6\u2764\ufe0f\u200d\ud83d\udd25 (@Suzyistdaheim) <a href=\"https:\/\/twitter.com\/Suzyistdaheim\/status\/2002767087526375488?ref_src=twsrc%5Etfw\">21 d\u00e9cembre 2025<\/a><\/blockquote><script async src=\"https:\/\/platform.twitter.com\/widgets.js\" charset=\"utf-8\"><\/script>\n<\/div><\/figure>\n\n\n\n<figure class=\"wp-block-embed is-type-rich is-provider-twitter wp-block-embed-twitter\"><div class=\"wp-block-embed__wrapper\">\n<blockquote class=\"twitter-tweet\" data-width=\"500\" data-dnt=\"true\"><p lang=\"en\" dir=\"ltr\">Je viens de rendre visite \u00e0 notre fr\u00e8re bless\u00e9 Oleksandr (indicatif d'appel \u201cTsigan\u201d) \u00e0 l'h\u00f4pital et je lui ai remis toute une pile de cartes postales de bon r\u00e9tablissement de la part des l\u00e9gendes de l'OPANO \u2764\ufe0f.<br>Il a \u00e9t\u00e9 compl\u00e8tement boulevers\u00e9 par le fait que des gens du monde entier l'encouragent. J'ai m\u00eame d\u00fb lui expliquer ce que... <a href=\"https:\/\/t.co\/l8LFGxt3pi\">pic.twitter.com\/l8LFGxt3pi<\/a><\/p>- Serhii Antonov (@13serhi) <a href=\"https:\/\/twitter.com\/13serhi\/status\/1991220035298185330?ref_src=twsrc%5Etfw\">19 novembre 2025<\/a><\/blockquote><script async src=\"https:\/\/platform.twitter.com\/widgets.js\" charset=\"utf-8\"><\/script>\n<\/div><\/figure>\n\n\n\n<figure class=\"wp-block-embed is-type-rich is-provider-twitter wp-block-embed-twitter\"><div class=\"wp-block-embed__wrapper\">\n<blockquote class=\"twitter-tweet\" data-width=\"500\" data-dnt=\"true\"><p lang=\"en\" dir=\"ltr\">Curieux : que portez-vous toujours sur vous en signe de soutien \u00e0 \ud83c\uddfa\ud83c\udde6 ? <a href=\"https:\/\/t.co\/G1g142RtyO\">pic.twitter.com\/G1g142RtyO<\/a><\/p>- Petra Blankwaard (@indigonl) <a href=\"https:\/\/twitter.com\/indigonl\/status\/1958780856752799830?ref_src=twsrc%5Etfw\">22 ao\u00fbt 2025<\/a><\/blockquote><script async src=\"https:\/\/platform.twitter.com\/widgets.js\" charset=\"utf-8\"><\/script>\n<\/div><\/figure>\n\n\n\n<figure class=\"wp-block-embed is-type-rich is-provider-twitter wp-block-embed-twitter\"><div class=\"wp-block-embed__wrapper\">\n<blockquote class=\"twitter-tweet\" data-width=\"500\" data-dnt=\"true\"><p lang=\"en\" dir=\"ltr\">Voici un message de remerciement pour tous les membres de la NAFO \ud83e\udef6\ud83c\udffc<br><br>Chaque jour, je m'active sur les m\u00e9dias sociaux pour montrer mon soutien \u00e0 l'Ukraine. Je suis conscient qu'en tant que personne seule, je ne peux pas faire la diff\u00e9rence. Mais je vois tant de gars du monde entier qui font la m\u00eame chose.  <br>Cela m'inspire, et...<\/p>- Petra Blankwaard (@indigonl) <a href=\"https:\/\/twitter.com\/indigonl\/status\/1903703816249184326?ref_src=twsrc%5Etfw\">23 mars 2025<\/a><\/blockquote><script async src=\"https:\/\/platform.twitter.com\/widgets.js\" charset=\"utf-8\"><\/script>\n<\/div><\/figure>\n\n\n\n<figure class=\"wp-block-embed is-type-rich is-provider-twitter wp-block-embed-twitter\"><div class=\"wp-block-embed__wrapper\">\n<blockquote class=\"twitter-tweet\" data-width=\"500\" data-dnt=\"true\"><p lang=\"en\" dir=\"ltr\">Rassemblement en faveur de l'Ukraine \u00e0 Amsterdam \ud83c\uddf3\ud83c\uddf1<br>\ud83d\udcf8 Dam Square<a href=\"https:\/\/twitter.com\/hashtag\/FreeAzovstalDefenders?src=hash&amp;ref_src=twsrc%5Etfw\">#FreeAzovstalDefenders<\/a> \ud83d\udc99\ud83d\udc9b <a href=\"https:\/\/t.co\/YjVpog7fVb\">pic.twitter.com\/YjVpog7fVb<\/a><\/p>- Petra Blankwaard (@indigonl) <a href=\"https:\/\/twitter.com\/indigonl\/status\/1893664013189304444?ref_src=twsrc%5Etfw\">23 f\u00e9vrier 2025<\/a><\/blockquote><script async src=\"https:\/\/platform.twitter.com\/widgets.js\" charset=\"utf-8\"><\/script>\n<\/div><\/figure>\n\n\n\n<figure class=\"wp-block-embed is-type-rich is-provider-twitter wp-block-embed-twitter\"><div class=\"wp-block-embed__wrapper\">\n<blockquote class=\"twitter-tweet\" data-width=\"500\" data-dnt=\"true\"><p lang=\"nl\" dir=\"ltr\">1000 jours<br><br>1000 jours \u00e0 lire toutes les nouvelles de \ud83c\uddfa\ud83c\udde6 avant d'aller au travail<br><br>1000 jours apr\u00e8s \u00eatre rentr\u00e9 du travail, 10 heures de d\u00e9filement pour lire les nouvelles \ud83c\uddfa\ud83c\udde6 \u00e0 partir de l'endroit o\u00f9 je me suis arr\u00eat\u00e9 le matin.<br><br>1000 jours de vie partag\u00e9e : ma propre vie (professionnelle) et tout le reste...<\/p>- Petra Blankwaard (@indigonl) <a href=\"https:\/\/twitter.com\/indigonl\/status\/1858961393644433558?ref_src=twsrc%5Etfw\">19 novembre 2024<\/a><\/blockquote><script async src=\"https:\/\/platform.twitter.com\/widgets.js\" charset=\"utf-8\"><\/script>\n<\/div><\/figure>\n\n\n\n<figure class=\"wp-block-embed is-type-rich is-provider-twitter wp-block-embed-twitter\"><div class=\"wp-block-embed__wrapper\">\n<blockquote class=\"twitter-tweet\" data-width=\"500\" data-dnt=\"true\"><p lang=\"en\" dir=\"ltr\">Visite surprise \ud83d\ude0d<br><br>Gratitude pour mon soutien \u00e0 Kherson et \u00e0 l'Ukraine \ud83e\udd79\u2764\ufe0f <a href=\"https:\/\/t.co\/OUhvZhs9b6\">pic.twitter.com\/OUhvZhs9b6<\/a><\/p>- Petra Blankwaard (@indigonl) <a href=\"https:\/\/twitter.com\/indigonl\/status\/1853803750156124170?ref_src=twsrc%5Etfw\">5 novembre 2024<\/a><\/blockquote><script async src=\"https:\/\/platform.twitter.com\/widgets.js\" charset=\"utf-8\"><\/script>\n<\/div><\/figure>\n<\/div>\n<\/div>\n\n\n\n<p><\/p>","protected":false},"excerpt":{"rendered":"<p>Op deze pagina vind je tweets die voor mij de moeite waard zijn om te bewaren. Tweets<\/p>","protected":false},"author":1,"featured_media":1028,"parent":0,"menu_order":0,"comment_status":"closed","ping_status":"closed","template":"","meta":{"_seopress_robots_primary_cat":"","_seopress_titles_title":"","_seopress_titles_desc":"","_seopress_robots_index":"","_genesis_hide_title":false,"_genesis_hide_breadcrumbs":false,"_genesis_hide_singular_image":false,"_genesis_hide_footer_widgets":false,"_genesis_custom_body_class":"","_genesis_custom_post_class":"","_genesis_layout":"","footnotes":""},"class_list":{"0":"post-1491","1":"page","2":"type-page","3":"status-publish","4":"has-post-thumbnail","6":"entry"},"featured_image_src":"https:\/\/indigo4ua.com\/wp-content\/uploads\/2025\/09\/192nd-600x400.jpg","featured_image_src_square":"https:\/\/indigo4ua.com\/wp-content\/uploads\/2025\/09\/192nd-600x600.jpg","_links":{"self":[{"href":"https:\/\/indigo4ua.com\/fr\/wp-json\/wp\/v2\/pages\/1491","targetHints":{"allow":["GET"]}}],"collection":[{"href":"https:\/\/indigo4ua.com\/fr\/wp-json\/wp\/v2\/pages"}],"about":[{"href":"https:\/\/indigo4ua.com\/fr\/wp-json\/wp\/v2\/types\/page"}],"author":[{"embeddable":true,"href":"https:\/\/indigo4ua.com\/fr\/wp-json\/wp\/v2\/users\/1"}],"replies":[{"embeddable":true,"href":"https:\/\/indigo4ua.com\/fr\/wp-json\/wp\/v2\/comments?post=1491"}],"version-history":[{"count":2,"href":"https:\/\/indigo4ua.com\/fr\/wp-json\/wp\/v2\/pages\/1491\/revisions"}],"predecessor-version":[{"id":1830,"href":"https:\/\/indigo4ua.com\/fr\/wp-json\/wp\/v2\/pages\/1491\/revisions\/1830"}],"wp:featuredmedia":[{"embeddable":true,"href":"https:\/\/indigo4ua.com\/fr\/wp-json\/wp\/v2\/media\/1028"}],"wp:attachment":[{"href":"https:\/\/indigo4ua.com\/fr\/wp-json\/wp\/v2\/media?parent=1491"}],"curies":[{"name":"wp","href":"https:\/\/api.w.org\/{rel}","templated":true}]}}