{"id":1537,"date":"2026-02-05T18:31:21","date_gmt":"2026-02-05T17:31:21","guid":{"rendered":"https:\/\/indigo4ua.com\/?page_id=1537"},"modified":"2026-02-22T16:22:58","modified_gmt":"2026-02-22T15:22:58","slug":"34e-brigade-de-defense-cotiere-generateurs-et-stations-de-charge","status":"publish","type":"page","link":"https:\/\/indigo4ua.com\/fr\/inzamelingsacties\/34e-kustverdedigingsbrigade-generatoren-en-laadstations\/","title":{"rendered":"34e brigade de d\u00e9fense c\u00f4ti\u00e8re - g\u00e9n\u00e9rateurs et stations de recharge"},"content":{"rendered":"<div class=\"wp-block-columns alignwide osom-featured-text is-layout-flex wp-container-core-columns-is-layout-28f84493 wp-block-columns-is-layout-flex\">\n<div class=\"wp-block-column has-theme-footer-background-color has-background is-layout-flow wp-block-column-is-layout-flow\" style=\"padding-top:var(--wp--preset--spacing--80);padding-right:var(--wp--preset--spacing--70);padding-bottom:var(--wp--preset--spacing--80);padding-left:var(--wp--preset--spacing--70);flex-basis:60%\">\n<h2 class=\"wp-block-heading\">Collecte Janvier 2026<\/h2>\n\n\n\n<p>Pour la 34e brigade de d\u00e9fense c\u00f4ti\u00e8re de la r\u00e9gion de Cherson, nous avons men\u00e9 \u00e0 bien une campagne de collecte de deux g\u00e9n\u00e9rateurs et de deux stations de recharge, d'une valeur de 90000UAH ($2.110).<\/p>\n\n\n\n<p>Les combattants ne peuvent pas se passer d'\u00e9lectricit\u00e9 : celle-ci est n\u00e9cessaire pour les appareils de communication, les drones et d'autres \u00e9quipements.<\/p>\n\n\n\n<div class=\"wp-block-buttons is-layout-flex wp-block-buttons-is-layout-flex\">\n<div class=\"wp-block-button is-style-outline is-style-outline--1\"><a class=\"wp-block-button__link wp-element-button\" href=\"https:\/\/donorbox.org\/help-the-defenders\" target=\"_blank\" rel=\"noreferrer noopener\">PAGE DE LA BO\u00ceTE DES DONATEURS<\/a><\/div>\n<\/div>\n<\/div>\n\n\n\n<div class=\"wp-block-column is-vertically-aligned-center is-layout-flow wp-block-column-is-layout-flow\">\n<figure class=\"wp-block-image size-full size-large\"><img alt=\"\" loading=\"lazy\" decoding=\"async\" width=\"900\" height=\"601\" src=\"https:\/\/indigo4ua.com\/wp-content\/uploads\/2026\/02\/bandera-power.webp\" class=\"wp-image-1668\" style=\"object-fit:cover\" srcset=\"https:\/\/indigo4ua.com\/wp-content\/uploads\/2026\/02\/bandera-power.webp 900w, https:\/\/indigo4ua.com\/wp-content\/uploads\/2026\/02\/bandera-power-300x200.webp 300w, https:\/\/indigo4ua.com\/wp-content\/uploads\/2026\/02\/bandera-power-768x513.webp 768w, https:\/\/indigo4ua.com\/wp-content\/uploads\/2026\/02\/bandera-power-18x12.webp 18w, https:\/\/indigo4ua.com\/wp-content\/uploads\/2026\/02\/bandera-power-600x400.webp 600w\" sizes=\"auto, (max-width: 900px) 100vw, 900px\" \/><\/figure>\n<\/div>\n<\/div>\n\n\n\n<div style=\"height:50px\" aria-hidden=\"true\" class=\"wp-block-spacer\"><\/div>\n\n\n\n<h2 class=\"wp-block-heading\">Demande de vid\u00e9o<\/h2>\n\n\n\n<div class=\"wp-block-columns is-layout-flex wp-container-core-columns-is-layout-28f84493 wp-block-columns-is-layout-flex\">\n<div class=\"wp-block-column is-layout-flow wp-block-column-is-layout-flow\">\n<figure class=\"wp-block-video\"><video height=\"1280\" style=\"aspect-ratio: 720 \/ 1280;\" width=\"720\" controls poster=\"https:\/\/indigo4ua.com\/wp-content\/uploads\/2026\/02\/20260128-34th-genrators-charging-stations_thumb1.jpg\" src=\"https:\/\/indigo4ua.com\/wp-content\/uploads\/2026\/02\/20260128-34th-genrators-charging-stations.mp4\"><\/video><\/figure>\n<\/div>\n\n\n\n<div class=\"wp-block-column is-layout-flow wp-block-column-is-layout-flow\"><\/div>\n<\/div>\n\n\n\n<h2 class=\"wp-block-heading\">Collecte 2 g\u00e9n\u00e9rateurs et 2 stations de recharge<\/h2>\n\n\n\n<p><strong>Collection publi\u00e9e<\/strong> <br>sur Twitter : <a href=\"https:\/\/x.com\/indigonl\/status\/2016566926210679076?s=20\" target=\"_blank\" rel=\"noreferrer noopener\">https:\/\/x.com\/indigonl\/status\/2016566926210679076?s=20<\/a><br>Sur Facebook : <a href=\"https:\/\/www.facebook.com\/reel\/1995996520986420\" target=\"_blank\" rel=\"noreferrer noopener\">https:\/\/www.facebook.com\/reel\/1995996520986420<\/a><\/p>\n\n\n\n<p><strong>Montant cible : 90000UAH ($2,110)<\/strong><\/p>\n\n\n\n<h2 class=\"wp-block-heading\">Faire un don<\/h2>\n\n\n\n<p>Monobank : <a href=\"https:\/\/send.monobank.ua\/jar\/947yQkbs8U\" target=\"_blank\" rel=\"noreferrer noopener\">https:\/\/send.monobank.ua\/jar\/947yQkbs8U<\/a><br>Bo\u00eete du donateur : <a href=\"https:\/\/donorbox.org\/help-the-defenders\" target=\"_blank\" rel=\"noreferrer noopener\">https:\/\/donorbox.org\/help-the-defenders<\/a><\/p>\n\n\n\n<h2 class=\"wp-block-heading\">Rapport financier<\/h2>\n\n\n\n<p><strong>Dons re\u00e7us<\/strong><br><a href=\"https:\/\/indigo4ua.com\/wp-content\/uploads\/2026\/02\/1-monobank-pot.pdf\">Monobanque<\/a> <a href=\"https:\/\/indigo4ua.com\/wp-content\/uploads\/2026\/02\/5-monobank-balance.pdf\">43238UAH<\/a><\/p>\n\n\n\n<p>PayPal $1391.55 (59635UAH) inclus en deux parties : <br><a href=\"https:\/\/indigo4ua.com\/wp-content\/uploads\/2026\/02\/2-opname-paypal-1.pdf\">$688.78 (29445UAH)<\/a> + <a href=\"https:\/\/indigo4ua.com\/wp-content\/uploads\/2026\/02\/3-opname-paypal-2.pdf\">$702.77 (30190UAH)<\/a> - <a href=\"https:\/\/indigo4ua.com\/wp-content\/uploads\/2026\/02\/8-eindsaldo-paypal.pdf\">solde de cl\u00f4ture z\u00e9ro<\/a><\/p>\n\n\n\n<p>Esp\u00e8ces : 100 \u20ac (5000UAH)<\/p>\n\n\n\n<p>Donn\u00e9 : 43238UAH + 59635UAH + 5000UAH = 107873UAH<br><br><strong>Total des dons : 107873UAH ($2,499)<\/strong><\/p>\n\n\n\n<p><strong>Mat\u00e9riel achet\u00e9<\/strong><br>G\u00e9n\u00e9rateurs, deux pi\u00e8ces - <a href=\"https:\/\/indigo4ua.com\/wp-content\/uploads\/2026\/02\/6-payment-generators.pdf\">pay\u00e9<\/a> \/ <a href=\"https:\/\/indigo4ua.com\/wp-content\/uploads\/2026\/02\/7-invoice-generaotors.pdf\">facture<\/a> 32638UAH<br>Bornes de recharge, deux pi\u00e8ces - <a href=\"https:\/\/indigo4ua.com\/wp-content\/uploads\/2026\/02\/10-payment-charging-stations.pdf\">pay\u00e9<\/a> \/ <a href=\"https:\/\/indigo4ua.com\/wp-content\/uploads\/2026\/02\/9-invoice-charging-stations.pdf\">facture<\/a>  47784UAH<br><br><strong>Total pay\u00e9, apr\u00e8s d\u00e9duction de la remise stipul\u00e9e : 80422UAH ($1.863)<\/strong><\/p>\n\n\n\n<p>Exc\u00e9dent 107873UAH dons - 80422UAH achat = 27451UAH<br>Au : solde g\u00e9n\u00e9ral de la banque, y compris les cadeaux pour l'anniversaire de Serhiy <a href=\"https:\/\/indigo4ua.com\/wp-content\/uploads\/2026\/02\/4-verjaardag-serhiy.pdf\">6449UAH<\/a><br><strong>Total de l'encours : 33900UAH ($785)<\/strong><\/p>\n\n\n\n<p>Cet \u00e9quilibre permet encore <strong>une troisi\u00e8me station de recharge<\/strong> peut \u00eatre achet\u00e9 pour une autre unit\u00e9 !<br><br>Les \u00e9tats financiers sont \u00e9galement en <a href=\"https:\/\/www.facebook.com\/irishka.parhomik\/posts\/pfbid034zMwRkgqdVtwuwngUyLNbDyRTGPQET8Ecpk1mSbwxLuwiur333MrkfjDwes5VRtHl\" target=\"_blank\" rel=\"noreferrer noopener\">ce message sur Facebook<\/a>.<br><\/p>\n\n\n\n<h2 class=\"wp-block-heading\">Fourniture de 2 g\u00e9n\u00e9rateurs et de 3 stations de recharge<\/h2>\n\n\n\n<div class=\"wp-block-columns is-layout-flex wp-container-core-columns-is-layout-28f84493 wp-block-columns-is-layout-flex\">\n<div class=\"wp-block-column is-layout-flow wp-block-column-is-layout-flow\">\n<h3 class=\"wp-block-heading\">2 stations de recharge<\/h3>\n\n\n\n<div class=\"wp-block-columns is-layout-flex wp-container-core-columns-is-layout-28f84493 wp-block-columns-is-layout-flex\">\n<div class=\"wp-block-column is-layout-flow wp-block-column-is-layout-flow\" style=\"flex-basis:33.33%\">\n<figure class=\"wp-block-video\"><video height=\"1024\" style=\"aspect-ratio: 576 \/ 1024;\" width=\"576\" controls poster=\"https:\/\/indigo4ua.com\/wp-content\/uploads\/2026\/02\/att.nT5q8VplQft_qGVsar9RJsT6Kuw70Tfjd8zijKpWb84_thumb1.jpg\" src=\"https:\/\/indigo4ua.com\/wp-content\/uploads\/2026\/02\/att.nT5q8VplQft_qGVsar9RJsT6Kuw70Tfjd8zijKpWb84.mp4\"><\/video><\/figure>\n<\/div>\n\n\n\n<div class=\"wp-block-column is-layout-flow wp-block-column-is-layout-flow\" style=\"flex-basis:66.66%\">\n<figure class=\"wp-block-image size-large\"><img alt=\"\" loading=\"lazy\" decoding=\"async\" width=\"1024\" height=\"576\" src=\"https:\/\/indigo4ua.com\/wp-content\/uploads\/2026\/02\/delivery-bandera-powerstation-1024x576.jpg\" class=\"wp-image-1672\" srcset=\"https:\/\/indigo4ua.com\/wp-content\/uploads\/2026\/02\/delivery-bandera-powerstation-1024x576.jpg 1024w, https:\/\/indigo4ua.com\/wp-content\/uploads\/2026\/02\/delivery-bandera-powerstation-300x169.jpg 300w, https:\/\/indigo4ua.com\/wp-content\/uploads\/2026\/02\/delivery-bandera-powerstation-768x432.jpg 768w, https:\/\/indigo4ua.com\/wp-content\/uploads\/2026\/02\/delivery-bandera-powerstation-18x10.jpg 18w, https:\/\/indigo4ua.com\/wp-content\/uploads\/2026\/02\/delivery-bandera-powerstation.jpg 1334w\" sizes=\"auto, (max-width: 1024px) 100vw, 1024px\" \/><\/figure>\n<\/div>\n<\/div>\n\n\n\n<h3 class=\"wp-block-heading\">2 g\u00e9n\u00e9rateurs<\/h3>\n\n\n\n<figure class=\"wp-block-gallery has-nested-images columns-default is-cropped wp-block-gallery-2 is-layout-flex wp-block-gallery-is-layout-flex\">\n<figure class=\"wp-block-image size-full\"><img alt=\"\" loading=\"lazy\" decoding=\"async\" width=\"368\" height=\"640\" data-id=\"1598\" src=\"https:\/\/indigo4ua.com\/wp-content\/uploads\/2026\/02\/20260208-34th-delivery-generators_thumb1.jpg\" class=\"wp-image-1598\" srcset=\"https:\/\/indigo4ua.com\/wp-content\/uploads\/2026\/02\/20260208-34th-delivery-generators_thumb1.jpg 368w, https:\/\/indigo4ua.com\/wp-content\/uploads\/2026\/02\/20260208-34th-delivery-generators_thumb1-173x300.jpg 173w, https:\/\/indigo4ua.com\/wp-content\/uploads\/2026\/02\/20260208-34th-delivery-generators_thumb1-7x12.jpg 7w\" sizes=\"auto, (max-width: 368px) 100vw, 368px\" \/><\/figure>\n\n\n\n<figure class=\"wp-block-image size-large\"><img alt=\"\" loading=\"lazy\" decoding=\"async\" width=\"604\" height=\"1024\" data-id=\"1597\" src=\"https:\/\/indigo4ua.com\/wp-content\/uploads\/2026\/02\/20260208-34th-delivery-generators-604x1024.jpg\" class=\"wp-image-1597\" srcset=\"https:\/\/indigo4ua.com\/wp-content\/uploads\/2026\/02\/20260208-34th-delivery-generators-604x1024.jpg 604w, https:\/\/indigo4ua.com\/wp-content\/uploads\/2026\/02\/20260208-34th-delivery-generators-177x300.jpg 177w, https:\/\/indigo4ua.com\/wp-content\/uploads\/2026\/02\/20260208-34th-delivery-generators-7x12.jpg 7w, https:\/\/indigo4ua.com\/wp-content\/uploads\/2026\/02\/20260208-34th-delivery-generators.jpg 702w\" sizes=\"auto, (max-width: 604px) 100vw, 604px\" \/><\/figure>\n\n\n\n<figure class=\"wp-block-image size-large\"><img alt=\"\" loading=\"lazy\" decoding=\"async\" width=\"449\" height=\"1024\" data-id=\"1595\" src=\"https:\/\/indigo4ua.com\/wp-content\/uploads\/2026\/02\/20260208-delivery-generators-449x1024.jpg\" class=\"wp-image-1595\" srcset=\"https:\/\/indigo4ua.com\/wp-content\/uploads\/2026\/02\/20260208-delivery-generators-449x1024.jpg 449w, https:\/\/indigo4ua.com\/wp-content\/uploads\/2026\/02\/20260208-delivery-generators-132x300.jpg 132w, https:\/\/indigo4ua.com\/wp-content\/uploads\/2026\/02\/20260208-delivery-generators-674x1536.jpg 674w, https:\/\/indigo4ua.com\/wp-content\/uploads\/2026\/02\/20260208-delivery-generators-5x12.jpg 5w, https:\/\/indigo4ua.com\/wp-content\/uploads\/2026\/02\/20260208-delivery-generators.jpg 702w\" sizes=\"auto, (max-width: 449px) 100vw, 449px\" \/><\/figure>\n<\/figure>\n<\/div>\n<\/div>\n\n\n\n<h3 class=\"wp-block-heading\">Livraison de la troisi\u00e8me station de recharge \u00e0 la 60e brigade d'artillerie<\/h3>\n\n\n\n<div class=\"wp-block-columns is-layout-flex wp-container-core-columns-is-layout-28f84493 wp-block-columns-is-layout-flex\">\n<div class=\"wp-block-column is-layout-flow wp-block-column-is-layout-flow\">\n<figure class=\"wp-block-video\"><video height=\"762\" style=\"aspect-ratio: 432 \/ 762;\" width=\"432\" controls poster=\"https:\/\/indigo4ua.com\/wp-content\/uploads\/2026\/02\/20260210-60th-Artillery-Brigade-1_thumb1.jpg\" src=\"https:\/\/indigo4ua.com\/wp-content\/uploads\/2026\/02\/20260210-60th-Artillery-Brigade-1.mp4\"><\/video><\/figure>\n<\/div>\n\n\n\n<div class=\"wp-block-column is-layout-flow wp-block-column-is-layout-flow\"><\/div>\n\n\n\n<div class=\"wp-block-column is-layout-flow wp-block-column-is-layout-flow\"><\/div>\n<\/div>\n\n\n\n<h2 class=\"wp-block-heading\">Photos<\/h2>\n\n\n\n<p>Vous trouverez ci-dessous quelques photos de la 34e brigade de marines, 30e corps de garde-c\u00f4tes. Ces photos peuvent \u00eatre utilis\u00e9es avec l'autorisation de l'unit\u00e9 de l'arm\u00e9e.<\/p>\n\n\n\n<figure class=\"wp-block-gallery has-nested-images columns-default is-cropped wp-block-gallery-3 is-layout-flex wp-block-gallery-is-layout-flex\">\n<figure class=\"wp-block-image size-large\"><img alt=\"\" loading=\"lazy\" decoding=\"async\" width=\"828\" height=\"459\" data-id=\"795\" src=\"https:\/\/indigo4ua.com\/wp-content\/uploads\/2025\/08\/flag-34th-marine-brigade.jpg\" class=\"wp-image-795\" srcset=\"https:\/\/indigo4ua.com\/wp-content\/uploads\/2025\/08\/flag-34th-marine-brigade.jpg 828w, https:\/\/indigo4ua.com\/wp-content\/uploads\/2025\/08\/flag-34th-marine-brigade-300x166.jpg 300w, https:\/\/indigo4ua.com\/wp-content\/uploads\/2025\/08\/flag-34th-marine-brigade-768x426.jpg 768w, https:\/\/indigo4ua.com\/wp-content\/uploads\/2025\/08\/flag-34th-marine-brigade-18x10.jpg 18w\" sizes=\"auto, (max-width: 828px) 100vw, 828px\" \/><\/figure>\n\n\n\n<figure class=\"wp-block-image size-large\"><img alt=\"\" loading=\"lazy\" decoding=\"async\" width=\"416\" height=\"514\" data-id=\"794\" src=\"https:\/\/indigo4ua.com\/wp-content\/uploads\/2025\/08\/patch-for-raffle.jpg\" class=\"wp-image-794\" srcset=\"https:\/\/indigo4ua.com\/wp-content\/uploads\/2025\/08\/patch-for-raffle.jpg 416w, https:\/\/indigo4ua.com\/wp-content\/uploads\/2025\/08\/patch-for-raffle-243x300.jpg 243w, https:\/\/indigo4ua.com\/wp-content\/uploads\/2025\/08\/patch-for-raffle-10x12.jpg 10w\" sizes=\"auto, (max-width: 416px) 100vw, 416px\" \/><\/figure>\n\n\n\n<figure class=\"wp-block-image size-large\"><img alt=\"\" loading=\"lazy\" decoding=\"async\" width=\"992\" height=\"750\" data-id=\"671\" src=\"https:\/\/indigo4ua.com\/wp-content\/uploads\/2025\/07\/34th-marines.jpg\" class=\"wp-image-671\" srcset=\"https:\/\/indigo4ua.com\/wp-content\/uploads\/2025\/07\/34th-marines.jpg 992w, https:\/\/indigo4ua.com\/wp-content\/uploads\/2025\/07\/34th-marines-300x227.jpg 300w, https:\/\/indigo4ua.com\/wp-content\/uploads\/2025\/07\/34th-marines-768x581.jpg 768w, https:\/\/indigo4ua.com\/wp-content\/uploads\/2025\/07\/34th-marines-16x12.jpg 16w\" sizes=\"auto, (max-width: 992px) 100vw, 992px\" \/><\/figure>\n<\/figure>\n\n\n\n<h2 class=\"wp-block-heading\">L'\u00e9quipe<\/h2>\n\n\n\n<div class=\"wp-block-columns team-dakota is-layout-flex wp-container-core-columns-is-layout-28f84493 wp-block-columns-is-layout-flex\">\n<div class=\"wp-block-column is-layout-flow wp-block-column-is-layout-flow\">\n<figure class=\"wp-block-image size-full is-style-rounded\"><img alt=\"\" loading=\"lazy\" decoding=\"async\" width=\"400\" height=\"400\" src=\"https:\/\/indigo4ua.com\/wp-content\/uploads\/2025\/04\/Irishka.jpg\" class=\"wp-image-210\" srcset=\"https:\/\/indigo4ua.com\/wp-content\/uploads\/2025\/04\/Irishka.jpg 400w, https:\/\/indigo4ua.com\/wp-content\/uploads\/2025\/04\/Irishka-300x300.jpg 300w, https:\/\/indigo4ua.com\/wp-content\/uploads\/2025\/04\/Irishka-150x150.jpg 150w, https:\/\/indigo4ua.com\/wp-content\/uploads\/2025\/04\/Irishka-12x12.jpg 12w, https:\/\/indigo4ua.com\/wp-content\/uploads\/2025\/04\/Irishka-75x75.jpg 75w\" sizes=\"auto, (max-width: 400px) 100vw, 400px\" \/><\/figure>\n\n\n\n<h4 class=\"wp-block-heading has-text-align-center\">Irishka<\/h4>\n\n\n\n<p class=\"has-text-align-center\">Irishka est le point de contact pour les unit\u00e9s et \u00e9value si une demande peut \u00eatre trait\u00e9e. Elle recherche \u00e9galement de bonnes affaires pour les achats et r\u00e8gle les paiements.<\/p>\n<\/div>\n\n\n\n<div class=\"wp-block-column is-layout-flow wp-block-column-is-layout-flow\">\n<figure class=\"wp-block-image size-full is-style-rounded\"><img loading=\"lazy\" decoding=\"async\" width=\"500\" height=\"500\" src=\"https:\/\/indigo4ua.com\/wp-content\/uploads\/2025\/02\/nafo-fella-indigonl-500px.jpg\" alt=\"OPANO Fella indigonl\" class=\"wp-image-106\" srcset=\"https:\/\/indigo4ua.com\/wp-content\/uploads\/2025\/02\/nafo-fella-indigonl-500px.jpg 500w, https:\/\/indigo4ua.com\/wp-content\/uploads\/2025\/02\/nafo-fella-indigonl-500px-300x300.jpg 300w, https:\/\/indigo4ua.com\/wp-content\/uploads\/2025\/02\/nafo-fella-indigonl-500px-150x150.jpg 150w, https:\/\/indigo4ua.com\/wp-content\/uploads\/2025\/02\/nafo-fella-indigonl-500px-12x12.jpg 12w, https:\/\/indigo4ua.com\/wp-content\/uploads\/2025\/02\/nafo-fella-indigonl-500px-75x75.jpg 75w, https:\/\/indigo4ua.com\/wp-content\/uploads\/2025\/02\/nafo-fella-indigonl-500px-400x400.jpg 400w\" sizes=\"auto, (max-width: 500px) 100vw, 500px\" \/><\/figure>\n\n\n\n<h4 class=\"wp-block-heading has-text-align-center\">Petra<\/h4>\n\n\n\n<p class=\"has-text-align-center\">Petra est associ\u00e9e \u00e0 Irishka. Petra est active sur Twitter, Irishka sur Facebook. Ensemble, nous obtenons un meilleur r\u00e9sultat.<\/p>\n<\/div>\n<\/div>","protected":false},"excerpt":{"rendered":"<p>Inzameling januari 2026 Voor de 34e Kustverdedigingsbrigade in de regio Cherson hebben we een inzamelingsactie voltooid voor twee generatoren en twee laadstations, ter waarde van 90000UAH ($2,110). Strijders kunnen niet zonder stroom: stroom is nodig voor communicatiemiddelen, drones en andere apparatuur. Video aanvraag Inzameling 2 generatoren en 2 laadstations Inzameling gepubliceerd op Twitter: https:\/\/x.com\/indigonl\/status\/2016566926210679076?s=20op Facebook: [&hellip;]<\/p>\n","protected":false},"author":1,"featured_media":0,"parent":129,"menu_order":0,"comment_status":"closed","ping_status":"closed","template":"","meta":{"_seopress_robots_primary_cat":"","_seopress_titles_title":"","_seopress_titles_desc":"","_seopress_robots_index":"","_genesis_hide_title":false,"_genesis_hide_breadcrumbs":false,"_genesis_hide_singular_image":false,"_genesis_hide_footer_widgets":false,"_genesis_custom_body_class":"","_genesis_custom_post_class":"","_genesis_layout":"","footnotes":""},"class_list":{"0":"post-1537","1":"page","2":"type-page","3":"status-publish","5":"entry"},"featured_image_src":null,"featured_image_src_square":null,"_links":{"self":[{"href":"https:\/\/indigo4ua.com\/fr\/wp-json\/wp\/v2\/pages\/1537","targetHints":{"allow":["GET"]}}],"collection":[{"href":"https:\/\/indigo4ua.com\/fr\/wp-json\/wp\/v2\/pages"}],"about":[{"href":"https:\/\/indigo4ua.com\/fr\/wp-json\/wp\/v2\/types\/page"}],"author":[{"embeddable":true,"href":"https:\/\/indigo4ua.com\/fr\/wp-json\/wp\/v2\/users\/1"}],"replies":[{"embeddable":true,"href":"https:\/\/indigo4ua.com\/fr\/wp-json\/wp\/v2\/comments?post=1537"}],"version-history":[{"count":0,"href":"https:\/\/indigo4ua.com\/fr\/wp-json\/wp\/v2\/pages\/1537\/revisions"}],"up":[{"embeddable":true,"href":"https:\/\/indigo4ua.com\/fr\/wp-json\/wp\/v2\/pages\/129"}],"wp:attachment":[{"href":"https:\/\/indigo4ua.com\/fr\/wp-json\/wp\/v2\/media?parent=1537"}],"curies":[{"name":"wp","href":"https:\/\/api.w.org\/{rel}","templated":true}]}}