{"id":1606,"date":"2026-02-14T18:26:50","date_gmt":"2026-02-14T17:26:50","guid":{"rendered":"https:\/\/indigo4ua.com\/?page_id=1606"},"modified":"2026-02-14T18:51:51","modified_gmt":"2026-02-14T17:51:51","slug":"22e-brigade-deux-generateurs-i-ii","status":"publish","type":"page","link":"https:\/\/indigo4ua.com\/fr\/inzamelingsacties\/22ste-brigade-twee-generators-i-ii\/","title":{"rendered":"22e brigade - deux g\u00e9n\u00e9rateurs I\/II"},"content":{"rendered":"<div class=\"wp-block-columns alignwide osom-featured-text is-layout-flex wp-container-core-columns-is-layout-28f84493 wp-block-columns-is-layout-flex\">\n<div class=\"wp-block-column has-theme-footer-background-color has-background is-layout-flow wp-block-column-is-layout-flow\" style=\"padding-top:var(--wp--preset--spacing--80);padding-right:var(--wp--preset--spacing--70);padding-bottom:var(--wp--preset--spacing--80);padding-left:var(--wp--preset--spacing--70);flex-basis:60%\">\n<h2 class=\"wp-block-heading\">Collecte 5 f\u00e9vrier 2026<\/h2>\n\n\n\n<p>Pour la composante des syst\u00e8mes a\u00e9riens sans pilote du bataillon d'infanterie motoris\u00e9e de la 22e brigade, nous avons men\u00e9 \u00e0 bien une campagne de collecte de fonds pour l'achat de deux g\u00e9n\u00e9rateurs d'une valeur de 680 euros. Ceux-ci ont \u00e9t\u00e9 achet\u00e9s en Allemagne en raison des \u00e9conomies significatives r\u00e9alis\u00e9es par rapport aux prix pratiqu\u00e9s en Ukraine.<\/p>\n\n\n\n<div class=\"wp-block-buttons is-layout-flex wp-block-buttons-is-layout-flex\"><\/div>\n<\/div>\n\n\n\n<div class=\"wp-block-column is-vertically-aligned-center is-layout-flow wp-block-column-is-layout-flow\">\n<figure class=\"wp-block-image size-full\"><img alt=\"\" loading=\"lazy\" decoding=\"async\" width=\"550\" height=\"657\" src=\"https:\/\/indigo4ua.com\/wp-content\/uploads\/2026\/02\/generator-scheppach-SG2500.jpg\" class=\"wp-image-1607\" srcset=\"https:\/\/indigo4ua.com\/wp-content\/uploads\/2026\/02\/generator-scheppach-SG2500.jpg 550w, https:\/\/indigo4ua.com\/wp-content\/uploads\/2026\/02\/generator-scheppach-SG2500-251x300.jpg 251w, https:\/\/indigo4ua.com\/wp-content\/uploads\/2026\/02\/generator-scheppach-SG2500-10x12.jpg 10w\" sizes=\"auto, (max-width: 550px) 100vw, 550px\" \/><\/figure>\n<\/div>\n<\/div>\n\n\n\n<div style=\"height:50px\" aria-hidden=\"true\" class=\"wp-block-spacer\"><\/div>\n\n\n\n<h2 class=\"wp-block-heading\">Collection de g\u00e9n\u00e9rateurs<\/h2>\n\n\n\n<p>Les groupes \u00e9lectrog\u00e8nes portables sont d\u00e9ploy\u00e9s sur la ligne de front et dans le cadre d'op\u00e9rations sur le terrain o\u00f9 l'\u00e9lectricit\u00e9 fiable fait souvent d\u00e9faut en raison de l'endommagement du r\u00e9seau ou de l'\u00e9loignement.<\/p>\n\n\n\n<p>Les deux g\u00e9n\u00e9rateurs Scheppach SG2500 ont \u00e9t\u00e9 command\u00e9s en Allemagne en raison de leur prix nettement inf\u00e9rieur \u00e0 celui pratiqu\u00e9 en Ukraine.<\/p>\n\n\n\n<p>Collection publi\u00e9e :<br><a href=\"https:\/\/www.facebook.com\/irishka.parhomik\/posts\/pfbid032thxCob7Vvm3tUcS3DTmmcNZf5RFcQdEH8dgR9BBxX9t3oWwGB6zjWATLiwfiuUTl\" target=\"_blank\" rel=\"noreferrer noopener\">Facebook<\/a><br><a href=\"https:\/\/x.com\/indigonl\/status\/2019284003820367884?s=20\" target=\"_blank\" rel=\"noreferrer noopener\">Twitter<\/a><\/p>\n\n\n\n<p><strong>Montant cible : 680 \u20ac \/ $801 \/ 34880UAH<\/strong><\/p>\n\n\n\n<h2 class=\"wp-block-heading\">Faire un don<\/h2>\n\n\n\n<p>Monobank : <a href=\"https:\/\/send.monobank.ua\/jar\/8hHh6j7bhH\" target=\"_blank\" rel=\"noreferrer noopener\">https:\/\/send.monobank.ua\/jar\/8hHh6j7bhH<\/a><br>PayPal parhomik.irina1985@gmail.com<\/p>\n\n\n\n<h2 class=\"wp-block-heading\">Livraison<\/h2>\n\n\n\n<div class=\"wp-block-columns is-layout-flex wp-container-core-columns-is-layout-28f84493 wp-block-columns-is-layout-flex\">\n<div class=\"wp-block-column is-layout-flow wp-block-column-is-layout-flow\">\n<figure class=\"wp-block-video\"><video height=\"1024\" style=\"aspect-ratio: 576 \/ 1024;\" width=\"576\" controls poster=\"https:\/\/indigo4ua.com\/wp-content\/uploads\/2026\/02\/delivery-2-generators_thumb1.jpg\" src=\"https:\/\/indigo4ua.com\/wp-content\/uploads\/2026\/02\/delivery-2-generators.mp4\"><\/video><\/figure>\n<\/div>\n\n\n\n<div class=\"wp-block-column is-layout-flow wp-block-column-is-layout-flow\"><\/div>\n<\/div>\n\n\n\n<h2 class=\"wp-block-heading\">Rapport financier<\/h2>\n\n\n\n<p><strong>Dons re\u00e7us<\/strong><br><a href=\"https:\/\/indigo4ua.com\/wp-content\/uploads\/2026\/02\/donations-monobank.pdf\">Monobanque 14245.28UAH<\/a><br>PayPal : $327.17+ <a href=\"https:\/\/indigo4ua.com\/wp-content\/uploads\/2026\/02\/donorbox-total.pdf\">Bo\u00eete de donateur 170<\/a> = <a href=\"https:\/\/indigo4ua.com\/wp-content\/uploads\/2026\/02\/donations-paypal.pdf\">$527,16<\/a> (<a href=\"https:\/\/indigo4ua.com\/wp-content\/uploads\/2026\/02\/paypal-withdraw.pdf\">22549.27UAH<\/a>)<br><strong>Total : 36794.55UAH<\/strong><\/p>\n\n\n\n<p>Paiement de deux g\u00e9n\u00e9rateurs : 680 \u20ac (34880 UAH) - <a href=\"https:\/\/indigo4ua.com\/wp-content\/uploads\/2026\/02\/betaling-aankoop.pdf\">re\u00e7u<\/a><\/p>\n\n\n\n<p>Total des dons : 36794.55UAH<br>Total pay\u00e9 pour l'achat : 34880UAH<br>Solde\/exc\u00e9dent : <a href=\"https:\/\/indigo4ua.com\/wp-content\/uploads\/2026\/02\/surplus-bank.pdf\">1914.55UAH<\/a> (+\/- $44)<\/p>\n\n\n\n<p>Ce surplus sera utilis\u00e9 lors de la prochaine collecte pour l'achat de deux g\u00e9n\u00e9rateurs pour la 22\u00e8me Brigade, pour une autre unit\u00e9.<\/p>\n\n\n\n<h2 class=\"wp-block-heading\">L'\u00e9quipe<\/h2>\n\n\n\n<div class=\"wp-block-columns team-dakota is-layout-flex wp-container-core-columns-is-layout-28f84493 wp-block-columns-is-layout-flex\">\n<div class=\"wp-block-column is-layout-flow wp-block-column-is-layout-flow\">\n<figure class=\"wp-block-image size-full is-style-rounded\"><img alt=\"\" loading=\"lazy\" decoding=\"async\" width=\"400\" height=\"400\" src=\"https:\/\/indigo4ua.com\/wp-content\/uploads\/2025\/04\/Irishka.jpg\" class=\"wp-image-210\" srcset=\"https:\/\/indigo4ua.com\/wp-content\/uploads\/2025\/04\/Irishka.jpg 400w, https:\/\/indigo4ua.com\/wp-content\/uploads\/2025\/04\/Irishka-300x300.jpg 300w, https:\/\/indigo4ua.com\/wp-content\/uploads\/2025\/04\/Irishka-150x150.jpg 150w, https:\/\/indigo4ua.com\/wp-content\/uploads\/2025\/04\/Irishka-12x12.jpg 12w, https:\/\/indigo4ua.com\/wp-content\/uploads\/2025\/04\/Irishka-75x75.jpg 75w\" sizes=\"auto, (max-width: 400px) 100vw, 400px\" \/><\/figure>\n\n\n\n<h4 class=\"wp-block-heading has-text-align-center\">Irishka<\/h4>\n\n\n\n<p class=\"has-text-align-center\">Irishka est le point de contact pour les unit\u00e9s et \u00e9value si une demande peut \u00eatre trait\u00e9e. Elle recherche \u00e9galement de bonnes affaires pour les achats et r\u00e8gle les paiements.<\/p>\n<\/div>\n\n\n\n<div class=\"wp-block-column is-layout-flow wp-block-column-is-layout-flow\">\n<figure class=\"wp-block-image size-full is-style-rounded\"><img loading=\"lazy\" decoding=\"async\" width=\"500\" height=\"500\" src=\"https:\/\/indigo4ua.com\/wp-content\/uploads\/2025\/02\/nafo-fella-indigonl-500px.jpg\" alt=\"OPANO Fella indigonl\" class=\"wp-image-106\" srcset=\"https:\/\/indigo4ua.com\/wp-content\/uploads\/2025\/02\/nafo-fella-indigonl-500px.jpg 500w, https:\/\/indigo4ua.com\/wp-content\/uploads\/2025\/02\/nafo-fella-indigonl-500px-300x300.jpg 300w, https:\/\/indigo4ua.com\/wp-content\/uploads\/2025\/02\/nafo-fella-indigonl-500px-150x150.jpg 150w, https:\/\/indigo4ua.com\/wp-content\/uploads\/2025\/02\/nafo-fella-indigonl-500px-12x12.jpg 12w, https:\/\/indigo4ua.com\/wp-content\/uploads\/2025\/02\/nafo-fella-indigonl-500px-75x75.jpg 75w, https:\/\/indigo4ua.com\/wp-content\/uploads\/2025\/02\/nafo-fella-indigonl-500px-400x400.jpg 400w\" sizes=\"auto, (max-width: 500px) 100vw, 500px\" \/><\/figure>\n\n\n\n<h4 class=\"wp-block-heading has-text-align-center\">Petra<\/h4>\n\n\n\n<p class=\"has-text-align-center\">Petra est associ\u00e9e \u00e0 Irishka. Petra est active sur Twitter, Irishka sur Facebook. Ensemble, nous obtenons un meilleur r\u00e9sultat.<\/p>\n<\/div>\n<\/div>","protected":false},"excerpt":{"rendered":"<p>Inzameling 5 februari 2026 Voor het onderdeel van onbemande luchtvaartsystemen van het gemotoriseerde infanteriebataljon van de 22e brigade hebben we een inzamelingsactie voltooid voor een twee generatoren ter waarde van \u20ac 680,-. Deze zijn aangeschaft in Duitsland in verband met een aanzienlijke besparing ten opzichte van de prijzen in Oekra\u00efne. Inzameling generators De draagbare stroomgenerators [&hellip;]<\/p>\n","protected":false},"author":1,"featured_media":0,"parent":129,"menu_order":0,"comment_status":"closed","ping_status":"closed","template":"","meta":{"_seopress_robots_primary_cat":"","_seopress_titles_title":"","_seopress_titles_desc":"","_seopress_robots_index":"","_genesis_hide_title":false,"_genesis_hide_breadcrumbs":false,"_genesis_hide_singular_image":false,"_genesis_hide_footer_widgets":false,"_genesis_custom_body_class":"","_genesis_custom_post_class":"","_genesis_layout":"","footnotes":""},"class_list":{"0":"post-1606","1":"page","2":"type-page","3":"status-publish","5":"entry"},"featured_image_src":null,"featured_image_src_square":null,"_links":{"self":[{"href":"https:\/\/indigo4ua.com\/fr\/wp-json\/wp\/v2\/pages\/1606","targetHints":{"allow":["GET"]}}],"collection":[{"href":"https:\/\/indigo4ua.com\/fr\/wp-json\/wp\/v2\/pages"}],"about":[{"href":"https:\/\/indigo4ua.com\/fr\/wp-json\/wp\/v2\/types\/page"}],"author":[{"embeddable":true,"href":"https:\/\/indigo4ua.com\/fr\/wp-json\/wp\/v2\/users\/1"}],"replies":[{"embeddable":true,"href":"https:\/\/indigo4ua.com\/fr\/wp-json\/wp\/v2\/comments?post=1606"}],"version-history":[{"count":0,"href":"https:\/\/indigo4ua.com\/fr\/wp-json\/wp\/v2\/pages\/1606\/revisions"}],"up":[{"embeddable":true,"href":"https:\/\/indigo4ua.com\/fr\/wp-json\/wp\/v2\/pages\/129"}],"wp:attachment":[{"href":"https:\/\/indigo4ua.com\/fr\/wp-json\/wp\/v2\/media?parent=1606"}],"curies":[{"name":"wp","href":"https:\/\/api.w.org\/{rel}","templated":true}]}}