{"id":1620,"date":"2026-02-14T18:48:45","date_gmt":"2026-02-14T17:48:45","guid":{"rendered":"https:\/\/indigo4ua.com\/?page_id=1620"},"modified":"2026-02-22T16:27:38","modified_gmt":"2026-02-22T15:27:38","slug":"22e-brigade-deux-generateurs-ii-ii","status":"publish","type":"page","link":"https:\/\/indigo4ua.com\/fr\/inzamelingsacties\/22ste-brigade-twee-generators-ii-ii\/","title":{"rendered":"22e brigade - deux g\u00e9n\u00e9rateurs II\/II"},"content":{"rendered":"<div class=\"wp-block-columns alignwide osom-featured-text is-layout-flex wp-container-core-columns-is-layout-28f84493 wp-block-columns-is-layout-flex\">\n<div class=\"wp-block-column has-theme-footer-background-color has-background is-layout-flow wp-block-column-is-layout-flow\" style=\"padding-top:var(--wp--preset--spacing--80);padding-right:var(--wp--preset--spacing--70);padding-bottom:var(--wp--preset--spacing--80);padding-left:var(--wp--preset--spacing--70);flex-basis:60%\">\n<h2 class=\"wp-block-heading\">Collecte 12 f\u00e9vrier 2026<\/h2>\n\n\n\n<p>Pour la composante des syst\u00e8mes a\u00e9riens sans pilote du bataillon d'infanterie motoris\u00e9e de la 22e brigade, nous avons men\u00e9 \u00e0 bien une campagne de collecte de fonds pour deux g\u00e9n\u00e9rateurs d'une valeur de $1.206 (apr\u00e8s d\u00e9duction d'une remise d\u00e9cente).<\/p>\n\n\n\n<p><\/p>\n\n\n\n<div class=\"wp-block-buttons is-layout-flex wp-block-buttons-is-layout-flex\"><\/div>\n<\/div>\n\n\n\n<div class=\"wp-block-column is-vertically-aligned-center is-layout-flow wp-block-column-is-layout-flow\">\n<figure class=\"wp-block-image size-large\"><img alt=\"\" loading=\"lazy\" decoding=\"async\" width=\"1024\" height=\"1024\" src=\"https:\/\/indigo4ua.com\/wp-content\/uploads\/2026\/02\/generator-KS3000-1024x1024.webp\" class=\"wp-image-1625\" srcset=\"https:\/\/indigo4ua.com\/wp-content\/uploads\/2026\/02\/generator-KS3000-1024x1024.webp 1024w, https:\/\/indigo4ua.com\/wp-content\/uploads\/2026\/02\/generator-KS3000-300x300.webp 300w, https:\/\/indigo4ua.com\/wp-content\/uploads\/2026\/02\/generator-KS3000-150x150.webp 150w, https:\/\/indigo4ua.com\/wp-content\/uploads\/2026\/02\/generator-KS3000-768x768.webp 768w, https:\/\/indigo4ua.com\/wp-content\/uploads\/2026\/02\/generator-KS3000-1536x1536.webp 1536w, https:\/\/indigo4ua.com\/wp-content\/uploads\/2026\/02\/generator-KS3000-12x12.webp 12w, https:\/\/indigo4ua.com\/wp-content\/uploads\/2026\/02\/generator-KS3000-75x75.webp 75w, https:\/\/indigo4ua.com\/wp-content\/uploads\/2026\/02\/generator-KS3000-600x600.webp 600w, https:\/\/indigo4ua.com\/wp-content\/uploads\/2026\/02\/generator-KS3000.webp 1600w\" sizes=\"auto, (max-width: 1024px) 100vw, 1024px\" \/><\/figure>\n<\/div>\n<\/div>\n\n\n\n<div style=\"height:50px\" aria-hidden=\"true\" class=\"wp-block-spacer\"><\/div>\n\n\n\n<h2 class=\"wp-block-heading\">Demande<\/h2>\n\n\n\n<div class=\"wp-block-columns is-layout-flex wp-container-core-columns-is-layout-28f84493 wp-block-columns-is-layout-flex\">\n<div class=\"wp-block-column is-layout-flow wp-block-column-is-layout-flow\">\n<figure class=\"wp-block-video\"><video height=\"1280\" style=\"aspect-ratio: 720 \/ 1280;\" width=\"720\" controls poster=\"https:\/\/indigo4ua.com\/wp-content\/uploads\/2026\/02\/request-video_thumb1.jpg\" src=\"https:\/\/indigo4ua.com\/wp-content\/uploads\/2026\/02\/request-video.mp4\"><\/video><\/figure>\n<\/div>\n\n\n\n<div class=\"wp-block-column is-layout-flow wp-block-column-is-layout-flow\">\n<figure class=\"wp-block-image size-large\"><img alt=\"\" loading=\"lazy\" decoding=\"async\" width=\"576\" height=\"1024\" src=\"https:\/\/indigo4ua.com\/wp-content\/uploads\/2026\/02\/generators-576x1024.jpg\" class=\"wp-image-1628\" srcset=\"https:\/\/indigo4ua.com\/wp-content\/uploads\/2026\/02\/generators-576x1024.jpg 576w, https:\/\/indigo4ua.com\/wp-content\/uploads\/2026\/02\/generators-169x300.jpg 169w, https:\/\/indigo4ua.com\/wp-content\/uploads\/2026\/02\/generators-7x12.jpg 7w, https:\/\/indigo4ua.com\/wp-content\/uploads\/2026\/02\/generators.jpg 750w\" sizes=\"auto, (max-width: 576px) 100vw, 576px\" \/><\/figure>\n<\/div>\n<\/div>\n\n\n\n<h2 class=\"wp-block-heading\">Collection de g\u00e9n\u00e9rateurs<\/h2>\n\n\n\n<p>Les groupes \u00e9lectrog\u00e8nes portables sont d\u00e9ploy\u00e9s sur la ligne de front et dans le cadre d'op\u00e9rations sur le terrain o\u00f9 l'\u00e9lectricit\u00e9 fiable fait souvent d\u00e9faut en raison de l'endommagement du r\u00e9seau ou de l'\u00e9loignement.<\/p>\n\n\n\n<p>Les deux g\u00e9n\u00e9rateurs Konner et Sohnen KS3000i sont en vente pour un total de 64400UAH. Une remise de 12400UAH a \u00e9t\u00e9 obtenue, ce qui laisse 52000UAH pour l'achat. Finalement, 51518.40UAH ont \u00e9t\u00e9 pay\u00e9s au vendeur.<\/p>\n\n\n\n<p>Collection publi\u00e9e :<br><a href=\"https:\/\/www.facebook.com\/irishka.parhomik\/posts\/pfbid02FZoRLBcHneta5ZxMJjbMBGoM85SNp1xoGCATwi7YAjN2AWxrRznWQooeypa1oDy4l\" target=\"_blank\" rel=\"noreferrer noopener\">Facebook<\/a><br><a href=\"https:\/\/x.com\/indigonl\/status\/2022304063937802714\" target=\"_blank\" rel=\"noreferrer noopener\">Twitter<\/a><\/p>\n\n\n\n<p><strong>Montant cible : $1,206 \/ 52000UAH<\/strong><\/p>\n\n\n\n<h2 class=\"wp-block-heading\">Faire un don<\/h2>\n\n\n\n<p>Monobank : <a href=\"https:\/\/send.monobank.ua\/jar\/8hHh6j7bhH\" target=\"_blank\" rel=\"noreferrer noopener\">https:\/\/send.monobank.ua\/jar\/8hHh6j7bhH<\/a><br>PayPal parhomik.irina1985@gmail.com<\/p>\n\n\n\n<h2 class=\"wp-block-heading\">Livraison<\/h2>\n\n\n\n<div class=\"wp-block-columns is-layout-flex wp-container-core-columns-is-layout-28f84493 wp-block-columns-is-layout-flex\">\n<div class=\"wp-block-column is-layout-flow wp-block-column-is-layout-flow\">\n<figure class=\"wp-block-image size-full\"><img loading=\"lazy\" decoding=\"async\" width=\"804\" height=\"878\" src=\"https:\/\/indigo4ua.com\/wp-content\/uploads\/2026\/02\/att.La2B21F8Jwx9yiIkv60gw4Qy3PO-6h-Ss50yxBooeus.jpg\" alt=\"deux g\u00e9n\u00e9rateurs 22e brigade\" class=\"wp-image-1651\" srcset=\"https:\/\/indigo4ua.com\/wp-content\/uploads\/2026\/02\/att.La2B21F8Jwx9yiIkv60gw4Qy3PO-6h-Ss50yxBooeus.jpg 804w, https:\/\/indigo4ua.com\/wp-content\/uploads\/2026\/02\/att.La2B21F8Jwx9yiIkv60gw4Qy3PO-6h-Ss50yxBooeus-275x300.jpg 275w, https:\/\/indigo4ua.com\/wp-content\/uploads\/2026\/02\/att.La2B21F8Jwx9yiIkv60gw4Qy3PO-6h-Ss50yxBooeus-768x839.jpg 768w, https:\/\/indigo4ua.com\/wp-content\/uploads\/2026\/02\/att.La2B21F8Jwx9yiIkv60gw4Qy3PO-6h-Ss50yxBooeus-11x12.jpg 11w\" sizes=\"auto, (max-width: 804px) 100vw, 804px\" \/><\/figure>\n<\/div>\n\n\n\n<div class=\"wp-block-column is-layout-flow wp-block-column-is-layout-flow\">\n<figure class=\"wp-block-image size-large\"><img loading=\"lazy\" decoding=\"async\" width=\"1024\" height=\"767\" src=\"https:\/\/indigo4ua.com\/wp-content\/uploads\/2026\/02\/att.D_C4nq3CjPv402BGYMt4MpwuElvj6hQ-hrY5J8fMRY-1024x767.jpg\" alt=\"deux g\u00e9n\u00e9rateurs 22e brigade\" class=\"wp-image-1653\" srcset=\"https:\/\/indigo4ua.com\/wp-content\/uploads\/2026\/02\/att.D_C4nq3CjPv402BGYMt4MpwuElvj6hQ-hrY5J8fMRY-1024x767.jpg 1024w, https:\/\/indigo4ua.com\/wp-content\/uploads\/2026\/02\/att.D_C4nq3CjPv402BGYMt4MpwuElvj6hQ-hrY5J8fMRY-300x225.jpg 300w, https:\/\/indigo4ua.com\/wp-content\/uploads\/2026\/02\/att.D_C4nq3CjPv402BGYMt4MpwuElvj6hQ-hrY5J8fMRY-768x575.jpg 768w, https:\/\/indigo4ua.com\/wp-content\/uploads\/2026\/02\/att.D_C4nq3CjPv402BGYMt4MpwuElvj6hQ-hrY5J8fMRY-16x12.jpg 16w, https:\/\/indigo4ua.com\/wp-content\/uploads\/2026\/02\/att.D_C4nq3CjPv402BGYMt4MpwuElvj6hQ-hrY5J8fMRY-702x526.jpg 702w, https:\/\/indigo4ua.com\/wp-content\/uploads\/2026\/02\/att.D_C4nq3CjPv402BGYMt4MpwuElvj6hQ-hrY5J8fMRY.jpg 1080w\" sizes=\"auto, (max-width: 1024px) 100vw, 1024px\" \/><\/figure>\n<\/div>\n<\/div>\n\n\n\n<h2 class=\"wp-block-heading\">Rapport financier<\/h2>\n\n\n\n<p><strong>Dons re\u00e7us<\/strong><br>Solde d'ouverture de la monobanque : <a href=\"https:\/\/indigo4ua.com\/fr\/activites-de-collecte-de-fonds\/22e-brigade-deux-generateurs-i-ii\/\" target=\"_blank\" rel=\"noreferrer noopener\">1914.55UAH<\/a><br>Solde de cl\u00f4ture monobanque : <a href=\"https:\/\/indigo4ua.com\/wp-content\/uploads\/2026\/02\/20260215-donations-monobank.pdf\">27861.66UAH<\/a><br>Solde PayPal : <a href=\"https:\/\/indigo4ua.com\/wp-content\/uploads\/2026\/02\/20260215-ovb-paypal-to-bank.pdf\">29495.47UAH<\/a> (<a href=\"https:\/\/indigo4ua.com\/wp-content\/uploads\/2026\/02\/20260215-paypal-balance.pdf\">$687,54<\/a>)<br><strong>Total : 57357.13UAH<\/strong><\/p>\n\n\n\n<p>Total des dons : 57357.13UAH<br>Total <a href=\"https:\/\/indigo4ua.com\/wp-content\/uploads\/2026\/02\/20260215-receipt.pdf\">pay\u00e9<\/a> pour l'achat : 51518.40UAH (<a href=\"https:\/\/indigo4ua.com\/wp-content\/uploads\/2026\/02\/20260215-invoice.pdf\">facture<\/a>)<br>Solde\/exc\u00e9dent : <a href=\"https:\/\/indigo4ua.com\/wp-content\/uploads\/2026\/02\/20260215-opname-monobank.pdf\">5838.73UAH<\/a><\/p>\n\n\n\n<p>L'exc\u00e9dent sera transf\u00e9r\u00e9 \u00e0 la collecte suivante.<\/p>\n\n\n\n<h2 class=\"wp-block-heading\">L'\u00e9quipe<\/h2>\n\n\n\n<div class=\"wp-block-columns team-dakota is-layout-flex wp-container-core-columns-is-layout-28f84493 wp-block-columns-is-layout-flex\">\n<div class=\"wp-block-column is-layout-flow wp-block-column-is-layout-flow\">\n<figure class=\"wp-block-image size-full is-style-rounded\"><img alt=\"\" loading=\"lazy\" decoding=\"async\" width=\"400\" height=\"400\" src=\"https:\/\/indigo4ua.com\/wp-content\/uploads\/2025\/04\/Irishka.jpg\" class=\"wp-image-210\" srcset=\"https:\/\/indigo4ua.com\/wp-content\/uploads\/2025\/04\/Irishka.jpg 400w, https:\/\/indigo4ua.com\/wp-content\/uploads\/2025\/04\/Irishka-300x300.jpg 300w, https:\/\/indigo4ua.com\/wp-content\/uploads\/2025\/04\/Irishka-150x150.jpg 150w, https:\/\/indigo4ua.com\/wp-content\/uploads\/2025\/04\/Irishka-12x12.jpg 12w, https:\/\/indigo4ua.com\/wp-content\/uploads\/2025\/04\/Irishka-75x75.jpg 75w\" sizes=\"auto, (max-width: 400px) 100vw, 400px\" \/><\/figure>\n\n\n\n<h4 class=\"wp-block-heading has-text-align-center\">Irishka<\/h4>\n\n\n\n<p class=\"has-text-align-center\">Irishka est le point de contact pour les unit\u00e9s et \u00e9value si une demande peut \u00eatre trait\u00e9e. Elle recherche \u00e9galement de bonnes affaires pour les achats et r\u00e8gle les paiements.<\/p>\n<\/div>\n\n\n\n<div class=\"wp-block-column is-layout-flow wp-block-column-is-layout-flow\">\n<figure class=\"wp-block-image size-full is-style-rounded\"><img loading=\"lazy\" decoding=\"async\" width=\"500\" height=\"500\" src=\"https:\/\/indigo4ua.com\/wp-content\/uploads\/2025\/02\/nafo-fella-indigonl-500px.jpg\" alt=\"OPANO Fella indigonl\" class=\"wp-image-106\" srcset=\"https:\/\/indigo4ua.com\/wp-content\/uploads\/2025\/02\/nafo-fella-indigonl-500px.jpg 500w, https:\/\/indigo4ua.com\/wp-content\/uploads\/2025\/02\/nafo-fella-indigonl-500px-300x300.jpg 300w, https:\/\/indigo4ua.com\/wp-content\/uploads\/2025\/02\/nafo-fella-indigonl-500px-150x150.jpg 150w, https:\/\/indigo4ua.com\/wp-content\/uploads\/2025\/02\/nafo-fella-indigonl-500px-12x12.jpg 12w, https:\/\/indigo4ua.com\/wp-content\/uploads\/2025\/02\/nafo-fella-indigonl-500px-75x75.jpg 75w, https:\/\/indigo4ua.com\/wp-content\/uploads\/2025\/02\/nafo-fella-indigonl-500px-400x400.jpg 400w\" sizes=\"auto, (max-width: 500px) 100vw, 500px\" \/><\/figure>\n\n\n\n<h4 class=\"wp-block-heading has-text-align-center\">Petra<\/h4>\n\n\n\n<p class=\"has-text-align-center\">Petra est associ\u00e9e \u00e0 Irishka. Petra est active sur Twitter, Irishka sur Facebook. Ensemble, nous obtenons un meilleur r\u00e9sultat.<\/p>\n<\/div>\n<\/div>","protected":false},"excerpt":{"rendered":"<p>Inzameling 12 februari 2026 Voor het onderdeel van onbemande luchtvaartsystemen van het gemotoriseerde infanteriebataljon van de 22e brigade hebben we een inzamelingsactie voltooid voor twee generatoren ter waarde van $1,206 (na aftrek van een behoorlijke korting). Aanvraag Inzameling generators De draagbare stroomgenerators worden ingezet aan het front en in veldoperaties waar betrouwbare elektriciteit vaak ontbreekt [&hellip;]<\/p>\n","protected":false},"author":1,"featured_media":0,"parent":129,"menu_order":0,"comment_status":"closed","ping_status":"closed","template":"","meta":{"_seopress_robots_primary_cat":"","_seopress_titles_title":"","_seopress_titles_desc":"","_seopress_robots_index":"","_genesis_hide_title":false,"_genesis_hide_breadcrumbs":false,"_genesis_hide_singular_image":false,"_genesis_hide_footer_widgets":false,"_genesis_custom_body_class":"","_genesis_custom_post_class":"","_genesis_layout":"","footnotes":""},"class_list":{"0":"post-1620","1":"page","2":"type-page","3":"status-publish","5":"entry"},"featured_image_src":null,"featured_image_src_square":null,"_links":{"self":[{"href":"https:\/\/indigo4ua.com\/fr\/wp-json\/wp\/v2\/pages\/1620","targetHints":{"allow":["GET"]}}],"collection":[{"href":"https:\/\/indigo4ua.com\/fr\/wp-json\/wp\/v2\/pages"}],"about":[{"href":"https:\/\/indigo4ua.com\/fr\/wp-json\/wp\/v2\/types\/page"}],"author":[{"embeddable":true,"href":"https:\/\/indigo4ua.com\/fr\/wp-json\/wp\/v2\/users\/1"}],"replies":[{"embeddable":true,"href":"https:\/\/indigo4ua.com\/fr\/wp-json\/wp\/v2\/comments?post=1620"}],"version-history":[{"count":0,"href":"https:\/\/indigo4ua.com\/fr\/wp-json\/wp\/v2\/pages\/1620\/revisions"}],"up":[{"embeddable":true,"href":"https:\/\/indigo4ua.com\/fr\/wp-json\/wp\/v2\/pages\/129"}],"wp:attachment":[{"href":"https:\/\/indigo4ua.com\/fr\/wp-json\/wp\/v2\/media?parent=1620"}],"curies":[{"name":"wp","href":"https:\/\/api.w.org\/{rel}","templated":true}]}}