{"id":1684,"date":"2026-02-22T18:33:04","date_gmt":"2026-02-22T17:33:04","guid":{"rendered":"https:\/\/indigo4ua.com\/?page_id=1684"},"modified":"2026-02-22T18:34:37","modified_gmt":"2026-02-22T17:34:37","slug":"station-de-recharge-de-la-34e-brigade-de-defense-cotiere","status":"publish","type":"page","link":"https:\/\/indigo4ua.com\/fr\/inzamelingsacties\/34e-kustverdedigingsbrigade-laadstation\/","title":{"rendered":"34e brigade de d\u00e9fense c\u00f4ti\u00e8re - station de recharge"},"content":{"rendered":"<div class=\"wp-block-columns alignwide osom-featured-text is-layout-flex wp-container-core-columns-is-layout-28f84493 wp-block-columns-is-layout-flex\">\n<div class=\"wp-block-column has-theme-footer-background-color has-background is-layout-flow wp-block-column-is-layout-flow\" style=\"padding-top:var(--wp--preset--spacing--80);padding-right:var(--wp--preset--spacing--70);padding-bottom:var(--wp--preset--spacing--80);padding-left:var(--wp--preset--spacing--70);flex-basis:60%\">\n<h2 class=\"wp-block-heading\">Collecte Janvier 2026<\/h2>\n\n\n\n<p>Pour la 34e brigade de d\u00e9fense c\u00f4ti\u00e8re de la r\u00e9gion de Cherson, nous avons men\u00e9 \u00e0 bien une campagne de collecte d'une station de recharge Bluetti d'une valeur de 499 euros. L'appareil a \u00e9t\u00e9 achet\u00e9 en Allemagne en raison de son prix avantageux.<\/p>\n\n\n\n<p><\/p>\n\n\n\n<div class=\"wp-block-buttons is-layout-flex wp-block-buttons-is-layout-flex\"><\/div>\n<\/div>\n\n\n\n<div class=\"wp-block-column is-vertically-aligned-center is-layout-flow wp-block-column-is-layout-flow\">\n<figure class=\"wp-block-image size-full size-large\"><img alt=\"\" loading=\"lazy\" decoding=\"async\" width=\"737\" height=\"487\" src=\"https:\/\/indigo4ua.com\/wp-content\/uploads\/2026\/02\/Bluetti.jpg\" class=\"wp-image-1689\" style=\"object-fit:cover\" srcset=\"https:\/\/indigo4ua.com\/wp-content\/uploads\/2026\/02\/Bluetti.jpg 737w, https:\/\/indigo4ua.com\/wp-content\/uploads\/2026\/02\/Bluetti-300x198.jpg 300w, https:\/\/indigo4ua.com\/wp-content\/uploads\/2026\/02\/Bluetti-18x12.jpg 18w\" sizes=\"auto, (max-width: 737px) 100vw, 737px\" \/><\/figure>\n<\/div>\n<\/div>\n\n\n\n<div style=\"height:50px\" aria-hidden=\"true\" class=\"wp-block-spacer\"><\/div>\n\n\n\n<h2 class=\"wp-block-heading\">Station de recharge pour la collecte<\/h2>\n\n\n\n<p>Le Bluetti (station de recharge) est d\u00e9ploy\u00e9 sur la ligne de front et dans le cadre d'op\u00e9rations sur le terrain o\u00f9 il n'y a souvent pas d'\u00e9lectricit\u00e9 fiable en raison de dommages subis par le r\u00e9seau \u00e9lectrique ou de l'\u00e9loignement des positions.<\/p>\n\n\n\n<p>Le Bluetti a \u00e9t\u00e9 command\u00e9 en Allemagne en raison de son prix nettement inf\u00e9rieur.<\/p>\n\n\n\n<p>Collection publi\u00e9e :<br><a href=\"https:\/\/www.facebook.com\/reel\/1051669987150142\" target=\"_blank\" rel=\"noreferrer noopener\">Facebook<\/a><br>Twitter (la collection n'a pas \u00e9t\u00e9 sur Twitter)<\/p>\n\n\n\n<p><strong>Montant cible : \u20ac499 \/ $590 \/ 25000UAH<\/strong><\/p>\n\n\n\n<h2 class=\"wp-block-heading\">Faire un don<\/h2>\n\n\n\n<p>Monobank : <a href=\"https:\/\/send.monobank.ua\/jar\/8hHh6j7bhH\" target=\"_blank\" rel=\"noreferrer noopener\">https:\/\/send.monobank.ua\/jar\/8hHh6j7bhH<\/a><br>Bo\u00eete du donateur : <a href=\"https:\/\/donorbox.org\/help-the-defenders\" target=\"_blank\" rel=\"noreferrer noopener\">https:\/\/donorbox.org\/help-the-defenders<\/a><br>PayPal parhomik.irina1985@gmail.com<\/p>\n\n\n\n<h2 class=\"wp-block-heading\">Livraison<\/h2>\n\n\n\n<div class=\"wp-block-columns is-layout-flex wp-container-core-columns-is-layout-28f84493 wp-block-columns-is-layout-flex\">\n<div class=\"wp-block-column is-layout-flow wp-block-column-is-layout-flow\">\n<figure class=\"wp-block-video\"><video height=\"576\" style=\"aspect-ratio: 1024 \/ 576;\" width=\"1024\" controls poster=\"https:\/\/indigo4ua.com\/wp-content\/uploads\/2026\/02\/delivery-bluetti_thumb1.jpg\" src=\"https:\/\/indigo4ua.com\/wp-content\/uploads\/2026\/02\/delivery-bluetti.mp4\"><\/video><\/figure>\n<\/div>\n\n\n\n<div class=\"wp-block-column is-layout-flow wp-block-column-is-layout-flow\"><\/div>\n<\/div>\n\n\n\n<h2 class=\"wp-block-heading\">Rapport financier<\/h2>\n\n\n\n<p>Monobanque <a href=\"https:\/\/indigo4ua.com\/wp-content\/uploads\/2026\/02\/monobank-inclusief-donorbox.pdf\">21770.84UAH<\/a> (23535,56UAH moins 1764,72UAH)<br>Constitution de Donorbox <a href=\"https:\/\/indigo4ua.com\/wp-content\/uploads\/2026\/02\/20260124-Bluetti-totaaloverzicht.pdf\">1764.72UAH (\u20ac35)<\/a><\/p>\n\n\n\n<p><strong>Total : 23536UAH<\/strong><\/p>\n\n\n\n<p>Pay\u00e9 : <a href=\"https:\/\/indigo4ua.com\/wp-content\/uploads\/2026\/02\/20260126-receipt.pdf\">24000UAH<\/a> (\u20ac499) <br><\/p>\n\n\n\n<h2 class=\"wp-block-heading\">Photos<\/h2>\n\n\n\n<p>Voici quelques photos de la 34e brigade de marine, 30e brigade de d\u00e9fense c\u00f4ti\u00e8re. Ces photos peuvent \u00eatre utilis\u00e9es avec l'autorisation de l'unit\u00e9 de l'arm\u00e9e.<\/p>\n\n\n\n<figure class=\"wp-block-gallery has-nested-images columns-default is-cropped wp-block-gallery-1 is-layout-flex wp-block-gallery-is-layout-flex\">\n<figure class=\"wp-block-image size-large\"><img alt=\"\" loading=\"lazy\" decoding=\"async\" width=\"828\" height=\"459\" data-id=\"795\" src=\"https:\/\/indigo4ua.com\/wp-content\/uploads\/2025\/08\/flag-34th-marine-brigade.jpg\" class=\"wp-image-795\" srcset=\"https:\/\/indigo4ua.com\/wp-content\/uploads\/2025\/08\/flag-34th-marine-brigade.jpg 828w, https:\/\/indigo4ua.com\/wp-content\/uploads\/2025\/08\/flag-34th-marine-brigade-300x166.jpg 300w, https:\/\/indigo4ua.com\/wp-content\/uploads\/2025\/08\/flag-34th-marine-brigade-768x426.jpg 768w, https:\/\/indigo4ua.com\/wp-content\/uploads\/2025\/08\/flag-34th-marine-brigade-18x10.jpg 18w\" sizes=\"auto, (max-width: 828px) 100vw, 828px\" \/><\/figure>\n\n\n\n<figure class=\"wp-block-image size-large\"><img alt=\"\" loading=\"lazy\" decoding=\"async\" width=\"416\" height=\"514\" data-id=\"794\" src=\"https:\/\/indigo4ua.com\/wp-content\/uploads\/2025\/08\/patch-for-raffle.jpg\" class=\"wp-image-794\" srcset=\"https:\/\/indigo4ua.com\/wp-content\/uploads\/2025\/08\/patch-for-raffle.jpg 416w, https:\/\/indigo4ua.com\/wp-content\/uploads\/2025\/08\/patch-for-raffle-243x300.jpg 243w, https:\/\/indigo4ua.com\/wp-content\/uploads\/2025\/08\/patch-for-raffle-10x12.jpg 10w\" sizes=\"auto, (max-width: 416px) 100vw, 416px\" \/><\/figure>\n\n\n\n<figure class=\"wp-block-image size-large\"><img alt=\"\" loading=\"lazy\" decoding=\"async\" width=\"992\" height=\"750\" data-id=\"671\" src=\"https:\/\/indigo4ua.com\/wp-content\/uploads\/2025\/07\/34th-marines.jpg\" class=\"wp-image-671\" srcset=\"https:\/\/indigo4ua.com\/wp-content\/uploads\/2025\/07\/34th-marines.jpg 992w, https:\/\/indigo4ua.com\/wp-content\/uploads\/2025\/07\/34th-marines-300x227.jpg 300w, https:\/\/indigo4ua.com\/wp-content\/uploads\/2025\/07\/34th-marines-768x581.jpg 768w, https:\/\/indigo4ua.com\/wp-content\/uploads\/2025\/07\/34th-marines-16x12.jpg 16w\" sizes=\"auto, (max-width: 992px) 100vw, 992px\" \/><\/figure>\n<\/figure>\n\n\n\n<h2 class=\"wp-block-heading\">L'\u00e9quipe<\/h2>\n\n\n\n<div class=\"wp-block-columns team-dakota is-layout-flex wp-container-core-columns-is-layout-28f84493 wp-block-columns-is-layout-flex\">\n<div class=\"wp-block-column is-layout-flow wp-block-column-is-layout-flow\">\n<figure class=\"wp-block-image size-full is-style-rounded\"><img alt=\"\" loading=\"lazy\" decoding=\"async\" width=\"400\" height=\"400\" src=\"https:\/\/indigo4ua.com\/wp-content\/uploads\/2025\/04\/Irishka.jpg\" class=\"wp-image-210\" srcset=\"https:\/\/indigo4ua.com\/wp-content\/uploads\/2025\/04\/Irishka.jpg 400w, https:\/\/indigo4ua.com\/wp-content\/uploads\/2025\/04\/Irishka-300x300.jpg 300w, https:\/\/indigo4ua.com\/wp-content\/uploads\/2025\/04\/Irishka-150x150.jpg 150w, https:\/\/indigo4ua.com\/wp-content\/uploads\/2025\/04\/Irishka-12x12.jpg 12w, https:\/\/indigo4ua.com\/wp-content\/uploads\/2025\/04\/Irishka-75x75.jpg 75w\" sizes=\"auto, (max-width: 400px) 100vw, 400px\" \/><\/figure>\n\n\n\n<h4 class=\"wp-block-heading has-text-align-center\">Irishka<\/h4>\n\n\n\n<p class=\"has-text-align-center\">Irishka est le point de contact pour les unit\u00e9s et \u00e9value si une demande peut \u00eatre trait\u00e9e. Elle recherche \u00e9galement de bonnes affaires pour les achats et r\u00e8gle les paiements.<\/p>\n<\/div>\n\n\n\n<div class=\"wp-block-column is-layout-flow wp-block-column-is-layout-flow\">\n<figure class=\"wp-block-image size-full is-style-rounded\"><img loading=\"lazy\" decoding=\"async\" width=\"500\" height=\"500\" src=\"https:\/\/indigo4ua.com\/wp-content\/uploads\/2025\/02\/nafo-fella-indigonl-500px.jpg\" alt=\"OPANO Fella indigonl\" class=\"wp-image-106\" srcset=\"https:\/\/indigo4ua.com\/wp-content\/uploads\/2025\/02\/nafo-fella-indigonl-500px.jpg 500w, https:\/\/indigo4ua.com\/wp-content\/uploads\/2025\/02\/nafo-fella-indigonl-500px-300x300.jpg 300w, https:\/\/indigo4ua.com\/wp-content\/uploads\/2025\/02\/nafo-fella-indigonl-500px-150x150.jpg 150w, https:\/\/indigo4ua.com\/wp-content\/uploads\/2025\/02\/nafo-fella-indigonl-500px-12x12.jpg 12w, https:\/\/indigo4ua.com\/wp-content\/uploads\/2025\/02\/nafo-fella-indigonl-500px-75x75.jpg 75w, https:\/\/indigo4ua.com\/wp-content\/uploads\/2025\/02\/nafo-fella-indigonl-500px-400x400.jpg 400w\" sizes=\"auto, (max-width: 500px) 100vw, 500px\" \/><\/figure>\n\n\n\n<h4 class=\"wp-block-heading has-text-align-center\">Petra<\/h4>\n\n\n\n<p class=\"has-text-align-center\">Petra est associ\u00e9e \u00e0 Irishka. Petra est active sur Twitter, Irishka sur Facebook. Ensemble, nous obtenons un meilleur r\u00e9sultat.<\/p>\n<\/div>\n<\/div>","protected":false},"excerpt":{"rendered":"<p>Inzameling januari 2026 Voor de 34e Kustverdedigingsbrigade in de regio Cherson hebben we een inzamelingsactie voltooid voor een Bluetti laadstation ter waarde van \u20ac 499,-.. Het apparaat is aangeschaft in Duitsland vanwege de gunstige prijs. Inzameling laadstation De Bluetti (laadstation) wordt ingezet aan het front en in veldoperaties waar betrouwbare elektriciteit vaak ontbreekt door beschadigingen [&hellip;]<\/p>\n","protected":false},"author":1,"featured_media":0,"parent":129,"menu_order":0,"comment_status":"closed","ping_status":"closed","template":"","meta":{"_seopress_robots_primary_cat":"","_seopress_titles_title":"","_seopress_titles_desc":"","_seopress_robots_index":"","_genesis_hide_title":false,"_genesis_hide_breadcrumbs":false,"_genesis_hide_singular_image":false,"_genesis_hide_footer_widgets":false,"_genesis_custom_body_class":"","_genesis_custom_post_class":"","_genesis_layout":"","footnotes":""},"class_list":{"0":"post-1684","1":"page","2":"type-page","3":"status-publish","5":"entry"},"featured_image_src":null,"featured_image_src_square":null,"_links":{"self":[{"href":"https:\/\/indigo4ua.com\/fr\/wp-json\/wp\/v2\/pages\/1684","targetHints":{"allow":["GET"]}}],"collection":[{"href":"https:\/\/indigo4ua.com\/fr\/wp-json\/wp\/v2\/pages"}],"about":[{"href":"https:\/\/indigo4ua.com\/fr\/wp-json\/wp\/v2\/types\/page"}],"author":[{"embeddable":true,"href":"https:\/\/indigo4ua.com\/fr\/wp-json\/wp\/v2\/users\/1"}],"replies":[{"embeddable":true,"href":"https:\/\/indigo4ua.com\/fr\/wp-json\/wp\/v2\/comments?post=1684"}],"version-history":[{"count":0,"href":"https:\/\/indigo4ua.com\/fr\/wp-json\/wp\/v2\/pages\/1684\/revisions"}],"up":[{"embeddable":true,"href":"https:\/\/indigo4ua.com\/fr\/wp-json\/wp\/v2\/pages\/129"}],"wp:attachment":[{"href":"https:\/\/indigo4ua.com\/fr\/wp-json\/wp\/v2\/media?parent=1684"}],"curies":[{"name":"wp","href":"https:\/\/api.w.org\/{rel}","templated":true}]}}