{"id":1706,"date":"2026-02-22T20:00:31","date_gmt":"2026-02-22T19:00:31","guid":{"rendered":"https:\/\/indigo4ua.com\/?page_id=1706"},"modified":"2026-03-21T16:21:03","modified_gmt":"2026-03-21T15:21:03","slug":"vehicule-de-la-22e-brigade","status":"publish","type":"page","link":"https:\/\/indigo4ua.com\/fr\/inzamelingsacties\/22e-brigade-voertuig\/","title":{"rendered":"22e brigade - v\u00e9hicule"},"content":{"rendered":"<div class=\"wp-block-columns alignwide osom-featured-text is-layout-flex wp-container-core-columns-is-layout-28f84493 wp-block-columns-is-layout-flex\">\n<div class=\"wp-block-column has-theme-footer-background-color has-background is-layout-flow wp-block-column-is-layout-flow\" style=\"padding-top:var(--wp--preset--spacing--80);padding-right:var(--wp--preset--spacing--70);padding-bottom:var(--wp--preset--spacing--80);padding-left:var(--wp--preset--spacing--70);flex-basis:60%\">\n<h2 class=\"wp-block-heading\">Collecte 22 f\u00e9vrier 2026<\/h2>\n\n\n\n<p>Les d\u00e9fenseurs du bataillon d'infanterie motoris\u00e9e 22OMBR avaient d\u00e9sesp\u00e9r\u00e9ment besoin d'un v\u00e9hicule pour les trajets de travail et de combat \u2013 sans cela, les combattants ne peuvent tout simplement pas accomplir certaines t\u00e2ches.<\/p>\n\n\n\n<p>En concertation avec d'autres volontaires familiers avec la s\u00e9lection et l'entretien des v\u00e9hicules militaires, la voiture vis\u00e9e a \u00e9t\u00e9 rapidement trouv\u00e9e, et \u00e0 un tr\u00e8s bon prix.<\/p>\n\n\n\n<p>En raison de l'urgence \u00e9lev\u00e9e, le vendeur a accept\u00e9 de recevoir un acompte de $670 (29000 UAH) et le solde pourrait \u00eatre pay\u00e9 apr\u00e8s la fin de la campagne de collecte de fonds.<\/p>\n\n\n\n<div class=\"wp-block-buttons is-layout-flex wp-block-buttons-is-layout-flex\"><\/div>\n<\/div>\n\n\n\n<div class=\"wp-block-column is-vertically-aligned-center is-layout-flow wp-block-column-is-layout-flow\">\n<figure class=\"wp-block-image size-full\"><img alt=\"\" loading=\"lazy\" decoding=\"async\" width=\"652\" height=\"466\" src=\"https:\/\/indigo4ua.com\/wp-content\/uploads\/2026\/02\/uitgelichte-afbeelding.jpg\" class=\"wp-image-1707\" srcset=\"https:\/\/indigo4ua.com\/wp-content\/uploads\/2026\/02\/uitgelichte-afbeelding.jpg 652w, https:\/\/indigo4ua.com\/wp-content\/uploads\/2026\/02\/uitgelichte-afbeelding-300x214.jpg 300w, https:\/\/indigo4ua.com\/wp-content\/uploads\/2026\/02\/uitgelichte-afbeelding-18x12.jpg 18w\" sizes=\"auto, (max-width: 652px) 100vw, 652px\" \/><\/figure>\n<\/div>\n<\/div>\n\n\n\n<div style=\"height:50px\" aria-hidden=\"true\" class=\"wp-block-spacer\"><\/div>\n\n\n\n<h2 class=\"wp-block-heading\">Demande<\/h2>\n\n\n\n<div class=\"wp-block-columns is-layout-flex wp-container-core-columns-is-layout-28f84493 wp-block-columns-is-layout-flex\">\n<div class=\"wp-block-column is-layout-flow wp-block-column-is-layout-flow\">\n<figure class=\"wp-block-image size-large\"><img alt=\"\" loading=\"lazy\" decoding=\"async\" width=\"1024\" height=\"1024\" src=\"https:\/\/indigo4ua.com\/wp-content\/uploads\/2026\/02\/pictures-car-1024x1024.jpg\" class=\"wp-image-1709\" srcset=\"https:\/\/indigo4ua.com\/wp-content\/uploads\/2026\/02\/pictures-car-1024x1024.jpg 1024w, https:\/\/indigo4ua.com\/wp-content\/uploads\/2026\/02\/pictures-car-300x300.jpg 300w, https:\/\/indigo4ua.com\/wp-content\/uploads\/2026\/02\/pictures-car-150x150.jpg 150w, https:\/\/indigo4ua.com\/wp-content\/uploads\/2026\/02\/pictures-car-768x768.jpg 768w, https:\/\/indigo4ua.com\/wp-content\/uploads\/2026\/02\/pictures-car-12x12.jpg 12w, https:\/\/indigo4ua.com\/wp-content\/uploads\/2026\/02\/pictures-car-75x75.jpg 75w, https:\/\/indigo4ua.com\/wp-content\/uploads\/2026\/02\/pictures-car-600x600.jpg 600w, https:\/\/indigo4ua.com\/wp-content\/uploads\/2026\/02\/pictures-car.jpg 1280w\" sizes=\"auto, (max-width: 1024px) 100vw, 1024px\" \/><\/figure>\n<\/div>\n\n\n\n<div class=\"wp-block-column is-layout-flow wp-block-column-is-layout-flow\"><\/div>\n<\/div>\n\n\n\n<h2 class=\"wp-block-heading\">Voiture de collection<\/h2>\n\n\n\n<p>L'acompte de 29000 UAH a \u00e9t\u00e9 vers\u00e9 le 21 f\u00e9vrier 2026 et le solde restant a \u00e9t\u00e9 r\u00e9gl\u00e9 le 10 mars 2026. Entre-temps, la voiture est utilis\u00e9e. <\/p>\n\n\n\n<p>La collecte de fonds a \u00e9t\u00e9 publi\u00e9e le :<br><a href=\"https:\/\/www.facebook.com\/irishka.parhomik\/posts\/pfbid0jeM8yB9oJUCdSEpJi6yrrhVAqFR8o3BJLHRU8SMFJgXpVzp3yTmAFsrVCZCTVT79l\" target=\"_blank\" rel=\"noreferrer noopener\">Facebook<\/a><br><a href=\"https:\/\/x.com\/indigonl\/status\/2022304063937802714\" target=\"_blank\" rel=\"noreferrer noopener\">Twitter<\/a><\/p>\n\n\n\n<p><strong>Montant cible : $2,990 \/ 129000UAH<\/strong><\/p>\n\n\n\n<h2 class=\"wp-block-heading\">Faire un don<\/h2>\n\n\n\n<p>Monobank : <a href=\"https:\/\/send.monobank.ua\/jar\/8hHh6j7bhH\" target=\"_blank\" rel=\"noreferrer noopener\">https:\/\/send.monobank.ua\/jar\/8hHh6j7bhH<\/a><br>Bo\u00eete du donateur : <a href=\"https:\/\/donorbox.org\/help-the-defenders\" target=\"_blank\" rel=\"noreferrer noopener\">https:\/\/donorbox.org\/help-the-defenders<\/a><br>PayPal parhomik.irina1985@gmail.com<\/p>\n\n\n\n<h2 class=\"wp-block-heading\">Livraison<\/h2>\n\n\n\n<figure class=\"wp-block-video\"><video height=\"720\" style=\"aspect-ratio: 1280 \/ 720;\" width=\"1280\" controls poster=\"https:\/\/indigo4ua.com\/wp-content\/uploads\/2026\/03\/att.2oGmbSEgaX35-ooMLxiNDlDJHcVdpbLLD-TfIXVspG0_thumb1.jpg\" src=\"https:\/\/indigo4ua.com\/wp-content\/uploads\/2026\/03\/att.2oGmbSEgaX35-ooMLxiNDlDJHcVdpbLLD-TfIXVspG0.mp4\"><\/video><\/figure>\n\n\n\n<h2 class=\"wp-block-heading\">Rapport financier<\/h2>\n\n\n\n<p><strong>Dons re\u00e7us<\/strong><br>Monobank : <a href=\"https:\/\/indigo4ua.com\/wp-content\/uploads\/2026\/03\/20260310-monobank-balance.pdf\">53 950,86 UAH<\/a><br>PayPal : <a href=\"https:\/\/indigo4ua.com\/wp-content\/uploads\/2026\/03\/20260310-paypal-in-uah-balance.pdf\">77 482,80 UAH<\/a> <a href=\"https:\/\/indigo4ua.com\/wp-content\/uploads\/2026\/03\/20260310-paypal-balance.pdf\">($1\u00a0777,23\u00a0\u20ac) inclus 670\u00a0\u20ac<\/a> van <a href=\"https:\/\/indigo4ua.com\/wp-content\/uploads\/2026\/03\/20260310-donorbox-balance.pdf\">Bo\u00eete du donateur<\/a><br><strong>Total : <\/strong>131\u00a0433,66\u00a0UAH<br><\/p>\n\n\n\n<p><strong>Paiements<\/strong><br>La voiture, qui co\u00fbtait au total 129000 UAH, a \u00e9t\u00e9 pay\u00e9e en deux versements :<\/p>\n\n\n\n<p>Acompte <a href=\"https:\/\/indigo4ua.com\/wp-content\/uploads\/2026\/03\/20260221-advance-payment.pdf\">29 000 UAH (21 f\u00e9vrier 2026)<\/a><br>Solde restant <a href=\"https:\/\/indigo4ua.com\/wp-content\/uploads\/2026\/03\/20260310-remaining-payment.pdf\">100 000 UAH (10 mars 2026)<\/a><\/p>\n\n\n\n<p><a href=\"https:\/\/indigo4ua.com\/wp-content\/uploads\/2026\/03\/20260310-surplus.pdf\">51.517,20 UAH<\/a> est retir\u00e9 de la banque<\/p>\n\n\n\n<p>(51 517, 20 Monobank + 77 482, 80 PayPal = 129 000 UAH)<\/p>\n\n\n\n<p>Au final, il y a un exc\u00e9dent de <a href=\"https:\/\/indigo4ua.com\/wp-content\/uploads\/2026\/03\/20260310-surplus.pdf\">53 950,86 UAH \u2013 51 517,20 UAH = 2 433,66 UAH<\/a> op Ma banque (+\/- $55)<\/p>\n\n\n\n<p>Ce solde a \u00e9t\u00e9 transf\u00e9r\u00e9 \u00e0 la prochaine collecte.<\/p>\n\n\n\n<h2 class=\"wp-block-heading\">L'\u00e9quipe<\/h2>\n\n\n\n<div class=\"wp-block-columns team-dakota is-layout-flex wp-container-core-columns-is-layout-28f84493 wp-block-columns-is-layout-flex\">\n<div class=\"wp-block-column is-layout-flow wp-block-column-is-layout-flow\">\n<figure class=\"wp-block-image size-full is-style-rounded\"><img alt=\"\" loading=\"lazy\" decoding=\"async\" width=\"400\" height=\"400\" src=\"https:\/\/indigo4ua.com\/wp-content\/uploads\/2025\/04\/Irishka.jpg\" class=\"wp-image-210\" srcset=\"https:\/\/indigo4ua.com\/wp-content\/uploads\/2025\/04\/Irishka.jpg 400w, https:\/\/indigo4ua.com\/wp-content\/uploads\/2025\/04\/Irishka-300x300.jpg 300w, https:\/\/indigo4ua.com\/wp-content\/uploads\/2025\/04\/Irishka-150x150.jpg 150w, https:\/\/indigo4ua.com\/wp-content\/uploads\/2025\/04\/Irishka-12x12.jpg 12w, https:\/\/indigo4ua.com\/wp-content\/uploads\/2025\/04\/Irishka-75x75.jpg 75w\" sizes=\"auto, (max-width: 400px) 100vw, 400px\" \/><\/figure>\n\n\n\n<h4 class=\"wp-block-heading has-text-align-center\">Irishka<\/h4>\n\n\n\n<p class=\"has-text-align-center\">Irishka est le point de contact pour les unit\u00e9s et \u00e9value si une demande peut \u00eatre trait\u00e9e. Elle recherche \u00e9galement la meilleure offre pour les achats et g\u00e8re le paiement.<\/p>\n<\/div>\n\n\n\n<div class=\"wp-block-column is-layout-flow wp-block-column-is-layout-flow\">\n<figure class=\"wp-block-image size-full is-style-rounded\"><img loading=\"lazy\" decoding=\"async\" width=\"500\" height=\"500\" src=\"https:\/\/indigo4ua.com\/wp-content\/uploads\/2025\/02\/nafo-fella-indigonl-500px.jpg\" alt=\"OPANO Fella indigonl\" class=\"wp-image-106\" srcset=\"https:\/\/indigo4ua.com\/wp-content\/uploads\/2025\/02\/nafo-fella-indigonl-500px.jpg 500w, https:\/\/indigo4ua.com\/wp-content\/uploads\/2025\/02\/nafo-fella-indigonl-500px-300x300.jpg 300w, https:\/\/indigo4ua.com\/wp-content\/uploads\/2025\/02\/nafo-fella-indigonl-500px-150x150.jpg 150w, https:\/\/indigo4ua.com\/wp-content\/uploads\/2025\/02\/nafo-fella-indigonl-500px-12x12.jpg 12w, https:\/\/indigo4ua.com\/wp-content\/uploads\/2025\/02\/nafo-fella-indigonl-500px-75x75.jpg 75w, https:\/\/indigo4ua.com\/wp-content\/uploads\/2025\/02\/nafo-fella-indigonl-500px-400x400.jpg 400w\" sizes=\"auto, (max-width: 500px) 100vw, 500px\" \/><\/figure>\n\n\n\n<h4 class=\"wp-block-heading has-text-align-center\">Petra<\/h4>\n\n\n\n<p class=\"has-text-align-center\">Petra travaille en collaboration avec Irishka. Petra est active sur Twitter, Irishka sur Facebook. Ensemble, un meilleur r\u00e9sultat est ainsi obtenu. De plus, des t\u00e2ches suppl\u00e9mentaires telles que, par exemple, les loteries sont r\u00e9parties entre elles.<\/p>\n<\/div>\n<\/div>","protected":false},"excerpt":{"rendered":"<p>Inzameling 22 februari 2026 Verdedigers van het Motorinfanteriebataljon 22OMBR hadden dringend een voertuig nodig voor werk- en gevechtsritten &#8211; zonder dat kunnen de strijders sommige taken simpelweg niet uitvoeren. In overleg met andere vrijwilligers die bekend zijn met de selectie en het onderhoud van militaire voertuigen was de beoogde auto snel gevonden, en tegen een [&hellip;]<\/p>\n","protected":false},"author":1,"featured_media":0,"parent":129,"menu_order":0,"comment_status":"closed","ping_status":"closed","template":"","meta":{"_seopress_robots_primary_cat":"","_seopress_titles_title":"","_seopress_titles_desc":"","_seopress_robots_index":"","_genesis_hide_title":false,"_genesis_hide_breadcrumbs":false,"_genesis_hide_singular_image":false,"_genesis_hide_footer_widgets":false,"_genesis_custom_body_class":"","_genesis_custom_post_class":"","_genesis_layout":"","footnotes":""},"class_list":{"0":"post-1706","1":"page","2":"type-page","3":"status-publish","5":"entry"},"featured_image_src":null,"featured_image_src_square":null,"_links":{"self":[{"href":"https:\/\/indigo4ua.com\/fr\/wp-json\/wp\/v2\/pages\/1706","targetHints":{"allow":["GET"]}}],"collection":[{"href":"https:\/\/indigo4ua.com\/fr\/wp-json\/wp\/v2\/pages"}],"about":[{"href":"https:\/\/indigo4ua.com\/fr\/wp-json\/wp\/v2\/types\/page"}],"author":[{"embeddable":true,"href":"https:\/\/indigo4ua.com\/fr\/wp-json\/wp\/v2\/users\/1"}],"replies":[{"embeddable":true,"href":"https:\/\/indigo4ua.com\/fr\/wp-json\/wp\/v2\/comments?post=1706"}],"version-history":[{"count":0,"href":"https:\/\/indigo4ua.com\/fr\/wp-json\/wp\/v2\/pages\/1706\/revisions"}],"up":[{"embeddable":true,"href":"https:\/\/indigo4ua.com\/fr\/wp-json\/wp\/v2\/pages\/129"}],"wp:attachment":[{"href":"https:\/\/indigo4ua.com\/fr\/wp-json\/wp\/v2\/media?parent=1706"}],"curies":[{"name":"wp","href":"https:\/\/api.w.org\/{rel}","templated":true}]}}