{"id":1795,"date":"2026-04-11T18:05:28","date_gmt":"2026-04-11T16:05:28","guid":{"rendered":"https:\/\/indigo4ua.com\/?page_id=1795"},"modified":"2026-04-11T18:17:33","modified_gmt":"2026-04-11T16:17:33","slug":"vehicule-de-la-34e-brigade-de-defense-cotiere","status":"publish","type":"page","link":"https:\/\/indigo4ua.com\/fr\/inzamelingsacties\/34e-kustverdedigingsbrigade-voertuig\/","title":{"rendered":"34e brigade de d\u00e9fense c\u00f4ti\u00e8re \u2013 v\u00e9hicule"},"content":{"rendered":"<div class=\"wp-block-columns alignwide osom-featured-text is-layout-flex wp-container-core-columns-is-layout-28f84493 wp-block-columns-is-layout-flex\">\n<div class=\"wp-block-column has-theme-footer-background-color has-background is-layout-flow wp-block-column-is-layout-flow\" style=\"padding-top:var(--wp--preset--spacing--80);padding-right:var(--wp--preset--spacing--70);padding-bottom:var(--wp--preset--spacing--80);padding-left:var(--wp--preset--spacing--70);flex-basis:60%\">\n<h2 class=\"wp-block-heading\">Collecte 18 mars 2026<\/h2>\n\n\n\n<p>Les marins de la 34e brigade de d\u00e9fense c\u00f4ti\u00e8re avaient un besoin urgent d'un v\u00e9hicule. Dans la r\u00e9gion de Kherson, les missions de combat sont impossibles sans v\u00e9hicule en raison du danger des drones FPV russes.<\/p>\n\n\n\n<p>Irishka a contact\u00e9 le concessionnaire automobile avec lequel des transactions r\u00e9ussies avaient d\u00e9j\u00e0 \u00e9t\u00e9 effectu\u00e9es. En concertation avec le service ayant besoin du v\u00e9hicule, une voiture a \u00e9t\u00e9 choisie pour correspondre aux t\u00e2ches qu'ils doivent accomplir.<\/p>\n\n\n\n<p>Le vendeur a accept\u00e9 de r\u00e9server le v\u00e9hicule. Entre-temps, la collecte a \u00e9t\u00e9 termin\u00e9e et le v\u00e9hicule a \u00e9t\u00e9 enti\u00e8rement pay\u00e9.<\/p>\n\n\n\n<p>Le v\u00e9hicule est maintenant en possession de l'unit\u00e9 et nous attendons un rapport de livraison.<\/p>\n\n\n\n<div class=\"wp-block-buttons is-layout-flex wp-block-buttons-is-layout-flex\"><\/div>\n<\/div>\n\n\n\n<div class=\"wp-block-column is-vertically-aligned-center is-layout-flow wp-block-column-is-layout-flow\">\n<figure class=\"wp-block-image size-full\"><img alt=\"\" loading=\"lazy\" decoding=\"async\" width=\"1280\" height=\"960\" src=\"https:\/\/indigo4ua.com\/wp-content\/uploads\/2026\/04\/20260318-kherson-laro-7.jpg\" class=\"wp-image-1800\" srcset=\"https:\/\/indigo4ua.com\/wp-content\/uploads\/2026\/04\/20260318-kherson-laro-7.jpg 1280w, https:\/\/indigo4ua.com\/wp-content\/uploads\/2026\/04\/20260318-kherson-laro-7-300x225.jpg 300w, https:\/\/indigo4ua.com\/wp-content\/uploads\/2026\/04\/20260318-kherson-laro-7-1024x768.jpg 1024w, https:\/\/indigo4ua.com\/wp-content\/uploads\/2026\/04\/20260318-kherson-laro-7-768x576.jpg 768w, https:\/\/indigo4ua.com\/wp-content\/uploads\/2026\/04\/20260318-kherson-laro-7-16x12.jpg 16w, https:\/\/indigo4ua.com\/wp-content\/uploads\/2026\/04\/20260318-kherson-laro-7-702x526.jpg 702w\" sizes=\"auto, (max-width: 1280px) 100vw, 1280px\" \/><\/figure>\n<\/div>\n<\/div>\n\n\n\n<div style=\"height:50px\" aria-hidden=\"true\" class=\"wp-block-spacer\"><\/div>\n\n\n\n<h2 class=\"wp-block-heading\">V\u00e9hicule<\/h2>\n\n\n\n<div class=\"wp-block-columns is-layout-flex wp-container-core-columns-is-layout-28f84493 wp-block-columns-is-layout-flex\">\n<div class=\"wp-block-column is-layout-flow wp-block-column-is-layout-flow\">\n<figure class=\"wp-block-video\"><video height=\"640\" style=\"aspect-ratio: 368 \/ 640;\" width=\"368\" controls poster=\"https:\/\/indigo4ua.com\/wp-content\/uploads\/2026\/04\/20260318-kherson-laro-4_thumb1.jpg\" src=\"https:\/\/indigo4ua.com\/wp-content\/uploads\/2026\/04\/20260318-kherson-laro-4.mp4\"><\/video><\/figure>\n<\/div>\n\n\n\n<div class=\"wp-block-column is-layout-flow wp-block-column-is-layout-flow\">\n<figure class=\"wp-block-image size-large\"><img alt=\"\" loading=\"lazy\" decoding=\"async\" width=\"1024\" height=\"768\" src=\"https:\/\/indigo4ua.com\/wp-content\/uploads\/2026\/04\/20260318-kherson-laro-1-1024x768.jpg\" class=\"wp-image-1798\" srcset=\"https:\/\/indigo4ua.com\/wp-content\/uploads\/2026\/04\/20260318-kherson-laro-1-1024x768.jpg 1024w, https:\/\/indigo4ua.com\/wp-content\/uploads\/2026\/04\/20260318-kherson-laro-1-300x225.jpg 300w, https:\/\/indigo4ua.com\/wp-content\/uploads\/2026\/04\/20260318-kherson-laro-1-768x576.jpg 768w, https:\/\/indigo4ua.com\/wp-content\/uploads\/2026\/04\/20260318-kherson-laro-1-16x12.jpg 16w, https:\/\/indigo4ua.com\/wp-content\/uploads\/2026\/04\/20260318-kherson-laro-1-702x526.jpg 702w, https:\/\/indigo4ua.com\/wp-content\/uploads\/2026\/04\/20260318-kherson-laro-1.jpg 1280w\" sizes=\"auto, (max-width: 1024px) 100vw, 1024px\" \/><\/figure>\n\n\n\n<figure class=\"wp-block-image size-large\"><img alt=\"\" loading=\"lazy\" decoding=\"async\" width=\"1024\" height=\"768\" src=\"https:\/\/indigo4ua.com\/wp-content\/uploads\/2026\/04\/20260318-kherson-laro-2-1024x768.jpg\" class=\"wp-image-1799\" srcset=\"https:\/\/indigo4ua.com\/wp-content\/uploads\/2026\/04\/20260318-kherson-laro-2-1024x768.jpg 1024w, https:\/\/indigo4ua.com\/wp-content\/uploads\/2026\/04\/20260318-kherson-laro-2-300x225.jpg 300w, https:\/\/indigo4ua.com\/wp-content\/uploads\/2026\/04\/20260318-kherson-laro-2-768x576.jpg 768w, https:\/\/indigo4ua.com\/wp-content\/uploads\/2026\/04\/20260318-kherson-laro-2-16x12.jpg 16w, https:\/\/indigo4ua.com\/wp-content\/uploads\/2026\/04\/20260318-kherson-laro-2-702x526.jpg 702w, https:\/\/indigo4ua.com\/wp-content\/uploads\/2026\/04\/20260318-kherson-laro-2.jpg 1280w\" sizes=\"auto, (max-width: 1024px) 100vw, 1024px\" \/><\/figure>\n\n\n\n<figure class=\"wp-block-image size-large\"><img alt=\"\" loading=\"lazy\" decoding=\"async\" width=\"1024\" height=\"768\" src=\"https:\/\/indigo4ua.com\/wp-content\/uploads\/2026\/04\/20260318-kherson-laro-8-1024x768.jpg\" class=\"wp-image-1801\" srcset=\"https:\/\/indigo4ua.com\/wp-content\/uploads\/2026\/04\/20260318-kherson-laro-8-1024x768.jpg 1024w, https:\/\/indigo4ua.com\/wp-content\/uploads\/2026\/04\/20260318-kherson-laro-8-300x225.jpg 300w, https:\/\/indigo4ua.com\/wp-content\/uploads\/2026\/04\/20260318-kherson-laro-8-768x576.jpg 768w, https:\/\/indigo4ua.com\/wp-content\/uploads\/2026\/04\/20260318-kherson-laro-8-16x12.jpg 16w, https:\/\/indigo4ua.com\/wp-content\/uploads\/2026\/04\/20260318-kherson-laro-8-702x526.jpg 702w, https:\/\/indigo4ua.com\/wp-content\/uploads\/2026\/04\/20260318-kherson-laro-8.jpg 1280w\" sizes=\"auto, (max-width: 1024px) 100vw, 1024px\" \/><\/figure>\n<\/div>\n<\/div>\n\n\n\n<div class=\"wp-block-columns is-layout-flex wp-container-core-columns-is-layout-28f84493 wp-block-columns-is-layout-flex\">\n<div class=\"wp-block-column is-layout-flow wp-block-column-is-layout-flow\"><\/div>\n<\/div>\n\n\n\n<h2 class=\"wp-block-heading\">Voiture de collection<\/h2>\n\n\n\n<p>La collecte de fonds a \u00e9t\u00e9 publi\u00e9e le :<br><a href=\"https:\/\/www.facebook.com\/irishka.parhomik\/posts\/pfbid02oSsMnxMx9417dGEC7PGJMLkZMddPMRHEPdke3QjwTBPEDAY3LtvC8LPEUvFRWp3jl\" target=\"_blank\" rel=\"noreferrer noopener\">Facebook<\/a><br><a href=\"https:\/\/x.com\/indigonl\/status\/2034383773132071252\" target=\"_blank\" rel=\"noreferrer noopener\">Twitter<\/a><\/p>\n\n\n\n<p><strong>Objectif de collecte : $5 404 \/ 238 000 UAH<\/strong><\/p>\n\n\n\n<h2 class=\"wp-block-heading\">Faire un don<\/h2>\n\n\n\n<p>Monobank : <a href=\"https:\/\/send.monobank.ua\/jar\/32y7wivgYs\">https:\/\/send.monobank.ua\/jar\/8hHh6j7bhH<\/a><br>Bo\u00eete du donateur : <a href=\"https:\/\/donorbox.org\/help-the-defenders\" target=\"_blank\" rel=\"noreferrer noopener\">https:\/\/donorbox.org\/help-the-defenders<\/a><br>PayPal parhomik.irina1985@gmail.com<\/p>\n\n\n\n<h2 class=\"wp-block-heading\">Livraison<\/h2>\n\n\n\n<p>Rapport de livraison suit<\/p>\n\n\n\n<h2 class=\"wp-block-heading\">Rapport financier<\/h2>\n\n\n\n<figure class=\"wp-block-table\"><table><tbody><tr><td>Dons PayPal du 18 mars au 1er avril 2026<a href=\"https:\/\/indigo4ua.com\/wp-content\/uploads\/2026\/04\/202600401-pp-balance-dollars.jpg.pdf\">$2,007.31<\/a>)<\/td><td class=\"has-text-align-right\" data-align=\"right\"><a href=\"https:\/\/indigo4ua.com\/wp-content\/uploads\/2026\/04\/20260401-pp-balance-uah.jpg.pdf\">87 709,43 UAH<\/a><\/td><\/tr><tr><td>Dons PayPal 1er avril au 6 avril 2026 (<a href=\"https:\/\/indigo4ua.com\/wp-content\/uploads\/2026\/04\/20260406-paypal-balance.jpg.pdf\">$1,995.36<\/a>)<\/td><td class=\"has-text-align-right\" data-align=\"right\"><a href=\"https:\/\/indigo4ua.com\/wp-content\/uploads\/2026\/04\/20260406-pp-transfer-1.pdf\">86 696,42 UAH<\/a><\/td><\/tr><tr><td>Monobank de 18 mars au 1er avril 2026<\/td><td class=\"has-text-align-right\" data-align=\"right\"><a href=\"https:\/\/indigo4ua.com\/wp-content\/uploads\/2026\/04\/20260401-mb-withdraw.jpg.pdf\">38 290,57 UAH<\/a><\/td><\/tr><tr><td>Monobank donne du 1er avril au 6 avril 2026<\/td><td class=\"has-text-align-right\" data-align=\"right\"><a href=\"https:\/\/indigo4ua.com\/wp-content\/uploads\/2026\/04\/20260406-monobank-balance-1.pdf\">26 035,39 UAH<\/a><\/td><\/tr><tr><td><a href=\"https:\/\/donorbox.org\/help-the-defenders\" target=\"_blank\" rel=\"noreferrer noopener\">Bo\u00eete du donateur<\/a> dons <a href=\"https:\/\/indigo4ua.com\/wp-content\/uploads\/2026\/04\/20260404-donorbox-balance.pdf\">\u20ac 437<\/a> (<a href=\"https:\/\/indigo4ua.com\/wp-content\/uploads\/2026\/04\/20260405-donorbox-transfer.pdf\">inclus dans le solde PayPal<\/a>)<\/td><td class=\"has-text-align-right\" data-align=\"right\"><\/td><\/tr><tr><td>Total des dons re\u00e7us<\/td><td class=\"has-text-align-right\" data-align=\"right\">238\u00a0731,81 UAH<\/td><\/tr><tr><td>Acompte voiture 20 mars 2026<\/td><td class=\"has-text-align-right\" data-align=\"right\"><a href=\"https:\/\/indigo4ua.com\/wp-content\/uploads\/2026\/04\/20260320-advance-payment.pdf\">-10 000 UAH<\/a><\/td><\/tr><tr><td>Paiement \u00e9chelonn\u00e9 voiture 1er avril 2026<\/td><td class=\"has-text-align-right\" data-align=\"right\"><a href=\"https:\/\/indigo4ua.com\/wp-content\/uploads\/2026\/04\/20260401-partial-payment.jpg.pdf\">-126 000 UAH<\/a><\/td><\/tr><tr><td>Paiement par acomptes voiture 6 avril 2026<\/td><td class=\"has-text-align-right\" data-align=\"right\"><a href=\"https:\/\/indigo4ua.com\/wp-content\/uploads\/2026\/04\/20260406-final-payment.JPG.pdf\">\u2212102 000 UAH<\/a><\/td><\/tr><tr><td>Solde de la collecte (transf\u00e9r\u00e9 \u00e0 la prochaine collecte)<\/td><td class=\"has-text-align-right\" data-align=\"right\"><a href=\"https:\/\/indigo4ua.com\/wp-content\/uploads\/2026\/04\/20260406-surplus.pdf\">731,81 UAH<\/a><\/td><\/tr><\/tbody><\/table><\/figure>\n\n\n\n<p><br><\/p>\n\n\n\n<h2 class=\"wp-block-heading\">L'\u00e9quipe<\/h2>\n\n\n\n<div class=\"wp-block-columns team-dakota is-layout-flex wp-container-core-columns-is-layout-28f84493 wp-block-columns-is-layout-flex\">\n<div class=\"wp-block-column is-layout-flow wp-block-column-is-layout-flow\">\n<figure class=\"wp-block-image size-full is-style-rounded\"><img alt=\"\" loading=\"lazy\" decoding=\"async\" width=\"400\" height=\"400\" src=\"https:\/\/indigo4ua.com\/wp-content\/uploads\/2025\/04\/Irishka.jpg\" class=\"wp-image-210\" srcset=\"https:\/\/indigo4ua.com\/wp-content\/uploads\/2025\/04\/Irishka.jpg 400w, https:\/\/indigo4ua.com\/wp-content\/uploads\/2025\/04\/Irishka-300x300.jpg 300w, https:\/\/indigo4ua.com\/wp-content\/uploads\/2025\/04\/Irishka-150x150.jpg 150w, https:\/\/indigo4ua.com\/wp-content\/uploads\/2025\/04\/Irishka-12x12.jpg 12w, https:\/\/indigo4ua.com\/wp-content\/uploads\/2025\/04\/Irishka-75x75.jpg 75w\" sizes=\"auto, (max-width: 400px) 100vw, 400px\" \/><\/figure>\n\n\n\n<h4 class=\"wp-block-heading has-text-align-center\">Irishka<\/h4>\n\n\n\n<p class=\"has-text-align-center\">Irishka est le point de contact pour les unit\u00e9s et \u00e9value si une demande peut \u00eatre trait\u00e9e. Elle recherche \u00e9galement la meilleure offre pour les achats et g\u00e8re le paiement.<\/p>\n<\/div>\n\n\n\n<div class=\"wp-block-column is-layout-flow wp-block-column-is-layout-flow\">\n<figure class=\"wp-block-image size-full is-style-rounded\"><img loading=\"lazy\" decoding=\"async\" width=\"500\" height=\"500\" src=\"https:\/\/indigo4ua.com\/wp-content\/uploads\/2025\/02\/nafo-fella-indigonl-500px.jpg\" alt=\"OPANO Fella indigonl\" class=\"wp-image-106\" srcset=\"https:\/\/indigo4ua.com\/wp-content\/uploads\/2025\/02\/nafo-fella-indigonl-500px.jpg 500w, https:\/\/indigo4ua.com\/wp-content\/uploads\/2025\/02\/nafo-fella-indigonl-500px-300x300.jpg 300w, https:\/\/indigo4ua.com\/wp-content\/uploads\/2025\/02\/nafo-fella-indigonl-500px-150x150.jpg 150w, https:\/\/indigo4ua.com\/wp-content\/uploads\/2025\/02\/nafo-fella-indigonl-500px-12x12.jpg 12w, https:\/\/indigo4ua.com\/wp-content\/uploads\/2025\/02\/nafo-fella-indigonl-500px-75x75.jpg 75w, https:\/\/indigo4ua.com\/wp-content\/uploads\/2025\/02\/nafo-fella-indigonl-500px-400x400.jpg 400w\" sizes=\"auto, (max-width: 500px) 100vw, 500px\" \/><\/figure>\n\n\n\n<h4 class=\"wp-block-heading has-text-align-center\">Petra<\/h4>\n\n\n\n<p class=\"has-text-align-center\">Petra travaille en collaboration avec Irishka. Petra est active sur Twitter, Irishka sur Facebook. Ensemble, un meilleur r\u00e9sultat est ainsi obtenu. De plus, des t\u00e2ches suppl\u00e9mentaires telles que, par exemple, les loteries sont r\u00e9parties entre elles.<\/p>\n<\/div>\n<\/div>","protected":false},"excerpt":{"rendered":"<p>Inzameling 18 maart 2026 De mariniers van de 34e Kustverdedigingsbrigade hadden dringend een voertuig nodig. In de regio Kherson zijn combat missies zonder voertuig onmogelijk vanwege het gevaar van Russische FPV drones. Er is door Irishka contact opgenomen met de autohandelaar waarmee al eerder succesvol zaken is gedaan. In samenspraak met de unit die het [&hellip;]<\/p>\n","protected":false},"author":1,"featured_media":0,"parent":129,"menu_order":0,"comment_status":"closed","ping_status":"closed","template":"","meta":{"_seopress_robots_primary_cat":"","_seopress_titles_title":"","_seopress_titles_desc":"","_seopress_robots_index":"","_genesis_hide_title":false,"_genesis_hide_breadcrumbs":false,"_genesis_hide_singular_image":false,"_genesis_hide_footer_widgets":false,"_genesis_custom_body_class":"","_genesis_custom_post_class":"","_genesis_layout":"","footnotes":""},"class_list":{"0":"post-1795","1":"page","2":"type-page","3":"status-publish","5":"entry"},"featured_image_src":null,"featured_image_src_square":null,"_links":{"self":[{"href":"https:\/\/indigo4ua.com\/fr\/wp-json\/wp\/v2\/pages\/1795","targetHints":{"allow":["GET"]}}],"collection":[{"href":"https:\/\/indigo4ua.com\/fr\/wp-json\/wp\/v2\/pages"}],"about":[{"href":"https:\/\/indigo4ua.com\/fr\/wp-json\/wp\/v2\/types\/page"}],"author":[{"embeddable":true,"href":"https:\/\/indigo4ua.com\/fr\/wp-json\/wp\/v2\/users\/1"}],"replies":[{"embeddable":true,"href":"https:\/\/indigo4ua.com\/fr\/wp-json\/wp\/v2\/comments?post=1795"}],"version-history":[{"count":4,"href":"https:\/\/indigo4ua.com\/fr\/wp-json\/wp\/v2\/pages\/1795\/revisions"}],"predecessor-version":[{"id":1822,"href":"https:\/\/indigo4ua.com\/fr\/wp-json\/wp\/v2\/pages\/1795\/revisions\/1822"}],"up":[{"embeddable":true,"href":"https:\/\/indigo4ua.com\/fr\/wp-json\/wp\/v2\/pages\/129"}],"wp:attachment":[{"href":"https:\/\/indigo4ua.com\/fr\/wp-json\/wp\/v2\/media?parent=1795"}],"curies":[{"name":"wp","href":"https:\/\/api.w.org\/{rel}","templated":true}]}}