{"id":275,"date":"2025-04-27T17:28:10","date_gmt":"2025-04-27T15:28:10","guid":{"rendered":"https:\/\/indigo4ua.com\/?page_id=275"},"modified":"2025-05-15T16:47:57","modified_gmt":"2025-05-15T14:47:57","slug":"chauffages-chimiques","status":"publish","type":"page","link":"https:\/\/indigo4ua.com\/fr\/inzamelingsacties\/chemische-verwarmers\/","title":{"rendered":"Chauffages chimiques"},"content":{"rendered":"<p><\/p>\n\n\n\n<div class=\"wp-block-columns alignwide osom-featured-text is-layout-flex wp-container-core-columns-is-layout-28f84493 wp-block-columns-is-layout-flex\">\n<div class=\"wp-block-column has-theme-footer-background-color has-background is-layout-flow wp-block-column-is-layout-flow\" style=\"padding-top:var(--wp--preset--spacing--80);padding-right:var(--wp--preset--spacing--70);padding-bottom:var(--wp--preset--spacing--80);padding-left:var(--wp--preset--spacing--70);flex-basis:60%\">\n<h2 class=\"wp-block-heading\">Coussins chauffants<\/h2>\n\n\n\n<p>Les hivers en Ukraine sont froids, en particulier pour les soldats qui sont assis dans les tranch\u00e9es et qui restent \u00e0 l'ext\u00e9rieur dans les positions. De nombreuses unit\u00e9s ont achet\u00e9 des coussins chauffants en petites quantit\u00e9s et il est beaucoup plus \u00e9conomique d'acheter un lot plus important, de le stocker et de le livrer par \u00e9tapes.<\/p>\n\n\n\n<p>Pour cette campagne, nous avons achet\u00e9 4 500 coussins chauffants en une seule fois : 1 500 chauffe-pieds, 1 500 chauffe-mains et 1 500 chauffe-corps, pour un prix total de 2 900 euros. Cela repr\u00e9sente 0,65 \u20ac par coussin chauffant, une v\u00e9ritable aubaine.<\/p>\n\n\n\n<div class=\"wp-block-buttons is-layout-flex wp-block-buttons-is-layout-flex\">\n<div class=\"wp-block-button is-style-outline is-style-outline--1\"><a class=\"wp-block-button__link wp-element-button\" href=\"https:\/\/donorbox.org\/chemical-warmers-for-ukraine\" target=\"_blank\" rel=\"noreferrer noopener\">PAGE DE LA BO\u00ceTE DES DONATEURS<\/a><\/div>\n<\/div>\n<\/div>\n\n\n\n<div class=\"wp-block-column is-vertically-aligned-center is-layout-flow wp-block-column-is-layout-flow\">\n<figure class=\"wp-block-image size-full size-large\"><img alt=\"\" loading=\"lazy\" decoding=\"async\" width=\"1200\" height=\"1200\" src=\"https:\/\/indigo4ua.com\/wp-content\/uploads\/2025\/04\/voetwarmer.webp\" class=\"wp-image-278\" srcset=\"https:\/\/indigo4ua.com\/wp-content\/uploads\/2025\/04\/voetwarmer.webp 1200w, https:\/\/indigo4ua.com\/wp-content\/uploads\/2025\/04\/voetwarmer-300x300.webp 300w, https:\/\/indigo4ua.com\/wp-content\/uploads\/2025\/04\/voetwarmer-1024x1024.webp 1024w, https:\/\/indigo4ua.com\/wp-content\/uploads\/2025\/04\/voetwarmer-150x150.webp 150w, https:\/\/indigo4ua.com\/wp-content\/uploads\/2025\/04\/voetwarmer-768x768.webp 768w, https:\/\/indigo4ua.com\/wp-content\/uploads\/2025\/04\/voetwarmer-12x12.webp 12w, https:\/\/indigo4ua.com\/wp-content\/uploads\/2025\/04\/voetwarmer-75x75.webp 75w, https:\/\/indigo4ua.com\/wp-content\/uploads\/2025\/04\/voetwarmer-600x600.webp 600w\" sizes=\"auto, (max-width: 1200px) 100vw, 1200px\" \/><\/figure>\n<\/div>\n<\/div>\n\n\n\n<div style=\"height:50px\" aria-hidden=\"true\" class=\"wp-block-spacer\"><\/div>\n\n\n\n<h2 class=\"wp-block-heading\">March\u00e9s publics<\/h2>\n\n\n\n<p>Les coussins chauffants ont \u00e9t\u00e9 achet\u00e9s aupr\u00e8s de <a href=\"https:\/\/takehot.com.ua\/\" target=\"_blank\" rel=\"noreferrer noopener\">TakeHot<\/a> en Ukraine.<br><a href=\"https:\/\/indigo4ua.com\/wp-content\/uploads\/2025\/05\/paypal-betaling.jpg\">Pay\u00e9<\/a>: \u20ac 2.818<br>D\u00e9ficit <a href=\"https:\/\/indigo4ua.com\/fr\/activites-de-collecte-de-fonds\/sacs-de-couchage\/\">collection de sacs de couchage<\/a>: \u20ac 82<br>Montant cible de la page Donorbox : \u20ac 2,900<\/p>\n\n\n\n<h2 class=\"wp-block-heading\">Logistique<\/h2>\n\n\n\n<p>Les coussins thermiques ont \u00e9t\u00e9 livr\u00e9s dans la r\u00e9gion d'Odessa et stock\u00e9s. Les coussins thermiques disponibles ont \u00e9t\u00e9 livr\u00e9s \u00e0 de nombreuses unit\u00e9s diff\u00e9rentes. <\/p>\n\n\n\n<h2 class=\"wp-block-heading\">Financement<\/h2>\n\n\n\n<p>Le budget requis de 2 900 euros a \u00e9t\u00e9 financ\u00e9 par des donateurs, par l'interm\u00e9diaire de l'Agence europ\u00e9enne pour la reconstruction. <a href=\"https:\/\/donorbox.org\/chemical-warmers-for-ukraine\" target=\"_blank\" rel=\"noreferrer noopener\">Page de la bo\u00eete du donateur<\/a>.<\/p>\n\n\n\n<h2 class=\"wp-block-heading\">L'\u00e9quipe<\/h2>\n\n\n\n<div class=\"wp-block-columns team-dakota is-layout-flex wp-container-core-columns-is-layout-28f84493 wp-block-columns-is-layout-flex\">\n<div class=\"wp-block-column is-layout-flow wp-block-column-is-layout-flow\">\n<figure class=\"wp-block-image size-full is-style-rounded\"><img alt=\"\" loading=\"lazy\" decoding=\"async\" width=\"500\" height=\"500\" src=\"https:\/\/indigo4ua.com\/wp-content\/uploads\/2025\/02\/alex-bond-nafo-fella.jpg\" class=\"wp-image-107\" srcset=\"https:\/\/indigo4ua.com\/wp-content\/uploads\/2025\/02\/alex-bond-nafo-fella.jpg 500w, https:\/\/indigo4ua.com\/wp-content\/uploads\/2025\/02\/alex-bond-nafo-fella-300x300.jpg 300w, https:\/\/indigo4ua.com\/wp-content\/uploads\/2025\/02\/alex-bond-nafo-fella-150x150.jpg 150w, https:\/\/indigo4ua.com\/wp-content\/uploads\/2025\/02\/alex-bond-nafo-fella-12x12.jpg 12w, https:\/\/indigo4ua.com\/wp-content\/uploads\/2025\/02\/alex-bond-nafo-fella-75x75.jpg 75w, https:\/\/indigo4ua.com\/wp-content\/uploads\/2025\/02\/alex-bond-nafo-fella-400x400.jpg 400w\" sizes=\"auto, (max-width: 500px) 100vw, 500px\" \/><\/figure>\n\n\n\n<h4 class=\"wp-block-heading has-text-align-center\">Alex Bond<\/h4>\n\n\n\n<p class=\"has-text-align-center\">Alex Bond, volontaire en Ukraine, a pris contact avec TakeHot et, avec son \u00e9quipe WarMonitor, a veill\u00e9 \u00e0 ce que tous les coussins chauffants parviennent aux brigades de l'arm\u00e9e.<\/p>\n<\/div>\n\n\n\n<div class=\"wp-block-column is-layout-flow wp-block-column-is-layout-flow\">\n<figure class=\"wp-block-image size-full is-style-rounded\"><img alt=\"OPANO Fella indigonl\" loading=\"lazy\" decoding=\"async\" width=\"500\" height=\"500\" src=\"https:\/\/indigo4ua.com\/wp-content\/uploads\/2025\/02\/nafo-fella-indigonl-500px.jpg\" class=\"wp-image-106\" srcset=\"https:\/\/indigo4ua.com\/wp-content\/uploads\/2025\/02\/nafo-fella-indigonl-500px.jpg 500w, https:\/\/indigo4ua.com\/wp-content\/uploads\/2025\/02\/nafo-fella-indigonl-500px-300x300.jpg 300w, https:\/\/indigo4ua.com\/wp-content\/uploads\/2025\/02\/nafo-fella-indigonl-500px-150x150.jpg 150w, https:\/\/indigo4ua.com\/wp-content\/uploads\/2025\/02\/nafo-fella-indigonl-500px-12x12.jpg 12w, https:\/\/indigo4ua.com\/wp-content\/uploads\/2025\/02\/nafo-fella-indigonl-500px-75x75.jpg 75w, https:\/\/indigo4ua.com\/wp-content\/uploads\/2025\/02\/nafo-fella-indigonl-500px-400x400.jpg 400w\" sizes=\"auto, (max-width: 500px) 100vw, 500px\" \/><\/figure>\n\n\n\n<h4 class=\"wp-block-heading has-text-align-center\">Petra Blankwaard<\/h4>\n\n\n\n<p class=\"has-text-align-center\">J'ai sollicit\u00e9 l'aide de mon r\u00e9seau aux Pays-Bas pour la logistique et j'ai organis\u00e9 le transport des sacs de couchage par ce biais. En outre, je me suis occup\u00e9 de la campagne de collecte de fonds pour le financement.<\/p>\n<\/div>\n\n\n\n<div class=\"wp-block-column is-layout-flow wp-block-column-is-layout-flow\"><\/div>\n<\/div>\n\n\n\n<h2 class=\"wp-block-heading\">Photos<\/h2>\n\n\n\n<div class=\"wp-block-columns is-layout-flex wp-container-core-columns-is-layout-28f84493 wp-block-columns-is-layout-flex\">\n<div class=\"wp-block-column is-layout-flow wp-block-column-is-layout-flow\">\n<figure class=\"wp-block-embed is-type-rich is-provider-twitter wp-block-embed-twitter\"><div class=\"wp-block-embed__wrapper\">\n<blockquote class=\"twitter-tweet\" data-width=\"500\" data-dnt=\"true\"><p lang=\"en\" dir=\"ltr\">Les amis ! J'aimerais partager avec vous ce joyeux message de volontaires de la r\u00e9gion de Kherson. Ils soutiennent plusieurs unit\u00e9s dans les r\u00e9gions de Kherson, Kharkiv et Donetsk. <br><br>Ils ont re\u00e7u des r\u00e9chauffeurs chimiques de <a href=\"https:\/\/twitter.com\/AlexBondODUA?ref_src=twsrc%5Etfw\">@AlexBondODUA<\/a> <br>Gr\u00e2ce aux personnes qui nous soutiennent, nous sommes en mesure d'apporter de la chaleur \u00e0 de nombreux... <a href=\"https:\/\/t.co\/YeNK5lhJLk\">https:\/\/t.co\/YeNK5lhJLk<\/a> <a href=\"https:\/\/t.co\/yLK5zgJswK\">pic.twitter.com\/yLK5zgJswK<\/a><\/p>- Petra Blankwaard (@indigonl) <a href=\"https:\/\/twitter.com\/indigonl\/status\/1887604594424828208?ref_src=twsrc%5Etfw\">6 f\u00e9vrier 2025<\/a><\/blockquote><script async src=\"https:\/\/platform.twitter.com\/widgets.js\" charset=\"utf-8\"><\/script>\n<\/div><\/figure>\n\n\n\n<figure class=\"wp-block-embed is-type-rich is-provider-twitter wp-block-embed-twitter\"><div class=\"wp-block-embed__wrapper\">\n<blockquote class=\"twitter-tweet\" data-width=\"500\" data-dnt=\"true\"><p lang=\"en\" dir=\"ltr\">Nous avons d\u00e9j\u00e0 commenc\u00e9 \u00e0 distribuer les chaufferettes dans les unit\u00e9s ! <br><br>L'un des colis a \u00e9t\u00e9 envoy\u00e9 \u00e0 un brave soldat <a href=\"https:\/\/twitter.com\/MecArea8176?ref_src=twsrc%5Etfw\">@MecArea8176<\/a> de l'une de mes brigades m\u00e9canis\u00e9es pr\u00e9f\u00e9r\u00e9es, la 28e brigade m\u00e9canis\u00e9e \ud83e\udee1\ud83d\udcaa\ud83c\udffc <a href=\"https:\/\/t.co\/ADQiqadiv7\">https:\/\/t.co\/ADQiqadiv7<\/a> <a href=\"https:\/\/t.co\/5ZbxoVC9Tp\">pic.twitter.com\/5ZbxoVC9Tp<\/a><\/p>- Alex Bond (@AlexBondODUA) <a href=\"https:\/\/twitter.com\/AlexBondODUA\/status\/1881758333050466410?ref_src=twsrc%5Etfw\">21 janvier 2025<\/a><\/blockquote><script async src=\"https:\/\/platform.twitter.com\/widgets.js\" charset=\"utf-8\"><\/script>\n<\/div><\/figure>\n<\/div>\n\n\n\n<div class=\"wp-block-column is-layout-flow wp-block-column-is-layout-flow\">\n<figure class=\"wp-block-embed is-type-rich is-provider-twitter wp-block-embed-twitter\"><div class=\"wp-block-embed__wrapper\">\n<blockquote class=\"twitter-tweet\" data-width=\"500\" data-dnt=\"true\"><p lang=\"en\" dir=\"ltr\">N'oubliez pas la collecte de fonds pour les r\u00e9chauffeurs chimiques, ainsi que <a href=\"https:\/\/twitter.com\/AlexBondODUA?ref_src=twsrc%5Etfw\">@AlexBondODUA<\/a>?<br><br>J'ai re\u00e7u ce joyeux message aujourd'hui \u2764\ufe0f<br><br>Il fait maintenant plus froid \u00e0 \ud83c\uddfa\ud83c\udde6, et ils sont donc tr\u00e8s reconnaissants d'avoir re\u00e7u des chaufferettes. Merci \u00e0 tous ceux qui nous soutiennent \ud83e\udef6\ud83c\udffc<br><br>Traduction \ud83c\uddec\ud83c\udde7<br><br>Bien que chaque jour ressemble au pr\u00e9c\u00e9dent... <a href=\"https:\/\/t.co\/4QM0jPHFAf\">pic.twitter.com\/4QM0jPHFAf<\/a><\/p>- Petra Blankwaard (@indigonl) <a href=\"https:\/\/twitter.com\/indigonl\/status\/1889774159322096122?ref_src=twsrc%5Etfw\">12 f\u00e9vrier 2025<\/a><\/blockquote><script async src=\"https:\/\/platform.twitter.com\/widgets.js\" charset=\"utf-8\"><\/script>\n<\/div><\/figure>\n\n\n\n<figure class=\"wp-block-embed is-type-rich is-provider-twitter wp-block-embed-twitter\"><div class=\"wp-block-embed__wrapper\">\n<blockquote class=\"twitter-tweet\" data-width=\"500\" data-dnt=\"true\"><p lang=\"en\" dir=\"ltr\">Amis \ud83d\udc99\ud83d\udc9b Aujourd'hui nous avons envoy\u00e9 le dernier envoi : uniformes et 7\u00e8me couche, T-shirts, ubaks, sacs \u00e0 dos, supports de casque, tapis de si\u00e8ge, vestes polaires, vestes thermiques, buffs d'hiver. Les chauffe-mains et chauffe-pieds, les patchs chauffants pour le dos et les douches s\u00e8ches devraient arriver dans les prochains jours.... <a href=\"https:\/\/t.co\/kMWj6sORKk\">pic.twitter.com\/kMWj6sORKk<\/a><\/p>- Dima Zapo \ud83c\uddfa\ud83c\udde6 (@DimaZapo) <a href=\"https:\/\/twitter.com\/DimaZapo\/status\/1893399078077108295?ref_src=twsrc%5Etfw\">22 f\u00e9vrier 2025<\/a><\/blockquote><script async src=\"https:\/\/platform.twitter.com\/widgets.js\" charset=\"utf-8\"><\/script>\n<\/div><\/figure>\n\n\n\n<figure class=\"wp-block-embed is-type-rich is-provider-twitter wp-block-embed-twitter\"><div class=\"wp-block-embed__wrapper\">\n<blockquote class=\"twitter-tweet\" data-width=\"500\" data-dnt=\"true\"><p lang=\"en\" dir=\"ltr\">Des sacs de couchage, des civi\u00e8res d'\u00e9vacuation et des chauffe-mains ont \u00e9t\u00e9 livr\u00e9s \u00e0 l'h\u00f4pital. <a href=\"https:\/\/twitter.com\/Dmitro622248?ref_src=twsrc%5Etfw\">@Dmitro622248<\/a>Les gar\u00e7ons d'un autre membre de l'Union europ\u00e9enne.<br><br>Que Dieu vous prot\u00e8ge, H\u00e9ros. <a href=\"https:\/\/t.co\/ZMcxrK1bsZ\">pic.twitter.com\/ZMcxrK1bsZ<\/a><\/p>- Alex Bond (@AlexBondODUA) <a href=\"https:\/\/twitter.com\/AlexBondODUA\/status\/1880148959538344124?ref_src=twsrc%5Etfw\">17 janvier 2025<\/a><\/blockquote><script async src=\"https:\/\/platform.twitter.com\/widgets.js\" charset=\"utf-8\"><\/script>\n<\/div><\/figure>\n<\/div>\n\n\n\n<div class=\"wp-block-column is-layout-flow wp-block-column-is-layout-flow\">\n<figure class=\"wp-block-embed is-type-rich is-provider-twitter wp-block-embed-twitter\"><div class=\"wp-block-embed__wrapper\">\n<blockquote class=\"twitter-tweet\" data-width=\"500\" data-dnt=\"true\"><p lang=\"en\" dir=\"ltr\">R\u00e9chauffeurs livr\u00e9s \u00e0 \u2764\ufe0f\u200d\ud83d\udd25 <a href=\"https:\/\/t.co\/0ja1xqQWNy\">https:\/\/t.co\/0ja1xqQWNy<\/a> <a href=\"https:\/\/t.co\/koe4Ju6w53\">pic.twitter.com\/cow4Ju6w53<\/a><\/p>- Petra Blankwaard (@indigonl) <a href=\"https:\/\/twitter.com\/indigonl\/status\/1890690938546102449?ref_src=twsrc%5Etfw\">15 f\u00e9vrier 2025<\/a><\/blockquote><script async src=\"https:\/\/platform.twitter.com\/widgets.js\" charset=\"utf-8\"><\/script>\n<\/div><\/figure>\n\n\n\n<figure class=\"wp-block-embed is-type-rich is-provider-twitter wp-block-embed-twitter\"><div class=\"wp-block-embed__wrapper\">\n<blockquote class=\"twitter-tweet\" data-width=\"500\" data-dnt=\"true\"><p lang=\"en\" dir=\"ltr\">La 56e brigade a re\u00e7u des r\u00e9chauffeurs chimiques qui avaient \u00e9t\u00e9 collect\u00e9s par la Fondation pour l'environnement. <a href=\"https:\/\/twitter.com\/indigonl?ref_src=twsrc%5Etfw\">@indigonl<\/a> \ud83e\udebd <a href=\"https:\/\/t.co\/HrInDREB7G\">pic.twitter.com\/HrInDREB7G<\/a><\/p>- Alex Bond (@AlexBondODUA) <a href=\"https:\/\/twitter.com\/AlexBondODUA\/status\/1896529810001977671?ref_src=twsrc%5Etfw\">3 mars 2025<\/a><\/blockquote><script async src=\"https:\/\/platform.twitter.com\/widgets.js\" charset=\"utf-8\"><\/script>\n<\/div><\/figure>\n\n\n\n<figure class=\"wp-block-video\"><video height=\"1280\" style=\"aspect-ratio: 720 \/ 1280;\" width=\"720\" controls poster=\"https:\/\/indigo4ua.com\/wp-content\/uploads\/2025\/05\/20250119-DimaZapo_thumb2.jpg\" src=\"https:\/\/indigo4ua.com\/wp-content\/uploads\/2025\/05\/20250119-DimaZapo.mp4\"><\/video><\/figure>\n<\/div>\n<\/div>","protected":false},"excerpt":{"rendered":"<p>Warmtepads Winters in Oekra\u00efne zijn koud, in het bijzonder voor soldaten die in loopgraven zitten en buiten op posities verblijven.. Veel units kochten warmtepads in kleine hoeveelheden en het is een stuk voordeliger om een grotere partij in te kopen, op voorraad te leggen en gefaseerd uit te leveren. Voor deze campagne hebben we 4500 [&hellip;]<\/p>\n","protected":false},"author":1,"featured_media":0,"parent":129,"menu_order":0,"comment_status":"closed","ping_status":"closed","template":"","meta":{"_seopress_robots_primary_cat":"","_seopress_titles_title":"","_seopress_titles_desc":"","_seopress_robots_index":"","_genesis_hide_title":false,"_genesis_hide_breadcrumbs":false,"_genesis_hide_singular_image":false,"_genesis_hide_footer_widgets":false,"_genesis_custom_body_class":"","_genesis_custom_post_class":"","_genesis_layout":"","footnotes":""},"class_list":{"0":"post-275","1":"page","2":"type-page","3":"status-publish","5":"entry"},"featured_image_src":null,"featured_image_src_square":null,"_links":{"self":[{"href":"https:\/\/indigo4ua.com\/fr\/wp-json\/wp\/v2\/pages\/275","targetHints":{"allow":["GET"]}}],"collection":[{"href":"https:\/\/indigo4ua.com\/fr\/wp-json\/wp\/v2\/pages"}],"about":[{"href":"https:\/\/indigo4ua.com\/fr\/wp-json\/wp\/v2\/types\/page"}],"author":[{"embeddable":true,"href":"https:\/\/indigo4ua.com\/fr\/wp-json\/wp\/v2\/users\/1"}],"replies":[{"embeddable":true,"href":"https:\/\/indigo4ua.com\/fr\/wp-json\/wp\/v2\/comments?post=275"}],"version-history":[{"count":0,"href":"https:\/\/indigo4ua.com\/fr\/wp-json\/wp\/v2\/pages\/275\/revisions"}],"up":[{"embeddable":true,"href":"https:\/\/indigo4ua.com\/fr\/wp-json\/wp\/v2\/pages\/129"}],"wp:attachment":[{"href":"https:\/\/indigo4ua.com\/fr\/wp-json\/wp\/v2\/media?parent=275"}],"curies":[{"name":"wp","href":"https:\/\/api.w.org\/{rel}","templated":true}]}}