{"id":306,"date":"2025-05-05T17:21:27","date_gmt":"2025-05-05T15:21:27","guid":{"rendered":"https:\/\/indigo4ua.com\/?page_id=306"},"modified":"2026-01-01T19:52:05","modified_gmt":"2026-01-01T18:52:05","slug":"34e-brigade-de-defense-cotiere-couvertures-balistiques","status":"publish","type":"page","link":"https:\/\/indigo4ua.com\/fr\/inzamelingsacties\/34e-kustverdedigingsbrigade-ballistische-dekens\/","title":{"rendered":"34e brigade de d\u00e9fense c\u00f4ti\u00e8re - Couvertures balistiques"},"content":{"rendered":"<p><\/p>\n\n\n\n<div class=\"wp-block-columns alignwide osom-featured-text is-layout-flex wp-container-core-columns-is-layout-28f84493 wp-block-columns-is-layout-flex\">\n<div class=\"wp-block-column has-theme-footer-background-color has-background is-layout-flow wp-block-column-is-layout-flow\" style=\"padding-top:var(--wp--preset--spacing--80);padding-right:var(--wp--preset--spacing--70);padding-bottom:var(--wp--preset--spacing--80);padding-left:var(--wp--preset--spacing--70);flex-basis:60%\">\n<h2 class=\"wp-block-heading\">Couvertures balistiques - avril 2025<\/h2>\n\n\n\n<p>Pour la 34e brigade de d\u00e9fense c\u00f4ti\u00e8re, nous avons collect\u00e9 deux couvertures balistiques.<\/p>\n\n\n\n<p>Ces couvertures offrent une protection contre les \u00e9clats de missiles.<\/p>\n\n\n\n<div class=\"wp-block-buttons is-layout-flex wp-block-buttons-is-layout-flex\">\n<div class=\"wp-block-button is-style-outline is-style-outline--1\"><a class=\"wp-block-button__link wp-element-button\" href=\"https:\/\/donorbox.org\/help-the-defenders\" target=\"_blank\" rel=\"noreferrer noopener\">PAGE DE LA BO\u00ceTE DES DONATEURS<\/a><\/div>\n<\/div>\n<\/div>\n\n\n\n<div class=\"wp-block-column is-vertically-aligned-center is-layout-flow wp-block-column-is-layout-flow\">\n<figure class=\"wp-block-image size-full size-large\"><img alt=\"\" loading=\"lazy\" decoding=\"async\" width=\"513\" height=\"627\" src=\"https:\/\/indigo4ua.com\/wp-content\/uploads\/2025\/05\/20250412-ballistic-blanket.jpg\" class=\"wp-image-322\" srcset=\"https:\/\/indigo4ua.com\/wp-content\/uploads\/2025\/05\/20250412-ballistic-blanket.jpg 513w, https:\/\/indigo4ua.com\/wp-content\/uploads\/2025\/05\/20250412-ballistic-blanket-245x300.jpg 245w, https:\/\/indigo4ua.com\/wp-content\/uploads\/2025\/05\/20250412-ballistic-blanket-10x12.jpg 10w\" sizes=\"auto, (max-width: 513px) 100vw, 513px\" \/><\/figure>\n<\/div>\n<\/div>\n\n\n\n<div style=\"height:50px\" aria-hidden=\"true\" class=\"wp-block-spacer\"><\/div>\n\n\n\n<h2 class=\"wp-block-heading\">Campagne de collecte<\/h2>\n\n\n\n<p>Couvertures balistiques pour la 34e brigade de d\u00e9fense c\u00f4ti\u00e8re dans la r\u00e9gion de Cherson. <br>Achat : 63 147UAH \/ 1 345 \u20ac apr\u00e8s d\u00e9duction de la remise stipul\u00e9e<\/p>\n\n\n\n<p><a href=\"https:\/\/www.facebook.com\/100001460214164\/posts\/9787670307958212\/?mibextid=wwXIfr&amp;rdid=1QOR75YSQOel4kh3\">Message sur Facebook<\/a><\/p>\n\n\n\n<h2 class=\"wp-block-heading\">Dons re\u00e7us<\/h2>\n\n\n\n<p>Bo\u00eete pour donateurs \u20ac592<br>PayPal \u20ac287<br>Monobank \u20ac669 (31,378.83UAH)<br>Total collect\u00e9 \u20ac 1,548<\/p>\n\n\n\n<h2 class=\"wp-block-heading\">Pay\u00e9 \u00e0 l'achat<\/h2>\n\n\n\n<p><a href=\"https:\/\/indigo4ua.com\/wp-content\/uploads\/2025\/05\/20250424-factuur-1024x543.jpg\">Facture<\/a> 1 345 \u20ac (63 147UAH)<br>Exc\u00e9dent de 203 \u20ac (ajout\u00e9 \u00e0 la collection de moteurs hors-bord)<\/p>\n\n\n\n<div class=\"wp-block-columns is-layout-flex wp-container-core-columns-is-layout-28f84493 wp-block-columns-is-layout-flex\">\n<div class=\"wp-block-column is-layout-flow wp-block-column-is-layout-flow\">\n<figure class=\"wp-block-image size-large\"><img alt=\"\" loading=\"lazy\" decoding=\"async\" width=\"595\" height=\"1024\" src=\"https:\/\/indigo4ua.com\/wp-content\/uploads\/2025\/05\/20250412-foto-blanket-595x1024.jpg\" class=\"wp-image-311\" srcset=\"https:\/\/indigo4ua.com\/wp-content\/uploads\/2025\/05\/20250412-foto-blanket-595x1024.jpg 595w, https:\/\/indigo4ua.com\/wp-content\/uploads\/2025\/05\/20250412-foto-blanket-174x300.jpg 174w, https:\/\/indigo4ua.com\/wp-content\/uploads\/2025\/05\/20250412-foto-blanket-7x12.jpg 7w, https:\/\/indigo4ua.com\/wp-content\/uploads\/2025\/05\/20250412-foto-blanket.jpg 700w\" sizes=\"auto, (max-width: 595px) 100vw, 595px\" \/><\/figure>\n<\/div>\n\n\n\n<div class=\"wp-block-column is-layout-flow wp-block-column-is-layout-flow\">\n<figure class=\"wp-block-image size-large\"><img alt=\"\" loading=\"lazy\" decoding=\"async\" width=\"576\" height=\"1024\" src=\"https:\/\/indigo4ua.com\/wp-content\/uploads\/2025\/05\/20250419-Monobank-576x1024.jpg\" class=\"wp-image-313\" srcset=\"https:\/\/indigo4ua.com\/wp-content\/uploads\/2025\/05\/20250419-Monobank-576x1024.jpg 576w, https:\/\/indigo4ua.com\/wp-content\/uploads\/2025\/05\/20250419-Monobank-169x300.jpg 169w, https:\/\/indigo4ua.com\/wp-content\/uploads\/2025\/05\/20250419-Monobank-7x12.jpg 7w, https:\/\/indigo4ua.com\/wp-content\/uploads\/2025\/05\/20250419-Monobank.jpg 750w\" sizes=\"auto, (max-width: 576px) 100vw, 576px\" \/><\/figure>\n<\/div>\n<\/div>\n\n\n\n<div style=\"height:33px\" aria-hidden=\"true\" class=\"wp-block-spacer\"><\/div>\n\n\n\n<h2 class=\"wp-block-heading\">Livraison<\/h2>\n\n\n\n<div class=\"wp-block-columns is-layout-flex wp-container-core-columns-is-layout-28f84493 wp-block-columns-is-layout-flex\">\n<div class=\"wp-block-column is-layout-flow wp-block-column-is-layout-flow\">\n<figure class=\"wp-block-image size-large\"><img alt=\"\" loading=\"lazy\" decoding=\"async\" width=\"1024\" height=\"450\" src=\"https:\/\/indigo4ua.com\/wp-content\/uploads\/2025\/05\/20250424-delivery-photo-1024x450.jpg\" class=\"wp-image-317\" srcset=\"https:\/\/indigo4ua.com\/wp-content\/uploads\/2025\/05\/20250424-delivery-photo-1024x450.jpg 1024w, https:\/\/indigo4ua.com\/wp-content\/uploads\/2025\/05\/20250424-delivery-photo-300x132.jpg 300w, https:\/\/indigo4ua.com\/wp-content\/uploads\/2025\/05\/20250424-delivery-photo-768x337.jpg 768w, https:\/\/indigo4ua.com\/wp-content\/uploads\/2025\/05\/20250424-delivery-photo-18x8.jpg 18w, https:\/\/indigo4ua.com\/wp-content\/uploads\/2025\/05\/20250424-delivery-photo.jpg 1229w\" sizes=\"auto, (max-width: 1024px) 100vw, 1024px\" \/><\/figure>\n<\/div>\n\n\n\n<div class=\"wp-block-column is-layout-flow wp-block-column-is-layout-flow\">\n<figure class=\"wp-block-video\"><video height=\"720\" style=\"aspect-ratio: 1280 \/ 720;\" width=\"1280\" controls poster=\"https:\/\/indigo4ua.com\/wp-content\/uploads\/2025\/05\/20250424_thank_you_video_EN_thumb1.jpg\" src=\"https:\/\/indigo4ua.com\/wp-content\/uploads\/2025\/05\/20250424_thank_you_video_EN.mp4\"><\/video><\/figure>\n<\/div>\n<\/div>\n\n\n\n<div class=\"wp-block-columns is-layout-flex wp-container-core-columns-is-layout-28f84493 wp-block-columns-is-layout-flex\">\n<div class=\"wp-block-column is-layout-flow wp-block-column-is-layout-flow\" style=\"flex-basis:25%\"><\/div>\n\n\n\n<div class=\"wp-block-column is-layout-flow wp-block-column-is-layout-flow\" style=\"flex-basis:50%\"><\/div>\n\n\n\n<div class=\"wp-block-column is-layout-flow wp-block-column-is-layout-flow\" style=\"flex-basis:25%\"><\/div>\n<\/div>\n\n\n\n<h2 class=\"wp-block-heading\">L'\u00e9quipe<\/h2>\n\n\n\n<div class=\"wp-block-columns team-dakota is-layout-flex wp-container-core-columns-is-layout-28f84493 wp-block-columns-is-layout-flex\">\n<div class=\"wp-block-column is-layout-flow wp-block-column-is-layout-flow\">\n<figure class=\"wp-block-image size-full is-style-rounded\"><img alt=\"\" loading=\"lazy\" decoding=\"async\" width=\"400\" height=\"400\" src=\"https:\/\/indigo4ua.com\/wp-content\/uploads\/2025\/04\/Irishka.jpg\" class=\"wp-image-210\" srcset=\"https:\/\/indigo4ua.com\/wp-content\/uploads\/2025\/04\/Irishka.jpg 400w, https:\/\/indigo4ua.com\/wp-content\/uploads\/2025\/04\/Irishka-300x300.jpg 300w, https:\/\/indigo4ua.com\/wp-content\/uploads\/2025\/04\/Irishka-150x150.jpg 150w, https:\/\/indigo4ua.com\/wp-content\/uploads\/2025\/04\/Irishka-12x12.jpg 12w, https:\/\/indigo4ua.com\/wp-content\/uploads\/2025\/04\/Irishka-75x75.jpg 75w\" sizes=\"auto, (max-width: 400px) 100vw, 400px\" \/><\/figure>\n\n\n\n<h4 class=\"wp-block-heading has-text-align-center\">Irishka<\/h4>\n\n\n\n<p class=\"has-text-align-center\">Irishka est le point de contact pour les unit\u00e9s et \u00e9value si une demande peut \u00eatre trait\u00e9e. Elle recherche \u00e9galement une bonne affaire pour les pneus et r\u00e8gle les paiements.<\/p>\n<\/div>\n\n\n\n<div class=\"wp-block-column is-layout-flow wp-block-column-is-layout-flow\">\n<figure class=\"wp-block-image size-full is-style-rounded\"><img loading=\"lazy\" decoding=\"async\" width=\"500\" height=\"500\" src=\"https:\/\/indigo4ua.com\/wp-content\/uploads\/2025\/02\/nafo-fella-indigonl-500px.jpg\" alt=\"OPANO Fella indigonl\" class=\"wp-image-106\" srcset=\"https:\/\/indigo4ua.com\/wp-content\/uploads\/2025\/02\/nafo-fella-indigonl-500px.jpg 500w, https:\/\/indigo4ua.com\/wp-content\/uploads\/2025\/02\/nafo-fella-indigonl-500px-300x300.jpg 300w, https:\/\/indigo4ua.com\/wp-content\/uploads\/2025\/02\/nafo-fella-indigonl-500px-150x150.jpg 150w, https:\/\/indigo4ua.com\/wp-content\/uploads\/2025\/02\/nafo-fella-indigonl-500px-12x12.jpg 12w, https:\/\/indigo4ua.com\/wp-content\/uploads\/2025\/02\/nafo-fella-indigonl-500px-75x75.jpg 75w, https:\/\/indigo4ua.com\/wp-content\/uploads\/2025\/02\/nafo-fella-indigonl-500px-400x400.jpg 400w\" sizes=\"auto, (max-width: 500px) 100vw, 500px\" \/><\/figure>\n\n\n\n<h4 class=\"wp-block-heading has-text-align-center\">Petra<\/h4>\n\n\n\n<p class=\"has-text-align-center\">Petra ouvrira une collecte de fonds lorsqu'une demande sera faite, de sorte qu'Irishka n'aura pas \u00e0 le faire, et ce type de petite collecte de fonds n'interf\u00e8re pas avec les campagnes d\u00e9j\u00e0 en cours.<\/p>\n<\/div>\n<\/div>","protected":false},"excerpt":{"rendered":"<p>Ballistische dekens &#8211; april 2025 Voor de 34e Kustverdedigingsbrigade hebben we ingezameld voor twee ballistische dekens. Deze dekens bieden bescherming tegen raketscherven. Inzamelingsactie Ballistische dekens voor de 34e Kustverdedigingsbrigade in de regio Cherson. Aankoop: 63,147UAH \/ \u20ac 1.345 na aftrek van bedongen korting Bericht op Facebook Ontvangen donaties Donorbox \u20ac 592PayPal \u20ac 287Monobank \u20ac 669 [&hellip;]<\/p>\n","protected":false},"author":1,"featured_media":0,"parent":129,"menu_order":0,"comment_status":"closed","ping_status":"closed","template":"","meta":{"_seopress_robots_primary_cat":"","_seopress_titles_title":"","_seopress_titles_desc":"","_seopress_robots_index":"","_genesis_hide_title":false,"_genesis_hide_breadcrumbs":false,"_genesis_hide_singular_image":false,"_genesis_hide_footer_widgets":false,"_genesis_custom_body_class":"","_genesis_custom_post_class":"","_genesis_layout":"","footnotes":""},"class_list":{"0":"post-306","1":"page","2":"type-page","3":"status-publish","5":"entry"},"featured_image_src":null,"featured_image_src_square":null,"_links":{"self":[{"href":"https:\/\/indigo4ua.com\/fr\/wp-json\/wp\/v2\/pages\/306","targetHints":{"allow":["GET"]}}],"collection":[{"href":"https:\/\/indigo4ua.com\/fr\/wp-json\/wp\/v2\/pages"}],"about":[{"href":"https:\/\/indigo4ua.com\/fr\/wp-json\/wp\/v2\/types\/page"}],"author":[{"embeddable":true,"href":"https:\/\/indigo4ua.com\/fr\/wp-json\/wp\/v2\/users\/1"}],"replies":[{"embeddable":true,"href":"https:\/\/indigo4ua.com\/fr\/wp-json\/wp\/v2\/comments?post=306"}],"version-history":[{"count":0,"href":"https:\/\/indigo4ua.com\/fr\/wp-json\/wp\/v2\/pages\/306\/revisions"}],"up":[{"embeddable":true,"href":"https:\/\/indigo4ua.com\/fr\/wp-json\/wp\/v2\/pages\/129"}],"wp:attachment":[{"href":"https:\/\/indigo4ua.com\/fr\/wp-json\/wp\/v2\/media?parent=306"}],"curies":[{"name":"wp","href":"https:\/\/api.w.org\/{rel}","templated":true}]}}