{"id":510,"date":"2025-05-15T18:02:30","date_gmt":"2025-05-15T16:02:30","guid":{"rendered":"https:\/\/indigo4ua.com\/?page_id=510"},"modified":"2026-02-04T12:40:11","modified_gmt":"2026-02-04T11:40:11","slug":"certificats-mis-en-evidence","status":"publish","type":"page","link":"https:\/\/indigo4ua.com\/fr\/uitgelicht-oorkondes\/","title":{"rendered":"En vedette - certificats"},"content":{"rendered":"<p><\/p>\n\n\n\n<p>Sur cette page, vous trouverez les certificats que j'ai re\u00e7us de l'arm\u00e9e ukrainienne en remerciement de l'aide apport\u00e9e.<\/p>\n\n\n\n<h2 class=\"wp-block-heading\">Certificats<\/h2>\n\n\n\n<div class=\"wp-block-columns indigo-masonry is-layout-flex wp-container-core-columns-is-layout-28f84493 wp-block-columns-is-layout-flex\">\n<div class=\"wp-block-column is-layout-flow wp-block-column-is-layout-flow\">\n<div class=\"wp-block-group is-layout-constrained wp-block-group-is-layout-constrained\">\n<figure class=\"wp-block-image size-large\"><img alt=\"\" loading=\"lazy\" decoding=\"async\" width=\"716\" height=\"1024\" src=\"https:\/\/indigo4ua.com\/wp-content\/uploads\/2026\/01\/appreciation-34th-716x1024.jpg\" class=\"wp-image-1494\" srcset=\"https:\/\/indigo4ua.com\/wp-content\/uploads\/2026\/01\/appreciation-34th-716x1024.jpg 716w, https:\/\/indigo4ua.com\/wp-content\/uploads\/2026\/01\/appreciation-34th-210x300.jpg 210w, https:\/\/indigo4ua.com\/wp-content\/uploads\/2026\/01\/appreciation-34th-768x1099.jpg 768w, https:\/\/indigo4ua.com\/wp-content\/uploads\/2026\/01\/appreciation-34th-1073x1536.jpg 1073w, https:\/\/indigo4ua.com\/wp-content\/uploads\/2026\/01\/appreciation-34th-1431x2048.jpg 1431w, https:\/\/indigo4ua.com\/wp-content\/uploads\/2026\/01\/appreciation-34th-8x12.jpg 8w, https:\/\/indigo4ua.com\/wp-content\/uploads\/2026\/01\/appreciation-34th-scaled.jpg 1789w\" sizes=\"auto, (max-width: 716px) 100vw, 716px\" \/><\/figure>\n\n\n\n<div class=\"wp-block-group is-layout-constrained wp-block-group-is-layout-constrained\">\n<p>Premier bataillon de d\u00e9fense c\u00f4ti\u00e8re<br>\u00c9VALUATION<br>Unit\u00e9 militaire A7053 (34e brigade de d\u00e9fense c\u00f4ti\u00e8re)<br><br>Nous vous remercions pour votre volontariat actif et votre contribution significative au renforcement de la capacit\u00e9 de d\u00e9fense de l'\u00c9tat pendant l'invasion \u00e0 grande \u00e9chelle de l'Ukraine, ainsi que pour votre aide et votre soutien individuels aux unit\u00e9s du premier bataillon de d\u00e9fense c\u00f4ti\u00e8re du corps des Marines. Nous appr\u00e9cions grandement votre travail, votre temps, vos efforts et votre d\u00e9sir d'aider. Votre contribution a un impact r\u00e9el sur la d\u00e9fense et le sauvetage des vies de nos combattants.<\/p>\n\n\n\n<p>Commandant du premier bataillon de d\u00e9fense c\u00f4ti\u00e8re<br>Unit\u00e9 militaire A7053<br>Commandant de bataillon<br>Lieutenant principal<br>Vyacheslav Ptashynskyi<\/p>\n<\/div>\n<\/div>\n\n\n\n<div class=\"wp-block-group is-layout-constrained wp-block-group-is-layout-constrained\">\n<figure class=\"wp-block-image size-large\"><img alt=\"\" loading=\"lazy\" decoding=\"async\" width=\"685\" height=\"1024\" src=\"https:\/\/indigo4ua.com\/wp-content\/uploads\/2025\/09\/20250924-BG-Medical-Service-UMMA-685x1024.jpg\" class=\"wp-image-1022\" srcset=\"https:\/\/indigo4ua.com\/wp-content\/uploads\/2025\/09\/20250924-BG-Medical-Service-UMMA-685x1024.jpg 685w, https:\/\/indigo4ua.com\/wp-content\/uploads\/2025\/09\/20250924-BG-Medical-Service-UMMA-201x300.jpg 201w, https:\/\/indigo4ua.com\/wp-content\/uploads\/2025\/09\/20250924-BG-Medical-Service-UMMA-768x1148.jpg 768w, https:\/\/indigo4ua.com\/wp-content\/uploads\/2025\/09\/20250924-BG-Medical-Service-UMMA-1028x1536.jpg 1028w, https:\/\/indigo4ua.com\/wp-content\/uploads\/2025\/09\/20250924-BG-Medical-Service-UMMA-8x12.jpg 8w, https:\/\/indigo4ua.com\/wp-content\/uploads\/2025\/09\/20250924-BG-Medical-Service-UMMA.jpg 1370w\" sizes=\"auto, (max-width: 685px) 100vw, 685px\" \/><\/figure>\n<\/div>\n\n\n\n<div class=\"wp-block-group is-layout-constrained wp-block-group-is-layout-constrained\">\n<figure class=\"wp-block-image size-large\"><img alt=\"\" loading=\"lazy\" decoding=\"async\" width=\"894\" height=\"1024\" src=\"https:\/\/indigo4ua.com\/wp-content\/uploads\/2025\/09\/20250628-atey-894x1024.jpg\" class=\"wp-image-1023\" srcset=\"https:\/\/indigo4ua.com\/wp-content\/uploads\/2025\/09\/20250628-atey-894x1024.jpg 894w, https:\/\/indigo4ua.com\/wp-content\/uploads\/2025\/09\/20250628-atey-262x300.jpg 262w, https:\/\/indigo4ua.com\/wp-content\/uploads\/2025\/09\/20250628-atey-768x880.jpg 768w, https:\/\/indigo4ua.com\/wp-content\/uploads\/2025\/09\/20250628-atey-1341x1536.jpg 1341w, https:\/\/indigo4ua.com\/wp-content\/uploads\/2025\/09\/20250628-atey-10x12.jpg 10w, https:\/\/indigo4ua.com\/wp-content\/uploads\/2025\/09\/20250628-atey.jpg 1788w\" sizes=\"auto, (max-width: 894px) 100vw, 894px\" \/><\/figure>\n<\/div>\n\n\n\n<div class=\"wp-block-group is-layout-constrained wp-block-group-is-layout-constrained\">\n<figure class=\"wp-block-image size-large\"><img alt=\"\" loading=\"lazy\" decoding=\"async\" width=\"1024\" height=\"720\" src=\"https:\/\/indigo4ua.com\/wp-content\/uploads\/2025\/09\/20250903-46th-Airmobile-Brigade-1024x720.jpg\" class=\"wp-image-1021\" srcset=\"https:\/\/indigo4ua.com\/wp-content\/uploads\/2025\/09\/20250903-46th-Airmobile-Brigade-1024x720.jpg 1024w, https:\/\/indigo4ua.com\/wp-content\/uploads\/2025\/09\/20250903-46th-Airmobile-Brigade-300x211.jpg 300w, https:\/\/indigo4ua.com\/wp-content\/uploads\/2025\/09\/20250903-46th-Airmobile-Brigade-768x540.jpg 768w, https:\/\/indigo4ua.com\/wp-content\/uploads\/2025\/09\/20250903-46th-Airmobile-Brigade-1536x1080.jpg 1536w, https:\/\/indigo4ua.com\/wp-content\/uploads\/2025\/09\/20250903-46th-Airmobile-Brigade-18x12.jpg 18w, https:\/\/indigo4ua.com\/wp-content\/uploads\/2025\/09\/20250903-46th-Airmobile-Brigade.jpg 2048w\" sizes=\"auto, (max-width: 1024px) 100vw, 1024px\" \/><\/figure>\n\n\n\n<div class=\"wp-block-group is-layout-constrained wp-block-group-is-layout-constrained\">\n<p><strong>Evaluation<\/strong><\/p>\n\n\n\n<p>D\u00e9cern\u00e9 \u00e0 Petra Blankwaard pour ses activit\u00e9s b\u00e9n\u00e9voles efficaces contribuant \u00e0 renforcer les capacit\u00e9s de d\u00e9fense de l'Ukraine, en menant d'impressionnantes op\u00e9rations de recherche et de livraison sur la ligne de front de l'Ukraine en cette p\u00e9riode exceptionnelle. <br><br>Minist\u00e8re de la d\u00e9fense de l'Ukraine, <br>s. Velykomikhailivka, <br>Commandant de l'unit\u00e9 militaire A4350.<br>46e brigade a\u00e9romobile<\/p>\n<\/div>\n<\/div>\n\n\n\n<div class=\"wp-block-group is-layout-constrained wp-block-group-is-layout-constrained\">\n<figure class=\"wp-block-image size-large\"><img alt=\"\" loading=\"lazy\" decoding=\"async\" width=\"749\" height=\"1024\" src=\"https:\/\/indigo4ua.com\/wp-content\/uploads\/2025\/05\/80th-Airborne-Assault-Brigade-1-749x1024.jpeg\" class=\"wp-image-609\" srcset=\"https:\/\/indigo4ua.com\/wp-content\/uploads\/2025\/05\/80th-Airborne-Assault-Brigade-1-749x1024.jpeg 749w, https:\/\/indigo4ua.com\/wp-content\/uploads\/2025\/05\/80th-Airborne-Assault-Brigade-1-220x300.jpeg 220w, https:\/\/indigo4ua.com\/wp-content\/uploads\/2025\/05\/80th-Airborne-Assault-Brigade-1-768x1050.jpeg 768w, https:\/\/indigo4ua.com\/wp-content\/uploads\/2025\/05\/80th-Airborne-Assault-Brigade-1-9x12.jpeg 9w, https:\/\/indigo4ua.com\/wp-content\/uploads\/2025\/05\/80th-Airborne-Assault-Brigade-1.jpeg 878w\" sizes=\"auto, (max-width: 749px) 100vw, 749px\" \/><\/figure>\n\n\n\n<div class=\"wp-block-group is-layout-constrained wp-block-group-is-layout-constrained\">\n<p><strong>Evaluation<\/strong><\/p>\n\n\n\n<p>La direction et le personnel de l'unit\u00e9 militaire A0284 expriment leurs sinc\u00e8res remerciements pour l'assistance fournie, votre attitude civile in\u00e9branlable, votre patriotisme et votre bon c\u0153ur. Avec votre soutien, nous d\u00e9fendons avec confiance et courage l'ind\u00e9pendance de notre patrie. <br><br>Au nom de la direction de l'unit\u00e9 militaire A0284, Pavlo Rozlach, <br>80e brigade d'assaut a\u00e9romobile.<\/p>\n<\/div>\n<\/div>\n\n\n\n<div class=\"wp-block-group is-layout-constrained wp-block-group-is-layout-constrained\">\n<figure class=\"wp-block-image size-large\"><img alt=\"\" loading=\"lazy\" decoding=\"async\" width=\"768\" height=\"1024\" src=\"https:\/\/indigo4ua.com\/wp-content\/uploads\/2025\/05\/3rd-Separate-Assault-Brigade-1-768x1024.jpeg\" class=\"wp-image-610\" srcset=\"https:\/\/indigo4ua.com\/wp-content\/uploads\/2025\/05\/3rd-Separate-Assault-Brigade-1-768x1024.jpeg 768w, https:\/\/indigo4ua.com\/wp-content\/uploads\/2025\/05\/3rd-Separate-Assault-Brigade-1-225x300.jpeg 225w, https:\/\/indigo4ua.com\/wp-content\/uploads\/2025\/05\/3rd-Separate-Assault-Brigade-1-9x12.jpeg 9w, https:\/\/indigo4ua.com\/wp-content\/uploads\/2025\/05\/3rd-Separate-Assault-Brigade-1.jpeg 900w\" sizes=\"auto, (max-width: 768px) 100vw, 768px\" \/><\/figure>\n\n\n\n<div class=\"wp-block-group is-layout-constrained wp-block-group-is-layout-constrained\">\n<p><strong>Evaluation<\/strong><\/p>\n\n\n\n<p>Pour sa contribution significative \u00e0 l'am\u00e9lioration de la capacit\u00e9 de combat de la 3e brigade d'assaut s\u00e9par\u00e9e et \u00e0 la future victoire de l'Ukraine dans la guerre d'ind\u00e9pendance.<br><\/p>\n\n\n\n<p>Commandant de brigade<br>Colonel Biletskyi Andrii<br>Unit\u00e9 A4638<\/p>\n<\/div>\n<\/div>\n\n\n\n<div class=\"wp-block-group is-layout-constrained wp-block-group-is-layout-constrained\">\n<figure class=\"wp-block-image size-large\"><img alt=\"\" loading=\"lazy\" decoding=\"async\" width=\"798\" height=\"1024\" src=\"https:\/\/indigo4ua.com\/wp-content\/uploads\/2025\/05\/22-798x1024.jpeg\" class=\"wp-image-611\" srcset=\"https:\/\/indigo4ua.com\/wp-content\/uploads\/2025\/05\/22-798x1024.jpeg 798w, https:\/\/indigo4ua.com\/wp-content\/uploads\/2025\/05\/22-234x300.jpeg 234w, https:\/\/indigo4ua.com\/wp-content\/uploads\/2025\/05\/22-768x986.jpeg 768w, https:\/\/indigo4ua.com\/wp-content\/uploads\/2025\/05\/22-9x12.jpeg 9w, https:\/\/indigo4ua.com\/wp-content\/uploads\/2025\/05\/22.jpeg 935w\" sizes=\"auto, (max-width: 798px) 100vw, 798px\" \/><\/figure>\n<\/div>\n\n\n\n<div class=\"wp-block-group is-layout-constrained wp-block-group-is-layout-constrained\">\n<figure class=\"wp-block-image size-large\"><img alt=\"\" loading=\"lazy\" decoding=\"async\" width=\"768\" height=\"1024\" src=\"https:\/\/indigo4ua.com\/wp-content\/uploads\/2025\/05\/DeLeeuw-Kyiv-768x1024.jpeg\" class=\"wp-image-612\" srcset=\"https:\/\/indigo4ua.com\/wp-content\/uploads\/2025\/05\/DeLeeuw-Kyiv-768x1024.jpeg 768w, https:\/\/indigo4ua.com\/wp-content\/uploads\/2025\/05\/DeLeeuw-Kyiv-225x300.jpeg 225w, https:\/\/indigo4ua.com\/wp-content\/uploads\/2025\/05\/DeLeeuw-Kyiv-9x12.jpeg 9w, https:\/\/indigo4ua.com\/wp-content\/uploads\/2025\/05\/DeLeeuw-Kyiv.jpeg 900w\" sizes=\"auto, (max-width: 768px) 100vw, 768px\" \/><\/figure>\n<\/div>\n<\/div>\n<\/div>\n\n\n\n<p><\/p>","protected":false},"excerpt":{"rendered":"<p>Op deze pagina vind je oorkondes die ik heb ontvangen van het Oekraiense leger als dank voor geboden hulp. Oorkondes Eerste Bataljon van KustverdedigingWAARDERINGMilitaire Unit A7053 (34e Kustverdedigingsbrigade) Bedankt voor uw actieve vrijwilligerswerk en significante bijdrage aan het versterken van de verdedigingscapaciteit van de staat tijdens de grootschalige invasie van Oekra\u00efne, evenals voor uw afzonderlijke [&hellip;]<\/p>\n","protected":false},"author":1,"featured_media":1028,"parent":0,"menu_order":0,"comment_status":"closed","ping_status":"closed","template":"","meta":{"_seopress_robots_primary_cat":"","_seopress_titles_title":"","_seopress_titles_desc":"","_seopress_robots_index":"","_genesis_hide_title":false,"_genesis_hide_breadcrumbs":false,"_genesis_hide_singular_image":false,"_genesis_hide_footer_widgets":false,"_genesis_custom_body_class":"","_genesis_custom_post_class":"","_genesis_layout":"","footnotes":""},"class_list":{"0":"post-510","1":"page","2":"type-page","3":"status-publish","4":"has-post-thumbnail","6":"entry"},"featured_image_src":"https:\/\/indigo4ua.com\/wp-content\/uploads\/2025\/09\/192nd-600x400.jpg","featured_image_src_square":"https:\/\/indigo4ua.com\/wp-content\/uploads\/2025\/09\/192nd-600x600.jpg","_links":{"self":[{"href":"https:\/\/indigo4ua.com\/fr\/wp-json\/wp\/v2\/pages\/510","targetHints":{"allow":["GET"]}}],"collection":[{"href":"https:\/\/indigo4ua.com\/fr\/wp-json\/wp\/v2\/pages"}],"about":[{"href":"https:\/\/indigo4ua.com\/fr\/wp-json\/wp\/v2\/types\/page"}],"author":[{"embeddable":true,"href":"https:\/\/indigo4ua.com\/fr\/wp-json\/wp\/v2\/users\/1"}],"replies":[{"embeddable":true,"href":"https:\/\/indigo4ua.com\/fr\/wp-json\/wp\/v2\/comments?post=510"}],"version-history":[{"count":0,"href":"https:\/\/indigo4ua.com\/fr\/wp-json\/wp\/v2\/pages\/510\/revisions"}],"wp:featuredmedia":[{"embeddable":true,"href":"https:\/\/indigo4ua.com\/fr\/wp-json\/wp\/v2\/media\/1028"}],"wp:attachment":[{"href":"https:\/\/indigo4ua.com\/fr\/wp-json\/wp\/v2\/media?parent=510"}],"curies":[{"name":"wp","href":"https:\/\/api.w.org\/{rel}","templated":true}]}}