{"id":588,"date":"2025-05-29T14:51:50","date_gmt":"2025-05-29T12:51:50","guid":{"rendered":"https:\/\/indigo4ua.com\/?page_id=588"},"modified":"2026-02-08T13:05:51","modified_gmt":"2026-02-08T12:05:51","slug":"livraisons-2025","status":"publish","type":"page","link":"https:\/\/indigo4ua.com\/fr\/prive-support\/zendingen-2025\/","title":{"rendered":"Exp\u00e9ditions 2025"},"content":{"rendered":"<p><\/p>\n\n\n\n<h2 class=\"wp-block-heading\">Novembre 2025<\/h2>\n\n\n\n<p>Sacs de couchage, couvertures en laine, garrots Cat7, fournitures m\u00e9dicales, nourriture m\u00e9dicale et friandises.<\/p>\n\n\n\n<h3 class=\"wp-block-heading\">Pr\u00e9paration aux Pays-Bas<\/h3>\n\n\n\n<figure class=\"wp-block-gallery has-nested-images columns-4 is-cropped wp-block-gallery-1 is-layout-flex wp-block-gallery-is-layout-flex\">\n<figure class=\"wp-block-image size-large\"><img alt=\"\" loading=\"lazy\" decoding=\"async\" width=\"995\" height=\"1024\" data-id=\"1411\" src=\"https:\/\/indigo4ua.com\/wp-content\/uploads\/2026\/01\/dekens-995x1024.jpg\" class=\"wp-image-1411\" srcset=\"https:\/\/indigo4ua.com\/wp-content\/uploads\/2026\/01\/dekens-995x1024.jpg 995w, https:\/\/indigo4ua.com\/wp-content\/uploads\/2026\/01\/dekens-292x300.jpg 292w, https:\/\/indigo4ua.com\/wp-content\/uploads\/2026\/01\/dekens-768x790.jpg 768w, https:\/\/indigo4ua.com\/wp-content\/uploads\/2026\/01\/dekens-12x12.jpg 12w, https:\/\/indigo4ua.com\/wp-content\/uploads\/2026\/01\/dekens.jpg 1166w\" sizes=\"auto, (max-width: 995px) 100vw, 995px\" \/><\/figure>\n\n\n\n<figure class=\"wp-block-image size-large\"><img alt=\"\" loading=\"lazy\" decoding=\"async\" width=\"1024\" height=\"768\" data-id=\"1410\" src=\"https:\/\/indigo4ua.com\/wp-content\/uploads\/2026\/01\/legerslaapzak-modulair-1024x768.jpg\" class=\"wp-image-1410\" srcset=\"https:\/\/indigo4ua.com\/wp-content\/uploads\/2026\/01\/legerslaapzak-modulair-1024x768.jpg 1024w, https:\/\/indigo4ua.com\/wp-content\/uploads\/2026\/01\/legerslaapzak-modulair-300x225.jpg 300w, https:\/\/indigo4ua.com\/wp-content\/uploads\/2026\/01\/legerslaapzak-modulair-768x576.jpg 768w, https:\/\/indigo4ua.com\/wp-content\/uploads\/2026\/01\/legerslaapzak-modulair-16x12.jpg 16w, https:\/\/indigo4ua.com\/wp-content\/uploads\/2026\/01\/legerslaapzak-modulair-702x526.jpg 702w, https:\/\/indigo4ua.com\/wp-content\/uploads\/2026\/01\/legerslaapzak-modulair.jpg 1200w\" sizes=\"auto, (max-width: 1024px) 100vw, 1024px\" \/><\/figure>\n\n\n\n<figure class=\"wp-block-image size-large\"><img alt=\"\" loading=\"lazy\" decoding=\"async\" width=\"1024\" height=\"757\" data-id=\"1413\" src=\"https:\/\/indigo4ua.com\/wp-content\/uploads\/2026\/01\/lekkernijen-1024x757.jpg\" class=\"wp-image-1413\" srcset=\"https:\/\/indigo4ua.com\/wp-content\/uploads\/2026\/01\/lekkernijen-1024x757.jpg 1024w, https:\/\/indigo4ua.com\/wp-content\/uploads\/2026\/01\/lekkernijen-300x222.jpg 300w, https:\/\/indigo4ua.com\/wp-content\/uploads\/2026\/01\/lekkernijen-768x568.jpg 768w, https:\/\/indigo4ua.com\/wp-content\/uploads\/2026\/01\/lekkernijen-16x12.jpg 16w, https:\/\/indigo4ua.com\/wp-content\/uploads\/2026\/01\/lekkernijen.jpg 1200w\" sizes=\"auto, (max-width: 1024px) 100vw, 1024px\" \/><\/figure>\n\n\n\n<figure class=\"wp-block-image size-large\"><img alt=\"\" loading=\"lazy\" decoding=\"async\" width=\"1024\" height=\"768\" data-id=\"1412\" src=\"https:\/\/indigo4ua.com\/wp-content\/uploads\/2026\/01\/medical-food-1024x768.jpg\" class=\"wp-image-1412\" srcset=\"https:\/\/indigo4ua.com\/wp-content\/uploads\/2026\/01\/medical-food-1024x768.jpg 1024w, https:\/\/indigo4ua.com\/wp-content\/uploads\/2026\/01\/medical-food-300x225.jpg 300w, https:\/\/indigo4ua.com\/wp-content\/uploads\/2026\/01\/medical-food-768x576.jpg 768w, https:\/\/indigo4ua.com\/wp-content\/uploads\/2026\/01\/medical-food-16x12.jpg 16w, https:\/\/indigo4ua.com\/wp-content\/uploads\/2026\/01\/medical-food-702x526.jpg 702w, https:\/\/indigo4ua.com\/wp-content\/uploads\/2026\/01\/medical-food.jpg 1200w\" sizes=\"auto, (max-width: 1024px) 100vw, 1024px\" \/><\/figure>\n<\/figure>\n\n\n\n<div class=\"wp-block-columns is-layout-flex wp-container-core-columns-is-layout-28f84493 wp-block-columns-is-layout-flex\">\n<div class=\"wp-block-column is-layout-flow wp-block-column-is-layout-flow\">\n<figure class=\"wp-block-video\"><video height=\"1920\" style=\"aspect-ratio: 1080 \/ 1920;\" width=\"1080\" controls src=\"https:\/\/indigo4ua.com\/wp-content\/uploads\/2026\/01\/medical-supplies.mp4\"><\/video><\/figure>\n<\/div>\n\n\n\n<div class=\"wp-block-column is-layout-flow wp-block-column-is-layout-flow\">\n<figure class=\"wp-block-video\"><video height=\"1920\" style=\"aspect-ratio: 1080 \/ 1920;\" width=\"1080\" controls src=\"https:\/\/indigo4ua.com\/wp-content\/uploads\/2026\/01\/video.mp4\"><\/video><\/figure>\n<\/div>\n<\/div>\n\n\n\n<h3 class=\"wp-block-heading\">Arriv\u00e9e \u00e0 Kherson<\/h3>\n\n\n\n<figure class=\"wp-block-gallery has-nested-images columns-4 is-cropped wp-block-gallery-2 is-layout-flex wp-block-gallery-is-layout-flex\">\n<figure class=\"wp-block-image size-large\"><img alt=\"\" loading=\"lazy\" decoding=\"async\" width=\"1024\" height=\"768\" data-id=\"1417\" src=\"https:\/\/indigo4ua.com\/wp-content\/uploads\/2026\/01\/IMG_6020-1024x768.jpg\" class=\"wp-image-1417\" srcset=\"https:\/\/indigo4ua.com\/wp-content\/uploads\/2026\/01\/IMG_6020-1024x768.jpg 1024w, https:\/\/indigo4ua.com\/wp-content\/uploads\/2026\/01\/IMG_6020-300x225.jpg 300w, https:\/\/indigo4ua.com\/wp-content\/uploads\/2026\/01\/IMG_6020-768x576.jpg 768w, https:\/\/indigo4ua.com\/wp-content\/uploads\/2026\/01\/IMG_6020-1536x1152.jpg 1536w, https:\/\/indigo4ua.com\/wp-content\/uploads\/2026\/01\/IMG_6020-16x12.jpg 16w, https:\/\/indigo4ua.com\/wp-content\/uploads\/2026\/01\/IMG_6020-702x526.jpg 702w, https:\/\/indigo4ua.com\/wp-content\/uploads\/2026\/01\/IMG_6020.jpg 2048w\" sizes=\"auto, (max-width: 1024px) 100vw, 1024px\" \/><\/figure>\n\n\n\n<figure class=\"wp-block-image size-large\"><img alt=\"\" loading=\"lazy\" decoding=\"async\" width=\"768\" height=\"1024\" data-id=\"1416\" src=\"https:\/\/indigo4ua.com\/wp-content\/uploads\/2026\/01\/IMG_6021-768x1024.jpg\" class=\"wp-image-1416\" srcset=\"https:\/\/indigo4ua.com\/wp-content\/uploads\/2026\/01\/IMG_6021-768x1024.jpg 768w, https:\/\/indigo4ua.com\/wp-content\/uploads\/2026\/01\/IMG_6021-225x300.jpg 225w, https:\/\/indigo4ua.com\/wp-content\/uploads\/2026\/01\/IMG_6021-9x12.jpg 9w, https:\/\/indigo4ua.com\/wp-content\/uploads\/2026\/01\/IMG_6021.jpg 1125w\" sizes=\"auto, (max-width: 768px) 100vw, 768px\" \/><\/figure>\n\n\n\n<figure class=\"wp-block-image size-large\"><img alt=\"\" loading=\"lazy\" decoding=\"async\" width=\"768\" height=\"1024\" data-id=\"1419\" src=\"https:\/\/indigo4ua.com\/wp-content\/uploads\/2026\/01\/IMG_6022-768x1024.jpg\" class=\"wp-image-1419\" srcset=\"https:\/\/indigo4ua.com\/wp-content\/uploads\/2026\/01\/IMG_6022-768x1024.jpg 768w, https:\/\/indigo4ua.com\/wp-content\/uploads\/2026\/01\/IMG_6022-225x300.jpg 225w, https:\/\/indigo4ua.com\/wp-content\/uploads\/2026\/01\/IMG_6022-9x12.jpg 9w, https:\/\/indigo4ua.com\/wp-content\/uploads\/2026\/01\/IMG_6022.jpg 1125w\" sizes=\"auto, (max-width: 768px) 100vw, 768px\" \/><\/figure>\n\n\n\n<figure class=\"wp-block-image size-large\"><img alt=\"\" loading=\"lazy\" decoding=\"async\" width=\"768\" height=\"1024\" data-id=\"1418\" src=\"https:\/\/indigo4ua.com\/wp-content\/uploads\/2026\/01\/IMG_6023-768x1024.jpg\" class=\"wp-image-1418\" srcset=\"https:\/\/indigo4ua.com\/wp-content\/uploads\/2026\/01\/IMG_6023-768x1024.jpg 768w, https:\/\/indigo4ua.com\/wp-content\/uploads\/2026\/01\/IMG_6023-225x300.jpg 225w, https:\/\/indigo4ua.com\/wp-content\/uploads\/2026\/01\/IMG_6023-9x12.jpg 9w, https:\/\/indigo4ua.com\/wp-content\/uploads\/2026\/01\/IMG_6023.jpg 1125w\" sizes=\"auto, (max-width: 768px) 100vw, 768px\" \/><\/figure>\n<\/figure>\n\n\n\n<h3 class=\"wp-block-heading\">Livraison au front<\/h3>\n\n\n\n<figure class=\"wp-block-gallery has-nested-images columns-default is-cropped wp-block-gallery-3 is-layout-flex wp-block-gallery-is-layout-flex\">\n<figure class=\"wp-block-image size-large\"><img alt=\"\" loading=\"lazy\" decoding=\"async\" width=\"587\" height=\"1024\" data-id=\"1427\" src=\"https:\/\/indigo4ua.com\/wp-content\/uploads\/2026\/01\/IMG_6098-587x1024.jpg\" class=\"wp-image-1427\" srcset=\"https:\/\/indigo4ua.com\/wp-content\/uploads\/2026\/01\/IMG_6098-587x1024.jpg 587w, https:\/\/indigo4ua.com\/wp-content\/uploads\/2026\/01\/IMG_6098-172x300.jpg 172w, https:\/\/indigo4ua.com\/wp-content\/uploads\/2026\/01\/IMG_6098-7x12.jpg 7w, https:\/\/indigo4ua.com\/wp-content\/uploads\/2026\/01\/IMG_6098.jpg 702w\" sizes=\"auto, (max-width: 587px) 100vw, 587px\" \/><\/figure>\n\n\n\n<figure class=\"wp-block-image size-large\"><img alt=\"\" loading=\"lazy\" decoding=\"async\" width=\"598\" height=\"1024\" data-id=\"1426\" src=\"https:\/\/indigo4ua.com\/wp-content\/uploads\/2026\/01\/IMG_6099-598x1024.jpg\" class=\"wp-image-1426\" srcset=\"https:\/\/indigo4ua.com\/wp-content\/uploads\/2026\/01\/IMG_6099-598x1024.jpg 598w, https:\/\/indigo4ua.com\/wp-content\/uploads\/2026\/01\/IMG_6099-175x300.jpg 175w, https:\/\/indigo4ua.com\/wp-content\/uploads\/2026\/01\/IMG_6099-7x12.jpg 7w, https:\/\/indigo4ua.com\/wp-content\/uploads\/2026\/01\/IMG_6099.jpg 672w\" sizes=\"auto, (max-width: 598px) 100vw, 598px\" \/><\/figure>\n\n\n\n<figure class=\"wp-block-image size-large\"><img alt=\"\" loading=\"lazy\" decoding=\"async\" width=\"810\" height=\"702\" data-id=\"1423\" src=\"https:\/\/indigo4ua.com\/wp-content\/uploads\/2026\/01\/IMG_6100.jpg\" class=\"wp-image-1423\" srcset=\"https:\/\/indigo4ua.com\/wp-content\/uploads\/2026\/01\/IMG_6100.jpg 810w, https:\/\/indigo4ua.com\/wp-content\/uploads\/2026\/01\/IMG_6100-300x260.jpg 300w, https:\/\/indigo4ua.com\/wp-content\/uploads\/2026\/01\/IMG_6100-768x666.jpg 768w, https:\/\/indigo4ua.com\/wp-content\/uploads\/2026\/01\/IMG_6100-14x12.jpg 14w\" sizes=\"auto, (max-width: 810px) 100vw, 810px\" \/><\/figure>\n\n\n\n<figure class=\"wp-block-image size-large\"><img alt=\"\" loading=\"lazy\" decoding=\"async\" width=\"702\" height=\"902\" data-id=\"1424\" src=\"https:\/\/indigo4ua.com\/wp-content\/uploads\/2026\/01\/IMG_6105.jpg\" class=\"wp-image-1424\" srcset=\"https:\/\/indigo4ua.com\/wp-content\/uploads\/2026\/01\/IMG_6105.jpg 702w, https:\/\/indigo4ua.com\/wp-content\/uploads\/2026\/01\/IMG_6105-233x300.jpg 233w, https:\/\/indigo4ua.com\/wp-content\/uploads\/2026\/01\/IMG_6105-9x12.jpg 9w\" sizes=\"auto, (max-width: 702px) 100vw, 702px\" \/><\/figure>\n\n\n\n<figure class=\"wp-block-image size-large\"><img alt=\"\" loading=\"lazy\" decoding=\"async\" width=\"960\" height=\"748\" data-id=\"1425\" src=\"https:\/\/indigo4ua.com\/wp-content\/uploads\/2026\/01\/IMG_6102.jpg\" class=\"wp-image-1425\" srcset=\"https:\/\/indigo4ua.com\/wp-content\/uploads\/2026\/01\/IMG_6102.jpg 960w, https:\/\/indigo4ua.com\/wp-content\/uploads\/2026\/01\/IMG_6102-300x234.jpg 300w, https:\/\/indigo4ua.com\/wp-content\/uploads\/2026\/01\/IMG_6102-768x598.jpg 768w, https:\/\/indigo4ua.com\/wp-content\/uploads\/2026\/01\/IMG_6102-15x12.jpg 15w\" sizes=\"auto, (max-width: 960px) 100vw, 960px\" \/><\/figure>\n\n\n\n<figure class=\"wp-block-image size-large\"><img alt=\"\" loading=\"lazy\" decoding=\"async\" width=\"960\" height=\"926\" data-id=\"1422\" src=\"https:\/\/indigo4ua.com\/wp-content\/uploads\/2026\/01\/IMG_6103.jpg\" class=\"wp-image-1422\" srcset=\"https:\/\/indigo4ua.com\/wp-content\/uploads\/2026\/01\/IMG_6103.jpg 960w, https:\/\/indigo4ua.com\/wp-content\/uploads\/2026\/01\/IMG_6103-300x289.jpg 300w, https:\/\/indigo4ua.com\/wp-content\/uploads\/2026\/01\/IMG_6103-768x741.jpg 768w, https:\/\/indigo4ua.com\/wp-content\/uploads\/2026\/01\/IMG_6103-12x12.jpg 12w\" sizes=\"auto, (max-width: 960px) 100vw, 960px\" \/><\/figure>\n\n\n\n<figure class=\"wp-block-image size-large\"><img alt=\"\" loading=\"lazy\" decoding=\"async\" width=\"960\" height=\"507\" data-id=\"1420\" src=\"https:\/\/indigo4ua.com\/wp-content\/uploads\/2026\/01\/IMG_6104.jpg\" class=\"wp-image-1420\" srcset=\"https:\/\/indigo4ua.com\/wp-content\/uploads\/2026\/01\/IMG_6104.jpg 960w, https:\/\/indigo4ua.com\/wp-content\/uploads\/2026\/01\/IMG_6104-300x158.jpg 300w, https:\/\/indigo4ua.com\/wp-content\/uploads\/2026\/01\/IMG_6104-768x406.jpg 768w, https:\/\/indigo4ua.com\/wp-content\/uploads\/2026\/01\/IMG_6104-18x10.jpg 18w\" sizes=\"auto, (max-width: 960px) 100vw, 960px\" \/><\/figure>\n\n\n\n<figure class=\"wp-block-image size-large\"><img alt=\"\" loading=\"lazy\" decoding=\"async\" width=\"702\" height=\"902\" data-id=\"1424\" src=\"https:\/\/indigo4ua.com\/wp-content\/uploads\/2026\/01\/IMG_6105.jpg\" class=\"wp-image-1424\" srcset=\"https:\/\/indigo4ua.com\/wp-content\/uploads\/2026\/01\/IMG_6105.jpg 702w, https:\/\/indigo4ua.com\/wp-content\/uploads\/2026\/01\/IMG_6105-233x300.jpg 233w, https:\/\/indigo4ua.com\/wp-content\/uploads\/2026\/01\/IMG_6105-9x12.jpg 9w\" sizes=\"auto, (max-width: 702px) 100vw, 702px\" \/><\/figure>\n\n\n\n<figure class=\"wp-block-image size-large\"><img alt=\"\" loading=\"lazy\" decoding=\"async\" width=\"844\" height=\"960\" data-id=\"1421\" src=\"https:\/\/indigo4ua.com\/wp-content\/uploads\/2026\/01\/IMG_6106.jpg\" class=\"wp-image-1421\" srcset=\"https:\/\/indigo4ua.com\/wp-content\/uploads\/2026\/01\/IMG_6106.jpg 844w, https:\/\/indigo4ua.com\/wp-content\/uploads\/2026\/01\/IMG_6106-264x300.jpg 264w, https:\/\/indigo4ua.com\/wp-content\/uploads\/2026\/01\/IMG_6106-768x874.jpg 768w, https:\/\/indigo4ua.com\/wp-content\/uploads\/2026\/01\/IMG_6106-11x12.jpg 11w\" sizes=\"auto, (max-width: 844px) 100vw, 844px\" \/><\/figure>\n<\/figure>\n\n\n\n<h2 class=\"wp-block-heading\">F\u00e9vrier 2025<\/h2>\n\n\n\n<p>Sacs de couchage, garrots Cat7 et friandises.<\/p>\n\n\n\n<div class=\"wp-block-columns is-layout-flex wp-container-core-columns-is-layout-28f84493 wp-block-columns-is-layout-flex\">\n<div class=\"wp-block-column is-layout-flow wp-block-column-is-layout-flow\">\n<figure class=\"wp-block-embed is-type-rich is-provider-twitter wp-block-embed-twitter\"><div class=\"wp-block-embed__wrapper\">\n<blockquote class=\"twitter-tweet\" data-width=\"500\" data-dnt=\"true\"><p lang=\"en\" dir=\"ltr\">11 x sacs de couchage de l'arm\u00e9e \u2705<br>20 x tourniquets Cat7 \u2705<br>Beaucoup de sucreries \u2705<br><br>Suivant : envoyer un SMS au chauffeur pour lui demander de venir le chercher \u00e0 La Haye et de le livrer en Ukraine \u23ed\ufe0f<br><br>Des mesures hivernales suppl\u00e9mentaires sont en cours pour les b\u00e9n\u00e9voles qui travaillent dur dans la r\u00e9gion de Kherson \ud83e\udef6\ud83c\udffc <a href=\"https:\/\/t.co\/jYoNZOXyF2\">pic.twitter.com\/jYoNZOXyF2<\/a><\/p>- Petra Blankwaard (@indigonl) <a href=\"https:\/\/twitter.com\/indigonl\/status\/1892643469417435380?ref_src=twsrc%5Etfw\">20 f\u00e9vrier 2025<\/a><\/blockquote><script async src=\"https:\/\/platform.twitter.com\/widgets.js\" charset=\"utf-8\"><\/script>\n<\/div><\/figure>\n<\/div>\n\n\n\n<div class=\"wp-block-column is-layout-flow wp-block-column-is-layout-flow\">\n<figure class=\"wp-block-embed is-type-rich is-provider-twitter wp-block-embed-twitter\"><div class=\"wp-block-embed__wrapper\">\n<blockquote class=\"twitter-tweet\" data-width=\"500\" data-dnt=\"true\"><p lang=\"en\" dir=\"ltr\">Je viens de recevoir ce message et ces photos. \ud83e\udd7a<br><br>Jeudi dernier, j'ai pr\u00e9par\u00e9 les colis. <br>Le chauffeur ukrainien a r\u00e9cup\u00e9r\u00e9 les colis vendredi ( !) - il \u00e9tait \u00e0 La Haye quand je lui ai envoy\u00e9 un SMS. mais je ne le savais pas.\ud83c\udf40<br>Dimanche, j'ai re\u00e7u le r\u00e9c\u00e9piss\u00e9 indiquant que les colis avaient \u00e9t\u00e9 d\u00e9pos\u00e9s \u00e0 Nova Poshta,... <a href=\"https:\/\/t.co\/OdoQUryJLe\">https:\/\/t.co\/OdoQUryJLe<\/a> <a href=\"https:\/\/t.co\/1KcptsemVX\">pic.twitter.com\/1KcptsemVX<\/a><\/p>- Petra Blankwaard (@indigonl) <a href=\"https:\/\/twitter.com\/indigonl\/status\/1894458694093738351?ref_src=twsrc%5Etfw\">25 f\u00e9vrier 2025<\/a><\/blockquote><script async src=\"https:\/\/platform.twitter.com\/widgets.js\" charset=\"utf-8\"><\/script>\n<\/div><\/figure>\n<\/div>\n<\/div>\n\n\n\n<div style=\"height:19px\" aria-hidden=\"true\" class=\"wp-block-spacer\"><\/div>\n\n\n\n<figure class=\"wp-block-gallery has-nested-images columns-4 is-cropped wp-block-gallery-4 is-layout-flex wp-block-gallery-is-layout-flex\">\n<figure class=\"wp-block-image size-large\"><img alt=\"\" loading=\"lazy\" decoding=\"async\" width=\"727\" height=\"1024\" data-id=\"593\" src=\"https:\/\/indigo4ua.com\/wp-content\/uploads\/2025\/05\/delivery-kherson-01-727x1024.jpg\" class=\"wp-image-593\" srcset=\"https:\/\/indigo4ua.com\/wp-content\/uploads\/2025\/05\/delivery-kherson-01-727x1024.jpg 727w, https:\/\/indigo4ua.com\/wp-content\/uploads\/2025\/05\/delivery-kherson-01-213x300.jpg 213w, https:\/\/indigo4ua.com\/wp-content\/uploads\/2025\/05\/delivery-kherson-01-768x1082.jpg 768w, https:\/\/indigo4ua.com\/wp-content\/uploads\/2025\/05\/delivery-kherson-01-9x12.jpg 9w, https:\/\/indigo4ua.com\/wp-content\/uploads\/2025\/05\/delivery-kherson-01.jpg 828w\" sizes=\"auto, (max-width: 727px) 100vw, 727px\" \/><\/figure>\n\n\n\n<figure class=\"wp-block-image size-large\"><img alt=\"\" loading=\"lazy\" decoding=\"async\" width=\"1024\" height=\"768\" data-id=\"595\" src=\"https:\/\/indigo4ua.com\/wp-content\/uploads\/2025\/05\/delivery-kherson-02-1024x768.jpg\" class=\"wp-image-595\" srcset=\"https:\/\/indigo4ua.com\/wp-content\/uploads\/2025\/05\/delivery-kherson-02-1024x768.jpg 1024w, https:\/\/indigo4ua.com\/wp-content\/uploads\/2025\/05\/delivery-kherson-02-300x225.jpg 300w, https:\/\/indigo4ua.com\/wp-content\/uploads\/2025\/05\/delivery-kherson-02-768x576.jpg 768w, https:\/\/indigo4ua.com\/wp-content\/uploads\/2025\/05\/delivery-kherson-02-1536x1152.jpg 1536w, https:\/\/indigo4ua.com\/wp-content\/uploads\/2025\/05\/delivery-kherson-02-16x12.jpg 16w, https:\/\/indigo4ua.com\/wp-content\/uploads\/2025\/05\/delivery-kherson-02-702x526.jpg 702w, https:\/\/indigo4ua.com\/wp-content\/uploads\/2025\/05\/delivery-kherson-02.jpg 2048w\" sizes=\"auto, (max-width: 1024px) 100vw, 1024px\" \/><\/figure>\n\n\n\n<figure class=\"wp-block-image size-large\"><img alt=\"\" loading=\"lazy\" decoding=\"async\" width=\"768\" height=\"1024\" data-id=\"592\" src=\"https:\/\/indigo4ua.com\/wp-content\/uploads\/2025\/05\/delivery-kherson-03-768x1024.jpg\" class=\"wp-image-592\" srcset=\"https:\/\/indigo4ua.com\/wp-content\/uploads\/2025\/05\/delivery-kherson-03-768x1024.jpg 768w, https:\/\/indigo4ua.com\/wp-content\/uploads\/2025\/05\/delivery-kherson-03-225x300.jpg 225w, https:\/\/indigo4ua.com\/wp-content\/uploads\/2025\/05\/delivery-kherson-03-1152x1536.jpg 1152w, https:\/\/indigo4ua.com\/wp-content\/uploads\/2025\/05\/delivery-kherson-03-9x12.jpg 9w, https:\/\/indigo4ua.com\/wp-content\/uploads\/2025\/05\/delivery-kherson-03.jpg 1536w\" sizes=\"auto, (max-width: 768px) 100vw, 768px\" \/><\/figure>\n\n\n\n<figure class=\"wp-block-image size-large\"><img alt=\"\" loading=\"lazy\" decoding=\"async\" width=\"768\" height=\"1024\" data-id=\"594\" src=\"https:\/\/indigo4ua.com\/wp-content\/uploads\/2025\/05\/delivery-kherson-04-768x1024.jpg\" class=\"wp-image-594\" srcset=\"https:\/\/indigo4ua.com\/wp-content\/uploads\/2025\/05\/delivery-kherson-04-768x1024.jpg 768w, https:\/\/indigo4ua.com\/wp-content\/uploads\/2025\/05\/delivery-kherson-04-225x300.jpg 225w, https:\/\/indigo4ua.com\/wp-content\/uploads\/2025\/05\/delivery-kherson-04-1152x1536.jpg 1152w, https:\/\/indigo4ua.com\/wp-content\/uploads\/2025\/05\/delivery-kherson-04-9x12.jpg 9w, https:\/\/indigo4ua.com\/wp-content\/uploads\/2025\/05\/delivery-kherson-04.jpg 1536w\" sizes=\"auto, (max-width: 768px) 100vw, 768px\" \/><\/figure>\n\n\n\n<figure class=\"wp-block-image size-large\"><img alt=\"\" loading=\"lazy\" decoding=\"async\" width=\"705\" height=\"1024\" data-id=\"602\" src=\"https:\/\/indigo4ua.com\/wp-content\/uploads\/2025\/05\/delivery-kherson-11-705x1024.jpg\" class=\"wp-image-602\" srcset=\"https:\/\/indigo4ua.com\/wp-content\/uploads\/2025\/05\/delivery-kherson-11-705x1024.jpg 705w, https:\/\/indigo4ua.com\/wp-content\/uploads\/2025\/05\/delivery-kherson-11-206x300.jpg 206w, https:\/\/indigo4ua.com\/wp-content\/uploads\/2025\/05\/delivery-kherson-11-768x1116.jpg 768w, https:\/\/indigo4ua.com\/wp-content\/uploads\/2025\/05\/delivery-kherson-11-8x12.jpg 8w, https:\/\/indigo4ua.com\/wp-content\/uploads\/2025\/05\/delivery-kherson-11.jpg 828w\" sizes=\"auto, (max-width: 705px) 100vw, 705px\" \/><\/figure>\n\n\n\n<figure class=\"wp-block-image size-large\"><img alt=\"\" loading=\"lazy\" decoding=\"async\" width=\"796\" height=\"1024\" data-id=\"601\" src=\"https:\/\/indigo4ua.com\/wp-content\/uploads\/2025\/05\/delivery-kherson-12-796x1024.jpg\" class=\"wp-image-601\" srcset=\"https:\/\/indigo4ua.com\/wp-content\/uploads\/2025\/05\/delivery-kherson-12-796x1024.jpg 796w, https:\/\/indigo4ua.com\/wp-content\/uploads\/2025\/05\/delivery-kherson-12-233x300.jpg 233w, https:\/\/indigo4ua.com\/wp-content\/uploads\/2025\/05\/delivery-kherson-12-768x988.jpg 768w, https:\/\/indigo4ua.com\/wp-content\/uploads\/2025\/05\/delivery-kherson-12-9x12.jpg 9w, https:\/\/indigo4ua.com\/wp-content\/uploads\/2025\/05\/delivery-kherson-12.jpg 937w\" sizes=\"auto, (max-width: 796px) 100vw, 796px\" \/><\/figure>\n\n\n\n<figure class=\"wp-block-image size-large\"><img alt=\"\" loading=\"lazy\" decoding=\"async\" width=\"768\" height=\"1024\" data-id=\"603\" src=\"https:\/\/indigo4ua.com\/wp-content\/uploads\/2025\/05\/delivery-kherson-13-768x1024.jpg\" class=\"wp-image-603\" srcset=\"https:\/\/indigo4ua.com\/wp-content\/uploads\/2025\/05\/delivery-kherson-13-768x1024.jpg 768w, https:\/\/indigo4ua.com\/wp-content\/uploads\/2025\/05\/delivery-kherson-13-225x300.jpg 225w, https:\/\/indigo4ua.com\/wp-content\/uploads\/2025\/05\/delivery-kherson-13-9x12.jpg 9w, https:\/\/indigo4ua.com\/wp-content\/uploads\/2025\/05\/delivery-kherson-13.jpg 1125w\" sizes=\"auto, (max-width: 768px) 100vw, 768px\" \/><\/figure>\n\n\n\n<figure class=\"wp-block-image size-large\"><img alt=\"\" loading=\"lazy\" decoding=\"async\" width=\"576\" height=\"1024\" data-id=\"600\" src=\"https:\/\/indigo4ua.com\/wp-content\/uploads\/2025\/05\/delivery-kherson-14-576x1024.jpg\" class=\"wp-image-600\" srcset=\"https:\/\/indigo4ua.com\/wp-content\/uploads\/2025\/05\/delivery-kherson-14-576x1024.jpg 576w, https:\/\/indigo4ua.com\/wp-content\/uploads\/2025\/05\/delivery-kherson-14-169x300.jpg 169w, https:\/\/indigo4ua.com\/wp-content\/uploads\/2025\/05\/delivery-kherson-14-7x12.jpg 7w, https:\/\/indigo4ua.com\/wp-content\/uploads\/2025\/05\/delivery-kherson-14.jpg 750w\" sizes=\"auto, (max-width: 576px) 100vw, 576px\" \/><\/figure>\n<\/figure>\n\n\n\n<p><\/p>","protected":false},"excerpt":{"rendered":"<p>November 2025 Slaapzakken, wollen dekens, Cat7 tourniquets, medische supplies, medisch voedsel en lekkernijen. Voorbereiding in Nederland Aankomst in Kherson Levering aan het front Februari 2025 Slaapzakken, Cat7 tourniquets en lekkernijen.<\/p>","protected":false},"author":1,"featured_media":0,"parent":126,"menu_order":0,"comment_status":"closed","ping_status":"closed","template":"","meta":{"_seopress_robots_primary_cat":"","_seopress_titles_title":"","_seopress_titles_desc":"","_seopress_robots_index":"","_genesis_hide_title":false,"_genesis_hide_breadcrumbs":false,"_genesis_hide_singular_image":false,"_genesis_hide_footer_widgets":false,"_genesis_custom_body_class":"","_genesis_custom_post_class":"","_genesis_layout":"","footnotes":""},"class_list":{"0":"post-588","1":"page","2":"type-page","3":"status-publish","5":"entry"},"featured_image_src":null,"featured_image_src_square":null,"_links":{"self":[{"href":"https:\/\/indigo4ua.com\/fr\/wp-json\/wp\/v2\/pages\/588","targetHints":{"allow":["GET"]}}],"collection":[{"href":"https:\/\/indigo4ua.com\/fr\/wp-json\/wp\/v2\/pages"}],"about":[{"href":"https:\/\/indigo4ua.com\/fr\/wp-json\/wp\/v2\/types\/page"}],"author":[{"embeddable":true,"href":"https:\/\/indigo4ua.com\/fr\/wp-json\/wp\/v2\/users\/1"}],"replies":[{"embeddable":true,"href":"https:\/\/indigo4ua.com\/fr\/wp-json\/wp\/v2\/comments?post=588"}],"version-history":[{"count":0,"href":"https:\/\/indigo4ua.com\/fr\/wp-json\/wp\/v2\/pages\/588\/revisions"}],"up":[{"embeddable":true,"href":"https:\/\/indigo4ua.com\/fr\/wp-json\/wp\/v2\/pages\/126"}],"wp:attachment":[{"href":"https:\/\/indigo4ua.com\/fr\/wp-json\/wp\/v2\/media?parent=588"}],"curies":[{"name":"wp","href":"https:\/\/api.w.org\/{rel}","templated":true}]}}