{"id":8,"date":"2025-02-01T14:05:26","date_gmt":"2025-02-01T13:05:26","guid":{"rendered":"https:\/\/indigo4ua.com\/index.php\/homepage\/"},"modified":"2026-01-02T14:21:05","modified_gmt":"2026-01-02T13:21:05","slug":"homepage","status":"publish","type":"page","link":"https:\/\/indigo4ua.com\/fr\/","title":{"rendered":"Indigo pour l'Ukraine"},"content":{"rendered":"<div class=\"wp-block-columns alignwide hero is-layout-flex wp-container-core-columns-is-layout-28f84493 wp-block-columns-is-layout-flex\">\n<div class=\"wp-block-column is-layout-flow wp-block-column-is-layout-flow\" style=\"flex-basis:33.33%\">\n<h4 class=\"wp-block-heading\">Indigo pour l'Ukraine<\/h4>\n\n\n\n<h2 class=\"wp-block-heading\">Aide des Pays-Bas \u00e0 l'Ukraine<\/h2>\n\n\n\n<div class=\"wp-block-group is-layout-flow wp-container-core-group-is-layout-2b8d9b16 wp-block-group-is-layout-flow\" style=\"margin-top:var(--wp--preset--spacing--70);margin-bottom:var(--wp--preset--spacing--70);padding-top:0;padding-right:0;padding-bottom:0;padding-left:0\"><\/div>\n<\/div>\n\n\n\n<div class=\"wp-block-column is-layout-flow wp-block-column-is-layout-flow\" style=\"flex-basis:66.66%\">\n<figure class=\"wp-block-image size-large\"><img loading=\"lazy\" decoding=\"async\" width=\"1024\" height=\"682\" src=\"https:\/\/indigo4ua.com\/wp-content\/uploads\/2025\/02\/indigo-for-ukraine-1024x682.jpg\" alt=\"Indigo pour l&#039;Ukraine\" class=\"wp-image-57\" srcset=\"https:\/\/indigo4ua.com\/wp-content\/uploads\/2025\/02\/indigo-for-ukraine-1024x682.jpg 1024w, https:\/\/indigo4ua.com\/wp-content\/uploads\/2025\/02\/indigo-for-ukraine-300x200.jpg 300w, https:\/\/indigo4ua.com\/wp-content\/uploads\/2025\/02\/indigo-for-ukraine-768x512.jpg 768w, https:\/\/indigo4ua.com\/wp-content\/uploads\/2025\/02\/indigo-for-ukraine-1536x1024.jpg 1536w, https:\/\/indigo4ua.com\/wp-content\/uploads\/2025\/02\/indigo-for-ukraine-600x400.jpg 600w, https:\/\/indigo4ua.com\/wp-content\/uploads\/2025\/02\/indigo-for-ukraine.jpg 2000w\" sizes=\"auto, (max-width: 1024px) 100vw, 1024px\" \/><\/figure>\n<\/div>\n<\/div>\n\n\n\n<div class=\"wp-block-group alignwide is-layout-constrained wp-container-core-group-is-layout-adf9f7f4 wp-block-group-is-layout-constrained\" style=\"margin-top:var(--wp--preset--spacing--80);margin-bottom:var(--wp--preset--spacing--80)\"><\/div>\n\n\n\n<div style=\"height:33px\" aria-hidden=\"true\" class=\"wp-block-spacer\"><\/div>\n\n\n\n<div class=\"wp-block-cover alignfull gb-block-cta\" style=\"padding-top:var(--wp--preset--spacing--40);padding-bottom:var(--wp--preset--spacing--40);min-height:13em;aspect-ratio:unset;\"><span aria-hidden=\"true\" class=\"wp-block-cover__background has-background-dim-100 has-background-dim\" style=\"background-color:#b7cece\"><\/span><div class=\"wp-block-cover__inner-container is-layout-flow wp-block-cover-is-layout-flow\">\n<h2 class=\"wp-block-heading has-text-align-center has-text-color\" style=\"color:#32373c;font-size:32;line-height:1\"><strong>Soutenir les efforts de collecte de fonds en cours<\/strong><\/h2>\n\n\n\n<p class=\"has-text-align-center has-text-color\" style=\"color:#32373c;line-height:1\">Les liens ci-dessous renvoient aux pages de dons de Donorbox. Help the defenders est utilis\u00e9 presque continuellement. <br>Les collections se succ\u00e8dent rapidement et une nouvelle page n'est pas cr\u00e9\u00e9e \u00e0 chaque fois pour les petites collections.<\/p>\n\n\n\n<div class=\"wp-block-buttons is-content-justification-center is-layout-flex wp-container-core-buttons-is-layout-a89b3969 wp-block-buttons-is-layout-flex\">\n<div class=\"wp-block-button gb-block-button\"><a class=\"wp-block-button__link has-text-color has-background has-custom-font-size wp-element-button\" href=\"https:\/\/donorbox.org\/help-the-defenders\" style=\"border-radius:5px;color:#ffffff;background-color:#859898;padding-top:10px;padding-right:1em;padding-bottom:10px;padding-left:1em;font-size:20px;line-height:1.2\" target=\"_blank\" rel=\"noreferrer noopener\">Aidez les d\u00e9fenseurs de \ud83c\uddfa\ud83c\udde6<\/a><\/div>\n\n\n\n<div class=\"wp-block-button gb-block-button\"><a class=\"wp-block-button__link has-text-color has-background has-custom-font-size wp-element-button\" href=\"https:\/\/donorbox.org\/hulp-voor-hulp-2026\" style=\"border-radius:5px;color:#ffffff;background-color:#859898;padding-top:10px;padding-right:1em;padding-bottom:10px;padding-left:1em;font-size:20px;line-height:1.2\" target=\"_blank\" rel=\"noreferrer noopener\">Aide pour l'aide 2026<\/a><\/div>\n<\/div>\n<\/div><\/div>\n\n\n\n<div style=\"height:46px\" aria-hidden=\"true\" class=\"wp-block-spacer\"><\/div>\n\n\n\n<h2 class=\"wp-block-heading title\">\u00c0 propos d'Indigo pour l'Ukraine<\/h2>\n\n\n\n<p>Ce site web est une initiative de Petra Blankwaard. Son objectif principal est de fournir des informations sur les campagnes de collecte de fonds : responsabilit\u00e9 financi\u00e8re et informations sur les personnes impliqu\u00e9es dans les diff\u00e9rentes campagnes.<\/p>\n\n\n\n<p>Avant ce site web, toutes les informations sur les campagnes de collecte de fonds \u00e9taient publi\u00e9es uniquement sur les m\u00e9dias sociaux. Sur ce site, j'ai la possibilit\u00e9 de regrouper les informations par campagne.<\/p>\n\n\n\n<p>En outre, j'ai donn\u00e9 quelques informations g\u00e9n\u00e9rales sur moi-m\u00eame.<\/p>\n\n\n\n<p>Le site web est propos\u00e9 en plusieurs langues : Le n\u00e9erlandais est la langue de base, les traductions sont automatis\u00e9es \u00e0 l'aide de l'IA.<\/p>\n\n\n\n<p>Vous avez des questions ou des commentaires ? N'h\u00e9sitez pas \u00e0 contacter <a href=\"https:\/\/indigo4ua.com\/fr\/contact\/\" data-type=\"page\" data-id=\"12\">contact<\/a> avec moi.<\/p>","protected":false},"excerpt":{"rendered":"<p>Indigo voor Oekra\u00efne Hulp aan Oekra\u00efne vanuit Nederland Over Indigo voor Oekra\u00efne Deze website is een initiatief van Petra Blankwaard. De website is in hoofdzaak bedoeld om informatie te geven over inzamelingsacties: financi\u00eble verantwoording en informatie over wie bij welke campagnes betrokken zijn. Voordat deze website er was is alle informatie over inzamelingsacties alleen op [&hellip;]<\/p>\n","protected":false},"author":1,"featured_media":0,"parent":0,"menu_order":0,"comment_status":"closed","ping_status":"closed","template":"","meta":{"_seopress_robots_primary_cat":"","_seopress_titles_title":"Indigo voor Oekra\u00efne - steun aan Oekra\u00efne vanuit Nederland","_seopress_titles_desc":"Indigo voor Oekra\u00efne is een initiatief van Petra Blankwaard. Op deze website vind je info over inzamelingsacties en andere geboden hulp.","_seopress_robots_index":"","_genesis_hide_title":true,"_genesis_hide_breadcrumbs":true,"_genesis_hide_singular_image":true,"_genesis_hide_footer_widgets":false,"_genesis_custom_body_class":"","_genesis_custom_post_class":"","_genesis_layout":"full-width-content","footnotes":""},"class_list":{"0":"post-8","1":"page","2":"type-page","3":"status-publish","5":"entry"},"featured_image_src":null,"featured_image_src_square":null,"_links":{"self":[{"href":"https:\/\/indigo4ua.com\/fr\/wp-json\/wp\/v2\/pages\/8","targetHints":{"allow":["GET"]}}],"collection":[{"href":"https:\/\/indigo4ua.com\/fr\/wp-json\/wp\/v2\/pages"}],"about":[{"href":"https:\/\/indigo4ua.com\/fr\/wp-json\/wp\/v2\/types\/page"}],"author":[{"embeddable":true,"href":"https:\/\/indigo4ua.com\/fr\/wp-json\/wp\/v2\/users\/1"}],"replies":[{"embeddable":true,"href":"https:\/\/indigo4ua.com\/fr\/wp-json\/wp\/v2\/comments?post=8"}],"version-history":[{"count":0,"href":"https:\/\/indigo4ua.com\/fr\/wp-json\/wp\/v2\/pages\/8\/revisions"}],"wp:attachment":[{"href":"https:\/\/indigo4ua.com\/fr\/wp-json\/wp\/v2\/media?parent=8"}],"curies":[{"name":"wp","href":"https:\/\/api.w.org\/{rel}","templated":true}]}}